{"id":5,"date":"2013-11-15T17:44:11","date_gmt":"2013-11-15T17:44:11","guid":{"rendered":"https:\/\/blogs.ua.es\/petrer2\/?page_id=5"},"modified":"2014-01-13T21:04:45","modified_gmt":"2014-01-13T21:04:45","slug":"presentacion","status":"publish","type":"page","link":"https:\/\/blogs.ua.es\/petrer2\/presentacion\/","title":{"rendered":"Presentaci\u00f3n"},"content":{"rendered":"<p>Hola a todos, somos Jos\u00e9 Vicente Do\u00f1ate S\u00e1ez y Luis David P\u00e9rez Paterna, de 1\u00ba de Grado de Humanidades y Grado en Historia. Somos alumnos de la materia Fuentes y Documentos para la Historia, y estamos realizando ambos el blog de Escrituras Expuestas, centr\u00e1ndonos en la ciudad de Petrer y en los temas de Inscripciones y placas oficiales, Graffitis iconogr\u00e1ficos y Graffitis textuales.<\/p>\n","protected":false},"excerpt":{"rendered":"<p>Hola a todos, somos Jos\u00e9 Vicente Do\u00f1ate S\u00e1ez y Luis David P\u00e9rez Paterna, de 1\u00ba de Grado de Humanidades y Grado en Historia. Somos alumnos de la materia Fuentes y Documentos para la Historia, y estamos realizando ambos el blog de Escrituras Expuestas, centr\u00e1ndonos en la ciudad de Petrer y en los temas de Inscripciones [&hellip;]<\/p>\n","protected":false},"author":3376,"featured_media":0,"parent":0,"menu_order":0,"comment_status":"open","ping_status":"open","template":"","meta":{"footnotes":""},"class_list":["post-5","page","type-page","status-publish","hentry"],"_links":{"self":[{"href":"https:\/\/blogs.ua.es\/petrer2\/wp-json\/wp\/v2\/pages\/5","targetHints":{"allow":["GET"]}}],"collection":[{"href":"https:\/\/blogs.ua.es\/petrer2\/wp-json\/wp\/v2\/pages"}],"about":[{"href":"https:\/\/blogs.ua.es\/petrer2\/wp-json\/wp\/v2\/types\/page"}],"author":[{"embeddable":true,"href":"https:\/\/blogs.ua.es\/petrer2\/wp-json\/wp\/v2\/users\/3376"}],"replies":[{"embeddable":true,"href":"https:\/\/blogs.ua.es\/petrer2\/wp-json\/wp\/v2\/comments?post=5"}],"version-history":[{"count":3,"href":"https:\/\/blogs.ua.es\/petrer2\/wp-json\/wp\/v2\/pages\/5\/revisions"}],"predecessor-version":[{"id":143,"href":"https:\/\/blogs.ua.es\/petrer2\/wp-json\/wp\/v2\/pages\/5\/revisions\/143"}],"wp:attachment":[{"href":"https:\/\/blogs.ua.es\/petrer2\/wp-json\/wp\/v2\/media?parent=5"}],"curies":[{"name":"wp","href":"https:\/\/api.w.org\/{rel}","templated":true}]}}