{"id":7,"date":"2013-11-15T17:45:07","date_gmt":"2013-11-15T17:45:07","guid":{"rendered":"https:\/\/blogs.ua.es\/petrer2\/?page_id=7"},"modified":"2014-01-13T21:02:09","modified_gmt":"2014-01-13T21:02:09","slug":"explicacion","status":"publish","type":"page","link":"https:\/\/blogs.ua.es\/petrer2\/explicacion\/","title":{"rendered":"Explicaci\u00f3n"},"content":{"rendered":"<p>Hola a todos. Como ya ha sido efectuada la presentaci\u00f3n, nos dedicaremos a explicar de qu\u00e9 consiste este blog.<\/p>\n<p>En un principio, recogemos en el trabajo las partes 4,5 y 6, esto es, Inscripciones y placas oficiales, Graffitis iconogr\u00e1ficos y Graffitis textuales. Hemos intentado conseguir de los tres un poco de cada, y hemos conseguido el objetivo. Con este blog queremos demostrar que Petrer es una gran ciudad como otra cualquiera, que tiene sus instituciones, y sus graffitis, con tem\u00e1tica art\u00edstica o activista.<\/p>\n<p>Sin m\u00e1s, esperemos que disfruteis con la lectura de este blog.<\/p>\n","protected":false},"excerpt":{"rendered":"<p>Hola a todos. Como ya ha sido efectuada la presentaci\u00f3n, nos dedicaremos a explicar de qu\u00e9 consiste este blog. En un principio, recogemos en el trabajo las partes 4,5 y 6, esto es, Inscripciones y placas oficiales, Graffitis iconogr\u00e1ficos y Graffitis textuales. Hemos intentado conseguir de los tres un poco de cada, y hemos conseguido [&hellip;]<\/p>\n","protected":false},"author":3376,"featured_media":0,"parent":0,"menu_order":1,"comment_status":"open","ping_status":"open","template":"","meta":{"footnotes":""},"class_list":["post-7","page","type-page","status-publish","hentry"],"_links":{"self":[{"href":"https:\/\/blogs.ua.es\/petrer2\/wp-json\/wp\/v2\/pages\/7","targetHints":{"allow":["GET"]}}],"collection":[{"href":"https:\/\/blogs.ua.es\/petrer2\/wp-json\/wp\/v2\/pages"}],"about":[{"href":"https:\/\/blogs.ua.es\/petrer2\/wp-json\/wp\/v2\/types\/page"}],"author":[{"embeddable":true,"href":"https:\/\/blogs.ua.es\/petrer2\/wp-json\/wp\/v2\/users\/3376"}],"replies":[{"embeddable":true,"href":"https:\/\/blogs.ua.es\/petrer2\/wp-json\/wp\/v2\/comments?post=7"}],"version-history":[{"count":3,"href":"https:\/\/blogs.ua.es\/petrer2\/wp-json\/wp\/v2\/pages\/7\/revisions"}],"predecessor-version":[{"id":140,"href":"https:\/\/blogs.ua.es\/petrer2\/wp-json\/wp\/v2\/pages\/7\/revisions\/140"}],"wp:attachment":[{"href":"https:\/\/blogs.ua.es\/petrer2\/wp-json\/wp\/v2\/media?parent=7"}],"curies":[{"name":"wp","href":"https:\/\/api.w.org\/{rel}","templated":true}]}}