{"id":2,"date":"2012-11-16T17:33:29","date_gmt":"2012-11-16T17:33:29","guid":{"rendered":"https:\/\/blogs.ua.es\/piedsnoiralicante\/?page_id=2"},"modified":"2013-02-07T15:53:15","modified_gmt":"2013-02-07T15:53:15","slug":"pagina-ejemplo","status":"publish","type":"page","link":"https:\/\/blogs.ua.es\/piedsnoiralicante\/pagina-ejemplo\/","title":{"rendered":"Introducci\u00f3n al tema"},"content":{"rendered":"<p style=\"text-align: justify\">En mayo de 1962 desembarcan en Alicante varios miles de Pieds-noirs huyendo del final de la guerra de Argelia. Desde ese momento la mayor\u00eda de las familias que llegaron vieron reflejado en Alicante la ciudad que hab\u00edan dejado atr\u00e1s. Esto les permiti\u00f3 integrarse en una sociedad que les era familiar.<\/p>\n<p style=\"text-align: justify\"><a href=\"https:\/\/blogs.ua.es\/piedsnoiralicante\/files\/2012\/11\/imagen-pieds-noir.210.jpg\"><img loading=\"lazy\" decoding=\"async\" class=\"aligncenter size-full wp-image-160\" src=\"https:\/\/blogs.ua.es\/piedsnoiralicante\/files\/2012\/11\/imagen-pieds-noir.210.jpg\" alt=\"\" width=\"512\" height=\"423\" srcset=\"https:\/\/blogs.ua.es\/piedsnoiralicante\/files\/2012\/11\/imagen-pieds-noir.210.jpg 512w, https:\/\/blogs.ua.es\/piedsnoiralicante\/files\/2012\/11\/imagen-pieds-noir.210-300x247.jpg 300w\" sizes=\"auto, (max-width: 512px) 100vw, 512px\" \/><\/a><\/p>\n<p style=\"text-align: justify\">En un contexto pol\u00edtico internacional de conflicto de las principales potencias europeas, por la descolonizaci\u00f3n del Norte de \u00a0\u00c1frica y durante los a\u00f1os 50 tras la II Guerra Mundial, Francia se enfrenta a los movimientos de independencia de los territorios ocupados desde 1830. Despu\u00e9s de un siglo de administraci\u00f3n civil y militar, Argelia no era s\u00f3lo un territorio vinculado a Francia, era una prolongaci\u00f3n de Francia. Sus ciudadanos, eran \u00a0ciudadanos franceses de pleno derecho, muchos de ellos nacidos all\u00ed.<\/p>\n<p style=\"text-align: justify\">Nos gustar\u00eda destacar el componente de drama humano que supuso el exilio y la guerra; el trauma, la persecuci\u00f3n y \u00a0finalmente el \u00a0abandono del pa\u00eds. Aunque la mayor\u00eda de los inmigrados se han integrado en la vida de Alicante, \u00e9sta ha estado marcada por la nostalgia y el recuerdo, sobre todo para los exiliados de primera generaci\u00f3n.<\/p>\n","protected":false},"excerpt":{"rendered":"<p>En mayo de 1962 desembarcan en Alicante varios miles de Pieds-noirs huyendo del final de la guerra de Argelia. Desde ese momento la mayor\u00eda de las familias que llegaron vieron reflejado en Alicante la ciudad que hab\u00edan dejado atr\u00e1s. Esto les permiti\u00f3 integrarse en una sociedad que les era familiar. En un contexto pol\u00edtico internacional [&hellip;]<\/p>\n","protected":false},"author":2896,"featured_media":160,"parent":0,"menu_order":2,"comment_status":"open","ping_status":"closed","template":"","meta":{"footnotes":""},"class_list":["post-2","page","type-page","status-publish","has-post-thumbnail","hentry"],"_links":{"self":[{"href":"https:\/\/blogs.ua.es\/piedsnoiralicante\/wp-json\/wp\/v2\/pages\/2","targetHints":{"allow":["GET"]}}],"collection":[{"href":"https:\/\/blogs.ua.es\/piedsnoiralicante\/wp-json\/wp\/v2\/pages"}],"about":[{"href":"https:\/\/blogs.ua.es\/piedsnoiralicante\/wp-json\/wp\/v2\/types\/page"}],"author":[{"embeddable":true,"href":"https:\/\/blogs.ua.es\/piedsnoiralicante\/wp-json\/wp\/v2\/users\/2896"}],"replies":[{"embeddable":true,"href":"https:\/\/blogs.ua.es\/piedsnoiralicante\/wp-json\/wp\/v2\/comments?post=2"}],"version-history":[{"count":22,"href":"https:\/\/blogs.ua.es\/piedsnoiralicante\/wp-json\/wp\/v2\/pages\/2\/revisions"}],"predecessor-version":[{"id":734,"href":"https:\/\/blogs.ua.es\/piedsnoiralicante\/wp-json\/wp\/v2\/pages\/2\/revisions\/734"}],"wp:featuredmedia":[{"embeddable":true,"href":"https:\/\/blogs.ua.es\/piedsnoiralicante\/wp-json\/wp\/v2\/media\/160"}],"wp:attachment":[{"href":"https:\/\/blogs.ua.es\/piedsnoiralicante\/wp-json\/wp\/v2\/media?parent=2"}],"curies":[{"name":"wp","href":"https:\/\/api.w.org\/{rel}","templated":true}]}}