{"id":36,"date":"2013-01-10T20:22:34","date_gmt":"2013-01-10T20:22:34","guid":{"rendered":"https:\/\/blogs.ua.es\/piedsnoiralicante\/?page_id=36"},"modified":"2013-02-07T15:51:49","modified_gmt":"2013-02-07T15:51:49","slug":"fuentes-3","status":"publish","type":"page","link":"https:\/\/blogs.ua.es\/piedsnoiralicante\/fuentes-3\/","title":{"rendered":"Fuentes"},"content":{"rendered":"<p style=\"text-align: justify\">Hemos elaborado el tema con \u00a0diferentes tipos de recursos documentales, tanto fuentes textuales, \u00a0electr\u00f3nicas como iconogr\u00e1ficas. Especialmente, destacamos la fuente oral, entrevista que transcribimos como testimonio directo.<\/p>\n<p style=\"text-align: justify\">La informaci\u00f3n obtenida proviene principalmente del repositorio de la Universidad de Alicante (<em>RUA<\/em>);\u00a0Cat\u00e1logo y Biblioteca de la Universidad; fuentes escritas como art\u00edculos y revistas; libros y ensayos publicados en nuestra universidad, principalmente el libro <em>LOS &#8220;PIEDS-NOIRS&#8221; EN ALICANTE: Las migraciones inducidas por la descolonizaci\u00f3n.\u00a0<\/em>Webs y hemerotecas digitales<em>\u00a0<\/em>completan nuestros recursos electr\u00f3nicos.<\/p>\n<p style=\"text-align: justify\">Ha resultado f\u00e1cil encontrar documentaci\u00f3n general sobre el tema, pero una aproximaci\u00f3n objetiva al conflicto como drama humano ha sido m\u00e1s dif\u00edcil de contextualizar.<\/p>\n","protected":false},"excerpt":{"rendered":"<p>Hemos elaborado el tema con \u00a0diferentes tipos de recursos documentales, tanto fuentes textuales, \u00a0electr\u00f3nicas como iconogr\u00e1ficas. Especialmente, destacamos la fuente oral, entrevista que transcribimos como testimonio directo. La informaci\u00f3n obtenida proviene principalmente del repositorio de la Universidad de Alicante (RUA);\u00a0Cat\u00e1logo y Biblioteca de la Universidad; fuentes escritas como art\u00edculos y revistas; libros y ensayos publicados [&hellip;]<\/p>\n","protected":false},"author":2896,"featured_media":0,"parent":0,"menu_order":3,"comment_status":"open","ping_status":"closed","template":"","meta":{"footnotes":""},"class_list":["post-36","page","type-page","status-publish","hentry"],"_links":{"self":[{"href":"https:\/\/blogs.ua.es\/piedsnoiralicante\/wp-json\/wp\/v2\/pages\/36","targetHints":{"allow":["GET"]}}],"collection":[{"href":"https:\/\/blogs.ua.es\/piedsnoiralicante\/wp-json\/wp\/v2\/pages"}],"about":[{"href":"https:\/\/blogs.ua.es\/piedsnoiralicante\/wp-json\/wp\/v2\/types\/page"}],"author":[{"embeddable":true,"href":"https:\/\/blogs.ua.es\/piedsnoiralicante\/wp-json\/wp\/v2\/users\/2896"}],"replies":[{"embeddable":true,"href":"https:\/\/blogs.ua.es\/piedsnoiralicante\/wp-json\/wp\/v2\/comments?post=36"}],"version-history":[{"count":14,"href":"https:\/\/blogs.ua.es\/piedsnoiralicante\/wp-json\/wp\/v2\/pages\/36\/revisions"}],"predecessor-version":[{"id":731,"href":"https:\/\/blogs.ua.es\/piedsnoiralicante\/wp-json\/wp\/v2\/pages\/36\/revisions\/731"}],"wp:attachment":[{"href":"https:\/\/blogs.ua.es\/piedsnoiralicante\/wp-json\/wp\/v2\/media?parent=36"}],"curies":[{"name":"wp","href":"https:\/\/api.w.org\/{rel}","templated":true}]}}