{"id":45,"date":"2013-01-10T20:43:51","date_gmt":"2013-01-10T20:43:51","guid":{"rendered":"https:\/\/blogs.ua.es\/piedsnoiralicante\/?page_id=45"},"modified":"2013-01-12T12:52:52","modified_gmt":"2013-01-12T12:52:52","slug":"valoracion","status":"publish","type":"page","link":"https:\/\/blogs.ua.es\/piedsnoiralicante\/valoracion\/","title":{"rendered":"Valoraci\u00f3n"},"content":{"rendered":"<p style=\"text-align: justify\">Hemos querido personalizar con \u00a0Los Pieds-noirs uno de los procesos hist\u00f3ricos m\u00e1s\u00a0determinantes\u00a0de la Historia Contempor\u00e1nea, inserto en la II Guerra Mundial y los procesos de descolonizaci\u00f3n generados durante y como consecuencia de la guerra.<\/p>\n<p style=\"text-align: justify\">Adem\u00e1s de las fuentes meramente acad\u00e9micas ( manuales, libros, revistas, investigaciones&#8230;), nos hemos servido de fuentes directas para reflejar la cara social y humana de un conflicto que a\u00fan sigue vivo en la memoria de quienes sufrieron sus consecuencias. Poder contar con el testimonio en primera persona de una familia de ciudadanos franceses huidos \u00a0de Or\u00e1n, en los \u00faltimos momentos de la guerra de Argelia, ha sido muy importante para tener una visi\u00f3n del tema m\u00e1s all\u00e1 de estad\u00edsticas y an\u00e1lisis pol\u00edticos o b\u00e9licos.<\/p>\n<p>&nbsp;<\/p>\n","protected":false},"excerpt":{"rendered":"<p>Hemos querido personalizar con \u00a0Los Pieds-noirs uno de los procesos hist\u00f3ricos m\u00e1s\u00a0determinantes\u00a0de la Historia Contempor\u00e1nea, inserto en la II Guerra Mundial y los procesos de descolonizaci\u00f3n generados durante y como consecuencia de la guerra. Adem\u00e1s de las fuentes meramente acad\u00e9micas ( manuales, libros, revistas, investigaciones&#8230;), nos hemos servido de fuentes directas para reflejar la cara [&hellip;]<\/p>\n","protected":false},"author":2910,"featured_media":0,"parent":0,"menu_order":5,"comment_status":"open","ping_status":"open","template":"","meta":{"footnotes":""},"class_list":["post-45","page","type-page","status-publish","hentry"],"_links":{"self":[{"href":"https:\/\/blogs.ua.es\/piedsnoiralicante\/wp-json\/wp\/v2\/pages\/45","targetHints":{"allow":["GET"]}}],"collection":[{"href":"https:\/\/blogs.ua.es\/piedsnoiralicante\/wp-json\/wp\/v2\/pages"}],"about":[{"href":"https:\/\/blogs.ua.es\/piedsnoiralicante\/wp-json\/wp\/v2\/types\/page"}],"author":[{"embeddable":true,"href":"https:\/\/blogs.ua.es\/piedsnoiralicante\/wp-json\/wp\/v2\/users\/2910"}],"replies":[{"embeddable":true,"href":"https:\/\/blogs.ua.es\/piedsnoiralicante\/wp-json\/wp\/v2\/comments?post=45"}],"version-history":[{"count":6,"href":"https:\/\/blogs.ua.es\/piedsnoiralicante\/wp-json\/wp\/v2\/pages\/45\/revisions"}],"predecessor-version":[{"id":123,"href":"https:\/\/blogs.ua.es\/piedsnoiralicante\/wp-json\/wp\/v2\/pages\/45\/revisions\/123"}],"wp:attachment":[{"href":"https:\/\/blogs.ua.es\/piedsnoiralicante\/wp-json\/wp\/v2\/media?parent=45"}],"curies":[{"name":"wp","href":"https:\/\/api.w.org\/{rel}","templated":true}]}}