{"id":71,"date":"2013-01-10T21:16:14","date_gmt":"2013-01-10T21:16:14","guid":{"rendered":"https:\/\/blogs.ua.es\/piedsnoiralicante\/?page_id=71"},"modified":"2013-02-07T15:51:59","modified_gmt":"2013-02-07T15:51:59","slug":"presentacion-2","status":"publish","type":"page","link":"https:\/\/blogs.ua.es\/piedsnoiralicante\/presentacion-2\/","title":{"rendered":"Presentaci\u00f3n"},"content":{"rendered":"<p style=\"text-align: justify\">Hola a todos, somos Macarena V\u00e1zquez y Carmen Moll, estudiantes de los grados de Historia y Humanidades, de la Universidad de Alicante. Vamos a desarrollar este nuevo blog sobre Les Pieds-noirs en Alicante, como parte de un trabajo pr\u00e1ctico de la asignatura de Fuentes y Documentos para la Historia.<\/p>\n<p style=\"text-align: justify\">Elegimos &#8220;Les Pieds-noirs&#8221; como tema para nuestro blog por nuestro inter\u00e9s por los factores sociales y humanos de los movimientos migratorios y la vinculaci\u00f3n personal con exiliados argelinos. Nos gustar\u00eda, a trav\u00e9s de este blog, transmitir y contagiar el inter\u00e9s por este tema y sensibilizar \u00a0a los visitantes de nuestra p\u00e1gina de la realidad de todos los que actualmente, en conflictos distintos de otras partes del mundo, siguen sufriendo el exilio.<\/p>\n","protected":false},"excerpt":{"rendered":"<p>Hola a todos, somos Macarena V\u00e1zquez y Carmen Moll, estudiantes de los grados de Historia y Humanidades, de la Universidad de Alicante. Vamos a desarrollar este nuevo blog sobre Les Pieds-noirs en Alicante, como parte de un trabajo pr\u00e1ctico de la asignatura de Fuentes y Documentos para la Historia. Elegimos &#8220;Les Pieds-noirs&#8221; como tema para [&hellip;]<\/p>\n","protected":false},"author":2896,"featured_media":0,"parent":0,"menu_order":5,"comment_status":"open","ping_status":"closed","template":"","meta":{"footnotes":""},"class_list":["post-71","page","type-page","status-publish","hentry"],"_links":{"self":[{"href":"https:\/\/blogs.ua.es\/piedsnoiralicante\/wp-json\/wp\/v2\/pages\/71","targetHints":{"allow":["GET"]}}],"collection":[{"href":"https:\/\/blogs.ua.es\/piedsnoiralicante\/wp-json\/wp\/v2\/pages"}],"about":[{"href":"https:\/\/blogs.ua.es\/piedsnoiralicante\/wp-json\/wp\/v2\/types\/page"}],"author":[{"embeddable":true,"href":"https:\/\/blogs.ua.es\/piedsnoiralicante\/wp-json\/wp\/v2\/users\/2896"}],"replies":[{"embeddable":true,"href":"https:\/\/blogs.ua.es\/piedsnoiralicante\/wp-json\/wp\/v2\/comments?post=71"}],"version-history":[{"count":11,"href":"https:\/\/blogs.ua.es\/piedsnoiralicante\/wp-json\/wp\/v2\/pages\/71\/revisions"}],"predecessor-version":[{"id":732,"href":"https:\/\/blogs.ua.es\/piedsnoiralicante\/wp-json\/wp\/v2\/pages\/71\/revisions\/732"}],"wp:attachment":[{"href":"https:\/\/blogs.ua.es\/piedsnoiralicante\/wp-json\/wp\/v2\/media?parent=71"}],"curies":[{"name":"wp","href":"https:\/\/api.w.org\/{rel}","templated":true}]}}