{"id":12,"date":"2013-11-15T15:19:17","date_gmt":"2013-11-15T15:19:17","guid":{"rendered":"https:\/\/blogs.ua.es\/pinoso2\/?page_id=12"},"modified":"2014-01-13T18:50:25","modified_gmt":"2014-01-13T18:50:25","slug":"valoracion","status":"publish","type":"page","link":"https:\/\/blogs.ua.es\/pinoso2\/valoracion\/","title":{"rendered":"Valoraci\u00f3n"},"content":{"rendered":"<p>Nos ha encantado la realizaci\u00f3n de este trabajo, ha sido divertida y muy interactiva. Hemos descubierto cosas sobre el pueblo que ni siquiera sab\u00edamos, y llegados a cierto punto, sal\u00edamos a la calle de forma diferente: ya no mir\u00e1bamos igual los carteles de nuestro alrededor.<\/p>\n<p>Ha sido costosa, por supuesto, si algo se quiere algo cuesta, pero eso no ha quitado que la hici\u00e9ramos con ilusi\u00f3n. Algunas fotos han costado m\u00e1s que otras, e incluso han habido percances:<\/p>\n<p>En la fotograf\u00eda<a href=\"https:\/\/blogs.ua.es\/pinoso2\/2014\/01\/07\/el-pinos-poble-de-marbre-i-vi\/\"> El Pin\u00f3s, poble de marbre i vi\u00a0<\/a>, el peque\u00f1o monumento est\u00e1 dispuesto en el centro de una rotonda, y para que la placa se pudiera leer correctamente, nuestra compa\u00f1era \u00c1ngela tuvo que ponerse en medio de la carretera para hacerla. Estuvo a punto de sufrir un accidente con un autob\u00fas.<\/p>\n<p>Muchas fotograf\u00edas tambi\u00e9n se descubrieron pos casualidad, y tal vez eso es lo mejor, porque ibas por la calle y te lo encontrabas, llegando hasta a parar con el coche en la calle para hacer la fotograf\u00eda de <a href=\"https:\/\/blogs.ua.es\/pinoso2\/2014\/01\/04\/bodega-cooperativa-de-pinoso\/\">La Bodega Cooperativa de Pinoso<\/a>.<\/p>\n<p>&nbsp;<\/p>\n","protected":false},"excerpt":{"rendered":"<p>Nos ha encantado la realizaci\u00f3n de este trabajo, ha sido divertida y muy interactiva. Hemos descubierto cosas sobre el pueblo que ni siquiera sab\u00edamos, y llegados a cierto punto, sal\u00edamos a la calle de forma diferente: ya no mir\u00e1bamos igual los carteles de nuestro alrededor. Ha sido costosa, por supuesto, si algo se quiere algo [&hellip;]<\/p>\n","protected":false},"author":3330,"featured_media":0,"parent":0,"menu_order":3,"comment_status":"open","ping_status":"closed","template":"","meta":{"footnotes":""},"class_list":["post-12","page","type-page","status-publish","hentry"],"_links":{"self":[{"href":"https:\/\/blogs.ua.es\/pinoso2\/wp-json\/wp\/v2\/pages\/12","targetHints":{"allow":["GET"]}}],"collection":[{"href":"https:\/\/blogs.ua.es\/pinoso2\/wp-json\/wp\/v2\/pages"}],"about":[{"href":"https:\/\/blogs.ua.es\/pinoso2\/wp-json\/wp\/v2\/types\/page"}],"author":[{"embeddable":true,"href":"https:\/\/blogs.ua.es\/pinoso2\/wp-json\/wp\/v2\/users\/3330"}],"replies":[{"embeddable":true,"href":"https:\/\/blogs.ua.es\/pinoso2\/wp-json\/wp\/v2\/comments?post=12"}],"version-history":[{"count":3,"href":"https:\/\/blogs.ua.es\/pinoso2\/wp-json\/wp\/v2\/pages\/12\/revisions"}],"predecessor-version":[{"id":243,"href":"https:\/\/blogs.ua.es\/pinoso2\/wp-json\/wp\/v2\/pages\/12\/revisions\/243"}],"wp:attachment":[{"href":"https:\/\/blogs.ua.es\/pinoso2\/wp-json\/wp\/v2\/media?parent=12"}],"curies":[{"name":"wp","href":"https:\/\/api.w.org\/{rel}","templated":true}]}}