{"id":274,"date":"2017-11-30T17:01:22","date_gmt":"2017-11-30T17:01:22","guid":{"rendered":"https:\/\/blogs.ua.es\/prensa23f\/?page_id=274"},"modified":"2017-12-04T23:39:15","modified_gmt":"2017-12-04T23:39:15","slug":"personalidad","status":"publish","type":"page","link":"https:\/\/blogs.ua.es\/prensa23f\/prensa\/abc\/personalidad\/","title":{"rendered":"Personalidad"},"content":{"rendered":"<h3 style=\"text-align: justify\"><span style=\"font-family: Verdana, sans-serif\">1. Nombre del peri\u00f3dico<\/span><\/h3>\n<p style=\"text-align: justify\"><span style=\"font-family: Verdana, sans-serif\">Su nombre es ABC, el cual se eligi\u00f3 de forma sencilla, son las tres primeras letras que conforman en el abecedario espa\u00f1ol. En el primer n\u00famero del peri\u00f3dico se dijo que ABC aspiraba modestamente a convertirse en el abec\u00e9 (en el primero, mejor peri\u00f3dico) de lo que se considera que mejorado, ampliado y perfeccionado por otros pod\u00eda constituir la prensa diaria del provenir. No suele ir ligado de ning\u00fan subtitulo o indicaci\u00f3n, su fundador es Torcuato Luca de Tena, siempre aparece bajo del nombre del peri\u00f3dico.<\/span><\/p>\n<h3 style=\"text-align: justify\"><span style=\"font-family: Verdana, sans-serif\">2. Lugar de Residencia de la Administraci\u00f3n y la Redacci\u00f3n<\/span><\/h3>\n<p style=\"text-align: justify\"><span style=\"font-family: Verdana, sans-serif\">En un primer momento la redacci\u00f3n fue en el edificio ABC de Serrano en el n\u00famero 61 de Madrid, sede del peri\u00f3dico entre 1905 y 1989. En nuestros d\u00edas se encuentra en la calle de Juan Ignacio Luca de Tena n\u00ba. 7 de Madrid.<\/span><\/p>\n<h3 style=\"text-align: justify\"><span style=\"font-family: Verdana, sans-serif\">3. Periodicidad<\/span><\/h3>\n<p style=\"text-align: justify\"><span style=\"font-family: Verdana, sans-serif\">Estamos ante un peri\u00f3dico semanal matutino que emite de lunes a domingo.<\/span><\/p>\n<h3 style=\"text-align: justify\"><span style=\"font-family: Verdana, sans-serif\">4. Zona principal de difusi\u00f3n<\/span><\/h3>\n<p style=\"text-align: justify\"><span style=\"font-family: Verdana, sans-serif\">La principal \u00e1rea de difusi\u00f3n es Madrid, desde su creaci\u00f3n hasta el a\u00f1o 1912 cuando empez\u00f3 a distribuirse por todo el \u00e1mbito espa\u00f1ol. En la actualidad mediante las ediciones provinciales, llega a albergar todo el estado.<\/span><\/p>\n<h3 style=\"text-align: justify\"><span style=\"font-family: Verdana, sans-serif\">5. Tiraje<\/span><\/h3>\n<p style=\"text-align: justify\"><span style=\"font-family: Verdana, sans-serif\">Presenta difusi\u00f3n media diaria de 262.874 ejemplares en 2002 y de unos 314.271 ejemplares en el 2011. En el presente tiene el promedio de tirada seg\u00fan la OJD (Oficina de Justificaci\u00f3n de la Difusi\u00f3n) en unos 168.000 ejemplares.<\/span><\/p>\n<h3 style=\"text-align: justify\"><span style=\"font-family: Verdana, sans-serif\">6. Fecha del primer y \u00faltimo n\u00famero<\/span><\/h3>\n<p style=\"text-align: justify\"><span style=\"font-family: Verdana, sans-serif\">El primer n\u00famero de ABC fue publicado el 1 de enero de 1903 con el subt\u00edtulo \u201cCr\u00f3nica Universal Ilustrada\u201d. Su edici\u00f3n diaria empez\u00f3 a publicarse el 1 de junio de 1905, y en 1912 las ediciones provinciales. <\/span><\/p>\n<h3 style=\"text-align: justify\"><span style=\"font-family: Verdana, sans-serif\">7. Precio<\/span><\/h3>\n<p style=\"text-align: justify\"><span style=\"font-family: Verdana, sans-serif\">Su precio es 1\u201950 euros de lunes a viernes, 2 euros la edici\u00f3n de los s\u00e1bados y 2\u201980 euros la de los domingos. <\/span><\/p>\n<h3 style=\"text-align: justify\"><span style=\"font-family: Verdana, sans-serif\">8. Caracter\u00edsticas excepcionales de la vida del peri\u00f3dico<\/span><\/h3>\n<p style=\"text-align: justify\"><span style=\"font-family: Verdana, sans-serif\">Durante la Guerra Civil ces\u00f3 la publicaci\u00f3n de ABC Madrid debido a que se puso en manos de la Rep\u00fablica, reapareciendo en 1939.<\/span><\/p>\n<h3 style=\"text-align: justify\"><span style=\"font-family: Verdana, sans-serif\">9. Formato<\/span><\/h3>\n<p style=\"text-align: justify\"><span style=\"font-family: Verdana, sans-serif\">Es un formato folio de 215\u00d7315 mm. y grapado. Este formato se lleva usando desde 1999. <\/span><\/p>\n<h3 style=\"text-align: justify\"><span style=\"font-family: Verdana, sans-serif\">10. N\u00famero de p\u00e1ginas y n\u00famero de columnas por p\u00e1gina<\/span><\/h3>\n<p style=\"text-align: justify\"><span style=\"font-family: Verdana, sans-serif\">El n\u00famero de p\u00e1ginas puede variar entre 80 y 100, depende de la edici\u00f3n y el n\u00famero de columnas por p\u00e1gina, suele contar con 3 o 5 columnas.<\/span><\/p>\n<h3 style=\"text-align: justify\"><span style=\"font-family: Verdana, sans-serif\">11. N\u00famero de ediciones y zona cubierta por cada edici\u00f3n<\/span><\/h3>\n<p style=\"text-align: justify\"><span style=\"font-family: Verdana, sans-serif\">Las zonas que abarca son Madrid, Arag\u00f3n, Castilla la Mancha, Catalu\u00f1a, Pa\u00eds Vasco, Galicia, Sevilla, Canarias, Castilla y Le\u00f3n, Comunidad Valenciana, Navarra y Toledo.<\/span><\/p>\n<h3 style=\"text-align: justify\"><span style=\"font-family: Verdana, sans-serif\">12. Lugar de conservaci\u00f3n de las colecciones<\/span><\/h3>\n<p style=\"text-align: justify\"><span style=\"font-family: Verdana, sans-serif\">Las podemos encontrare digitalizadas en la Hemeroteca digital desde el a\u00f1o 2009, donde puede consultarse la edici\u00f3n de Madrid desde 1903, Sevilla desde 1929, C\u00f3rdoba desde 2002. El peri\u00f3dico dispone un archivo propio dirigido por Federico Ayala.<\/span><\/p>\n<h3 style=\"text-align: justify\"><span style=\"font-family: Verdana, sans-serif\">13. Estructura jur\u00eddica y financiera<\/span><\/h3>\n<p style=\"text-align: justify\"><span style=\"font-family: Verdana, sans-serif\">ABC era editado Prensa Espa\u00f1ola, en 2001 se uni\u00f3 al Grupo Correo, conformando el actual Diario ABC S.L. del grupo Vocento. Posee diferentes peri\u00f3dicos regionales, como El Correo, El Norte de Castilla o Las Provincias, y cadenas de radio como son la COPE o Cadena 100. Desde 2010 Bieito Rubido es el director del peri\u00f3dico.<\/span><\/p>\n<h3 style=\"text-align: justify\"><span style=\"font-family: Verdana, sans-serif\">14. Condiciones de impresi\u00f3n<\/span><\/h3>\n<p style=\"text-align: justify\"><span style=\"font-family: Verdana, sans-serif\">El lugar de impresi\u00f3n se ubica en la calle Juan Ignacio Luca de Tena, n\u00ba.7. El trabajo modernizador, contempla la realizaci\u00f3n de las modificaciones t\u00e9cnicas necesarias para la impresi\u00f3n a todo color en las restantes plantas de impresi\u00f3n que utiliza el diario fuera de Madrid.<\/span><\/p>\n<h3 style=\"text-align: justify\"><span style=\"font-family: Verdana, sans-serif\">15. Condiciones de distribuci\u00f3n<\/span><\/h3>\n<p style=\"text-align: justify\"><span style=\"font-family: Verdana, sans-serif\">El ABC llega a su p\u00fablico a trav\u00e9s de la venta directa en kioscos, comercios y otros establecimientos y mediante la edici\u00f3n digital. Maite Corral es la encargada de la esta distribuci\u00f3n.<\/span><\/p>\n<h3 style=\"text-align: justify\"><span style=\"font-family: Verdana, sans-serif\">16. Organizaci\u00f3n de la redacci\u00f3n<\/span><\/h3>\n<p style=\"text-align: justify\"><span style=\"font-family: Verdana, sans-serif\">En 2015 se decidi\u00f3 acometer un nuevo modo organizaci\u00f3n informativa mediante las nuevas tecnolog\u00edas. Diferentes \u00e1reas \u00e1reas especializadas (econom\u00eda, sociedad, deportes, cultura, dise\u00f1o e infograf\u00eda). En la redacci\u00f3n tenemos a los subdirectores, Montserrat Lluis, Yolanda G\u00f3mez y Adolfo Garrido, el redactor-jefe en Espa\u00f1a, Juan Fern\u00e1ndez-Miranda, el redactor-jefe del \u00e1rea de econom\u00eda, Fernando P\u00e9rez, el director del M\u00e1ster ABC, Manuel Mar\u00edn, el corresponsal de Washington, entre otros.<\/span><\/p>\n<h3 style=\"text-align: justify\"><span style=\"font-family: Verdana, sans-serif\">17. L\u00ednea y acci\u00f3n pol\u00edtica<\/span><\/h3>\n<p style=\"text-align: justify\"><span style=\"font-family: Verdana, sans-serif\">El peri\u00f3dico ABC es de l\u00ednea cat\u00f3lica, mon\u00e1rquica y conservadora.<\/span><\/p>\n","protected":false},"excerpt":{"rendered":"<p>1. Nombre del peri\u00f3dico Su nombre es ABC, el cual se eligi\u00f3 de forma sencilla, son las tres primeras letras que conforman en el abecedario espa\u00f1ol. En el primer n\u00famero del peri\u00f3dico se dijo que ABC aspiraba modestamente a convertirse en el abec\u00e9 (en el primero, mejor peri\u00f3dico) de lo que se considera que mejorado, [&hellip;]<\/p>\n","protected":false},"author":3614,"featured_media":0,"parent":265,"menu_order":1,"comment_status":"closed","ping_status":"closed","template":"","meta":{"footnotes":""},"class_list":["post-274","page","type-page","status-publish","hentry"],"_links":{"self":[{"href":"https:\/\/blogs.ua.es\/prensa23f\/wp-json\/wp\/v2\/pages\/274","targetHints":{"allow":["GET"]}}],"collection":[{"href":"https:\/\/blogs.ua.es\/prensa23f\/wp-json\/wp\/v2\/pages"}],"about":[{"href":"https:\/\/blogs.ua.es\/prensa23f\/wp-json\/wp\/v2\/types\/page"}],"author":[{"embeddable":true,"href":"https:\/\/blogs.ua.es\/prensa23f\/wp-json\/wp\/v2\/users\/3614"}],"replies":[{"embeddable":true,"href":"https:\/\/blogs.ua.es\/prensa23f\/wp-json\/wp\/v2\/comments?post=274"}],"version-history":[{"count":10,"href":"https:\/\/blogs.ua.es\/prensa23f\/wp-json\/wp\/v2\/pages\/274\/revisions"}],"predecessor-version":[{"id":493,"href":"https:\/\/blogs.ua.es\/prensa23f\/wp-json\/wp\/v2\/pages\/274\/revisions\/493"}],"up":[{"embeddable":true,"href":"https:\/\/blogs.ua.es\/prensa23f\/wp-json\/wp\/v2\/pages\/265"}],"wp:attachment":[{"href":"https:\/\/blogs.ua.es\/prensa23f\/wp-json\/wp\/v2\/media?parent=274"}],"curies":[{"name":"wp","href":"https:\/\/api.w.org\/{rel}","templated":true}]}}