{"id":276,"date":"2017-11-30T17:01:33","date_gmt":"2017-11-30T17:01:33","guid":{"rendered":"https:\/\/blogs.ua.es\/prensa23f\/?page_id=276"},"modified":"2017-12-04T21:17:05","modified_gmt":"2017-12-04T21:17:05","slug":"morfologia","status":"publish","type":"page","link":"https:\/\/blogs.ua.es\/prensa23f\/prensa\/abc\/morfologia\/","title":{"rendered":"Morfolog\u00eda"},"content":{"rendered":"<h1 style=\"text-align: center\"><strong>Elementos estructurales <\/strong><\/h1>\n<p style=\"text-align: justify\"><img loading=\"lazy\" decoding=\"async\" class=\"size-medium wp-image-378 alignleft\" src=\"https:\/\/blogs.ua.es\/prensa23f\/files\/2017\/12\/ABC-24.02.1981-pagina-001-1-214x300-214x300.jpg\" alt=\"\" width=\"214\" height=\"300\" \/>En lo referente a los elementos estructurales debemos destacar que la portada carece completamente de publicidad. Por otra parte, el espacio de redacci\u00f3n carece completamente de texto, configur\u00e1ndose por diferentes elementos; t\u00edtulo e ilustraciones.<\/p>\n<p style=\"text-align: justify\">El titulaje est\u00e1 compuesto por diferentes elementos que en conjunto ocupan el 13,5% de la portada. En la parte superior de la portada nos encontramos el <strong>nombre del peri\u00f3dico<\/strong> (ABC) que ocupa el 5,1% de la superficie de la portada y el 37,5% del titulaje. Bajo \u00e9ste nos encontramos con el <strong>streamer<\/strong> que constituye el 0,9% de la superficie de la portada y el 7% del titulaje, en \u00e9l queda reflejado el lugar de publicaci\u00f3n (Madrid) as\u00ed como la fecha (martes 24 de febrero de 1981). Asimismo, debemos destacar que la portada carece de interludio. En el centro de la imagen nos encontramos con el <strong>t\u00edtulo<\/strong> que ocupa el 7,5% de la superficie de la portada y en 55,5% del titulaje. En \u00e9l podemos ver como adem\u00e1s de aportar la noticia principal intenta llamar la atenci\u00f3n del lector mostr\u00e1ndose en el centro de la portada con letras grandes en negrita y con fondo blanco de modo que leemos: \u201cAsalto armado al Congreso\u201d.<\/p>\n<p style=\"text-align: justify\">Adem\u00e1s, se trata de una portada diferente con respecto a las dem\u00e1s portadas analizadas, se caracteriza por un reclamo al p\u00fablico mediante los aspectos visuales; la <strong>fotograf\u00eda<\/strong>. \u00c9sta ocupa el fondo de toda la portada trat\u00e1ndose de el 86,5% de la superficie total. En ella podemos ver al teniente coronel Tejero con la pistola en la mano, dando pie a las palabras que pronunci\u00f3 en el Congreso de los Diputados y que manifestaba a los all\u00ed presentes su objetivo de Golpe de Estado, as\u00ed como las dem\u00e1s personas que forman parte del cuerpo de Guarda Civiles que acompa\u00f1aron a Tejero.<\/p>\n<p style=\"text-align: justify\">Por otro lado, se trata de una portada simple puesto que no presenta ni lead ni texto y que, sin embargo, su mensaje es directo y conciso, siendo una de las portadas m\u00e1s peculiares de las aqu\u00ed analizadas.<\/p>\n<h1 style=\"text-align: center\"><strong>\u00a0Clasificaci\u00f3n de las materias <\/strong><\/h1>\n<p style=\"text-align: justify\">En lo referente a la clasificaci\u00f3n por materiales de las portas, siguiendo el m\u00e9todo propuesto por Kayser, se atiende a una clasificaci\u00f3n variada. En primer lugar, atendiendo a la <strong>clasificaci\u00f3n por g\u00e9nero<\/strong>, nos encontramos ante una portada que carece de cualquier responsable firmante de la noticia, adem\u00e1s podemos encuadrarla dentro del \u00e1mbito de noticias. En segundo lugar, atendiendo a la <strong>clasificaci\u00f3n por origen<\/strong>, podr\u00edamos pensar que se trata de una informaci\u00f3n suministrada por los colaboradores del peri\u00f3dico que han redactado la noticia. Por consiguiente, si hacemos referencia a la <strong>clasificaci\u00f3n seg\u00fan el marco geogr\u00e1fico<\/strong>, se trata de una noticia de \u00e1mbito nacional. Por otro, atendiendo a la <strong>clasificaci\u00f3n seg\u00fan el objetivo<\/strong> esto reside principalmente en su af\u00e1n informador. Por \u00faltimo, si hacemos referencia a la <strong>clasificaci\u00f3n seg\u00fan el contenido<\/strong> propuesta por Kayser, \u00e9sta estar\u00eda encuadrada dentro del \u00e1mbito interior al tratarse de una noticia que afecta s\u00f3lo a Espa\u00f1a.<\/p>\n<p><img loading=\"lazy\" decoding=\"async\" class=\"aligncenter  wp-image-466\" src=\"https:\/\/blogs.ua.es\/prensa23f\/files\/2017\/12\/quesito-2-300x147.png\" alt=\"\" width=\"447\" height=\"219\" srcset=\"https:\/\/blogs.ua.es\/prensa23f\/files\/2017\/12\/quesito-2-300x147.png 300w, https:\/\/blogs.ua.es\/prensa23f\/files\/2017\/12\/quesito-2.png 494w\" sizes=\"auto, (max-width: 447px) 100vw, 447px\" \/><\/p>\n<p><img loading=\"lazy\" decoding=\"async\" class=\"aligncenter  wp-image-469\" src=\"https:\/\/blogs.ua.es\/prensa23f\/files\/2017\/12\/asalto-armado-al-congreso-216x300.png\" alt=\"\" width=\"472\" height=\"656\" srcset=\"https:\/\/blogs.ua.es\/prensa23f\/files\/2017\/12\/asalto-armado-al-congreso-216x300.png 216w, https:\/\/blogs.ua.es\/prensa23f\/files\/2017\/12\/asalto-armado-al-congreso.png 347w\" sizes=\"auto, (max-width: 472px) 100vw, 472px\" \/><\/p>\n","protected":false},"excerpt":{"rendered":"<p>Elementos estructurales En lo referente a los elementos estructurales debemos destacar que la portada carece completamente de publicidad. Por otra parte, el espacio de redacci\u00f3n carece completamente de texto, configur\u00e1ndose por diferentes elementos; t\u00edtulo e ilustraciones. El titulaje est\u00e1 compuesto por diferentes elementos que en conjunto ocupan el 13,5% de la portada. En la parte [&hellip;]<\/p>\n","protected":false},"author":3614,"featured_media":0,"parent":265,"menu_order":2,"comment_status":"closed","ping_status":"closed","template":"","meta":{"footnotes":""},"class_list":["post-276","page","type-page","status-publish","hentry"],"_links":{"self":[{"href":"https:\/\/blogs.ua.es\/prensa23f\/wp-json\/wp\/v2\/pages\/276","targetHints":{"allow":["GET"]}}],"collection":[{"href":"https:\/\/blogs.ua.es\/prensa23f\/wp-json\/wp\/v2\/pages"}],"about":[{"href":"https:\/\/blogs.ua.es\/prensa23f\/wp-json\/wp\/v2\/types\/page"}],"author":[{"embeddable":true,"href":"https:\/\/blogs.ua.es\/prensa23f\/wp-json\/wp\/v2\/users\/3614"}],"replies":[{"embeddable":true,"href":"https:\/\/blogs.ua.es\/prensa23f\/wp-json\/wp\/v2\/comments?post=276"}],"version-history":[{"count":13,"href":"https:\/\/blogs.ua.es\/prensa23f\/wp-json\/wp\/v2\/pages\/276\/revisions"}],"predecessor-version":[{"id":471,"href":"https:\/\/blogs.ua.es\/prensa23f\/wp-json\/wp\/v2\/pages\/276\/revisions\/471"}],"up":[{"embeddable":true,"href":"https:\/\/blogs.ua.es\/prensa23f\/wp-json\/wp\/v2\/pages\/265"}],"wp:attachment":[{"href":"https:\/\/blogs.ua.es\/prensa23f\/wp-json\/wp\/v2\/media?parent=276"}],"curies":[{"name":"wp","href":"https:\/\/api.w.org\/{rel}","templated":true}]}}