{"id":280,"date":"2017-11-30T17:01:56","date_gmt":"2017-11-30T17:01:56","guid":{"rendered":"https:\/\/blogs.ua.es\/prensa23f\/?page_id=280"},"modified":"2017-12-04T23:40:13","modified_gmt":"2017-12-04T23:40:13","slug":"personalidad","status":"publish","type":"page","link":"https:\/\/blogs.ua.es\/prensa23f\/prensa\/la-vanguardia\/personalidad\/","title":{"rendered":"Personalidad"},"content":{"rendered":"<h3 style=\"text-align: justify\"><span style=\"font-family: Verdana, sans-serif\">1. Nombre del peri\u00f3dico <\/span><\/h3>\n<p style=\"text-align: justify\"><span style=\"font-family: Verdana, sans-serif\">Su nombre es La Vanguardia, pero no siempre fue as\u00ed, entre 1939 y 1978 a\u00f1adi\u00f3 la nota de Espa\u00f1ola con la Dictadura de Francisco Franco. Los fundadores fueron los hermanos Carlos y Bartolom\u00e9 God\u00f3 en 1881. Desde 1978 hasta nuestros d\u00edas ha conservado el mismo nombre con el que se fund\u00f3 a finales del XIX.<\/span><\/p>\n<h3 style=\"text-align: justify\"><span style=\"font-family: Verdana, sans-serif\">2. Lugar de Residencia de la Administraci\u00f3n y la Redacci\u00f3n<\/span><\/h3>\n<p style=\"text-align: justify\"><span style=\"font-family: Verdana, sans-serif\">El lugar residencia de la Administraci\u00f3n y de la Redacci\u00f3n se localiza en Barcelona, en la calle Les Heures hasta 1903. En ese a\u00f1o traslad\u00f3 a la calle de Pelayo n\u00ba. 28. En 2004 se mud\u00f3 a un rascacielos en la Avenida Diagonal n\u00ba 477.<\/span><\/p>\n<h3 style=\"text-align: justify\"><span style=\"font-family: Verdana, sans-serif\">3. Periodicidad<\/span><\/h3>\n<p style=\"text-align: justify\"><span style=\"font-family: Verdana, sans-serif\">La Vanguardia es un peri\u00f3dico semanal matutino que emite de lunes a domingo.<\/span><\/p>\n<h3 style=\"text-align: justify\"><span style=\"font-family: Verdana, sans-serif\">4. Momento de aparici\u00f3n<\/span><\/h3>\n<p style=\"text-align: justify\"><span style=\"font-family: Verdana, sans-serif\">Comienza el 1 de febrero de 1881 con Carlos y Bartolom\u00e9 God\u00f3 Pi\u00e9. \u201cLa Vanguardia\u201d, se autodefini\u00f3 como \u201cDiario pol\u00edtico de avisos y noticias\u201d, naci\u00f3 como \u00f3rgano de expresi\u00f3n de una parte del Partido Liberal de Barcelona.. El 31 de diciembre de 1887 dej\u00f3 de publicarse como \u00f3rgano del Partido Constitucional y el 1 de enero de 1888, el primer d\u00eda de la Exposici\u00f3n Universal de Barcelona, present\u00f3 un nuevo formato, al margen de la tutela de cualquier partido nacional.<\/span><\/p>\n<h3 style=\"text-align: justify\"><span style=\"font-family: Verdana, sans-serif\">5. Zona principal de difusi\u00f3n<\/span><\/h3>\n<p style=\"text-align: justify\"><span style=\"font-family: Verdana, sans-serif\">Su principal zona de difusi\u00f3n es Catalu\u00f1a, lugar en el que se produce la mayor parte de las ventas del mismo. Sin embargo tiene presencia en toda Espa\u00f1a, incluso se convirti\u00f3 en el peri\u00f3dico con mayor distribuci\u00f3n durante el r\u00e9gimen franquista.<\/span><\/p>\n<h3 style=\"text-align: justify\"><span style=\"font-family: Verdana, sans-serif\">6. Tiraje<\/span><\/h3>\n<p style=\"text-align: justify\"><span style=\"font-family: Verdana, sans-serif\">Utilizando los datos de la OJD en enero de 2010 el promedio de tirada era de unos 233.229 ejemplares y su difusi\u00f3n de unos 200.370.<\/span><\/p>\n<h3 style=\"text-align: justify\"><span style=\"font-family: Verdana, sans-serif\">7. Fecha del primer y \u00faltimo n\u00famero<\/span><\/h3>\n<p style=\"text-align: justify\"><span style=\"font-family: Verdana, sans-serif\">Se remonta a1 1 de febrero de 1881 con el subt\u00edtulo de Diario pol\u00edtico y de avisos y noticias; continua en la actualidad.<\/span><\/p>\n<h3 style=\"text-align: justify\"><span style=\"font-family: Verdana, sans-serif\">8. Precio<\/span><\/h3>\n<p style=\"text-align: justify\"><span style=\"font-family: Verdana, sans-serif\">Su coste ha ido variando con el paso del tiempo. En 1930 costaba 10c, en 1940, 15c, en 1980, 30 pesetas o en 1990, 125 pesetas, a d\u00eda de hoy se sit\u00faa en 1\u201950 euros, incluy\u00e9ndole un euro con las revistas.<\/span><\/p>\n<h3 style=\"text-align: justify\"><span style=\"font-family: Verdana, sans-serif\">9. Caracter\u00edsticas excepcionales de la vida del peri\u00f3dico<\/span><\/h3>\n<p style=\"text-align: justify\"><a name=\"_GoBack\"><\/a><span style=\"font-family: Verdana, sans-serif\">La Vanguardia fue pionera en mandar corresponsales en Par\u00eds y Berl\u00edn, hizo marchar a sus corresponsales a las capitales de los bandos durante la Primera Guerra Mundial. Fue el principal \u00f3rgano de expresi\u00f3n de la Generalitat de Catalunya hasta 1887. Durante la Segunda Guerra Mundial se mostr\u00f3 favorable a los aliados. Su actual director es M\u00e0rius Carol.<\/span><\/p>\n<h3 style=\"text-align: justify\"><span style=\"font-family: Verdana, sans-serif\">10. Formato<\/span><\/h3>\n<p style=\"text-align: justify\"><span style=\"font-family: Verdana, sans-serif\">En sus principios contaba con 310\u00d7455 mm., (formato berlin\u00e9s); ha pasado al tabloide de unos 289x410mm.<\/span><\/p>\n<h3 style=\"text-align: justify\"><span style=\"font-family: Verdana, sans-serif\">11. N\u00famero de p\u00e1ginas y n\u00famero de columnas por p\u00e1gina<\/span><\/h3>\n<p style=\"text-align: justify\"><span style=\"font-family: Verdana, sans-serif\">Llegaron a las 34 p\u00e1ginas en 1930. En los a\u00f1os 90 el peri\u00f3dico lleg\u00f3 con 64 p\u00e1ginas. En la actualidad el n\u00famero de p\u00e1ginas oscila entre 70 y 140. Suma 3 o 5 columnas de texto seg\u00fan la extensi\u00f3n de la noticia y el espacio disponible.<\/span><\/p>\n<h3 style=\"text-align: justify\"><span style=\"font-family: Verdana, sans-serif\">12. N\u00famero de ediciones y zona cubierta por cada edici\u00f3n<\/span><\/h3>\n<p style=\"text-align: justify\"><span style=\"font-family: Verdana, sans-serif\">Presenta dos ediciones, una redactada en castellano y otra redactada en catal\u00e1n, que est\u00e1 dirigida a Catalu\u00f1a. Tiene ediciones locales en Andaluc\u00eda, Madrid, Comunidad Valenciana y Pa\u00eds Vasco.<\/span><\/p>\n<h3 style=\"text-align: justify\"><span style=\"font-family: Verdana, sans-serif\">13. Lugar de conservaci\u00f3n de las colecciones<\/span><\/h3>\n<p style=\"text-align: justify\"><span style=\"font-family: Verdana, sans-serif\">Disfrutan de una hemeroteca digital donde est\u00e1n sus publicaciones desde enero de 1881 hasta los \u00faltimos 15 d\u00edas. Tambi\u00e9n se pueden localizar los art\u00edculos en versi\u00f3n digital publicados a partir de 1999.<\/span><\/p>\n<h3 style=\"text-align: justify\"><span style=\"font-family: Verdana, sans-serif\">14. Estructura jur\u00eddica y financiera<\/span><\/h3>\n<p style=\"text-align: justify\"><span style=\"font-family: Verdana, sans-serif\">Pertenece al Grupo God\u00f3, creado en 1998 por dicha familia. Editan Mundo Deportivo, Magazine o Conocer la Ciencia. Medios de comunicaci\u00f3n Catalunya Comunicaci\u00f3, formada por Emissions digitals de Catalunya en televisi\u00f3n y Radiocat XXI en radio.<\/span><\/p>\n<h3 style=\"text-align: justify\"><span style=\"font-family: Verdana, sans-serif\">15. Condiciones de distribuci\u00f3n<\/span><\/h3>\n<p style=\"text-align: justify\"><span style=\"font-family: Verdana, sans-serif\">Emite a todo el territorio nacional en papel, una global y una para Catalu\u00f1a. <\/span><\/p>\n<h3 style=\"text-align: justify\"><span style=\"font-family: Verdana, sans-serif\">16. Organizaci\u00f3n de la redacci\u00f3n<\/span><\/h3>\n<p style=\"text-align: justify\"><span style=\"font-family: Verdana, sans-serif\">Estructurados en secciones: Cartas al director, Econom\u00eda, Producci\u00f3n, Dise\u00f1o, Cultura o Fotograf\u00eda, etc.<\/span><\/p>\n<h3 style=\"text-align: justify\"><span style=\"font-family: Verdana, sans-serif\">17. L\u00ednea y acci\u00f3n pol\u00edtica<\/span><\/h3>\n<p style=\"text-align: justify\"><span style=\"font-family: Verdana, sans-serif\">La ideolog\u00eda de La Vanguardia es liberal (centro-derecha), catalanista y desde los \u00faltimos a\u00f1os, nacionalista.<\/span><\/p>\n","protected":false},"excerpt":{"rendered":"<p>1. Nombre del peri\u00f3dico Su nombre es La Vanguardia, pero no siempre fue as\u00ed, entre 1939 y 1978 a\u00f1adi\u00f3 la nota de Espa\u00f1ola con la Dictadura de Francisco Franco. Los fundadores fueron los hermanos Carlos y Bartolom\u00e9 God\u00f3 en 1881. Desde 1978 hasta nuestros d\u00edas ha conservado el mismo nombre con el que se fund\u00f3 [&hellip;]<\/p>\n","protected":false},"author":3614,"featured_media":0,"parent":267,"menu_order":1,"comment_status":"closed","ping_status":"closed","template":"","meta":{"footnotes":""},"class_list":["post-280","page","type-page","status-publish","hentry"],"_links":{"self":[{"href":"https:\/\/blogs.ua.es\/prensa23f\/wp-json\/wp\/v2\/pages\/280","targetHints":{"allow":["GET"]}}],"collection":[{"href":"https:\/\/blogs.ua.es\/prensa23f\/wp-json\/wp\/v2\/pages"}],"about":[{"href":"https:\/\/blogs.ua.es\/prensa23f\/wp-json\/wp\/v2\/types\/page"}],"author":[{"embeddable":true,"href":"https:\/\/blogs.ua.es\/prensa23f\/wp-json\/wp\/v2\/users\/3614"}],"replies":[{"embeddable":true,"href":"https:\/\/blogs.ua.es\/prensa23f\/wp-json\/wp\/v2\/comments?post=280"}],"version-history":[{"count":5,"href":"https:\/\/blogs.ua.es\/prensa23f\/wp-json\/wp\/v2\/pages\/280\/revisions"}],"predecessor-version":[{"id":494,"href":"https:\/\/blogs.ua.es\/prensa23f\/wp-json\/wp\/v2\/pages\/280\/revisions\/494"}],"up":[{"embeddable":true,"href":"https:\/\/blogs.ua.es\/prensa23f\/wp-json\/wp\/v2\/pages\/267"}],"wp:attachment":[{"href":"https:\/\/blogs.ua.es\/prensa23f\/wp-json\/wp\/v2\/media?parent=280"}],"curies":[{"name":"wp","href":"https:\/\/api.w.org\/{rel}","templated":true}]}}