{"id":282,"date":"2017-11-30T17:02:10","date_gmt":"2017-11-30T17:02:10","guid":{"rendered":"https:\/\/blogs.ua.es\/prensa23f\/?page_id=282"},"modified":"2017-12-02T17:55:16","modified_gmt":"2017-12-02T17:55:16","slug":"morfologia","status":"publish","type":"page","link":"https:\/\/blogs.ua.es\/prensa23f\/prensa\/la-vanguardia\/morfologia\/","title":{"rendered":"Morfolog\u00eda"},"content":{"rendered":"<h1 style=\"text-align: center\"><strong>Elementos de estructura<\/strong><\/h1>\n<p><img loading=\"lazy\" decoding=\"async\" class=\"wp-image-375 alignleft\" style=\"font-size: 14px;text-align: justify\" src=\"https:\/\/blogs.ua.es\/prensa23f\/files\/2017\/12\/15416941_1553611351322390_572878433_n-1-202x300.jpg\" alt=\"\" width=\"228\" height=\"339\" srcset=\"https:\/\/blogs.ua.es\/prensa23f\/files\/2017\/12\/15416941_1553611351322390_572878433_n-1-202x300.jpg 202w, https:\/\/blogs.ua.es\/prensa23f\/files\/2017\/12\/15416941_1553611351322390_572878433_n-1.jpg 403w\" sizes=\"auto, (max-width: 228px) 100vw, 228px\" \/><\/p>\n<p style=\"text-align: justify\">En lo referente a los <strong>elementos de estructura <\/strong>debemos destacar que la portada de <em>La Vanguardia <\/em>carece completamente de publicidad. Por otro lado, el espacio de redacci\u00f3n est\u00e1 formado por varios t\u00edtulos, una ilustraci\u00f3n y diferentes textos que introducen de forma breve las noticias principales.<\/p>\n<p style=\"text-align: justify\">En lo referente al titulaje (conjunto de diferentes tipos de t\u00edtulos como ep\u00edgrafes, t\u00edtulos y subt\u00edtulos) constituye el 30% de la superficie de la portada. Por su parte, el <strong>streamer<\/strong> (banderola) muestra el a\u00f1o de fundaci\u00f3n (1881) del peri\u00f3dico, as\u00ed como sus fundadores (Don Carlos y Don Bartolom\u00e9 God\u00f3), as\u00ed como el lugar de redacci\u00f3n (Barcelona), el d\u00eda (martes, 24 de febrero de 1981), el n\u00famero de publicaci\u00f3n (35673), el lugar de redacci\u00f3n, tel\u00e9fono de contacto y precio del ejemplar (25 pesetas), todo ello ocupa el 6,5% de la portada y un 20% respecto al titulaje. Asimismo, nos encontramos con un <strong>interludio<\/strong> que ocupa el 10% de la superficie de la portada, siendo el 25% del titulaje, en \u00e9l podemos leer: \u201cPor fuerzas de la Guardia Civil, mandadas por el teniente coronel Tejero, que dirigi\u00f3 la \u201cOperaci\u00f3n Galaxia\u201d, se trata de una frase que complementa el t\u00edtulo de la noticia. Por otro lado, el <strong>t\u00edtulo<\/strong> ocupar\u00eda el 15% de la superficie de la portada y un 37,5% del titulaje, se trata de un t\u00edtulo directo: \u201cEl Congreso, ocupado y sitiado\u201d, que se complementa con el interludio y que su objetivo principal es llamar la atenci\u00f3n del lector. Cabe destacar que la portada carece de \u201clead\u201d, es decir, frase o par\u00e1grafo de introducci\u00f3n al texto.<\/p>\n<p style=\"text-align: justify\">Tras el t\u00edtulo principal nos encontramos con el cuerpo m\u00e1s grueso de la portada, por un lado, nos encontramos con el <strong>texto<\/strong> que abrir\u00eda la noticia que constituye un 48% del total de la superficie de la portada y est\u00e1 dividido en cuatro columnas. En el texto podemos encontrar un breve resumen de la noticia, donde se establece que la ocupaci\u00f3n del Parlamento as\u00ed como la detenci\u00f3n de los diputados por parte de la Guardia Civil al mando del coronel Tejero ha llevado a realizar una sesi\u00f3n permanente en el Ministro de Interior por orden del rey. Adem\u00e1s, podemos encontrar especial hincapi\u00e9 en subrayar la palabra \u201cnaci\u00f3n\u201d como posible reacci\u00f3n ante el Golpe de Estado. Asimismo, en el texto podemos encontrar numerosas citas textuales al comunicado titulado Declaraci\u00f3n del Gobierno de la naci\u00f3n y el comunicado dado por la Junta de Jefes de Estado Mayor.<\/p>\n<p style=\"text-align: justify\">Por otro lado, podemos encontrar una <strong>fotograf\u00eda<\/strong> del teniente coronel Tejero con la pistola en la mano en el momento exacto en el que interrumpi\u00f3 la sesi\u00f3n de las Cortes. Se trata de una \u00fanica imagen que ocupa hasta 32% de la superficie de la portada.<\/p>\n<p style=\"text-align: justify\">Por \u00faltimo, en la parte m\u00e1s baja de la portada podemos encontrar <strong>otra noticia<\/strong> que tiene por interludio: \u201cMensaje del Rey, capit\u00e1n general de las Fuerzas Armadas\u201d y como t\u00edtulo: \u201cLa Corona no puede tolerar que se pretenda interrumpir por la fuerza el proceso democr\u00e1tico\u201d. Presenta un lead que establece el momento exacto en que se produjo el mensaje que el rey don Juan Carlos dirigi\u00f3 hacia la poblaci\u00f3n espa\u00f1ola y mediante qu\u00e9 canal de televisi\u00f3n se realiz\u00f3 la transmisi\u00f3n. El texto, est\u00e1 divido en tres columnas y recoge las palabras exactas del discurso del rey.<\/p>\n<h1 style=\"text-align: center\"><strong>Clasificaci\u00f3n de las materias<\/strong><\/h1>\n<p style=\"text-align: justify\">En cuanto a la clasificaci\u00f3n de las materias de la portada, podemos diferenciar diferentes rasgos. En primer lugar, atendiendo a la<strong> clasificaci\u00f3n por g\u00e9neros<\/strong>, se tratar\u00eda de un art\u00edculo que est\u00e1 firmado por la propia editorial del peri\u00f3dico. Se trata de una noticia pol\u00edtica de actualidad; el intento de Golpe de Estado por parte del coronel Tejero. Por otro lado, atendiendo a la <strong>clasificaci\u00f3n por origen<\/strong>, podr\u00edamos establecer que la informaci\u00f3n suministrada est\u00e1 facilitada por los colaboradores del peri\u00f3dico que han ido recopilando la informaci\u00f3n a medida que se iba conociendo la noticia, ya que se trata de un tema muy delicado y convulso. Asimismo, en lo referente a la <strong>clasificaci\u00f3n atendiendo al marco geogr\u00e1fico<\/strong>, podemos establecer que se trata de una noticia de \u00e1mbito nacional puesto que, a pesar de tratarse de un peri\u00f3dico de \u00e1mbito regional est\u00e1 tratando una noticia que afect\u00f3 pol\u00edticamente a todo el Estado espa\u00f1ol. En lo referente al <strong>objetivo,<\/strong> podemos establecer que el fin principal de la noticia es informaci\u00f3n a los lectores. Por \u00faltimo, atendiendo a la <strong>clasificaci\u00f3n seg\u00fan el contenido<\/strong>, se tratar\u00eda de un asunto de \u00e1mbito interior ya que, se trata de una noticia sobre lo concerniente a las actividades pol\u00edticas a escala nacional.<\/p>\n<p><img loading=\"lazy\" decoding=\"async\" class=\"wp-image-364 aligncenter\" src=\"https:\/\/blogs.ua.es\/prensa23f\/files\/2017\/12\/Screenshot_1-300x163.png\" alt=\"\" width=\"427\" height=\"232\" srcset=\"https:\/\/blogs.ua.es\/prensa23f\/files\/2017\/12\/Screenshot_1-300x163.png 300w, https:\/\/blogs.ua.es\/prensa23f\/files\/2017\/12\/Screenshot_1.png 514w\" sizes=\"auto, (max-width: 427px) 100vw, 427px\" \/><\/p>\n<p><img loading=\"lazy\" decoding=\"async\" class=\"wp-image-366 aligncenter\" style=\"font-size: 14px\" src=\"https:\/\/blogs.ua.es\/prensa23f\/files\/2017\/12\/Screenshot_2-212x300.png\" alt=\"\" width=\"370\" height=\"523\" srcset=\"https:\/\/blogs.ua.es\/prensa23f\/files\/2017\/12\/Screenshot_2-212x300.png 212w, https:\/\/blogs.ua.es\/prensa23f\/files\/2017\/12\/Screenshot_2.png 550w\" sizes=\"auto, (max-width: 370px) 100vw, 370px\" \/><\/p>\n","protected":false},"excerpt":{"rendered":"<p>Elementos de estructura En lo referente a los elementos de estructura debemos destacar que la portada de La Vanguardia carece completamente de publicidad. Por otro lado, el espacio de redacci\u00f3n est\u00e1 formado por varios t\u00edtulos, una ilustraci\u00f3n y diferentes textos que introducen de forma breve las noticias principales. En lo referente al titulaje (conjunto de [&hellip;]<\/p>\n","protected":false},"author":3614,"featured_media":0,"parent":267,"menu_order":2,"comment_status":"closed","ping_status":"closed","template":"","meta":{"footnotes":""},"class_list":["post-282","page","type-page","status-publish","hentry"],"_links":{"self":[{"href":"https:\/\/blogs.ua.es\/prensa23f\/wp-json\/wp\/v2\/pages\/282","targetHints":{"allow":["GET"]}}],"collection":[{"href":"https:\/\/blogs.ua.es\/prensa23f\/wp-json\/wp\/v2\/pages"}],"about":[{"href":"https:\/\/blogs.ua.es\/prensa23f\/wp-json\/wp\/v2\/types\/page"}],"author":[{"embeddable":true,"href":"https:\/\/blogs.ua.es\/prensa23f\/wp-json\/wp\/v2\/users\/3614"}],"replies":[{"embeddable":true,"href":"https:\/\/blogs.ua.es\/prensa23f\/wp-json\/wp\/v2\/comments?post=282"}],"version-history":[{"count":10,"href":"https:\/\/blogs.ua.es\/prensa23f\/wp-json\/wp\/v2\/pages\/282\/revisions"}],"predecessor-version":[{"id":390,"href":"https:\/\/blogs.ua.es\/prensa23f\/wp-json\/wp\/v2\/pages\/282\/revisions\/390"}],"up":[{"embeddable":true,"href":"https:\/\/blogs.ua.es\/prensa23f\/wp-json\/wp\/v2\/pages\/267"}],"wp:attachment":[{"href":"https:\/\/blogs.ua.es\/prensa23f\/wp-json\/wp\/v2\/media?parent=282"}],"curies":[{"name":"wp","href":"https:\/\/api.w.org\/{rel}","templated":true}]}}