{"id":294,"date":"2017-11-30T17:04:09","date_gmt":"2017-11-30T17:04:09","guid":{"rendered":"https:\/\/blogs.ua.es\/prensa23f\/?page_id=294"},"modified":"2017-12-04T21:19:11","modified_gmt":"2017-12-04T21:19:11","slug":"morfologia","status":"publish","type":"page","link":"https:\/\/blogs.ua.es\/prensa23f\/prensa\/diario-16\/morfologia\/","title":{"rendered":"Morfolog\u00eda"},"content":{"rendered":"<h1 style=\"text-align: center\"><strong><img loading=\"lazy\" decoding=\"async\" class=\"size-medium wp-image-382 alignleft\" src=\"https:\/\/blogs.ua.es\/prensa23f\/files\/2017\/12\/portada_diario-205x300-205x300.jpg\" alt=\"\" width=\"205\" height=\"300\" \/>Elementos de estructura <\/strong><\/h1>\n<p style=\"text-align: justify\">Los elementos estructurales del Diario 16, se caracterizan en primer lugar por la carencia de publicidad y en segundo lugar por la presencia de un espacio de redacci\u00f3n que est\u00e1 formado por varios t\u00edtulos, una ilustraci\u00f3n y texto.<\/p>\n<p style=\"text-align: justify\">Es por ello por lo que, en el titulaje que ocupa el 48% de la portada nos encontramos, en primer lugar, en la parte superior del peri\u00f3dico nos encontramos con su <strong>nombre<\/strong> (Diario 16) que ocupa el 13,5% de la superficie de la portada y corresponde al 29% del titulaje. A continuaci\u00f3n, nos encontramos con el <strong>streamer<\/strong> que ocupa el 1,5% de la superficie total de la portada y el 3,1% del titulaje, en \u00e9l podemos observar el a\u00f1o (VI) y n\u00famero de publicaci\u00f3n (1371), as\u00ed como el lugar de publicaci\u00f3n (Madrid) y el d\u00eda (martes, 24 de febrero de 1981). Por otro lado, nos encontramos con el <strong>t\u00edtulo<\/strong> de la noticia -puesto que la portada carece de interludio-, \u00e9ste se encuentra dividido por la fotograf\u00eda, de manera que el t\u00edtulo completo ser\u00eda \u201cFracaso, el Golpe\u201d y que ocupa el 32% de la superficie total de la portada y el 29% del titulaje.<\/p>\n<p style=\"text-align: justify\">Tras la cabecera principal de la portada nos encontramos con el <strong>texto<\/strong>, \u00e9ste carente de lead, ocupa el 10% de la superficie de la portada y est\u00e1 dividida en cuatro columnas, donde se realiza a l\u00edneas generales porqu\u00e9 a fracasado el intento de Golpe de Estado por parte de Tejero. Por su parte, en el centro de la portada nos encontramos con la \u00fanica <strong>fotograf\u00eda<\/strong> que constituye el 44% de la superficie total de la portada y que ilustra toda la noticia donde podemos observar al teniente coronel Tejero en el Congreso de los Diputados justo en el momento cuando anuncia que su objetivo es dar un Golpe de Estado.<\/p>\n<h1 style=\"text-align: center\"><strong>Clasificaci\u00f3n de las materias <\/strong><\/h1>\n<p style=\"text-align: justify\">La clasificaci\u00f3n de las materias se ha realizado siguiendo diferentes rasgos. En primer lugar, atendiendo a la<strong> clasificaci\u00f3n por g\u00e9neros<\/strong>, nos encontramos ante un art\u00edculo en el que no aparece responsable alguno, dando a entender que el responsable principal es el propio peri\u00f3dico. Su g\u00e9nero lo podr\u00edamos clasificar dentro del \u00e1mbito de noticias puesto que su objetivo principal es informar sobre el reciente Golpe de Estado. En segundo lugar, si hacemos referencia a la <strong>clasificaci\u00f3n por origen<\/strong> debemos pensar que se trata de una informaci\u00f3n suministrada por los colaboradores del peri\u00f3dico que tratan de informar en todo momento de los acontecimientos ya mencionados. Por otro lado, atendiendo a la <strong>clasificaci\u00f3n seg\u00fan el marco geogr\u00e1fico<\/strong> debemos destacar que se trata una noticia de \u00e1mbito nacional puesto que afecta a todo el Estado. En lo referente a la <strong>clasificaci\u00f3n seg\u00fan el objetivo<\/strong>, ya hab\u00edamos adelantado que el objetivo principal era el de informar a la poblaci\u00f3n. Por \u00faltimo, atendiendo a la <strong>clasificaci\u00f3n seg\u00fan su contenido<\/strong>, podemos destacar siguiendo el modelo de clasificaci\u00f3n de Kayser se trata de un \u00e1mbito interior puesto que la noticia afecta en primer orden al Estado espa\u00f1ol.<\/p>\n<p><img loading=\"lazy\" decoding=\"async\" class=\"aligncenter  wp-image-465\" src=\"https:\/\/blogs.ua.es\/prensa23f\/files\/2017\/12\/quesito-1-300x174.png\" alt=\"\" width=\"486\" height=\"282\" srcset=\"https:\/\/blogs.ua.es\/prensa23f\/files\/2017\/12\/quesito-1-300x174.png 300w, https:\/\/blogs.ua.es\/prensa23f\/files\/2017\/12\/quesito-1.png 564w\" sizes=\"auto, (max-width: 486px) 100vw, 486px\" \/> <img loading=\"lazy\" decoding=\"async\" class=\"aligncenter  wp-image-467\" src=\"https:\/\/blogs.ua.es\/prensa23f\/files\/2017\/12\/diario-16-229x300.png\" alt=\"\" width=\"348\" height=\"456\" srcset=\"https:\/\/blogs.ua.es\/prensa23f\/files\/2017\/12\/diario-16-229x300.png 229w, https:\/\/blogs.ua.es\/prensa23f\/files\/2017\/12\/diario-16.png 521w\" sizes=\"auto, (max-width: 348px) 100vw, 348px\" \/><\/p>\n","protected":false},"excerpt":{"rendered":"<p>Elementos de estructura Los elementos estructurales del Diario 16, se caracterizan en primer lugar por la carencia de publicidad y en segundo lugar por la presencia de un espacio de redacci\u00f3n que est\u00e1 formado por varios t\u00edtulos, una ilustraci\u00f3n y texto. Es por ello por lo que, en el titulaje que ocupa el 48% de [&hellip;]<\/p>\n","protected":false},"author":3614,"featured_media":0,"parent":271,"menu_order":2,"comment_status":"closed","ping_status":"closed","template":"","meta":{"footnotes":""},"class_list":["post-294","page","type-page","status-publish","hentry"],"_links":{"self":[{"href":"https:\/\/blogs.ua.es\/prensa23f\/wp-json\/wp\/v2\/pages\/294","targetHints":{"allow":["GET"]}}],"collection":[{"href":"https:\/\/blogs.ua.es\/prensa23f\/wp-json\/wp\/v2\/pages"}],"about":[{"href":"https:\/\/blogs.ua.es\/prensa23f\/wp-json\/wp\/v2\/types\/page"}],"author":[{"embeddable":true,"href":"https:\/\/blogs.ua.es\/prensa23f\/wp-json\/wp\/v2\/users\/3614"}],"replies":[{"embeddable":true,"href":"https:\/\/blogs.ua.es\/prensa23f\/wp-json\/wp\/v2\/comments?post=294"}],"version-history":[{"count":8,"href":"https:\/\/blogs.ua.es\/prensa23f\/wp-json\/wp\/v2\/pages\/294\/revisions"}],"predecessor-version":[{"id":473,"href":"https:\/\/blogs.ua.es\/prensa23f\/wp-json\/wp\/v2\/pages\/294\/revisions\/473"}],"up":[{"embeddable":true,"href":"https:\/\/blogs.ua.es\/prensa23f\/wp-json\/wp\/v2\/pages\/271"}],"wp:attachment":[{"href":"https:\/\/blogs.ua.es\/prensa23f\/wp-json\/wp\/v2\/media?parent=294"}],"curies":[{"name":"wp","href":"https:\/\/api.w.org\/{rel}","templated":true}]}}