{"id":298,"date":"2017-11-30T17:05:22","date_gmt":"2017-11-30T17:05:22","guid":{"rendered":"https:\/\/blogs.ua.es\/prensa23f\/?page_id=298"},"modified":"2017-12-04T22:32:19","modified_gmt":"2017-12-04T22:32:19","slug":"golpe-de-estado","status":"publish","type":"page","link":"https:\/\/blogs.ua.es\/prensa23f\/golpe-de-estado\/","title":{"rendered":"23F"},"content":{"rendered":"<h1 style=\"text-align: center\">El acontecimiento<\/h1>\n<figure id=\"attachment_395\" aria-describedby=\"caption-attachment-395\" style=\"width: 300px\" class=\"wp-caption alignleft\"><img loading=\"lazy\" decoding=\"async\" class=\"size-medium wp-image-395\" src=\"https:\/\/blogs.ua.es\/prensa23f\/files\/2017\/12\/imagen-300x212.jpg\" alt=\"\" width=\"300\" height=\"212\" srcset=\"https:\/\/blogs.ua.es\/prensa23f\/files\/2017\/12\/imagen-300x212.jpg 300w, https:\/\/blogs.ua.es\/prensa23f\/files\/2017\/12\/imagen-768x541.jpg 768w, https:\/\/blogs.ua.es\/prensa23f\/files\/2017\/12\/imagen.jpg 800w\" sizes=\"auto, (max-width: 300px) 100vw, 300px\" \/><figcaption id=\"caption-attachment-395\" class=\"wp-caption-text\">Madrid, 23-2-1981.- El teniente coronel Antonio Tejero irrumpe, pistola en mano, en el Congreso de los Diputados durante la segunda votaci\u00f3n de investidura de Leopoldo Calvo Sotelo como presidente del Gobierno. EFE\/Manuel H. de Le\u00f3n.<\/figcaption><\/figure>\n<p style=\"text-align: justify\">El 23 de febrero de 1981 el teniente coronel Antonio Tejero Molina irrumpi\u00f3 en la sesi\u00f3n de investidura de Leopoldo Calvo Sotelo junto a doscientos guardias civiles y secuestr\u00f3 a los diputados. Este atentado contra el sistema democr\u00e1tico se realiz\u00f3 en defensa de una autoridad militar que finalmente no se instaur\u00f3: el resultado fue el fracaso de Tejero y la supervivencia de la democracia. El secuestro se prolong\u00f3 hasta las 12:00 del d\u00eda 24, momento en que empezaron a salir los diputados y se dio por concluido el intento de Golpe de Estado. Las consecuencias de este acontecimiento marcaron el devenir de la democracia en Espa\u00f1a.<\/p>\n<p>&nbsp;<\/p>\n<h1><\/h1>\n<h1><\/h1>\n<h1><\/h1>\n<h1><\/h1>\n<h1 style=\"text-align: center\">Los objetivos<\/h1>\n<p style=\"text-align: justify\">El objetivo principal era constituir un gobierno de unidad y poner la Presidencia en manos del general Alfonso Armada Comyn. Con la militarizaci\u00f3n de la vida pol\u00edtica los golpistas buscaban:<\/p>\n<ul>\n<li style=\"text-align: justify\">Poner fin a la inestabilidad pol\u00edtica que caracteriz\u00f3 los primeros a\u00f1os de la d\u00e9cada de 1980. En este punto destaca la crisis interna de UCD que se sald\u00f3 con la dimisi\u00f3n de Adolfo Suarez como Presidente del Gobierno el d\u00eda 29 de enero de 1981.<\/li>\n<li style=\"text-align: justify\">Poner freno a las reivindicaciones de los nacionalismos perif\u00e9ricos mediante la reforma de la constituci\u00f3n.<\/li>\n<li style=\"text-align: justify\">Acabar con el terrorismo de ETA y los GRAPO.<\/li>\n<li style=\"text-align: justify\">Hacer frente a la crisis econ\u00f3mica.<\/li>\n<\/ul>\n<h1 style=\"text-align: center\">El fracaso del Golpe<\/h1>\n<figure id=\"attachment_397\" aria-describedby=\"caption-attachment-397\" style=\"width: 201px\" class=\"wp-caption alignright\"><img loading=\"lazy\" decoding=\"async\" class=\"size-medium wp-image-397\" src=\"https:\/\/blogs.ua.es\/prensa23f\/files\/2017\/12\/1445595591_024625_1445596205_album_normal-201x300.jpg\" alt=\"\" width=\"201\" height=\"300\" srcset=\"https:\/\/blogs.ua.es\/prensa23f\/files\/2017\/12\/1445595591_024625_1445596205_album_normal-201x300.jpg 201w, https:\/\/blogs.ua.es\/prensa23f\/files\/2017\/12\/1445595591_024625_1445596205_album_normal.jpg 666w\" sizes=\"auto, (max-width: 201px) 100vw, 201px\" \/><figcaption id=\"caption-attachment-397\" class=\"wp-caption-text\">Madrid, 23-2-81.- Un guardia civil que se encontraba en el interior del Congreso sale por la ventana de la oficina de prensa para entregarse. Foto: Agencia EFE<\/figcaption><\/figure>\n<ul>\n<li style=\"text-align: justify\">El capit\u00e1n general Jaime Milans del Bosch y Uss\u00eda era el encargado de movilizar las fuerzas militares de su demarcaci\u00f3n, as\u00ed como de de llamar a la movilizaci\u00f3n al resto de Capitanes Generales del Ej\u00e9rcito y organizar la toma de Madrid. Milans de Bosch cumpli\u00f3 con su parte de la operaci\u00f3n y tom\u00f3 militarmente Valencia, pero fue el \u00fanico de los Capitanes Generales que se sum\u00f3 al Golpe. Tampoco se llev\u00f3 a cabo la toma de Madrid. Esta parte del plan hab\u00eda fracasado.<\/li>\n<li style=\"text-align: justify\">En el Congreso se dieron las restantes circunstancias que hiceron hicieron del asalto al Congreso un intento fallido de Golpe de Estado. Tejero impidi\u00f3 que el General Armada entrase en el Congreso a las 00:00 horas del d\u00eda 24 y se propusiese como Presidente. La negativa de Tejero se debi\u00f3 a un desacuerdo respecto a la lista de ministros de Armada: en ella hab\u00eda miembros del PSOE y del PCE. La decisi\u00f3n del Capitan General Tejero de no dejar entrar en el Congreso al General Armada supuso el fracaso definitivo del Golpe.<\/li>\n<li style=\"text-align: justify\">A las 12:00 hora del d\u00eda 24 los diputados empezaron a abandonar el Congreso, dando por finalizado el Golpe de Estado.<\/li>\n<\/ul>\n<p>&nbsp;<\/p>\n<h1 style=\"text-align: center\">Consecuencias del 23-F<\/h1>\n<ul>\n<li style=\"text-align: justify\">Marc\u00f3 el inicio del fin del protagonismo del Ej\u00e9rcito en la vida pol\u00edtica espa\u00f1ola, haciendo posible el establecimiento de un sistema democr\u00e1tico estable en Espa\u00f1a.<\/li>\n<li style=\"text-align: justify\">Aceler\u00f3 la descomposici\u00f3n de UCD, haciendo posible el triunfo del PSOE en las elecciones legislativas del 28 de octubre de 1982.<\/li>\n<li style=\"text-align: justify\">Dot\u00f3 de legitimidad democr\u00e1tica a la instituci\u00f3n mon\u00e1rquica encarnada por Juan Carlos I haciendo que se olvidara su legitimidad de origen franquista. El Rey fue el gran protagonista del acontecimiento.<\/li>\n<li style=\"text-align: justify\">Reorden\u00f3 moment\u00e1neamente el proceso auton\u00f3mico con la aprobaci\u00f3n el 30 de junio de 1982 de la Ley Org\u00e1nica de Armonizaci\u00f3n del Proceso Auton\u00f3mico (LOAPA), aunque luego fuera en parte derogada por el Tribunal Constitucional en 1983.<\/li>\n<\/ul>\n<figure id=\"attachment_400\" aria-describedby=\"caption-attachment-400\" style=\"width: 300px\" class=\"wp-caption aligncenter\"><img loading=\"lazy\" decoding=\"async\" class=\"size-medium wp-image-400\" src=\"https:\/\/blogs.ua.es\/prensa23f\/files\/2017\/12\/138712-944-661-300x210.jpg\" alt=\"\" width=\"300\" height=\"210\" srcset=\"https:\/\/blogs.ua.es\/prensa23f\/files\/2017\/12\/138712-944-661-300x210.jpg 300w, https:\/\/blogs.ua.es\/prensa23f\/files\/2017\/12\/138712-944-661-768x538.jpg 768w, https:\/\/blogs.ua.es\/prensa23f\/files\/2017\/12\/138712-944-661.jpg 944w\" sizes=\"auto, (max-width: 300px) 100vw, 300px\" \/><figcaption id=\"caption-attachment-400\" class=\"wp-caption-text\">Madrid, 23-2-1981.- S.M. el Rey don Juan Carlos durante la emisi\u00f3n de su mensaje a la naci\u00f3n, en el que ordena el mantenimiento del orden constitucional tras el asalto del teniente coronel Tejero al Congreso de los Diputados durante la sesi\u00f3n de investidura de Leopoldo Calvo Sotelo. EFE (IMAGEN TVE)<\/figcaption><\/figure>\n<p>&nbsp;<\/p>\n<h2 style=\"text-align: center\"><span style=\"color: #000080\"><b><i>Multimedia<\/i><\/b><\/span><\/h2>\n<ul>\n<li><a href=\"https:\/\/www.google.com\/culturalinstitute\/beta\/exhibit\/EQIiL99EpxTNLA\">Reportaje: &#8220;23-F: El intento de Golpe de Estado en Espa\u00f1a&#8221; por la Agencia EFE<\/a><\/li>\n<li><a href=\"https:\/\/www.youtube.com\/watch?v=Pcc0_8i0CYs\" target=\"_blank\" rel=\"noopener\">V\u00eddeo Golpe de Estado<\/a><\/li>\n<\/ul>\n","protected":false},"excerpt":{"rendered":"<p>El acontecimiento El 23 de febrero de 1981 el teniente coronel Antonio Tejero Molina irrumpi\u00f3 en la sesi\u00f3n de investidura de Leopoldo Calvo Sotelo junto a doscientos guardias civiles y secuestr\u00f3 a los diputados. Este atentado contra el sistema democr\u00e1tico se realiz\u00f3 en defensa de una autoridad militar que finalmente no se instaur\u00f3: el resultado [&hellip;]<\/p>\n","protected":false},"author":3614,"featured_media":0,"parent":0,"menu_order":0,"comment_status":"closed","ping_status":"closed","template":"","meta":{"footnotes":""},"class_list":["post-298","page","type-page","status-publish","hentry"],"_links":{"self":[{"href":"https:\/\/blogs.ua.es\/prensa23f\/wp-json\/wp\/v2\/pages\/298","targetHints":{"allow":["GET"]}}],"collection":[{"href":"https:\/\/blogs.ua.es\/prensa23f\/wp-json\/wp\/v2\/pages"}],"about":[{"href":"https:\/\/blogs.ua.es\/prensa23f\/wp-json\/wp\/v2\/types\/page"}],"author":[{"embeddable":true,"href":"https:\/\/blogs.ua.es\/prensa23f\/wp-json\/wp\/v2\/users\/3614"}],"replies":[{"embeddable":true,"href":"https:\/\/blogs.ua.es\/prensa23f\/wp-json\/wp\/v2\/comments?post=298"}],"version-history":[{"count":14,"href":"https:\/\/blogs.ua.es\/prensa23f\/wp-json\/wp\/v2\/pages\/298\/revisions"}],"predecessor-version":[{"id":475,"href":"https:\/\/blogs.ua.es\/prensa23f\/wp-json\/wp\/v2\/pages\/298\/revisions\/475"}],"wp:attachment":[{"href":"https:\/\/blogs.ua.es\/prensa23f\/wp-json\/wp\/v2\/media?parent=298"}],"curies":[{"name":"wp","href":"https:\/\/api.w.org\/{rel}","templated":true}]}}