{"id":360,"date":"2017-12-01T18:02:48","date_gmt":"2017-12-01T18:02:48","guid":{"rendered":"https:\/\/blogs.ua.es\/prensa23f\/?page_id=360"},"modified":"2017-12-03T12:17:35","modified_gmt":"2017-12-03T12:17:35","slug":"imagenes","status":"publish","type":"page","link":"https:\/\/blogs.ua.es\/prensa23f\/6-galeria\/imagenes\/","title":{"rendered":"Im\u00e1genes"},"content":{"rendered":"<figure id=\"attachment_416\" aria-describedby=\"caption-attachment-416\" style=\"width: 554px\" class=\"wp-caption aligncenter\"><img loading=\"lazy\" decoding=\"async\" class=\" wp-image-416\" src=\"https:\/\/blogs.ua.es\/prensa23f\/files\/2017\/12\/imagen-3-300x300.jpg\" alt=\"\" width=\"554\" height=\"554\" srcset=\"https:\/\/blogs.ua.es\/prensa23f\/files\/2017\/12\/imagen-3-300x300.jpg 300w, https:\/\/blogs.ua.es\/prensa23f\/files\/2017\/12\/imagen-3-150x150.jpg 150w, https:\/\/blogs.ua.es\/prensa23f\/files\/2017\/12\/imagen-3-768x768.jpg 768w, https:\/\/blogs.ua.es\/prensa23f\/files\/2017\/12\/imagen-3.jpg 800w\" sizes=\"auto, (max-width: 554px) 100vw, 554px\" \/><figcaption id=\"caption-attachment-416\" class=\"wp-caption-text\">Madrid, 23-2-1981.- Secuencia fotogr\u00e1fica, captada por los fot\u00f3grafos de la Agencia Efe, Manuel P\u00e9rez Barriopedro y Manuel H\u00e9rnandez de Le\u00f3n.<\/figcaption><\/figure>\n<figure id=\"attachment_418\" aria-describedby=\"caption-attachment-418\" style=\"width: 235px\" class=\"wp-caption aligncenter\"><img loading=\"lazy\" decoding=\"async\" class=\"size-medium wp-image-418\" src=\"https:\/\/blogs.ua.es\/prensa23f\/files\/2017\/12\/imagen-1-1-235x300.jpg\" alt=\"\" width=\"235\" height=\"300\" srcset=\"https:\/\/blogs.ua.es\/prensa23f\/files\/2017\/12\/imagen-1-1-235x300.jpg 235w, https:\/\/blogs.ua.es\/prensa23f\/files\/2017\/12\/imagen-1-1.jpg 700w\" sizes=\"auto, (max-width: 235px) 100vw, 235px\" \/><figcaption id=\"caption-attachment-418\" class=\"wp-caption-text\">Madrid, 23\/02\/1981.- Agentes de la Guardia Civil abren una de las puertas del hemiciclo del Congreso de los Diputados durante la segunda votaci\u00f3n de investidura de Leopoldo Calvo Sotelo como Presidente del Gobierno. EFE\/Manuel P. Barriopedro<\/figcaption><\/figure>\n<figure id=\"attachment_417\" aria-describedby=\"caption-attachment-417\" style=\"width: 300px\" class=\"wp-caption aligncenter\"><img loading=\"lazy\" decoding=\"async\" class=\"size-medium wp-image-417\" src=\"https:\/\/blogs.ua.es\/prensa23f\/files\/2017\/12\/imagen-2-300x197.jpg\" alt=\"\" width=\"300\" height=\"197\" srcset=\"https:\/\/blogs.ua.es\/prensa23f\/files\/2017\/12\/imagen-2-300x197.jpg 300w, https:\/\/blogs.ua.es\/prensa23f\/files\/2017\/12\/imagen-2-768x504.jpg 768w, https:\/\/blogs.ua.es\/prensa23f\/files\/2017\/12\/imagen-2.jpg 800w\" sizes=\"auto, (max-width: 300px) 100vw, 300px\" \/><figcaption id=\"caption-attachment-417\" class=\"wp-caption-text\">Madrid, 23\/02\/1981.- Los diputados se levantan de sus esca\u00f1os y miran hacia la puerta por la que el teniente coronel de la Guardia Civil Antonio Tejero, pistola en mano, acaba de irrumpir en el Hemiciclo durante la segunda votaci\u00f3n de investidura de Leopoldo Calvo Sotelo como presidente del Gobierno. EFE\/Manuel Hern\u00e1ndez de Le\u00f3n<\/figcaption><\/figure>\n<figure id=\"attachment_415\" aria-describedby=\"caption-attachment-415\" style=\"width: 300px\" class=\"wp-caption aligncenter\"><img loading=\"lazy\" decoding=\"async\" class=\"size-medium wp-image-415\" src=\"https:\/\/blogs.ua.es\/prensa23f\/files\/2017\/12\/imagen-4-300x200.jpg\" alt=\"\" width=\"300\" height=\"200\" srcset=\"https:\/\/blogs.ua.es\/prensa23f\/files\/2017\/12\/imagen-4-300x200.jpg 300w, https:\/\/blogs.ua.es\/prensa23f\/files\/2017\/12\/imagen-4-768x513.jpg 768w, https:\/\/blogs.ua.es\/prensa23f\/files\/2017\/12\/imagen-4.jpg 800w\" sizes=\"auto, (max-width: 300px) 100vw, 300px\" \/><figcaption id=\"caption-attachment-415\" class=\"wp-caption-text\">Madrid, 23\/02\/1981. Gobierno en funciones constituido por secretarios y subsecretarios de Estado durante el tiempo que dur\u00f3 el asalto al Congreso de los Diputados por parte de militares golpistas. Entre los presentes, Carlos Robles Piquer (a la izquierda, de frente). EFE\/jt<\/figcaption><\/figure>\n<figure id=\"attachment_423\" aria-describedby=\"caption-attachment-423\" style=\"width: 192px\" class=\"wp-caption aligncenter\"><img loading=\"lazy\" decoding=\"async\" class=\"size-medium wp-image-423\" src=\"https:\/\/blogs.ua.es\/prensa23f\/files\/2017\/12\/1456218124_298955_1456218337_album_normal-192x300.jpg\" alt=\"\" width=\"192\" height=\"300\" srcset=\"https:\/\/blogs.ua.es\/prensa23f\/files\/2017\/12\/1456218124_298955_1456218337_album_normal-192x300.jpg 192w, https:\/\/blogs.ua.es\/prensa23f\/files\/2017\/12\/1456218124_298955_1456218337_album_normal-657x1024.jpg 657w, https:\/\/blogs.ua.es\/prensa23f\/files\/2017\/12\/1456218124_298955_1456218337_album_normal.jpg 666w\" sizes=\"auto, (max-width: 192px) 100vw, 192px\" \/><figcaption id=\"caption-attachment-423\" class=\"wp-caption-text\">Madrid, 23\/02\/1981.- Columna de veh\u00edculos de la Polic\u00eda Militar, con el comandante Pardo Zancada al mando, a su llegada al Congreso de los Diputados. Relato colectivo de una noche hist\u00f3rica- El Pa\u00eds<\/figcaption><\/figure>\n<p>&nbsp;<\/p>\n","protected":false},"excerpt":{"rendered":"<p>&nbsp;<\/p>\n","protected":false},"author":3614,"featured_media":0,"parent":354,"menu_order":3,"comment_status":"closed","ping_status":"closed","template":"","meta":{"footnotes":""},"class_list":["post-360","page","type-page","status-publish","hentry"],"_links":{"self":[{"href":"https:\/\/blogs.ua.es\/prensa23f\/wp-json\/wp\/v2\/pages\/360","targetHints":{"allow":["GET"]}}],"collection":[{"href":"https:\/\/blogs.ua.es\/prensa23f\/wp-json\/wp\/v2\/pages"}],"about":[{"href":"https:\/\/blogs.ua.es\/prensa23f\/wp-json\/wp\/v2\/types\/page"}],"author":[{"embeddable":true,"href":"https:\/\/blogs.ua.es\/prensa23f\/wp-json\/wp\/v2\/users\/3614"}],"replies":[{"embeddable":true,"href":"https:\/\/blogs.ua.es\/prensa23f\/wp-json\/wp\/v2\/comments?post=360"}],"version-history":[{"count":5,"href":"https:\/\/blogs.ua.es\/prensa23f\/wp-json\/wp\/v2\/pages\/360\/revisions"}],"predecessor-version":[{"id":425,"href":"https:\/\/blogs.ua.es\/prensa23f\/wp-json\/wp\/v2\/pages\/360\/revisions\/425"}],"up":[{"embeddable":true,"href":"https:\/\/blogs.ua.es\/prensa23f\/wp-json\/wp\/v2\/pages\/354"}],"wp:attachment":[{"href":"https:\/\/blogs.ua.es\/prensa23f\/wp-json\/wp\/v2\/media?parent=360"}],"curies":[{"name":"wp","href":"https:\/\/api.w.org\/{rel}","templated":true}]}}