{"id":15,"date":"2015-11-28T17:54:29","date_gmt":"2015-11-28T17:54:29","guid":{"rendered":"https:\/\/blogs.ua.es\/prensahistorica23f\/?page_id=15"},"modified":"2015-12-03T16:43:01","modified_gmt":"2015-12-03T16:43:01","slug":"conclusiones","status":"publish","type":"page","link":"https:\/\/blogs.ua.es\/prensahistorica23f\/conclusiones\/","title":{"rendered":"5. Conclusiones"},"content":{"rendered":"<p>En el caso de las conclusiones podemos se\u00f1alar, lo siguiente. Ante todo, debemos comentar que solamente dos de los peri\u00f3dicos han seguido una cierta cronolog\u00eda debido a la ausencia de portadas en el resto de los casos y a la dificultad encontrada para acceder a ciertas portadas como son los peri\u00f3dicos de El Alc\u00e1zar y Diario 16. Por tanto, los peri\u00f3dicos que hemos seleccionado y que poseen cierta cronolog\u00eda son ABC y El Pa\u00eds, debido a que ambos poseen una hemeroteca donde es sencillo encontrar todas las portadas, mientras que en el caso del peri\u00f3dico Deia, se ha escogido un solo n\u00famero para no extender y complicar en demas\u00eda el tema que hemos escogido.<\/p>\n<p>Por otro lado, podemos se\u00f1alar que salvo el peri\u00f3dico El Pa\u00eds, donde en la portada de 1981 cambia su formato que manten\u00eda entonces de disposici\u00f3n de titulares en columnas con apenas presencia de ilustraciones, el resto mantiene su formato aunque, nos puede llamar la atenci\u00f3n sobretodo del peri\u00f3dico ABC por la presencia mayoritaria de im\u00e1genes en su portada.<\/p>\n<p>Por \u00faltimo, en el caso del tema que hemos analizado con m\u00e1s profundidad y que se refiere a las portadas de los peri\u00f3dicos del Golpe de Estado del 23 de febrero de 1981, que finalmente fracas\u00f3 por la intervenci\u00f3n del rey en su discurso televisivo donde conden\u00f3 el golpe, podemos se\u00f1alar un hecho que se refiere a las portadas realizadas por los peri\u00f3dicos Diario 16 y El Pa\u00eds. Ambos compitieron por ver qui\u00e9n de los dos publicaba la noticia con m\u00e1s antelaci\u00f3n y por ello el Diario 16 elabor\u00f3 5 portadas para ese suceso, mientras que el peri\u00f3dico El Pa\u00eds elabor\u00f3 7 portadas, incluyendo una especial. Por otro lado, se ten\u00eda temor al peri\u00f3dico El Alc\u00e1zar debido a que, en a\u00f1os anteriores hab\u00eda publicado en la colecci\u00f3n Almendros y por tanto era un peri\u00f3dico que se opon\u00eda a los aires de libertad debido a su pasado vinculado al r\u00e9gimen franquista, con noticias relacionadas con la tensi\u00f3n de ese momento y la necesidad de un golpe militar, por lo que se tem\u00eda que fuese su espacio de redacci\u00f3n una v\u00eda que pudiese favorecer el golpe de estado mediante la publicaci\u00f3n de manifiestos de Antonio Tejero o Garc\u00eda Carres, por lo que se bloque\u00f3 la emisi\u00f3n de portadas de este peri\u00f3dico. Por otra parte, en la mayor\u00eda de peri\u00f3dicos apenas encontramos publicidad debido a que la Ley de Prensa espa\u00f1ola de 1977 todav\u00eda estaba en proceso de adaptaci\u00f3n aunque, con la definitiva elaboraci\u00f3n fue uno de las causas de desaparici\u00f3n del peri\u00f3dico El Alc\u00e1zar.<\/p>\n","protected":false},"excerpt":{"rendered":"<p>En el caso de las conclusiones podemos se\u00f1alar, lo siguiente. Ante todo, debemos comentar que solamente dos de los peri\u00f3dicos han seguido una cierta cronolog\u00eda debido a la ausencia de portadas en el resto de los casos y a la dificultad encontrada para acceder a ciertas portadas como son los peri\u00f3dicos de El Alc\u00e1zar y [&hellip;]<\/p>\n","protected":false},"author":2838,"featured_media":0,"parent":0,"menu_order":5,"comment_status":"closed","ping_status":"closed","template":"","meta":{"footnotes":""},"class_list":["post-15","page","type-page","status-publish","hentry"],"_links":{"self":[{"href":"https:\/\/blogs.ua.es\/prensahistorica23f\/wp-json\/wp\/v2\/pages\/15","targetHints":{"allow":["GET"]}}],"collection":[{"href":"https:\/\/blogs.ua.es\/prensahistorica23f\/wp-json\/wp\/v2\/pages"}],"about":[{"href":"https:\/\/blogs.ua.es\/prensahistorica23f\/wp-json\/wp\/v2\/types\/page"}],"author":[{"embeddable":true,"href":"https:\/\/blogs.ua.es\/prensahistorica23f\/wp-json\/wp\/v2\/users\/2838"}],"replies":[{"embeddable":true,"href":"https:\/\/blogs.ua.es\/prensahistorica23f\/wp-json\/wp\/v2\/comments?post=15"}],"version-history":[{"count":4,"href":"https:\/\/blogs.ua.es\/prensahistorica23f\/wp-json\/wp\/v2\/pages\/15\/revisions"}],"predecessor-version":[{"id":284,"href":"https:\/\/blogs.ua.es\/prensahistorica23f\/wp-json\/wp\/v2\/pages\/15\/revisions\/284"}],"wp:attachment":[{"href":"https:\/\/blogs.ua.es\/prensahistorica23f\/wp-json\/wp\/v2\/media?parent=15"}],"curies":[{"name":"wp","href":"https:\/\/api.w.org\/{rel}","templated":true}]}}