{"id":17,"date":"2015-11-28T17:54:40","date_gmt":"2015-11-28T17:54:40","guid":{"rendered":"https:\/\/blogs.ua.es\/prensahistorica23f\/?page_id=17"},"modified":"2015-12-03T07:45:21","modified_gmt":"2015-12-03T07:45:21","slug":"bilbiografia","status":"publish","type":"page","link":"https:\/\/blogs.ua.es\/prensahistorica23f\/bilbiografia\/","title":{"rendered":"6. Bilbiograf\u00eda"},"content":{"rendered":"<p>&nbsp;<\/p>\n<ul>\n<li>KAYSER, Jacques. El Peri\u00f3dico: Estudios de morfolog\u00eda, de metodolog\u00eda y de prensa comparada. Quito (Ecuador): Ciespal, 1961.<\/li>\n<li>Lahemerotecadelbuitre. Lahemerotecadelbuitre.com. [Fecha de consulta: 26\/11\/2015]. Disponible en: http:\/\/lahemerotecadelbuitre.com\/piezas\/la-prensa-el-23-f-polemica-entre-el-pais-de-juan-luis-cebrian-y-diario16-de-pedro-j-ramirez\/<\/li>\n<li>\u00c1ngel Nieto-Aliseda Causo, Rafael. El peri\u00f3dico El Alc\u00e1zar: del autoritarismo a la democracia.\u00a0 Universidad de San Pablo CEU de Madrid. Madrid: 2014. 544 p. Tesis dirigida por Juan Carlos Jim\u00e9nez Redondo. Pertenece al departamento de Humanidades de la Facultad de Humanidades y Ciencias de la Comunicaci\u00f3n. Disponible en: http:\/\/hdl.handle.net\/10637\/7632.<\/li>\n<\/ul>\n","protected":false},"excerpt":{"rendered":"<p>&nbsp; KAYSER, Jacques. El Peri\u00f3dico: Estudios de morfolog\u00eda, de metodolog\u00eda y de prensa comparada. Quito (Ecuador): Ciespal, 1961. Lahemerotecadelbuitre. Lahemerotecadelbuitre.com. [Fecha de consulta: 26\/11\/2015]. Disponible en: http:\/\/lahemerotecadelbuitre.com\/piezas\/la-prensa-el-23-f-polemica-entre-el-pais-de-juan-luis-cebrian-y-diario16-de-pedro-j-ramirez\/ \u00c1ngel Nieto-Aliseda Causo, Rafael. El peri\u00f3dico El Alc\u00e1zar: del autoritarismo a la democracia.\u00a0 Universidad de San Pablo CEU de Madrid. Madrid: 2014. 544 p. Tesis dirigida por Juan [&hellip;]<\/p>\n","protected":false},"author":2838,"featured_media":0,"parent":0,"menu_order":6,"comment_status":"closed","ping_status":"closed","template":"","meta":{"footnotes":""},"class_list":["post-17","page","type-page","status-publish","hentry"],"_links":{"self":[{"href":"https:\/\/blogs.ua.es\/prensahistorica23f\/wp-json\/wp\/v2\/pages\/17","targetHints":{"allow":["GET"]}}],"collection":[{"href":"https:\/\/blogs.ua.es\/prensahistorica23f\/wp-json\/wp\/v2\/pages"}],"about":[{"href":"https:\/\/blogs.ua.es\/prensahistorica23f\/wp-json\/wp\/v2\/types\/page"}],"author":[{"embeddable":true,"href":"https:\/\/blogs.ua.es\/prensahistorica23f\/wp-json\/wp\/v2\/users\/2838"}],"replies":[{"embeddable":true,"href":"https:\/\/blogs.ua.es\/prensahistorica23f\/wp-json\/wp\/v2\/comments?post=17"}],"version-history":[{"count":4,"href":"https:\/\/blogs.ua.es\/prensahistorica23f\/wp-json\/wp\/v2\/pages\/17\/revisions"}],"predecessor-version":[{"id":212,"href":"https:\/\/blogs.ua.es\/prensahistorica23f\/wp-json\/wp\/v2\/pages\/17\/revisions\/212"}],"wp:attachment":[{"href":"https:\/\/blogs.ua.es\/prensahistorica23f\/wp-json\/wp\/v2\/media?parent=17"}],"curies":[{"name":"wp","href":"https:\/\/api.w.org\/{rel}","templated":true}]}}