{"id":28,"date":"2015-12-01T15:57:27","date_gmt":"2015-12-01T15:57:27","guid":{"rendered":"https:\/\/blogs.ua.es\/prensahistorica23f\/?page_id=28"},"modified":"2015-12-03T10:16:45","modified_gmt":"2015-12-03T10:16:45","slug":"conceptos","status":"publish","type":"page","link":"https:\/\/blogs.ua.es\/prensahistorica23f\/metodologia-y-conceptos\/conceptos\/","title":{"rendered":"2.1. Conceptos Generales"},"content":{"rendered":"<h2><span style=\"text-decoration: underline\"><strong>Conceptos y terminolog\u00eda para el estudio de los peri\u00f3dicos<\/strong><\/span><\/h2>\n<p>En este subapartado, dentro del apartado general de metodolog\u00eda y conceptos, se explican los conceptos y terminolog\u00eda empleada para el estudio de los peri\u00f3dicos, a partir de las explicaciones y aclaraciones proporcionadas en la obra de <em>Kayser denominada El Peri\u00f3dico: estudios de morfolog\u00eda, de metodolog\u00eda y de prensa comparada<\/em>.<\/p>\n<p>En primer lugar, debemos se\u00f1alar la personalidad del peri\u00f3dico, empleada para el an\u00e1lisis de los peri\u00f3dicos. En este aspecto, seg\u00fan la UNESCO, en la Conferencia General celebrada en Par\u00eds en 1964, para que un peri\u00f3dico pueda ser considerado como tal debe poseer una serie de caracter\u00edsticas impl\u00edcitas y que citaremos a continuaci\u00f3n. Estas deben ser: una publicaci\u00f3n impresa; la publicaci\u00f3n debe ser ofrecida al p\u00fablico mediante una suscripci\u00f3n o en quiosco; la publicaci\u00f3n debe presentarse en serie continua, es decir, peri\u00f3dicamente y bajo un mismo t\u00edtulo; el ritmo de publicaci\u00f3n de la publicaci\u00f3n debe estar realizada a intervalos regulares o irregulares aunque siempre debe ser superior a una vez por a\u00f1o; y, por \u00faltimo, cada ejemplar debe encontrarse fechado y numerado.<\/p>\n<p>Por otro lado, seg\u00fan la obra de Kayser, en la elaboraci\u00f3n de la personalidad del peri\u00f3dico empleada para la elaboraci\u00f3n de an\u00e1lisis de peri\u00f3dicos, debemos fijar como primera tarea\u00a0la identidad de un peri\u00f3dico, tanto si se va a estudiar en su conjunto como para examinar uno o varios n\u00fameros o para estudiar fragmentos del mismo, destacando sus caracter\u00edsticas, es decir, se trata del <strong><em>Registro de identificaci\u00f3n<\/em><\/strong> del peri\u00f3dico, que es se\u00f1alado por Kayser en su obra y que divide en quince puntos. \u00a0En primer lugar, establece el nombre del peri\u00f3dico; despu\u00e9s, el lugar de residencia de la administraci\u00f3n y la redacci\u00f3n; posteriormente, las indicaciones que puedan acompa\u00f1ar al nombre. Seguidamente se debe continuar con una serie de puntos que contienen la periodicidad; el momento de la aparici\u00f3n, es decir, si se ha publicado por la ma\u00f1ana o la tarde; la zona principal de difusi\u00f3n; el tiraje; la fecha del primer n\u00famero y, si se trata de un peri\u00f3dico desaparecido, la fecha del \u00faltimo n\u00famero; el precio; las caracter\u00edsticas excepcionales de la vida del peri\u00f3dico; el formato; el n\u00famero de p\u00e1ginas y n\u00famero de columnas por p\u00e1gina; nombre de la direcci\u00f3n del impresor; el n\u00famero de ediciones y la zona cubierta por cada edici\u00f3n; y, por \u00faltimo, el lugar o lugares de conservaci\u00f3n de las colecciones.<\/p>\n<p>A este registro, Kayser a\u00f1adir\u00eda la informaci\u00f3n sobre el <strong><em>Expediente de identificaci\u00f3n<\/em><\/strong> del peri\u00f3dico, esto es: la estructura jur\u00eddica y financiera del mismo, sus condiciones de impresi\u00f3n y de distribuci\u00f3n, la organizaci\u00f3n de su redacci\u00f3n (director), su \u201cl\u00ednea\u201d y su acci\u00f3n pol\u00edtica (registro mercantil, libros de registro de peri\u00f3dicos a partir del expediente), esto \u00faltimo sobre todo tras 1976-1977 con la Ley espa\u00f1ola de Prensa. En primer lugar, la <strong>estructura jur\u00eddica y financiera<\/strong> trata de responder estos cuestiones como:\u00a0\u00bfCu\u00e1l es la naturaleza jur\u00eddica de la empresa? \u00bfSe trata principalmente de una propiedad individual o de una sociedad, y en este \u00faltimo caso, de qu\u00e9 tipo de sociedad se trata? \u00bfC\u00f3mo est\u00e1 repartido el capital? \u00bfCu\u00e1les son los propietarios del peri\u00f3dico, los participantes financieros de la sociedad y, lo que es tan importante como su identidad, cu\u00e1l es su calidad?. Por otro lado, la mayor\u00eda de las ocasiones, <strong>las condiciones de impresi\u00f3n<\/strong>\u00a0est\u00e1n establecidas por la imprenta, por lo que hemos de saber a que imprenta se refiere, cuantos obreros tiene o si trabaja para otros peri\u00f3dicos y, adem\u00e1s conocer qu\u00e9 tipo de papel usan. Por otra parte, en las <strong>condiciones de distribuci\u00f3n<\/strong>\u00a0es importante estudiar c\u00f3mo llega el peri\u00f3dico al lector, es decir, si es por medio de la venta o suscripci\u00f3n, as\u00ed como las zonas de difusi\u00f3n, sectores de venta, porcentaje de lectores respecto al n\u00famero de habitantes, lugares donde la venta es m\u00e1s numerosa y a qu\u00e9 medios se dirige el peri\u00f3dico. La <strong>organizaci\u00f3n de la redacci\u00f3n<\/strong> responde b\u00e1sicamente el n\u00famero de trabajadores en una redacci\u00f3n, como fueron contratados y si existe alguno trabajando fuera del lugar de impresi\u00f3n del peri\u00f3dico. Por \u00faltimo, en el apartado de <strong>l\u00ednea y acci\u00f3n pol\u00edtica<\/strong> es\u00a0interesante saber si el peri\u00f3dico tiene una funci\u00f3n pol\u00edtica o si pertenece a alg\u00fan partido pol\u00edtico, movimiento o asociaci\u00f3n, as\u00ed como conocer si el peri\u00f3dico ha estado en demandas judiciales, o ha sido objeto de medios administrativos.<\/p>\n<p>El estudio del peri\u00f3dico ha de seguir por el an\u00e1lisis de su\u00a0<strong>morfolog\u00eda<\/strong>, o sea, su forma exterior y la de los diferentes elementos que lo constituyen, realizando su medici\u00f3n correspondiente. En cuanto a los elementos de estructura que constituyen un peri\u00f3dico, podemos diferenciar entre la p\u00e1gina, que es materialmente el componente clave del peri\u00f3dico, sobre todo la portada, as\u00ed como las p\u00e1ginas especializadas, concebidas y presentadas como unidades separadas del resto del peri\u00f3dico.<\/p>\n<p>La primera distinci\u00f3n que debe establecerse en un peri\u00f3dico es la que existe entre la <strong>publicidad<\/strong> y el espacio no publicitario, que es el destinado a la redacci\u00f3n. En el espacio de redacci\u00f3n, hay que diferenciar el <strong>titulado<\/strong>, las <strong>ilustraciones<\/strong> y los<strong> textos<\/strong>. Para evaluar el espacio total que \u00e9stos ocupan, el procedimiento m\u00e1s pr\u00e1ctico es sumar los espacios dedicados a la publicidad, los t\u00edtulos y las ilustraciones, y restar el espacio total as\u00ed obtenido del espacio impreso total del peri\u00f3dico. As\u00ed, los elementos de la estructura son cuatro: la publicidad, el titulado, las ilustraciones y el texto, que se refiere al espacio de peri\u00f3dico. Por otra parte, hemos de diferenciar entre texto e imagen, es decir, se da una importancia del titulaje e informaci\u00f3n.<\/p>\n","protected":false},"excerpt":{"rendered":"<p>Conceptos y terminolog\u00eda para el estudio de los peri\u00f3dicos En este subapartado, dentro del apartado general de metodolog\u00eda y conceptos, se explican los conceptos y terminolog\u00eda empleada para el estudio de los peri\u00f3dicos, a partir de las explicaciones y aclaraciones proporcionadas en la obra de Kayser denominada El Peri\u00f3dico: estudios de morfolog\u00eda, de metodolog\u00eda y [&hellip;]<\/p>\n","protected":false},"author":2838,"featured_media":0,"parent":9,"menu_order":0,"comment_status":"closed","ping_status":"closed","template":"","meta":{"footnotes":""},"class_list":["post-28","page","type-page","status-publish","hentry"],"_links":{"self":[{"href":"https:\/\/blogs.ua.es\/prensahistorica23f\/wp-json\/wp\/v2\/pages\/28","targetHints":{"allow":["GET"]}}],"collection":[{"href":"https:\/\/blogs.ua.es\/prensahistorica23f\/wp-json\/wp\/v2\/pages"}],"about":[{"href":"https:\/\/blogs.ua.es\/prensahistorica23f\/wp-json\/wp\/v2\/types\/page"}],"author":[{"embeddable":true,"href":"https:\/\/blogs.ua.es\/prensahistorica23f\/wp-json\/wp\/v2\/users\/2838"}],"replies":[{"embeddable":true,"href":"https:\/\/blogs.ua.es\/prensahistorica23f\/wp-json\/wp\/v2\/comments?post=28"}],"version-history":[{"count":5,"href":"https:\/\/blogs.ua.es\/prensahistorica23f\/wp-json\/wp\/v2\/pages\/28\/revisions"}],"predecessor-version":[{"id":248,"href":"https:\/\/blogs.ua.es\/prensahistorica23f\/wp-json\/wp\/v2\/pages\/28\/revisions\/248"}],"up":[{"embeddable":true,"href":"https:\/\/blogs.ua.es\/prensahistorica23f\/wp-json\/wp\/v2\/pages\/9"}],"wp:attachment":[{"href":"https:\/\/blogs.ua.es\/prensahistorica23f\/wp-json\/wp\/v2\/media?parent=28"}],"curies":[{"name":"wp","href":"https:\/\/api.w.org\/{rel}","templated":true}]}}