{"id":35,"date":"2015-12-01T16:39:53","date_gmt":"2015-12-01T16:39:53","guid":{"rendered":"https:\/\/blogs.ua.es\/prensahistorica23f\/?page_id=35"},"modified":"2015-12-02T11:31:07","modified_gmt":"2015-12-02T11:31:07","slug":"4-1-portada-1978","status":"publish","type":"page","link":"https:\/\/blogs.ua.es\/prensahistorica23f\/fichas-tecnicas\/4-1-portada-1978\/","title":{"rendered":"4.1. Diario ABC (Ficha t\u00e9cnica)"},"content":{"rendered":"<figure id=\"attachment_109\" aria-describedby=\"caption-attachment-109\" style=\"width: 214px\" class=\"wp-caption aligncenter\"><a href=\"https:\/\/blogs.ua.es\/prensahistorica23f\/files\/2015\/12\/0001.jpg\"><img loading=\"lazy\" decoding=\"async\" class=\"size-medium wp-image-109\" src=\"https:\/\/blogs.ua.es\/prensahistorica23f\/files\/2015\/12\/0001-214x300.jpg\" alt=\"Portada del peri\u00f3dico ABC: 5 de febrero de 1982\" width=\"214\" height=\"300\" srcset=\"https:\/\/blogs.ua.es\/prensahistorica23f\/files\/2015\/12\/0001-214x300.jpg 214w, https:\/\/blogs.ua.es\/prensahistorica23f\/files\/2015\/12\/0001-732x1024.jpg 732w\" sizes=\"auto, (max-width: 214px) 100vw, 214px\" \/><\/a><figcaption id=\"caption-attachment-109\" class=\"wp-caption-text\">Portada del peri\u00f3dico ABC: 5 de febrero de 1982<\/figcaption><\/figure>\n<p>El peri\u00f3dico que analizaremos a continuaci\u00f3n es el diario\u00a0<strong>ABC<\/strong> con sede de la administraci\u00f3n en Madrid. El car\u00e1cter del peri\u00f3dico es diario y apareci\u00f3 por primera vez el 1 de enero de 1903, manteniendo su edici\u00f3n continua hasta la actualidad.<\/p>\n<p>Su principal zona de difusi\u00f3n es Espa\u00f1a, con un tiraje de 314.271. En al actualidad cuesta 1,5 euros de lunes a viernes, 2,00 euros\u00a0el s\u00e1bado y 2,80 euros el\u00a0domingo, y consta de formato tipo folio arrevistado. Cada publicaci\u00f3n tiene entorno a unas 80 paginas, mientras que el nombre del impresor es \u201cDiario ABC S. L.\u201d.<\/p>\n<p>El n\u00famero de ediciones y las zonas que cubren son las siguientes: Madrid, Arag\u00f3n, Castilla la Mancha, Catalu\u00f1a, Pa\u00eds Vasco, Galicia, Sevilla, Canarias, Castilla y Le\u00f3n, Comunidad Valenciana, Navarra y Toledo. Por otro lado, el lugar de conservaci\u00f3n de las colecciones lo podremos conservar en la hemeroteca de este peri\u00f3dico, tanto de sus ediciones de Madrid como de Sevilla.<\/p>\n<p>El director es Bieito Rubido Ramonde y pertenece a Vocento, mientra que la linea de acci\u00f3n pol\u00edtica podriamos adscribirla al monarquismo, conservadurismo y catolicismo.<\/p>\n","protected":false},"excerpt":{"rendered":"<p>El peri\u00f3dico que analizaremos a continuaci\u00f3n es el diario\u00a0ABC con sede de la administraci\u00f3n en Madrid. El car\u00e1cter del peri\u00f3dico es diario y apareci\u00f3 por primera vez el 1 de enero de 1903, manteniendo su edici\u00f3n continua hasta la actualidad. Su principal zona de difusi\u00f3n es Espa\u00f1a, con un tiraje de 314.271. En al actualidad [&hellip;]<\/p>\n","protected":false},"author":2838,"featured_media":0,"parent":13,"menu_order":0,"comment_status":"closed","ping_status":"closed","template":"","meta":{"footnotes":""},"class_list":["post-35","page","type-page","status-publish","hentry"],"_links":{"self":[{"href":"https:\/\/blogs.ua.es\/prensahistorica23f\/wp-json\/wp\/v2\/pages\/35","targetHints":{"allow":["GET"]}}],"collection":[{"href":"https:\/\/blogs.ua.es\/prensahistorica23f\/wp-json\/wp\/v2\/pages"}],"about":[{"href":"https:\/\/blogs.ua.es\/prensahistorica23f\/wp-json\/wp\/v2\/types\/page"}],"author":[{"embeddable":true,"href":"https:\/\/blogs.ua.es\/prensahistorica23f\/wp-json\/wp\/v2\/users\/2838"}],"replies":[{"embeddable":true,"href":"https:\/\/blogs.ua.es\/prensahistorica23f\/wp-json\/wp\/v2\/comments?post=35"}],"version-history":[{"count":5,"href":"https:\/\/blogs.ua.es\/prensahistorica23f\/wp-json\/wp\/v2\/pages\/35\/revisions"}],"predecessor-version":[{"id":111,"href":"https:\/\/blogs.ua.es\/prensahistorica23f\/wp-json\/wp\/v2\/pages\/35\/revisions\/111"}],"up":[{"embeddable":true,"href":"https:\/\/blogs.ua.es\/prensahistorica23f\/wp-json\/wp\/v2\/pages\/13"}],"wp:attachment":[{"href":"https:\/\/blogs.ua.es\/prensahistorica23f\/wp-json\/wp\/v2\/media?parent=35"}],"curies":[{"name":"wp","href":"https:\/\/api.w.org\/{rel}","templated":true}]}}