{"id":37,"date":"2015-12-01T16:40:16","date_gmt":"2015-12-01T16:40:16","guid":{"rendered":"https:\/\/blogs.ua.es\/prensahistorica23f\/?page_id=37"},"modified":"2015-12-02T22:04:36","modified_gmt":"2015-12-02T22:04:36","slug":"4-2-portadas-1980","status":"publish","type":"page","link":"https:\/\/blogs.ua.es\/prensahistorica23f\/fichas-tecnicas\/4-2-portadas-1980\/","title":{"rendered":"4.2. Diario Deia (Ficha t\u00e9cnica)"},"content":{"rendered":"<figure id=\"attachment_122\" aria-describedby=\"caption-attachment-122\" style=\"width: 212px\" class=\"wp-caption aligncenter\"><a href=\"https:\/\/blogs.ua.es\/prensahistorica23f\/files\/2015\/12\/Deia-1978.jpg\"><img loading=\"lazy\" decoding=\"async\" class=\"wp-image-122 size-medium\" src=\"https:\/\/blogs.ua.es\/prensahistorica23f\/files\/2015\/12\/Deia-1978-212x300.jpg\" alt=\"\" width=\"212\" height=\"300\" srcset=\"https:\/\/blogs.ua.es\/prensahistorica23f\/files\/2015\/12\/Deia-1978-212x300.jpg 212w, https:\/\/blogs.ua.es\/prensahistorica23f\/files\/2015\/12\/Deia-1978-724x1024.jpg 724w, https:\/\/blogs.ua.es\/prensahistorica23f\/files\/2015\/12\/Deia-1978.jpg 1131w\" sizes=\"auto, (max-width: 212px) 100vw, 212px\" \/><\/a><figcaption id=\"caption-attachment-122\" class=\"wp-caption-text\">Portada peri\u00f3dico Deia: 19 de noviembre de 1978<\/figcaption><\/figure>\n<p>El nombre del peri\u00f3dico que analizaremos a continuaci\u00f3n es <strong>Deia.<\/strong>\u00a0El lugar de residencia de la administraci\u00f3n es Bilbao (Espa\u00f1a).<\/p>\n<p>Respecto a la periodicidad podemos observar que se emite de manera diaria. Respecto a su historia, el peri\u00f3dico <em>Deia<\/em> apareci\u00f3 por primera vez el 8 de junio de 1977 y continuando con la emisi\u00f3n de ejemplares en la actualidad. Su principal zona de difusi\u00f3n es Vizcaya y el tiraje del peri\u00f3dico es de 24.763 ejemplares. Respecto al precio, el peri\u00f3dico <em>Deia<\/em>\u00a0tiene un coste de 1,30 euros.<\/p>\n<p>Por otro lado,\u00a0est\u00e1\u00a0hecho en formato \u201cberlines\u201d, constando de 80 paginas por publicaci\u00f3n aproximadamente, mientras que el impresor del peri\u00f3dico es \u201cEditorial Iparraguirre S.A.\u201d. Por otra parte, este peri\u00f3dico cubre el entorno de\u00a0la zona del Pa\u00eds Vasco y Navarra. Podemos encontrar ejemplares conservados de este peri\u00f3dico en el Archivo Municipal de Vizcaya,\u00a0en la hemeroteca de su p\u00e1gina web y en el cat\u00e1logo de la Universidad Aut\u00f3noma de Barcelona (UAB).<\/p>\n<p>Por \u00faltimo, este peri\u00f3dico pertenece a la Editorial Iparraguirre S.A como hemos mencionado tambi\u00e9n en la denominaci\u00f3n del impresos del peri\u00f3dico, tiene como director a Enrique Santar\u00e9n y en cuanto su linea ideol\u00f3gica pol\u00edtica es de car\u00e1cter nacionalista vasca y centrista.<\/p>\n","protected":false},"excerpt":{"rendered":"<p>El nombre del peri\u00f3dico que analizaremos a continuaci\u00f3n es Deia.\u00a0El lugar de residencia de la administraci\u00f3n es Bilbao (Espa\u00f1a). Respecto a la periodicidad podemos observar que se emite de manera diaria. Respecto a su historia, el peri\u00f3dico Deia apareci\u00f3 por primera vez el 8 de junio de 1977 y continuando con la emisi\u00f3n de ejemplares [&hellip;]<\/p>\n","protected":false},"author":2838,"featured_media":0,"parent":13,"menu_order":0,"comment_status":"closed","ping_status":"closed","template":"","meta":{"footnotes":""},"class_list":["post-37","page","type-page","status-publish","hentry"],"_links":{"self":[{"href":"https:\/\/blogs.ua.es\/prensahistorica23f\/wp-json\/wp\/v2\/pages\/37","targetHints":{"allow":["GET"]}}],"collection":[{"href":"https:\/\/blogs.ua.es\/prensahistorica23f\/wp-json\/wp\/v2\/pages"}],"about":[{"href":"https:\/\/blogs.ua.es\/prensahistorica23f\/wp-json\/wp\/v2\/types\/page"}],"author":[{"embeddable":true,"href":"https:\/\/blogs.ua.es\/prensahistorica23f\/wp-json\/wp\/v2\/users\/2838"}],"replies":[{"embeddable":true,"href":"https:\/\/blogs.ua.es\/prensahistorica23f\/wp-json\/wp\/v2\/comments?post=37"}],"version-history":[{"count":6,"href":"https:\/\/blogs.ua.es\/prensahistorica23f\/wp-json\/wp\/v2\/pages\/37\/revisions"}],"predecessor-version":[{"id":180,"href":"https:\/\/blogs.ua.es\/prensahistorica23f\/wp-json\/wp\/v2\/pages\/37\/revisions\/180"}],"up":[{"embeddable":true,"href":"https:\/\/blogs.ua.es\/prensahistorica23f\/wp-json\/wp\/v2\/pages\/13"}],"wp:attachment":[{"href":"https:\/\/blogs.ua.es\/prensahistorica23f\/wp-json\/wp\/v2\/media?parent=37"}],"curies":[{"name":"wp","href":"https:\/\/api.w.org\/{rel}","templated":true}]}}