{"id":39,"date":"2015-12-01T16:40:49","date_gmt":"2015-12-01T16:40:49","guid":{"rendered":"https:\/\/blogs.ua.es\/prensahistorica23f\/?page_id=39"},"modified":"2015-12-02T22:21:23","modified_gmt":"2015-12-02T22:21:23","slug":"4-3-portadas-1981","status":"publish","type":"page","link":"https:\/\/blogs.ua.es\/prensahistorica23f\/fichas-tecnicas\/4-3-portadas-1981\/","title":{"rendered":"4.3. Diario 16 (Ficha t\u00e9cnica)"},"content":{"rendered":"<figure id=\"attachment_112\" aria-describedby=\"caption-attachment-112\" style=\"width: 215px\" class=\"wp-caption aligncenter\"><a href=\"https:\/\/blogs.ua.es\/prensahistorica23f\/files\/2015\/12\/Portada-Tejero-1982-diario-16.jpg\"><img loading=\"lazy\" decoding=\"async\" class=\"size-medium wp-image-112\" src=\"https:\/\/blogs.ua.es\/prensahistorica23f\/files\/2015\/12\/Portada-Tejero-1982-diario-16-215x300.jpg\" alt=\"Portada del peri\u00f3dico Diario 16: 26 de mayo de 1982\" width=\"215\" height=\"300\" srcset=\"https:\/\/blogs.ua.es\/prensahistorica23f\/files\/2015\/12\/Portada-Tejero-1982-diario-16-215x300.jpg 215w, https:\/\/blogs.ua.es\/prensahistorica23f\/files\/2015\/12\/Portada-Tejero-1982-diario-16-733x1024.jpg 733w, https:\/\/blogs.ua.es\/prensahistorica23f\/files\/2015\/12\/Portada-Tejero-1982-diario-16.jpg 1146w\" sizes=\"auto, (max-width: 215px) 100vw, 215px\" \/><\/a><figcaption id=\"caption-attachment-112\" class=\"wp-caption-text\">Portada del peri\u00f3dico Diario 16: 26 de mayo de 1982<\/figcaption><\/figure>\n<p>El nombre del peri\u00f3dico que analizaremos a continuaci\u00f3n es el denominado <strong>Diario 16, <\/strong>que\u00a0tuvo su residencia y redacci\u00f3n en Madrid desde su nacimiento hasta\u00a0su desaparici\u00f3n en 2001. en cuanto a su\u00a0emisi\u00f3n esta fue diaria y abarc\u00f3 todo el \u00e1mbito nacional, con su edici\u00f3n estatal\u00a0y sus diversas ediciones regionales y locales.<\/p>\n<p>El primer n\u00famero del peri\u00f3dico <em>Diario 16<\/em> se public\u00f3 el 18 de octubre de\u00a01976 y el \u00faltimo n\u00famero se public\u00f3 el 7 noviembre de 2001, este \u00faltimo fue el n\u00famero 8.824.\u00a0En cuanto a su precio, en 1982 costaba 25 pesetas el ejemplar. aunque se dej\u00f3 de publicar por problemas econ\u00f3micos.<\/p>\n<p>Este peri\u00f3dico ten\u00eda\u00a0el llamado formato berlin\u00e9s con 80 p\u00e1ginas. Actualmente podemos encontrar ejemplares de este peri\u00f3dico en la Universidad CEU San Pablo, debido a que posee\u00a0todo el archivo documental del Diario 16 y, tambien podemos encontrar ejemplares en el cat\u00e1logo de la biblioteca de la Universidad Aut\u00f3noma de Barcelona.<br \/>\nEl peri\u00f3dico <em>Diario 16<\/em> perteneci\u00f3 a la empresa Grupo 16 entre el 1976 y 1998 y, luego pas\u00f3 a formar parte del Grupo<br \/>\nVoz desde el 1998 hasta de su desaparici\u00f3n, que como hemos se\u00f1alado anteriormente fue en el a\u00f1o 2001. Adem\u00e1s, ambas empresas privadas que se repart\u00edan los\u00a0beneficios entre sus accionistas.<\/p>\n<p>El peri\u00f3dico <em>Diario 16<\/em> se pod\u00eda adquirir tanto mediante suscripci\u00f3n como\u00a0por\u00a0venta en quioscos y otros establecimientos. En cuanto a su ideolog\u00eda pol\u00edtica, se defin\u00eda como liberal\u00a0moderada.<\/p>\n","protected":false},"excerpt":{"rendered":"<p>El nombre del peri\u00f3dico que analizaremos a continuaci\u00f3n es el denominado Diario 16, que\u00a0tuvo su residencia y redacci\u00f3n en Madrid desde su nacimiento hasta\u00a0su desaparici\u00f3n en 2001. en cuanto a su\u00a0emisi\u00f3n esta fue diaria y abarc\u00f3 todo el \u00e1mbito nacional, con su edici\u00f3n estatal\u00a0y sus diversas ediciones regionales y locales. El primer n\u00famero del peri\u00f3dico [&hellip;]<\/p>\n","protected":false},"author":2838,"featured_media":0,"parent":13,"menu_order":0,"comment_status":"closed","ping_status":"closed","template":"","meta":{"footnotes":""},"class_list":["post-39","page","type-page","status-publish","hentry"],"_links":{"self":[{"href":"https:\/\/blogs.ua.es\/prensahistorica23f\/wp-json\/wp\/v2\/pages\/39","targetHints":{"allow":["GET"]}}],"collection":[{"href":"https:\/\/blogs.ua.es\/prensahistorica23f\/wp-json\/wp\/v2\/pages"}],"about":[{"href":"https:\/\/blogs.ua.es\/prensahistorica23f\/wp-json\/wp\/v2\/types\/page"}],"author":[{"embeddable":true,"href":"https:\/\/blogs.ua.es\/prensahistorica23f\/wp-json\/wp\/v2\/users\/2838"}],"replies":[{"embeddable":true,"href":"https:\/\/blogs.ua.es\/prensahistorica23f\/wp-json\/wp\/v2\/comments?post=39"}],"version-history":[{"count":5,"href":"https:\/\/blogs.ua.es\/prensahistorica23f\/wp-json\/wp\/v2\/pages\/39\/revisions"}],"predecessor-version":[{"id":181,"href":"https:\/\/blogs.ua.es\/prensahistorica23f\/wp-json\/wp\/v2\/pages\/39\/revisions\/181"}],"up":[{"embeddable":true,"href":"https:\/\/blogs.ua.es\/prensahistorica23f\/wp-json\/wp\/v2\/pages\/13"}],"wp:attachment":[{"href":"https:\/\/blogs.ua.es\/prensahistorica23f\/wp-json\/wp\/v2\/media?parent=39"}],"curies":[{"name":"wp","href":"https:\/\/api.w.org\/{rel}","templated":true}]}}