{"id":41,"date":"2015-12-01T16:41:15","date_gmt":"2015-12-01T16:41:15","guid":{"rendered":"https:\/\/blogs.ua.es\/prensahistorica23f\/?page_id=41"},"modified":"2015-12-02T11:04:27","modified_gmt":"2015-12-02T11:04:27","slug":"4-4-portadas-1982","status":"publish","type":"page","link":"https:\/\/blogs.ua.es\/prensahistorica23f\/fichas-tecnicas\/4-4-portadas-1982\/","title":{"rendered":"4.4. El Alc\u00e1zar (Ficha t\u00e9cnica)"},"content":{"rendered":"<figure id=\"attachment_106\" aria-describedby=\"caption-attachment-106\" style=\"width: 220px\" class=\"wp-caption aligncenter\"><a href=\"https:\/\/blogs.ua.es\/prensahistorica23f\/files\/2015\/12\/alcazar_23_F.jpg\"><img loading=\"lazy\" decoding=\"async\" class=\"size-medium wp-image-106\" src=\"https:\/\/blogs.ua.es\/prensahistorica23f\/files\/2015\/12\/alcazar_23_F-220x300.jpg\" alt=\"Portada peri\u00f3dico El Alc\u00e1zar: 23 febrero 1981\" width=\"220\" height=\"300\" srcset=\"https:\/\/blogs.ua.es\/prensahistorica23f\/files\/2015\/12\/alcazar_23_F-220x300.jpg 220w, https:\/\/blogs.ua.es\/prensahistorica23f\/files\/2015\/12\/alcazar_23_F-750x1024.jpg 750w, https:\/\/blogs.ua.es\/prensahistorica23f\/files\/2015\/12\/alcazar_23_F.jpg 1500w\" sizes=\"auto, (max-width: 220px) 100vw, 220px\" \/><\/a><figcaption id=\"caption-attachment-106\" class=\"wp-caption-text\">Portada peri\u00f3dico El Alc\u00e1zar: 23 febrero 1981<\/figcaption><\/figure>\n<p style=\"text-align: justify\"><span style=\"color: #000000\">El nombre del diario que vamos a analizar a continuaci\u00f3n es <strong><em>El Alc\u00e1zar<\/em><\/strong>. El lugar de residencia de la administraci\u00f3n y de la redacci\u00f3n del diario fue Madrid (Espa\u00f1a), aunque dentro de esta ciudad hubo una variaci\u00f3n de direcciones en diversas \u00e9pocas, como el cambio producido en diciembre de 1947 cuando la redacci\u00f3n se traslada a la sede del <em>Diario Arriba<\/em> en la calle de Larra 14, debido a la deuda con la Editorial Cat\u00f3lica.<\/span><\/p>\n<p style=\"text-align: justify\"><span style=\"color: #000000\">En cuanto a la periodicidad podemos conocer que fue diaria. Adem\u00e1s la zona principal de difusi\u00f3n fue el \u00e1mbito nacional y, el n\u00famero de ejemplares por tirada tuvo un promedio de 110.000 en su \u00e9poca de m\u00e1s auge, es decir, entre 1966 y 1968, debido a su dise\u00f1o innovador, al atractivo del suplemento juvenil denominado \u201cCh\u00edo\u201d, los reportajes sobre la pol\u00edtica internacional, su l\u00ednea editorial independiente y sus fuertes inversiones. Pero, en el caso de la \u00e9poca entre 1946 a 1948, el peri\u00f3dico El Alc\u00e1zar disminuye en n\u00famero de ejemplares, pasando de 10.359 a 7.501, debido a los continuos problemas econ\u00f3micos.<\/span><\/p>\n<p style=\"text-align: justify\"><span style=\"color: #000000\">Respecto a su historia, el momento de la aparici\u00f3n de dicho diario surgi\u00f3 en 1936, durante el asedio al alc\u00e1zar de Toledo. Pero no ser\u00e1 hasta el 19 de junio de 1939 cuando aparece el primer n\u00famero de <em>El Alc\u00e1zar<\/em> editado en Madrid, mientras que las \u00faltimas ediciones las podemos hallar en 1987 como un semanario, aunque cerr\u00f3 definitivamente a principios dela a\u00f1o siguiente, debido al declive de lectores y a la discriminaci\u00f3n en materia de publicidad institucional.<\/span><\/p>\n<p style=\"text-align: justify\"><span style=\"color: #000000\">En un primer momento se convierte en \u00f3rgano que da voz a las noticias de los requet\u00e9s como una iniciativa de Aurelio Jos\u00e9 Gonz\u00e1lez de Gregorio, para luego ser posteriormente \u201cEl diario del frente de Madrid\u201d durante la Guerra Civil Espa\u00f1ola y por \u00faltimo, traslad\u00e1ndose definitivamente a Madrid el 14 de mayo de 1939, pasa a ser el diario <em>El Alc\u00e1zar<\/em>. El precio de este diario estar\u00eda en torno a unas 25 pesetas, aunque var\u00eda seg\u00fan la \u00e9poca. Desde el 12 de octubre de 1945 hasta el 16 de octubre del mismo a\u00f1o este diario deja de imprimir ejemplares debido al embargo por impago del papel consumido aunque, como hemos mencionado, poco despu\u00e9s reapareci\u00f3 gracias al abono de parte de la deuda por parte de la Hermandad y los redactores.<\/span><\/p>\n<p style=\"text-align: justify\"><span style=\"color: #000000\">Jos\u00e9 Moscard\u00f3 y la Hermandad de Nuestra Se\u00f1ora Santa Mar\u00eda del Alc\u00e1zar ceden, mediante un acuerdo a inicios del a\u00f1o 1949, la cabecera a Jes\u00fas Obreg\u00f3n, Carlos Pinilla y Agust\u00edn Pujol. Estos tres fundar\u00e1n Prensa y Ediciones (PESA), participando Jos\u00e9 Mar\u00eda Fern\u00e1ndez \u00c1lvarez, Carlos Pinilla y algunos miembros del Opus Dei. Esta empresa tendr\u00e1 el derecho de editar el peri\u00f3dico hasta finales de setiembre del a\u00f1o 1968, cuando la edici\u00f3n volver\u00e1 a la Hermandad debido a una orden gubernamental. A partir de este momento, se puede afirmar que la l\u00ednea editorial de El Alc\u00e1zar se suaviz\u00f3, yendo de un falangismo radical a una derecha moderada, esencialmente con la llegada Jos\u00e9 Luis Cebri\u00e1n a la direcci\u00f3n en 1963. El nombre del editor del peri\u00f3dico <em>El Alc\u00e1zar<\/em> es F\u00e9lix Martialay. Podemos encontrar ejemplares de este diario en el Archivo Hist\u00f3rico del PCE; en el fondo de prensa hist\u00f3rica de la Universidad Complutense de Madrid donde, adem\u00e1s podemos observar toda su trayectoria desde sus inicios hasta su desaparici\u00f3n como diario; y tambi\u00e9n, algunos ejemplares en la hemeroteca de Tarragona, en el fondo que corresponde al siglo XX y a la \u00e9poca actual.<\/span><\/p>\n<p style=\"text-align: justify\"><span style=\"color: #000000\">El formato de este diario es berlin\u00e9s, com\u00fan en muchos peri\u00f3dicos. Su extensi\u00f3n es de unas 80 p\u00e1ginas.<\/span><\/p>\n<p style=\"text-align: justify\"><span style=\"color: #000000\">Como se ha explicado anteriormente, la hermandad cede el peri\u00f3dico y los redactores constituyen una sociedad cooperativa a inicios del noviembre de 1945 aunque, la raz\u00f3n de ceder el peri\u00f3dico no es otra que la escasez de medios de los que dispon\u00eda la Hermandad.<\/span><\/p>\n<p style=\"text-align: justify\"><span style=\"color: #000000\">Este peri\u00f3dico se pod\u00eda encontrar f\u00e1cilmente en muchos de los quioscos espa\u00f1oles y, como se ha dicho anteriormente, el peri\u00f3dico sigue una l\u00ednea franquista y ultraderechista. Asimismo, en 1968 se cambi\u00f3 de director a Lucio del \u00c1lamo y, al a\u00f1o siguiente fue adquirido por Gir\u00f3n, Milans del Bosch y Miguel Moscard\u00f3. Por \u00faltimo, en la \u00e9poca que abarcamos y que incluye la portada de este blog, el director fue Antonio Izquierdo.<\/span><\/p>\n","protected":false},"excerpt":{"rendered":"<p>El nombre del diario que vamos a analizar a continuaci\u00f3n es El Alc\u00e1zar. El lugar de residencia de la administraci\u00f3n y de la redacci\u00f3n del diario fue Madrid (Espa\u00f1a), aunque dentro de esta ciudad hubo una variaci\u00f3n de direcciones en diversas \u00e9pocas, como el cambio producido en diciembre de 1947 cuando la redacci\u00f3n se traslada [&hellip;]<\/p>\n","protected":false},"author":2838,"featured_media":0,"parent":13,"menu_order":0,"comment_status":"closed","ping_status":"closed","template":"","meta":{"footnotes":""},"class_list":["post-41","page","type-page","status-publish","hentry"],"_links":{"self":[{"href":"https:\/\/blogs.ua.es\/prensahistorica23f\/wp-json\/wp\/v2\/pages\/41","targetHints":{"allow":["GET"]}}],"collection":[{"href":"https:\/\/blogs.ua.es\/prensahistorica23f\/wp-json\/wp\/v2\/pages"}],"about":[{"href":"https:\/\/blogs.ua.es\/prensahistorica23f\/wp-json\/wp\/v2\/types\/page"}],"author":[{"embeddable":true,"href":"https:\/\/blogs.ua.es\/prensahistorica23f\/wp-json\/wp\/v2\/users\/2838"}],"replies":[{"embeddable":true,"href":"https:\/\/blogs.ua.es\/prensahistorica23f\/wp-json\/wp\/v2\/comments?post=41"}],"version-history":[{"count":4,"href":"https:\/\/blogs.ua.es\/prensahistorica23f\/wp-json\/wp\/v2\/pages\/41\/revisions"}],"predecessor-version":[{"id":107,"href":"https:\/\/blogs.ua.es\/prensahistorica23f\/wp-json\/wp\/v2\/pages\/41\/revisions\/107"}],"up":[{"embeddable":true,"href":"https:\/\/blogs.ua.es\/prensahistorica23f\/wp-json\/wp\/v2\/pages\/13"}],"wp:attachment":[{"href":"https:\/\/blogs.ua.es\/prensahistorica23f\/wp-json\/wp\/v2\/media?parent=41"}],"curies":[{"name":"wp","href":"https:\/\/api.w.org\/{rel}","templated":true}]}}