{"id":45,"date":"2015-12-01T16:42:57","date_gmt":"2015-12-01T16:42:57","guid":{"rendered":"https:\/\/blogs.ua.es\/prensahistorica23f\/?page_id=45"},"modified":"2015-12-03T16:05:57","modified_gmt":"2015-12-03T16:05:57","slug":"3-1-1978","status":"publish","type":"page","link":"https:\/\/blogs.ua.es\/prensahistorica23f\/analisis-morfologico\/3-1-1978\/","title":{"rendered":"3.1. 1978"},"content":{"rendered":"<h2 style=\"text-align: left\"><strong><span style=\"text-decoration: underline\">Morfolog\u00eda del Peri\u00f3dico<\/span><\/strong><\/h2>\n<figure id=\"attachment_188\" aria-describedby=\"caption-attachment-188\" style=\"width: 212px\" class=\"wp-caption aligncenter\"><a href=\"https:\/\/blogs.ua.es\/prensahistorica23f\/files\/2015\/12\/Deia-19781.jpg\"><img loading=\"lazy\" decoding=\"async\" class=\"wp-image-188 size-medium\" src=\"https:\/\/blogs.ua.es\/prensahistorica23f\/files\/2015\/12\/Deia-19781-212x300.jpg\" alt=\"Portada Peri\u00f3dico Deia 1978\" width=\"212\" height=\"300\" srcset=\"https:\/\/blogs.ua.es\/prensahistorica23f\/files\/2015\/12\/Deia-19781-212x300.jpg 212w, https:\/\/blogs.ua.es\/prensahistorica23f\/files\/2015\/12\/Deia-19781-724x1024.jpg 724w, https:\/\/blogs.ua.es\/prensahistorica23f\/files\/2015\/12\/Deia-19781.jpg 1131w\" sizes=\"auto, (max-width: 212px) 100vw, 212px\" \/><\/a><figcaption id=\"caption-attachment-188\" class=\"wp-caption-text\">Portada Peri\u00f3dico Deia 1978<\/figcaption><\/figure>\n<h3><strong><span style=\"text-decoration: underline\">Deia<\/span><\/strong><\/h3>\n<p style=\"text-align: justify\">El peri\u00f3dico <em>Deia<\/em> est\u00e1 compuesto pr\u00e1cticamente por texto, concr\u00e9tamente un 38&#8217;9% del espacio de contenido de la portada. Aunque, por otro lado, si observamos la portada del mismo, que es el principal objeto del estudio realizado en este blog percibimos que la secci\u00f3n ocupada por la cabecera y, que incluye el t\u00edtulo, la fecha, el precio y el n\u00famero de edici\u00f3n, el sello, la direcci\u00f3n del peri\u00f3dico, la edici\u00f3n y talleres y su edici\u00f3n y, el director y la direcci\u00f3n, ocupa una buena parte de la portada, concr\u00e9tamente, un 11&#8217;5% de la misma. Por otra parte, en el an\u00e1lisis de los titulares, podemos observar que ocupan gran parte de la portada, llegando a un porcentaje cercano al abarcado por el texto, esto es un 38&#8217;4 % del espacio de contenido del peri\u00f3dico aunque, debemos se\u00f1alar que dentro de las noticias no existen subtitulares. Dejando atr\u00e1s el t\u00edtulo del peri\u00f3dico, tras la lectura de la portada y sus contenidos, nos encontramos con\u00a0una total ausencia de publicidad. Por \u00faltimo debemos se\u00f1alar otro elemento que llama la atenci\u00f3n al lector y son las ilustraciones, debido a que ocupan un porcentaje de un 11&#8217;2% del espacio de la portada de esta edici\u00f3n del peri\u00f3dico Deia.<\/p>\n<p style=\"text-align: justify\">Por \u00faltimo, en el an\u00e1lisis de la portada debemos se\u00f1alar el \u00e1mbito que ocupan el contenido del texto y el contenido del mismo y, que en este caso corresponde casi en exclusividad al \u00e1mbito nacional, debido a que ocupa un 25&#8217;2% del total del contenido del texto de los titulares mientras que el \u00e1mbito local solamente ocupa un 9&#8217;1%. En el caso de los contenidos, observamos una presencia muy relevante de titulares relacionados con un contenido militar y pol\u00edtico, ocupando respectivamente un 11&#8217;9% y un 16&#8217;1% del texto de los titulares, mientras que un 6&#8217;3% podr\u00eda adscribirse a un contenido pol\u00edtico-social.<\/p>\n","protected":false},"excerpt":{"rendered":"<p>Morfolog\u00eda del Peri\u00f3dico Deia El peri\u00f3dico Deia est\u00e1 compuesto pr\u00e1cticamente por texto, concr\u00e9tamente un 38&#8217;9% del espacio de contenido de la portada. Aunque, por otro lado, si observamos la portada del mismo, que es el principal objeto del estudio realizado en este blog percibimos que la secci\u00f3n ocupada por la cabecera y, que incluye el [&hellip;]<\/p>\n","protected":false},"author":2838,"featured_media":0,"parent":11,"menu_order":0,"comment_status":"closed","ping_status":"closed","template":"","meta":{"footnotes":""},"class_list":["post-45","page","type-page","status-publish","hentry"],"_links":{"self":[{"href":"https:\/\/blogs.ua.es\/prensahistorica23f\/wp-json\/wp\/v2\/pages\/45","targetHints":{"allow":["GET"]}}],"collection":[{"href":"https:\/\/blogs.ua.es\/prensahistorica23f\/wp-json\/wp\/v2\/pages"}],"about":[{"href":"https:\/\/blogs.ua.es\/prensahistorica23f\/wp-json\/wp\/v2\/types\/page"}],"author":[{"embeddable":true,"href":"https:\/\/blogs.ua.es\/prensahistorica23f\/wp-json\/wp\/v2\/users\/2838"}],"replies":[{"embeddable":true,"href":"https:\/\/blogs.ua.es\/prensahistorica23f\/wp-json\/wp\/v2\/comments?post=45"}],"version-history":[{"count":8,"href":"https:\/\/blogs.ua.es\/prensahistorica23f\/wp-json\/wp\/v2\/pages\/45\/revisions"}],"predecessor-version":[{"id":279,"href":"https:\/\/blogs.ua.es\/prensahistorica23f\/wp-json\/wp\/v2\/pages\/45\/revisions\/279"}],"up":[{"embeddable":true,"href":"https:\/\/blogs.ua.es\/prensahistorica23f\/wp-json\/wp\/v2\/pages\/11"}],"wp:attachment":[{"href":"https:\/\/blogs.ua.es\/prensahistorica23f\/wp-json\/wp\/v2\/media?parent=45"}],"curies":[{"name":"wp","href":"https:\/\/api.w.org\/{rel}","templated":true}]}}