{"id":47,"date":"2015-12-01T16:43:16","date_gmt":"2015-12-01T16:43:16","guid":{"rendered":"https:\/\/blogs.ua.es\/prensahistorica23f\/?page_id=47"},"modified":"2015-12-03T16:05:22","modified_gmt":"2015-12-03T16:05:22","slug":"3-2-1980","status":"publish","type":"page","link":"https:\/\/blogs.ua.es\/prensahistorica23f\/analisis-morfologico\/3-2-1980\/","title":{"rendered":"3.2. 1980"},"content":{"rendered":"<h2><strong><span style=\"text-decoration: underline\">An\u00e1lisis Morfol\u00f3gico<\/span><\/strong><\/h2>\n<p>Portadas analizadas pertenecientes al a\u00f1o 1980<\/p>\n<table style=\"height: 395px\" width=\"498\">\n<tbody>\n<tr>\n<td><a href=\"https:\/\/blogs.ua.es\/prensahistorica23f\/files\/2015\/12\/ABC-07.05.1980-pagina-001-1.jpg\"><img loading=\"lazy\" decoding=\"async\" class=\"size-medium wp-image-193 aligncenter\" src=\"https:\/\/blogs.ua.es\/prensahistorica23f\/files\/2015\/12\/ABC-07.05.1980-pagina-001-1-214x300.jpg\" alt=\"\" width=\"214\" height=\"300\" srcset=\"https:\/\/blogs.ua.es\/prensahistorica23f\/files\/2015\/12\/ABC-07.05.1980-pagina-001-1-214x300.jpg 214w, https:\/\/blogs.ua.es\/prensahistorica23f\/files\/2015\/12\/ABC-07.05.1980-pagina-001-1-729x1024.jpg 729w, https:\/\/blogs.ua.es\/prensahistorica23f\/files\/2015\/12\/ABC-07.05.1980-pagina-001-1.jpg 1776w\" sizes=\"auto, (max-width: 214px) 100vw, 214px\" \/><\/a><\/td>\n<td style=\"text-align: center\"><a href=\"https:\/\/blogs.ua.es\/prensahistorica23f\/files\/2015\/12\/Portada-el-Pa\u00eds-8-enero-1980.jpg\"><img loading=\"lazy\" decoding=\"async\" class=\"alignright size-medium wp-image-194\" src=\"https:\/\/blogs.ua.es\/prensahistorica23f\/files\/2015\/12\/Portada-el-Pa\u00eds-8-enero-1980-218x300.jpg\" alt=\"\" width=\"218\" height=\"300\" srcset=\"https:\/\/blogs.ua.es\/prensahistorica23f\/files\/2015\/12\/Portada-el-Pa\u00eds-8-enero-1980-218x300.jpg 218w, https:\/\/blogs.ua.es\/prensahistorica23f\/files\/2015\/12\/Portada-el-Pa\u00eds-8-enero-1980.jpg 411w\" sizes=\"auto, (max-width: 218px) 100vw, 218px\" \/><\/a><\/td>\n<\/tr>\n<\/tbody>\n<\/table>\n<h3 style=\"text-align: justify\"><span style=\"text-decoration: underline\"><strong>Peri\u00f3dico ABC<\/strong><\/span><\/h3>\n<p style=\"text-align: justify\">Esta edici\u00f3n est\u00e1 compuesta principalmente\u00a0por ilustraciones, concr\u00e9tamente ocupan un 77&#8217;8%\u00a0del espacio de contenido de la portada, debido a que se trata de una caracter\u00edstica del formato de este peri\u00f3dico para, posiblemente llamar la atenci\u00f3n del lector. Aunque, por otro lado, si observamos la portada del mismo, que es el principal objeto del estudio realizado en este blog percibimos que la secci\u00f3n ocupada por la cabecera y, que incluye el t\u00edtulo del peri\u00f3dico y la fecha, \u00a0ocupa una secci\u00f3n que, si bien no es tan relevante y llamativa como las ilustraciones, destaca sobre\u00a0otros elementos de parte de la portada, principalmente, la cabecera ocupa un 10&#8217;2% de la misma. Por otra parte, en el resto del an\u00e1lisis de la portada, podemos observar que los elementos ocupan una\u00a0\u00ednfima parte de la misma, es decir, si atendemos al texto ocupa un 9&#8217;6% del espacio de la portada mientras que los titulares abarcan un 2&#8217;4% del espacio de la misma. Por otro lado, debemos se\u00f1alar la ausencia de subtitulares y publicidad. Por tanto, podemos se\u00f1alar que este peri\u00f3dico prioriza las im\u00e1genes al texto.<\/p>\n<p style=\"text-align: justify\">Por \u00faltimo, en el an\u00e1lisis de la portada debemos se\u00f1alar el \u00e1mbito que ocupan el contenido del texto y el contenido del mismo y, que en este caso corresponde exclusivamente al \u00e1mbito nacional y de contenido judicial en el caso de los textos de esta portada.<\/p>\n<h3 style=\"text-align: justify\"><span style=\"text-decoration: underline\"><strong>Peri\u00f3dico El Pa\u00eds<\/strong><\/span><\/h3>\n<p style=\"clear: both;text-align: justify\">Esta edici\u00f3n del peri\u00f3dico <em>El Pa\u00eds<\/em> est\u00e1 compuesta en su mayor parte\u00a0por texto, ya que abarca casi\u00a0la mitad de la portada, concr\u00e9tamente un 48,1%\u00a0del espacio de contenido de la portada. Aunque, por otro lado, si observamos la portada del mismo, que es el principal objeto del estudio realizado en este blog percibimos que la secci\u00f3n ocupada por la cabecera y, que incluye el t\u00edtulo, la fecha, el precio y el a\u00f1o y n\u00famero de edici\u00f3n, la direcci\u00f3n del peri\u00f3dico, la redacci\u00f3n y su direcci\u00f3n\u00a0\u00a0y, el director, el tel\u00e9fono, ocupa una parte poco relevante de la portada, de hecho ocupa en porcentaje\u00a0un 4&#8217;2% de la misma. Por otra parte, en el an\u00e1lisis de los titulares, podemos observar que ocupan parte relevante aunque no significativa de la portada, debido a que ocupa un 11&#8217;3%\u00a0del espacio de contenido del peri\u00f3dico adem\u00e1s, debemos se\u00f1alar que dentro de las noticias existen subtitulares, aunque no destacan mucho en la portada, ya que ocupan un 2&#8217;9% de la misma. Dejando atr\u00e1s el t\u00edtulo del peri\u00f3dico, tras la lectura de la portada y sus contenidos, nos encontramos con la presencia de publicidad, ocupando algo m\u00e1s que los titulares y la cabecera juntas, esto es ocupa un 8&#8217;3% de la portada.\u00a0Por \u00faltimo debemos se\u00f1alar otro elemento que llama la atenci\u00f3n al lector y son las ilustraciones, debido a que ocupan un porcentaje de un 15&#8217;2% del espacio de la portada de esta edici\u00f3n del peri\u00f3dico\u00a0<em>El Pa\u00eds<\/em>, es decir, es el segundo elemento que mayor presencia posee en la portada.<\/p>\n<p style=\"clear: both;text-align: justify\">Por \u00faltimo, en el an\u00e1lisis de la portada debemos se\u00f1alar el \u00e1mbito que ocupan el contenido del texto y el contenido del mismo y, que en este caso corresponde pr\u00e1cticamente todos los titulares\u00a0al \u00e1mbito nacional, ocupando un 31, 8% de los mismos, mientras que el \u00e1mbito internacional se representa con un 11&#8217;2% del contenido textual de los titulares. Por otro lado, en el caso de los contenidos podemos observar que pr\u00e1cticamente los titulares de aspecto militar y econ\u00f3mico ocupan la misma proporci\u00f3n en la portada del peri\u00f3dico de esta edici\u00f3n, ya que abarcan un 14&#8217;7% y un 12&#8217;5% aunque, podr\u00edamos encontrar un titular que genera dudas y que podr\u00eda ser de contenido militar o pol\u00edtico, que ocupar\u00eda un 11&#8217;1%.<\/p>\n<h2 style=\"text-align: justify\"><span style=\"color: #000000\"><strong><span style=\"text-decoration: underline\">Conclusiones comparativas de ambos peri\u00f3dicos<\/span><\/strong><\/span><\/h2>\n<p style=\"clear: both;text-align: justify\">En el caso de ambos peri\u00f3dicos aunque abarcan dos ediciones distintas en un periodo relativamente corto, en ambos podemos observar la tensi\u00f3n en la que se encontraba Espa\u00f1a tras la muerte de Franco en 1975 y, por ello encontramos en ambos peri\u00f3dicos titulares que exponen noticias de la inquietud de los militares y de fallido intento de golpe de estado que se conoce como &#8220;Operaci\u00f3n Galaxia&#8221; aunque, en este caso y como se refleja en la portada del peri\u00f3dico <em>ABC<\/em> se refiere al juicio en la que tuvo como protagonista al teniente coronel Antonio Tejero, que un a\u00f1o m\u00e1s tarde y, como analizaremos en el siguiente subapartado, llevar\u00eda a cabo un Golpe de Estado para devolver el poder a los militares que, finalmente fracasar\u00eda por la intervenci\u00f3n p\u00fablica del rey condenando el golpe.<\/p>\n<p style=\"clear: both;text-align: justify\">Por otro lado, en cuanto a la morfolog\u00eda analizada y el formato de los peri\u00f3dicos, podemos observar claras diferencias entre ambas ediciones de peri\u00f3dicos. En el caso del peri\u00f3dico <em>ABC<\/em>, se caracteriza por una prioridad\u00a0en cuanto a las ilustraciones, debido al formato utilizado y en el que pretenden llamar la atenci\u00f3n al lector con im\u00e1genes destacadas; mientras que el peri\u00f3dico El Pa\u00eds se divide en columnas y priorizando un elemento, que en este caso corresponde a una noticia econ\u00f3mica. Por\u00a0otra parte, en el caso del peri\u00f3dico <em>ABC<\/em> analiza en su portada, mediante esas ilustraciones ya referidas, titulares de car\u00e1cter nacional; en el peri\u00f3dico El Pa\u00eds, si que encontramos un titular referente al \u00e1mbito internacional aunque no destaca mucho. Finalmente, mientras que en el peri\u00f3dico el Pa\u00eds podemos observar publicidad, que en este caso se refiere a mobiliarias o tiendas para comprar muebles y que denotar\u00eda una financiaci\u00f3n por este aspecto; en el peri\u00f3dico <em>ABC<\/em> no encontramos este elemento aunque, podr\u00eda estar financiado por otros medios.<\/p>\n","protected":false},"excerpt":{"rendered":"<p>An\u00e1lisis Morfol\u00f3gico Portadas analizadas pertenecientes al a\u00f1o 1980 Peri\u00f3dico ABC Esta edici\u00f3n est\u00e1 compuesta principalmente\u00a0por ilustraciones, concr\u00e9tamente ocupan un 77&#8217;8%\u00a0del espacio de contenido de la portada, debido a que se trata de una caracter\u00edstica del formato de este peri\u00f3dico para, posiblemente llamar la atenci\u00f3n del lector. Aunque, por otro lado, si observamos la portada del [&hellip;]<\/p>\n","protected":false},"author":2838,"featured_media":0,"parent":11,"menu_order":0,"comment_status":"closed","ping_status":"closed","template":"","meta":{"footnotes":""},"class_list":["post-47","page","type-page","status-publish","hentry"],"_links":{"self":[{"href":"https:\/\/blogs.ua.es\/prensahistorica23f\/wp-json\/wp\/v2\/pages\/47","targetHints":{"allow":["GET"]}}],"collection":[{"href":"https:\/\/blogs.ua.es\/prensahistorica23f\/wp-json\/wp\/v2\/pages"}],"about":[{"href":"https:\/\/blogs.ua.es\/prensahistorica23f\/wp-json\/wp\/v2\/types\/page"}],"author":[{"embeddable":true,"href":"https:\/\/blogs.ua.es\/prensahistorica23f\/wp-json\/wp\/v2\/users\/2838"}],"replies":[{"embeddable":true,"href":"https:\/\/blogs.ua.es\/prensahistorica23f\/wp-json\/wp\/v2\/comments?post=47"}],"version-history":[{"count":17,"href":"https:\/\/blogs.ua.es\/prensahistorica23f\/wp-json\/wp\/v2\/pages\/47\/revisions"}],"predecessor-version":[{"id":278,"href":"https:\/\/blogs.ua.es\/prensahistorica23f\/wp-json\/wp\/v2\/pages\/47\/revisions\/278"}],"up":[{"embeddable":true,"href":"https:\/\/blogs.ua.es\/prensahistorica23f\/wp-json\/wp\/v2\/pages\/11"}],"wp:attachment":[{"href":"https:\/\/blogs.ua.es\/prensahistorica23f\/wp-json\/wp\/v2\/media?parent=47"}],"curies":[{"name":"wp","href":"https:\/\/api.w.org\/{rel}","templated":true}]}}