{"id":49,"date":"2015-12-01T16:43:46","date_gmt":"2015-12-01T16:43:46","guid":{"rendered":"https:\/\/blogs.ua.es\/prensahistorica23f\/?page_id=49"},"modified":"2015-12-03T16:07:36","modified_gmt":"2015-12-03T16:07:36","slug":"3-3-1981","status":"publish","type":"page","link":"https:\/\/blogs.ua.es\/prensahistorica23f\/analisis-morfologico\/3-3-1981\/","title":{"rendered":"3.3. 1981"},"content":{"rendered":"<h2 style=\"text-align: left\"><strong><span style=\"text-decoration: underline\">Morfolog\u00eda del Peri\u00f3dico<\/span><\/strong><\/h2>\n<p>Portadas analizadas correspondientes al a\u00f1o\u00a01981<\/p>\n<table>\n<tbody>\n<tr>\n<td><a href=\"https:\/\/blogs.ua.es\/prensahistorica23f\/files\/2015\/12\/ABC-24.02.1981-pagina-001-1.jpg\"><img loading=\"lazy\" decoding=\"async\" class=\"aligncenter size-medium wp-image-254\" src=\"https:\/\/blogs.ua.es\/prensahistorica23f\/files\/2015\/12\/ABC-24.02.1981-pagina-001-1-214x300.jpg\" alt=\"\" width=\"214\" height=\"300\" srcset=\"https:\/\/blogs.ua.es\/prensahistorica23f\/files\/2015\/12\/ABC-24.02.1981-pagina-001-1-214x300.jpg 214w, https:\/\/blogs.ua.es\/prensahistorica23f\/files\/2015\/12\/ABC-24.02.1981-pagina-001-1-729x1024.jpg 729w, https:\/\/blogs.ua.es\/prensahistorica23f\/files\/2015\/12\/ABC-24.02.1981-pagina-001-1.jpg 1775w\" sizes=\"auto, (max-width: 214px) 100vw, 214px\" \/><\/a><\/td>\n<td><a href=\"https:\/\/blogs.ua.es\/prensahistorica23f\/files\/2015\/12\/portada_diario.jpg\"><img loading=\"lazy\" decoding=\"async\" class=\"aligncenter size-medium wp-image-255\" src=\"https:\/\/blogs.ua.es\/prensahistorica23f\/files\/2015\/12\/portada_diario-205x300.jpg\" alt=\"\" width=\"205\" height=\"300\" srcset=\"https:\/\/blogs.ua.es\/prensahistorica23f\/files\/2015\/12\/portada_diario-205x300.jpg 205w, https:\/\/blogs.ua.es\/prensahistorica23f\/files\/2015\/12\/portada_diario.jpg 390w\" sizes=\"auto, (max-width: 205px) 100vw, 205px\" \/><\/a><\/td>\n<\/tr>\n<\/tbody>\n<\/table>\n<table>\n<tbody>\n<tr>\n<td><a href=\"https:\/\/blogs.ua.es\/prensahistorica23f\/files\/2015\/12\/alcazar_23_F1.jpg\"><img loading=\"lazy\" decoding=\"async\" class=\"aligncenter size-medium wp-image-257\" src=\"https:\/\/blogs.ua.es\/prensahistorica23f\/files\/2015\/12\/alcazar_23_F1-220x300.jpg\" alt=\"\" width=\"220\" height=\"300\" srcset=\"https:\/\/blogs.ua.es\/prensahistorica23f\/files\/2015\/12\/alcazar_23_F1-220x300.jpg 220w, https:\/\/blogs.ua.es\/prensahistorica23f\/files\/2015\/12\/alcazar_23_F1-750x1024.jpg 750w, https:\/\/blogs.ua.es\/prensahistorica23f\/files\/2015\/12\/alcazar_23_F1.jpg 1500w\" sizes=\"auto, (max-width: 220px) 100vw, 220px\" \/><\/a><\/td>\n<td><a href=\"https:\/\/blogs.ua.es\/prensahistorica23f\/files\/2015\/12\/23f-edicion-especial_01.jpg\"><img loading=\"lazy\" decoding=\"async\" class=\"aligncenter size-medium wp-image-253\" src=\"https:\/\/blogs.ua.es\/prensahistorica23f\/files\/2015\/12\/23f-edicion-especial_01-200x300.jpg\" alt=\"\" width=\"200\" height=\"300\" srcset=\"https:\/\/blogs.ua.es\/prensahistorica23f\/files\/2015\/12\/23f-edicion-especial_01-200x300.jpg 200w, https:\/\/blogs.ua.es\/prensahistorica23f\/files\/2015\/12\/23f-edicion-especial_01-684x1024.jpg 684w, https:\/\/blogs.ua.es\/prensahistorica23f\/files\/2015\/12\/23f-edicion-especial_01.jpg 2000w\" sizes=\"auto, (max-width: 200px) 100vw, 200px\" \/><\/a><\/td>\n<\/tr>\n<\/tbody>\n<\/table>\n<h3><\/h3>\n<h3 style=\"text-align: justify\"><span style=\"text-decoration: underline\"><strong>ABC<\/strong><\/span><\/h3>\n<p style=\"text-align: justify\">Esta edici\u00f3n del peri\u00f3dico <em>ABC<\/em> est\u00e1 compuesta principalmente\u00a0por ilustraciones y que ocupan la mayor parte del espacio de contenido de la portada, superando claramente el 85% de la misma, exactamente un 86&#8217;9% y que, por ello debe llamarnos la atenci\u00f3n,\u00a0debido a que se trata de una caracter\u00edstica propia del formato de este peri\u00f3dico para, posiblemente llamar la atenci\u00f3n del lector.\u00a0Por otro lado, podr\u00edamos se\u00f1alar otros elementos que, en este caso, no destacan a simple vista como son la cabecera, en el que encontramos el t\u00edtulo del peri\u00f3dico y la fecha de edici\u00f3n de la portada, ocupando un 5&#8217;7% y, tambi\u00e9n debemos se\u00f1alar el titular que, en este caso ocupa un 7&#8217;4%. Por otra parte, una observaci\u00f3n relevante de la edici\u00f3n de esta portada es la ausencia de texto pero, tambi\u00e9n faltan aspectos como los subtitulares y la publicidad.<\/p>\n<p style=\"text-align: justify\">Por \u00faltimo, en el an\u00e1lisis de la portada debemos se\u00f1alar el \u00e1mbito que ocupan el contenido del texto y el contenido del mismo y, que en este caso corresponde exclusivamente al \u00e1mbito nacional y de contenido pol\u00edtico en el caso de los textos de esta portada.<\/p>\n<h3 style=\"text-align: justify\"><span style=\"text-decoration: underline\"><strong>Diario 16<\/strong><\/span><\/h3>\n<p style=\"text-align: justify\">Esta edici\u00f3n del peri\u00f3dico <em>Diario 16<\/em>\u00a0est\u00e1 compuesta mayoritariamente\u00a0por ilustraciones y que es el aspecto junto con el titular que m\u00e1s llama la atenci\u00f3n al lector al observar la portada, superando ambos elementos m\u00e1s del 80% de la misma, correspondiendo respectivamente un 43&#8217;3% y 30&#8217;7% del contenido de la portada. Por otro lado, podr\u00edamos se\u00f1alar otro elemento que,\u00a0si bien no destaca a simple vista, si que se aprecia su presencia, es decir, nos referimos a la cabecera de la portada, que incluye el t\u00edtulo, el sello, la fecha y el a\u00f1o de edici\u00f3n y, que ocupa un 13&#8217;4%. Por otra parte, podemos observar el texto que se adscribe al titular y que ocupar\u00eda un 12&#8217;6% del contenido de la portada.Adem\u00e1s, una observaci\u00f3n relevante de la edici\u00f3n de esta portada es la ausencia de subtitulares y publicidad.<\/p>\n<p style=\"text-align: justify\">Por \u00faltimo, en el an\u00e1lisis de la portada debemos se\u00f1alar el \u00e1mbito que ocupan el contenido del texto y el contenido del mismo y, que en este caso corresponde exclusivamente al \u00e1mbito nacional y de contenido pol\u00edtico en el caso de los textos de esta portada.<\/p>\n<h3 style=\"text-align: justify\"><span style=\"text-decoration: underline\"><strong>El Alc\u00e1zar<\/strong><\/span><\/h3>\n<p style=\"text-align: justify\">Esta edici\u00f3n del peri\u00f3dico <em>El Alc\u00e1zar<\/em>\u00a0est\u00e1 compuesta principalmente\u00a0por ilustraciones, que ocupan gran parte\u00a0del espacio de contenido de la portada, ocupando en concreto un 51&#8217;8% de la misma. Aunque, junto con las ilustraciones podemos destacar, tambi\u00e9n los titulares, sobretodo en el primero de ellos aunque, ambos ocupan un 15&#8217;7%, mientras que los textos ocupan un 15&#8217;1%.\u00a0Por otro lado, podr\u00edamos se\u00f1alar otros elementos que, en este caso, no destacan a simple vista como son la cabecera, en el que encontramos el t\u00edtulo del peri\u00f3dico, el director, el precio y la fecha de edici\u00f3n de la portada, ocupando un 9&#8217;2%\u00a0y, tambi\u00e9n debemos se\u00f1alar la publicidad\u00a0que, en este caso ocupa un 5&#8217;6%. Por otra parte,\u00a0aunque no es un hecho destacado, podemos se\u00f1alar los subtitulares, que ocupan una \u00ednfima parte de la portada, concr\u00e9tamente, un 2&#8217;9%.<\/p>\n<p style=\"text-align: justify\">Por \u00faltimo, en el an\u00e1lisis de la portada debemos se\u00f1alar el \u00e1mbito que ocupan el contenido del texto y el contenido del mismo y, que en este caso corresponde exclusivamente al \u00e1mbito nacional y de contenido pol\u00edtico en el caso de los textos de esta portada.<\/p>\n<h3 style=\"text-align: justify\"><span style=\"text-decoration: underline\"><strong>El Pa\u00eds<\/strong><\/span><\/h3>\n<p style=\"text-align: justify\">Esta edici\u00f3n del peri\u00f3dico <em>El Pa\u00eds<\/em>\u00a0est\u00e1 compuesta principalmente\u00a0por titulares y texto, ya\u00a0que ocupan conjuntamente m\u00e1s del 65% del espacio de contenido de la portada, exactamente un 31&#8217;4% y un 35% y\u00a0por ello son los elementos que mayor presencia tienen en la portada. Por otro lado, podr\u00edamos se\u00f1alar otros elementos que, en este caso, no destacan a simple vista como son la cabecera, en el que encontramos, el que incluye el t\u00edtulo, la fecha, el precio y el a\u00f1o y n\u00famero de edici\u00f3n, la direcci\u00f3n del peri\u00f3dico, la redacci\u00f3n y su direcci\u00f3n y, el director\u00a0y\u00a0el tel\u00e9fono del peri\u00f3dico, ocupando 12&#8217;8% del espacio total del peri\u00f3dico. En el caso de las ilustraciones, estas ocupan un 20&#8217;8%. Por otra parte, una observaci\u00f3n relevante de la edici\u00f3n de esta portada es la ausencia de y\u00a0pero, tambi\u00e9n faltan aspectos como los subtitulares.<\/p>\n<p style=\"text-align: justify\">Por \u00faltimo, en el an\u00e1lisis de la portada debemos se\u00f1alar el \u00e1mbito que ocupan el contenido del texto y el contenido del mismo y, que en este caso corresponde exclusivamente al \u00e1mbito nacional y de contenido pol\u00edtico en el caso de los textos de esta portada.<\/p>\n<h3 style=\"text-align: justify\"><span style=\"text-decoration: underline\"><strong>Conclusiones comparativas<\/strong><\/span><\/h3>\n<p style=\"text-align: justify\">En el caso de las conclusiones de las portadas escogidas de este a\u00f1o, todas ellas se refieren al mismo suceso, es decir, el Golpe de Estado producido el 23 de febrero de 1981, aunque la edici\u00f3n de las portadas es del d\u00eda posterior a este suceso. Sin embargo, el pretendido plan golpista qued\u00f3 bastante frustrado cuando el monarca Juan Carlos I, del que esperaban medallas por este golpe de estado, les contest\u00f3 condenado el golpe por televisi\u00f3n y, por tanto dando una imagen p\u00fablica del rechazo a este suceso, sentenciando el fracaso de la operaci\u00f3n. Por otro lado, podemos observar que uno de los principales sospechosos de encabezar este intento de golpe de estado y que se reflejar\u00e1 al a\u00f1o siguiente en el juicio, fue el teniente coronel Antonio Tejero, que como hemos visto ya se encontraba implicado en operaciones para dar el poder a los militares mediante un golpe de estado en la llamada &#8220;Operaci\u00f3n Galaxia&#8221;.<\/p>\n<p style=\"text-align: justify\">Por otro lado, respecto a las portadas podemos encontrar que dos de los cuatro diarios seleccionados poseen la misma ilustraci\u00f3n, es decir, nos referimos a los peri\u00f3dicos <em>ABC<\/em> y <em>Diario 16<\/em> aunque, posteriormente el peri\u00f3dico <em>El Pa\u00eds<\/em> incluir\u00e1 esta imagen referida a los fot\u00f3grafos de la agencia EFE, que eran los se\u00f1ores Barriopedro y S\u00e1nchez de Le\u00f3n y, que este peri\u00f3dico recogi\u00f3 en su edici\u00f3n especial, ya que la que exponemos corresponde a la primera edici\u00f3n del mismo d\u00eda del suceso. Por otro, lado este peri\u00f3dico expuso esta edici\u00f3n de urgencia defendiendo la Constituci\u00f3n seg\u00fan los mandatos del director de <em>El Pa\u00eds<\/em> Juan Lu\u00eds Cebri\u00e1n. Aunque, exist\u00eda una pugna entre el <em>Diario 16<\/em> y <em>El Pa\u00eds<\/em> por ver qui\u00e9n expon\u00eda este suceso y quien sacaba antes la primera edici\u00f3n, el primer diario decidi\u00f3 esperar, exponiendo entonces en su portada y, que se refleja aqu\u00ed, el fracaso del golpe mientras que el peri\u00f3dico ABC expuso una r\u00e1pida edici\u00f3n de pr\u00e1ctica coincidencia con los hechos y que se refleja con la portada\u00a0que hemos seleccionado. Por \u00faltimo, en el caso del peri\u00f3dico <em>El Alc\u00e1zar<\/em>, durante ese d\u00eda la polic\u00eda bloque\u00f3 la sede del peri\u00f3dico para evitar que saliera un manifiesto en favor de los golpistas, por lo que tras el &#8220;secuestro&#8221; de la redacci\u00f3n del peri\u00f3dico, no sali\u00f3 a la luz ning\u00fan manifiesto y la edici\u00f3n de la portada no lleg\u00f3 hasta dos d\u00edas m\u00e1s tarde con titulares del discurso del rey Juan Carlos I en televisi\u00f3n y del congreso.<\/p>\n<p style=\"text-align: justify\">Por \u00faltimo, en cuanto al an\u00e1lisis morfol\u00f3gico podemos destacar que dos diarios recurren a las ilustraciones para explicar este suceso, es decir, <em>ABC<\/em> y <em>Diario 16<\/em> aunque, en el caso del segundo destaca m\u00e1s por el titular. Por otro lado, los otros dos peri\u00f3dicos recurren m\u00e1s a los titulares que a las ilustraciones, debido al formato que presentan ambos peri\u00f3dicos.<\/p>\n","protected":false},"excerpt":{"rendered":"<p>Morfolog\u00eda del Peri\u00f3dico Portadas analizadas correspondientes al a\u00f1o\u00a01981 ABC Esta edici\u00f3n del peri\u00f3dico ABC est\u00e1 compuesta principalmente\u00a0por ilustraciones y que ocupan la mayor parte del espacio de contenido de la portada, superando claramente el 85% de la misma, exactamente un 86&#8217;9% y que, por ello debe llamarnos la atenci\u00f3n,\u00a0debido a que se trata de una [&hellip;]<\/p>\n","protected":false},"author":2838,"featured_media":0,"parent":11,"menu_order":0,"comment_status":"closed","ping_status":"closed","template":"","meta":{"footnotes":""},"class_list":["post-49","page","type-page","status-publish","hentry"],"_links":{"self":[{"href":"https:\/\/blogs.ua.es\/prensahistorica23f\/wp-json\/wp\/v2\/pages\/49","targetHints":{"allow":["GET"]}}],"collection":[{"href":"https:\/\/blogs.ua.es\/prensahistorica23f\/wp-json\/wp\/v2\/pages"}],"about":[{"href":"https:\/\/blogs.ua.es\/prensahistorica23f\/wp-json\/wp\/v2\/types\/page"}],"author":[{"embeddable":true,"href":"https:\/\/blogs.ua.es\/prensahistorica23f\/wp-json\/wp\/v2\/users\/2838"}],"replies":[{"embeddable":true,"href":"https:\/\/blogs.ua.es\/prensahistorica23f\/wp-json\/wp\/v2\/comments?post=49"}],"version-history":[{"count":11,"href":"https:\/\/blogs.ua.es\/prensahistorica23f\/wp-json\/wp\/v2\/pages\/49\/revisions"}],"predecessor-version":[{"id":280,"href":"https:\/\/blogs.ua.es\/prensahistorica23f\/wp-json\/wp\/v2\/pages\/49\/revisions\/280"}],"up":[{"embeddable":true,"href":"https:\/\/blogs.ua.es\/prensahistorica23f\/wp-json\/wp\/v2\/pages\/11"}],"wp:attachment":[{"href":"https:\/\/blogs.ua.es\/prensahistorica23f\/wp-json\/wp\/v2\/media?parent=49"}],"curies":[{"name":"wp","href":"https:\/\/api.w.org\/{rel}","templated":true}]}}