{"id":51,"date":"2015-12-01T16:44:00","date_gmt":"2015-12-01T16:44:00","guid":{"rendered":"https:\/\/blogs.ua.es\/prensahistorica23f\/?page_id=51"},"modified":"2015-12-03T16:08:06","modified_gmt":"2015-12-03T16:08:06","slug":"3-4-1982","status":"publish","type":"page","link":"https:\/\/blogs.ua.es\/prensahistorica23f\/analisis-morfologico\/3-4-1982\/","title":{"rendered":"3.4. 1982"},"content":{"rendered":"<h2><span style=\"text-decoration: underline\"><strong>Morfolog\u00eda del Peri\u00f3dico<\/strong><\/span><\/h2>\n<p>Portadas analizadas correspondiente al a\u00f1o 1982<\/p>\n<table>\n<tbody>\n<tr>\n<td><a href=\"https:\/\/blogs.ua.es\/prensahistorica23f\/files\/2015\/12\/ABC-05.02.1982-pagina-001-1.jpg\"><img loading=\"lazy\" decoding=\"async\" class=\"alignnone size-medium wp-image-268\" src=\"https:\/\/blogs.ua.es\/prensahistorica23f\/files\/2015\/12\/ABC-05.02.1982-pagina-001-1-214x300.jpg\" alt=\"\" width=\"214\" height=\"300\" srcset=\"https:\/\/blogs.ua.es\/prensahistorica23f\/files\/2015\/12\/ABC-05.02.1982-pagina-001-1-214x300.jpg 214w, https:\/\/blogs.ua.es\/prensahistorica23f\/files\/2015\/12\/ABC-05.02.1982-pagina-001-1-732x1024.jpg 732w, https:\/\/blogs.ua.es\/prensahistorica23f\/files\/2015\/12\/ABC-05.02.1982-pagina-001-1.jpg 1796w\" sizes=\"auto, (max-width: 214px) 100vw, 214px\" \/><\/a><\/td>\n<td><a href=\"https:\/\/blogs.ua.es\/prensahistorica23f\/files\/2015\/12\/Portada-Tejero-1982-diario-161.jpg\"><img loading=\"lazy\" decoding=\"async\" class=\"alignnone size-medium wp-image-270\" src=\"https:\/\/blogs.ua.es\/prensahistorica23f\/files\/2015\/12\/Portada-Tejero-1982-diario-161-215x300.jpg\" alt=\"\" width=\"215\" height=\"300\" srcset=\"https:\/\/blogs.ua.es\/prensahistorica23f\/files\/2015\/12\/Portada-Tejero-1982-diario-161-215x300.jpg 215w, https:\/\/blogs.ua.es\/prensahistorica23f\/files\/2015\/12\/Portada-Tejero-1982-diario-161-733x1024.jpg 733w, https:\/\/blogs.ua.es\/prensahistorica23f\/files\/2015\/12\/Portada-Tejero-1982-diario-161.jpg 1146w\" sizes=\"auto, (max-width: 215px) 100vw, 215px\" \/><\/a><a href=\"https:\/\/blogs.ua.es\/prensahistorica23f\/files\/2015\/12\/Portada-el-Pa\u00eds-5-febrero-19821.jpg\"><img loading=\"lazy\" decoding=\"async\" class=\"alignnone size-medium wp-image-271\" src=\"https:\/\/blogs.ua.es\/prensahistorica23f\/files\/2015\/12\/Portada-el-Pa\u00eds-5-febrero-19821-208x300.jpg\" alt=\"Portada el Pa\u00eds 5 febrero 1982\" width=\"208\" height=\"300\" srcset=\"https:\/\/blogs.ua.es\/prensahistorica23f\/files\/2015\/12\/Portada-el-Pa\u00eds-5-febrero-19821-208x300.jpg 208w, https:\/\/blogs.ua.es\/prensahistorica23f\/files\/2015\/12\/Portada-el-Pa\u00eds-5-febrero-19821.jpg 409w\" sizes=\"auto, (max-width: 208px) 100vw, 208px\" \/><\/a><\/td>\n<\/tr>\n<\/tbody>\n<\/table>\n<h3 style=\"text-align: justify\"><\/h3>\n<h3 style=\"text-align: justify\"><span style=\"text-decoration: underline\"><strong>ABC<\/strong><\/span><\/h3>\n<p style=\"text-align: justify\">El peri\u00f3dico <em>ABC<\/em>\u00a0est\u00e1 pr\u00e1cticamente en su totalidad\u00a0ilustraciones, ocupando un m\u00e1s del 70% de la portada del peri\u00f3dico, espec\u00edficamente, un 76&#8217;3% debido al formato de este y, posiblemente para llamara la atenci\u00f3n del lector. Aunque, por otro lado, si observamos la portada del mismo, que es el principal objeto del estudio realizado en este blog percibimos que la secci\u00f3n ocupada por la cabecera y, que incluye el t\u00edtulo, la fecha y el sello, no ocupa un espacio destacado en la portada, concr\u00e9tamente, un 4&#8217;3% de la misma. Por otra parte, en el an\u00e1lisis de los titulares, podemos observar que ocupan tambi\u00e9n muy poco espacio, abarcando un porcentaje de 7&#8217;4%.\u00a0Dejando atr\u00e1s el t\u00edtulo del peri\u00f3dico, tras la lectura de la portada y sus contenidos, nos encontramos con\u00a0una total ausencia de publicidad.<\/p>\n<p style=\"text-align: justify\">Por \u00faltimo, en el an\u00e1lisis de la portada debemos se\u00f1alar el \u00e1mbito que ocupan el contenido del texto y el contenido del mismo y, que en este caso corresponde en exclusividad al \u00e1mbito nacional. En el caso de los contenidos, observamos una presencia muy relevante de titulares relacionados con un contenido religioso, ocupando un 3&#8217;2%, mientras que un 3,1% podr\u00eda adscribirse a un contenido judicial.<\/p>\n<h3 style=\"text-align: justify\"><span style=\"text-decoration: underline\"><strong>Diario 16<\/strong><\/span><\/h3>\n<p style=\"text-align: justify\">Esta edici\u00f3n se encuentra ocupada en su mayor\u00eda por titulares y texto, ya que ambos ocupan m\u00e1s del 50% de la portada, concr\u00e9tamente, ocupan un 26&#8217;2% y un 29&#8217;9% respectivamente en la portada del peri\u00f3dico aunque, tambi\u00e9n debemos se\u00f1alar las ilustraciones, que ocupan un 26, 1%. Por otro lado, tambi\u00e9n podemos se\u00f1alar la ausencia de publicidad. El \u00faltimo elemento que debemos se\u00f1alar corresponde a los subtitulares, que ocupan un 3&#8217;6% del total de la portada.<\/p>\n<p style=\"text-align: justify\">Por \u00faltimo, en el an\u00e1lisis de la portada debemos se\u00f1alar el \u00e1mbito que ocupan el contenido del texto y el contenido del mismo y, que en este caso corresponde en exclusividad al \u00e1mbito nacional. En el caso de los contenidos, observamos una presencia muy relevante de titulares relacionados con un contenido judicial, ocupando un 15&#8217;4%, mientras que un 8&#8217;9% podr\u00eda adscribirse a un contenido pol\u00edtico. Aunque, tambi\u00e9n podemos observar de manera \u00ednfima la presencia de contenido militar en un porcentaje de 1&#8217;1%<\/p>\n<h3 style=\"text-align: justify\"><span style=\"text-decoration: underline\"><strong>EL Pa\u00eds<\/strong><\/span><\/h3>\n<p style=\"text-align: justify\">La edici\u00f3n de la portada del peri\u00f3dico\u00a0<em>El Pa\u00eds<\/em> est\u00e1 pr\u00e1cticamente ocupado en su totalidad por titulares y texto,\u00a0ocupando un m\u00e1s del 50% de la portada del peri\u00f3dico, espec\u00edficamente un 14&#8217;8% y un 42&#8217;7% respectivamente. Aunque, por otro lado, si observamos la portada del mismo, que es el principal objeto del estudio realizado en este blog percibimos que la secci\u00f3n ocupada por la cabecera y, incluye el t\u00edtulo, la fecha, el precio y el a\u00f1o y n\u00famero de edici\u00f3n, la direcci\u00f3n del peri\u00f3dico, la redacci\u00f3n y su direcci\u00f3n y, el director\u00a0y\u00a0el tel\u00e9fono del peri\u00f3dico, ocupa un 12&#8217;3%. Por otra parte, en el an\u00e1lisis de los subtitulares, podemos observar que ocupan \u00a0muy poco espacio, abarcando un porcentaje de 4&#8217;7%. Por otro lado, podemos observar que las ilustraciones ocupan un 16&#8217;7%. Dejando atr\u00e1s el t\u00edtulo del peri\u00f3dico, tras la lectura de la portada y sus contenidos, nos encontramos con la publicidad, que ocupa un 8&#8217;8%.<\/p>\n<p style=\"text-align: justify\">Por \u00faltimo, en el an\u00e1lisis de la portada debemos se\u00f1alar el \u00e1mbito que ocupan el contenido del texto y el contenido del mismo y, que en este caso corresponde en exclusividad al \u00e1mbito nacional. En el caso de los contenidos, observamos una presencia muy relevante de titulares relacionados con un contenido social, ocupando un 11&#8217;2%, mientras que un 10&#8217;1% podr\u00eda adscribirse a un contenido econ\u00f3mico. Tambi\u00e9n, trata un contenido judicial en su mayor parte, ocupando un 15&#8217;6% y una \u00ednfima parte trata de un contenido pol\u00edtico, concr\u00e9tamente un 5&#8217;5%.<\/p>\n<h3 style=\"text-align: justify\"><span style=\"text-decoration: underline\"><strong>Conclusiones comparativas<\/strong><\/span><\/h3>\n<p>En el caso de lo peri\u00f3dicos seleccionados, los tres comentan titulares sobre el juicio por el intento del golpe de estado del a\u00f1o anterior y, en el que estuvo implicado el teniente coronel Tejero aunque, solamente el peri\u00f3dico Diario 16, le da un aspecto relevante con un titular en su portada pr\u00e1cticamente sobre ello mientras que, los otros dos peri\u00f3dico, es decir, <em>ABC<\/em> y <em>El Pa\u00eds<\/em>, lo pasan a un segundo plano.<\/p>\n<p>Por otra parte, en relaci\u00f3n con la estructura morfol\u00f3gica de los peri\u00f3dicos podemos observar que el peri\u00f3dico <em>ABC<\/em> y el <em>Diario 16<\/em>, mantienen sus formatos caracter\u00edsticos, es decir, destacando las im\u00e1genes en el caso del primero y dando prioridad a las ilustraciones y los titulares el segundo, mientras que el \u00faltimo peri\u00f3dico continua el formato de divisi\u00f3n de columnas. Por \u00faltimo, en cuanto al contenido podemos observar que los peri\u00f3dicos dan prioridad a diferente contenido, ya que mientras que el <em>ABC<\/em> sigue su ideolog\u00eda como peri\u00f3dico, es decir, religioso y judicial; el \u00faltimo peri\u00f3dico da prioridad a un contenido judicial, econ\u00f3mico y social.<\/p>\n","protected":false},"excerpt":{"rendered":"<p>Morfolog\u00eda del Peri\u00f3dico Portadas analizadas correspondiente al a\u00f1o 1982 ABC El peri\u00f3dico ABC\u00a0est\u00e1 pr\u00e1cticamente en su totalidad\u00a0ilustraciones, ocupando un m\u00e1s del 70% de la portada del peri\u00f3dico, espec\u00edficamente, un 76&#8217;3% debido al formato de este y, posiblemente para llamara la atenci\u00f3n del lector. Aunque, por otro lado, si observamos la portada del mismo, que es [&hellip;]<\/p>\n","protected":false},"author":2838,"featured_media":0,"parent":11,"menu_order":0,"comment_status":"closed","ping_status":"closed","template":"","meta":{"footnotes":""},"class_list":["post-51","page","type-page","status-publish","hentry"],"_links":{"self":[{"href":"https:\/\/blogs.ua.es\/prensahistorica23f\/wp-json\/wp\/v2\/pages\/51","targetHints":{"allow":["GET"]}}],"collection":[{"href":"https:\/\/blogs.ua.es\/prensahistorica23f\/wp-json\/wp\/v2\/pages"}],"about":[{"href":"https:\/\/blogs.ua.es\/prensahistorica23f\/wp-json\/wp\/v2\/types\/page"}],"author":[{"embeddable":true,"href":"https:\/\/blogs.ua.es\/prensahistorica23f\/wp-json\/wp\/v2\/users\/2838"}],"replies":[{"embeddable":true,"href":"https:\/\/blogs.ua.es\/prensahistorica23f\/wp-json\/wp\/v2\/comments?post=51"}],"version-history":[{"count":6,"href":"https:\/\/blogs.ua.es\/prensahistorica23f\/wp-json\/wp\/v2\/pages\/51\/revisions"}],"predecessor-version":[{"id":281,"href":"https:\/\/blogs.ua.es\/prensahistorica23f\/wp-json\/wp\/v2\/pages\/51\/revisions\/281"}],"up":[{"embeddable":true,"href":"https:\/\/blogs.ua.es\/prensahistorica23f\/wp-json\/wp\/v2\/pages\/11"}],"wp:attachment":[{"href":"https:\/\/blogs.ua.es\/prensahistorica23f\/wp-json\/wp\/v2\/media?parent=51"}],"curies":[{"name":"wp","href":"https:\/\/api.w.org\/{rel}","templated":true}]}}