{"id":7,"date":"2015-11-28T17:50:25","date_gmt":"2015-11-28T17:50:25","guid":{"rendered":"https:\/\/blogs.ua.es\/prensahistorica23f\/?page_id=7"},"modified":"2015-12-03T00:13:21","modified_gmt":"2015-12-03T00:13:21","slug":"presentacion","status":"publish","type":"page","link":"https:\/\/blogs.ua.es\/prensahistorica23f\/","title":{"rendered":"1. Presentaci\u00f3n del blog"},"content":{"rendered":"<p style=\"text-align: justify\">En primer lugar, hemos de se\u00f1alar que este\u00a0blog se encuadra dentro de la asignatura de Metodolog\u00eda II en el cuarto curso del Grado de Historia de la Universidad de Alicante y, posee el objetivo del\u00a0an\u00e1lisis de las portadas de peri\u00f3dicos desde 1978 a 1982, para analizar las portadas cuyo contenido o parte del contenido pose\u00edan relaci\u00f3n con el teniente coronel Antonio Tejero Molina y con alg\u00fan movimiento de los militares en el \u00e1mbito nacional. Concretamente, estas portadas se enmarcan dentro de la Operaci\u00f3n Galaxia, donde uno de los implicados fue este teniente coronel que hemos nombrado, el Golpe de Estado del 23 de febrero de 1981, de ah\u00ed el t\u00edtulo de nuestro blog y la elecci\u00f3n de nuestras portadas y, finalmente el juicio llevado a cabo por el intento de este golpe de estado.<\/p>\n<p style=\"text-align: justify\">En cuanto a los peri\u00f3dico escogidos, hemos seleccionado los siguientes que citaremos a continuaci\u00f3n.\u00a0<em>El Pa\u00eds<\/em>, <em>Diario 16<\/em>, <em>El Alc\u00e1zar<\/em> y <em>ABC<\/em> se enmarcan dentro del Golpe de Estado de 1981. Respecto al peri\u00f3dico <em>Deia<\/em>, se encuadra dentro de la operaci\u00f3n Galaxia y los movimientos de los militares, junto con los mencionados peri\u00f3dicos <em>El Pa\u00eds<\/em> y <em>ABC<\/em>. Finalmente, en el contexto del juicio por el golpe de estado de 1981, hemos seleccionado los peri\u00f3dico citados anteriormente <em>El Pa\u00eds<\/em>, <em>Diario 16<\/em> y <em>ABC<\/em>.<\/p>\n<p style=\"text-align: justify\">Por otro lado, se ha estructurado el blog en 6 grandes apartados, por lo que primero consta de una <strong>presentaci\u00f3n<\/strong> que figura en este mismo apartado, despu\u00e9s la <strong>metodolog\u00eda y conceptos<\/strong>, en el que hemos expuesto el m\u00e9todo de trabajo seguido y algunas modificaciones realizadas respecto al sistema que alude Kayser en su obra citada en la bibliograf\u00eda para la realizaci\u00f3n del an\u00e1lisis morfol\u00f3gico de las portadas, seguidamente hemos incorporado el apartado de <strong>fichas t\u00e9cnicas<\/strong>, en el cual, se han a\u00f1adido cuatro subapartados que corresponden a las fichas t\u00e9cnicas de cada peri\u00f3dico de manera espec\u00edfica y ordenadas alfab\u00e9ticamente. A continuaci\u00f3n, hemos puesto el apartado que corresponde al <strong>an\u00e1lisis morfol\u00f3gico<\/strong> de las portadas, donde encontramos la morfolog\u00eda de los peri\u00f3dicos seleccionados, las comparaciones efectuadas en aquellos casos donde se pod\u00eda realizar y, por otro lado, se ha organizado este apartado de manera cronol\u00f3gica. \u00a0El siguiente apartado denominado <strong>conclusiones<\/strong> y que podemos observar en el blog corresponde a las conclusiones finales efectuadas tras la comparaci\u00f3n de los peri\u00f3dicos que, como hemos dicho anteriormente, estas se han podido establecer en aquellas portadas que se pod\u00eda realizar dicha comparaci\u00f3n. Por \u00faltimo, encontramos el apartado correspondiente a la <strong>bibliograf\u00eda<\/strong>, en el que aparecen los libros que hemos recurrido para el desarrollo del trabajo.<\/p>\n<p style=\"text-align: justify\">Por otra parte, en la parte derecha del blog hemos creado una secci\u00f3n denominada categor\u00edas, en el que figuran ilustraciones de portadas de los peri\u00f3dicos seleccionados para el trabajo, adem\u00e1s de los gr\u00e1ficos y la tabla de elementos de cada peri\u00f3dico, seg\u00fan la divisi\u00f3n cronol\u00f3gica establecida en el an\u00e1lisis morfol\u00f3gico mencionado anteriormente.<\/p>\n<p style=\"text-align: justify\">Finalmente, hemos de\u00a0nombrar a los componentes del grupo que han realizado este blog:\u00a0Vicente Manuel Mart\u00ednez Muela, Carlos Moreno Ponce, David Pag\u00e1n Esteve, Adri\u00e1n Paya Medrano y Alfredo Alejandro Romeu Santacreu.<\/p>\n","protected":false},"excerpt":{"rendered":"<p>En primer lugar, hemos de se\u00f1alar que este\u00a0blog se encuadra dentro de la asignatura de Metodolog\u00eda II en el cuarto curso del Grado de Historia de la Universidad de Alicante y, posee el objetivo del\u00a0an\u00e1lisis de las portadas de peri\u00f3dicos desde 1978 a 1982, para analizar las portadas cuyo contenido o parte del contenido pose\u00edan [&hellip;]<\/p>\n","protected":false},"author":2838,"featured_media":0,"parent":0,"menu_order":1,"comment_status":"closed","ping_status":"closed","template":"","meta":{"footnotes":""},"class_list":["post-7","page","type-page","status-publish","hentry"],"_links":{"self":[{"href":"https:\/\/blogs.ua.es\/prensahistorica23f\/wp-json\/wp\/v2\/pages\/7","targetHints":{"allow":["GET"]}}],"collection":[{"href":"https:\/\/blogs.ua.es\/prensahistorica23f\/wp-json\/wp\/v2\/pages"}],"about":[{"href":"https:\/\/blogs.ua.es\/prensahistorica23f\/wp-json\/wp\/v2\/types\/page"}],"author":[{"embeddable":true,"href":"https:\/\/blogs.ua.es\/prensahistorica23f\/wp-json\/wp\/v2\/users\/2838"}],"replies":[{"embeddable":true,"href":"https:\/\/blogs.ua.es\/prensahistorica23f\/wp-json\/wp\/v2\/comments?post=7"}],"version-history":[{"count":8,"href":"https:\/\/blogs.ua.es\/prensahistorica23f\/wp-json\/wp\/v2\/pages\/7\/revisions"}],"predecessor-version":[{"id":187,"href":"https:\/\/blogs.ua.es\/prensahistorica23f\/wp-json\/wp\/v2\/pages\/7\/revisions\/187"}],"wp:attachment":[{"href":"https:\/\/blogs.ua.es\/prensahistorica23f\/wp-json\/wp\/v2\/media?parent=7"}],"curies":[{"name":"wp","href":"https:\/\/api.w.org\/{rel}","templated":true}]}}