{"id":15,"date":"2016-11-08T18:01:49","date_gmt":"2016-11-08T18:01:49","guid":{"rendered":"https:\/\/blogs.ua.es\/prensaperiodica11s\/?page_id=15"},"modified":"2016-11-29T18:42:03","modified_gmt":"2016-11-29T18:42:03","slug":"bibliografia","status":"publish","type":"page","link":"https:\/\/blogs.ua.es\/prensaperiodica11s\/bibliografia\/","title":{"rendered":"Bibliograf\u00eda"},"content":{"rendered":"<p>Para la elaboraci\u00f3n de nuestro trabajo hemos recurrido a la siguiente bibliograf\u00eda:<\/p>\n<ul>\n<li><span id=\"js-reference-string-0\" class=\"selectable\">Kayser, J. (1966). <i>El perio\u0301dico<\/i>. 3\u00aa ed. Ecuador: CIESPAL. Centro Internacional de Estudios Superiores de Periodismo para America.<\/span><\/li>\n<li style=\"text-align: justify\"><span id=\"js-reference-string-0\" class=\"selectable\">Abc.es (2016). <i>Hemeroteca de ABC<\/i>. [en l\u00ednea] Disponible en: http:\/\/hemeroteca.abc.es\/ [se accedi\u00f3 el 3 de noviembre de 2016].<\/span><\/li>\n<li style=\"text-align: justify\"><span id=\"js-reference-string-2\" class=\"selectable\">Elpa\u00eds.com (2016). <i>Portadas de EL PA\u00cdS<\/i>. [en l\u00ednea]. Disponible en: http:\/\/elpais.com\/hemeroteca\/elpais\/portadas\/ [Se accedi\u00f3 el 3 de noviembre de 2016].<\/span><\/li>\n<li style=\"text-align: justify\"><span id=\"js-reference-string-0\" class=\"selectable\">Nytimes.com (2016). <i>Front Page New York Times Reprint<\/i>. [en l\u00ednea] Disponible en: https:\/\/www.nytimes.com\/store\/front-page-new-york-times-reprint-nskeep.html [Se accedi\u00f3 el 3 de noviembre de 2016].<\/span><span id=\"js-reference-string-5\" class=\"selectable\"><\/span><\/li>\n<li style=\"text-align: justify\"><span id=\"js-reference-string-3\" class=\"selectable\">Nytco.com. (2016). <i>Our History | The New York Times Company<\/i>. [en l\u00ednea] Disponible en: http:\/\/www.nytco.com\/who-we-are\/culture\/our-history\/ [Se accedi\u00f3 el 13 de noviembre de 2016].<\/span><\/li>\n<li style=\"text-align: justify\"><span id=\"js-reference-string-4\" class=\"selectable\">Ennead.com. (2016). <i>The New York Times Printing Plant<\/i>. [en l\u00ednea] Disponible en: http:\/\/www.ennead.com\/work\/nytimes [Se accedi\u00f3 el 14 de noviembre de 2016].<\/span><\/li>\n<\/ul>\n<p style=\"text-align: justify\"><span id=\"js-reference-string-3\" class=\"selectable\">\u00a0<\/span><\/p>\n","protected":false},"excerpt":{"rendered":"<p>Para la elaboraci\u00f3n de nuestro trabajo hemos recurrido a la siguiente bibliograf\u00eda: Kayser, J. (1966). El perio\u0301dico. 3\u00aa ed. Ecuador: CIESPAL. Centro Internacional de Estudios Superiores de Periodismo para America. Abc.es (2016). Hemeroteca de ABC. [en l\u00ednea] Disponible en: http:\/\/hemeroteca.abc.es\/ &hellip; <a href=\"https:\/\/blogs.ua.es\/prensaperiodica11s\/bibliografia\/\">Continue reading <span class=\"meta-nav\">&rarr;<\/span><\/a><\/p>\n","protected":false},"author":3264,"featured_media":0,"parent":0,"menu_order":6,"comment_status":"closed","ping_status":"closed","template":"","meta":{"footnotes":""},"class_list":["post-15","page","type-page","status-publish","hentry"],"_links":{"self":[{"href":"https:\/\/blogs.ua.es\/prensaperiodica11s\/wp-json\/wp\/v2\/pages\/15","targetHints":{"allow":["GET"]}}],"collection":[{"href":"https:\/\/blogs.ua.es\/prensaperiodica11s\/wp-json\/wp\/v2\/pages"}],"about":[{"href":"https:\/\/blogs.ua.es\/prensaperiodica11s\/wp-json\/wp\/v2\/types\/page"}],"author":[{"embeddable":true,"href":"https:\/\/blogs.ua.es\/prensaperiodica11s\/wp-json\/wp\/v2\/users\/3264"}],"replies":[{"embeddable":true,"href":"https:\/\/blogs.ua.es\/prensaperiodica11s\/wp-json\/wp\/v2\/comments?post=15"}],"version-history":[{"count":8,"href":"https:\/\/blogs.ua.es\/prensaperiodica11s\/wp-json\/wp\/v2\/pages\/15\/revisions"}],"predecessor-version":[{"id":359,"href":"https:\/\/blogs.ua.es\/prensaperiodica11s\/wp-json\/wp\/v2\/pages\/15\/revisions\/359"}],"wp:attachment":[{"href":"https:\/\/blogs.ua.es\/prensaperiodica11s\/wp-json\/wp\/v2\/media?parent=15"}],"curies":[{"name":"wp","href":"https:\/\/api.w.org\/{rel}","templated":true}]}}