{"id":176,"date":"2016-11-26T10:40:01","date_gmt":"2016-11-26T10:40:01","guid":{"rendered":"https:\/\/blogs.ua.es\/prensaperiodica11s\/?page_id=176"},"modified":"2016-11-29T17:17:42","modified_gmt":"2016-11-29T17:17:42","slug":"conclusiones","status":"publish","type":"page","link":"https:\/\/blogs.ua.es\/prensaperiodica11s\/conclusiones\/","title":{"rendered":"Conclusiones"},"content":{"rendered":"<p style=\"text-align: justify\">A la hora de establecer las conclusiones finales, hemos tenido en cuenta en primer lugar, el nivel de dificultad con el que nos hemos encontrado a la hora de obtener las portadas de los distintos peri\u00f3dicos empleados. Bien es cierto que el an\u00e1lisis de prensa hist\u00f3rica ha girado en torno a dos peri\u00f3dicos nacionales, en este caso <em>ABC<\/em> y <em>El Pa\u00eds<\/em>, y uno local al suceso que hemos tratado, es decir, el 11S, que no es ni m\u00e1s ni menos que el prestigioso diario <em>The New York Times<\/em>.<\/p>\n<p style=\"text-align: justify\">A pesar de ello, en un primer momento se plante\u00f3 la elecci\u00f3n de otros diarios de corte o tipolog\u00eda nacional, como vienen siendo <em>El Mundo, El Peri\u00f3dico<\/em>, o incluso <em>La Vanguardia<\/em>, a los que pod\u00edamos haber sumado alguno regional como el diario Informaci\u00f3n. La exclusi\u00f3n de estos diarios fue fruto de la gran dificultad para la b\u00fasqueda de las portadas necesarias en funci\u00f3n a la elaboraci\u00f3n del blog en torno a los acontecimientos desarrollados en la ma\u00f1ana del 11 de septiembre de 2001. Mientras que unos no contaban con una hemeroteca digital que diera acceso a las portadas necesarias, otros diarios no permit\u00edan su libre acceso a las mismas, debiendo abonar previamente una importante cantidad de dinero como medio para acceder al contenido necesario.<\/p>\n<p style=\"text-align: justify\">Es por ello por lo que a partir de este par\u00e9ntesis, cambi\u00f3 la manera en la que antes se conceb\u00eda la creaci\u00f3n y desarrollo del blog, y se decidi\u00f3 incluir los dos peri\u00f3dicos nacionales ya citados con anterioridad, que s\u00ed permiten una accesibilidad y disponibilidad completa en cuanto a las portadas que hemos trabajado. La suma a ellos de <em>The New York Times<\/em> tuvo como finalidad la muestra del contraste de la noticia en el plano internacional, pero tambi\u00e9n local, pues fue en la ciudad de Nueva York donde ocurrieron los hechos a partir de los cuales versa el blog. Tambi\u00e9n se pretende evidenciar y llamar a la gran importancia que tuvo el hecho en toda la prensa mundial.<\/p>\n<p style=\"text-align: justify\">Otro elemento a tener en cuenta en la elaboraci\u00f3n del blog ha sido la coincidencia a la hora de dar la informaci\u00f3n por todos los diarios de prensa utilizados. Si bien el aspecto de la portada, as\u00ed como el contenido, y la forma externa pueden variar, no lo hace tanto la forma interna. Lo que se pretende evidenciar a partir de aqu\u00ed es que todos los peri\u00f3dicos a la hora de hacer alusi\u00f3n a los hechos sucedidos el 11S, pueden cambiar un titular, una imagen, etc. Pero el contenido en cuesti\u00f3n, los mensajes, y la expresi\u00f3n siempre es la misma. As\u00ed por ejemplo, destaca una un\u00e1nime lucha contra el terrorismo, o el deseo de atrapar al l\u00edder terrorista de la c\u00e9lula que llev\u00f3 a cabo los atentados sobre las torres gemelas.<\/p>\n<p style=\"text-align: justify\">Por \u00faltimo, consideramos algo imprescindible comentar el porqu\u00e9 de la elecci\u00f3n de este hecho y no de otro, lo cual atiende a un n\u00famero de razones. En primer lugar, podemos destacar la consideraci\u00f3n de este hecho, que constituye sin duda uno de los hechos m\u00e1s impactantes del reci\u00e9n inaugurado siglo XXI. Por otro lado, la importancia y las repercusiones que trajo consigo, las cuales han nutrido y siguen nutriendo a la prensa internacional, lo cual aseguraba un buen fondo o fuente de informaci\u00f3n de cara a la elaboraci\u00f3n del blog. Finalmente, otra raz\u00f3n que condicion\u00f3 la elecci\u00f3n de este tema y no de otro, fue que adem\u00e1s de ser algo reciente, que conocemos de primera mano por ser coet\u00e1neos al acontecimiento en cuesti\u00f3n, constituye uno de los temas poco estudiados en materia de historia, ya no solo a nivel escolar, sino tambi\u00e9n universitario, por lo que no est\u00e1 de m\u00e1s mirar de vez en cuando hacia hechos que suelen dejarse de lado por ser algo de nuestros d\u00edas, o incluso por falta de tiempo.<\/p>\n","protected":false},"excerpt":{"rendered":"<p>A la hora de establecer las conclusiones finales, hemos tenido en cuenta en primer lugar, el nivel de dificultad con el que nos hemos encontrado a la hora de obtener las portadas de los distintos peri\u00f3dicos empleados. Bien es cierto &hellip; <a href=\"https:\/\/blogs.ua.es\/prensaperiodica11s\/conclusiones\/\">Continue reading <span class=\"meta-nav\">&rarr;<\/span><\/a><\/p>\n","protected":false},"author":3264,"featured_media":0,"parent":0,"menu_order":5,"comment_status":"closed","ping_status":"closed","template":"","meta":{"footnotes":""},"class_list":["post-176","page","type-page","status-publish","hentry"],"_links":{"self":[{"href":"https:\/\/blogs.ua.es\/prensaperiodica11s\/wp-json\/wp\/v2\/pages\/176","targetHints":{"allow":["GET"]}}],"collection":[{"href":"https:\/\/blogs.ua.es\/prensaperiodica11s\/wp-json\/wp\/v2\/pages"}],"about":[{"href":"https:\/\/blogs.ua.es\/prensaperiodica11s\/wp-json\/wp\/v2\/types\/page"}],"author":[{"embeddable":true,"href":"https:\/\/blogs.ua.es\/prensaperiodica11s\/wp-json\/wp\/v2\/users\/3264"}],"replies":[{"embeddable":true,"href":"https:\/\/blogs.ua.es\/prensaperiodica11s\/wp-json\/wp\/v2\/comments?post=176"}],"version-history":[{"count":6,"href":"https:\/\/blogs.ua.es\/prensaperiodica11s\/wp-json\/wp\/v2\/pages\/176\/revisions"}],"predecessor-version":[{"id":334,"href":"https:\/\/blogs.ua.es\/prensaperiodica11s\/wp-json\/wp\/v2\/pages\/176\/revisions\/334"}],"wp:attachment":[{"href":"https:\/\/blogs.ua.es\/prensaperiodica11s\/wp-json\/wp\/v2\/media?parent=176"}],"curies":[{"name":"wp","href":"https:\/\/api.w.org\/{rel}","templated":true}]}}