{"id":8,"date":"2016-11-08T17:59:43","date_gmt":"2016-11-08T17:59:43","guid":{"rendered":"https:\/\/blogs.ua.es\/prensaperiodica11s\/?page_id=8"},"modified":"2016-11-30T19:49:21","modified_gmt":"2016-11-30T19:49:21","slug":"analisis-morfologico","status":"publish","type":"page","link":"https:\/\/blogs.ua.es\/prensaperiodica11s\/analisis-morfologico\/","title":{"rendered":"An\u00e1lisis Morfol\u00f3gico"},"content":{"rendered":"<p style=\"text-align: justify\">En esta secci\u00f3n se encuentra el an\u00e1lisis morfol\u00f3gico de los peri\u00f3dicos, que se ha realizado siguiendo principalmente la metodolog\u00eda descrita en la obra <em>El peri\u00f3dico: estudios de morfolog\u00eda, metodolog\u00eda y prensa comparada, <\/em>de Jaques Kayser. La p\u00e1gina se ha dividido en cuatro apartados, cada uno de ellos dedicado al estudio y la comparaci\u00f3n de las portadas de tres peri\u00f3dicos distintos (<em>El Pa\u00eds<\/em>, <em>ABC<\/em> y <em>The New York Times<\/em>) en un a\u00f1o determinado.<\/p>\n<ul>\n<li style=\"text-align: justify\"><a href=\"https:\/\/blogs.ua.es\/prensaperiodica11s\/analisis-morfologico\/periodicos-de-2001\/\"><strong>Peri\u00f3dicos de 2001<\/strong><\/a><\/li>\n<\/ul>\n<ul>\n<li style=\"text-align: justify\"><a href=\"https:\/\/blogs.ua.es\/prensaperiodica11s\/analisis-morfologico\/periodicos-de-2002\/\"><strong>Peri\u00f3dicos de 2002<\/strong><\/a><\/li>\n<\/ul>\n<ul>\n<li style=\"text-align: justify\"><a href=\"https:\/\/blogs.ua.es\/prensaperiodica11s\/analisis-morfologico\/periodicos-de-2003\/\"><strong>Peri\u00f3dicos de 2003<\/strong><\/a><\/li>\n<\/ul>\n<ul>\n<li style=\"text-align: justify\"><a href=\"https:\/\/blogs.ua.es\/prensaperiodica11s\/analisis-morfologico\/periodicos-de-2004\/\"><strong>Peri\u00f3dicos de 2004<\/strong><\/a><\/li>\n<\/ul>\n<p>&nbsp;<\/p>\n","protected":false},"excerpt":{"rendered":"<p>En esta secci\u00f3n se encuentra el an\u00e1lisis morfol\u00f3gico de los peri\u00f3dicos, que se ha realizado siguiendo principalmente la metodolog\u00eda descrita en la obra El peri\u00f3dico: estudios de morfolog\u00eda, metodolog\u00eda y prensa comparada, de Jaques Kayser. La p\u00e1gina se ha dividido &hellip; <a href=\"https:\/\/blogs.ua.es\/prensaperiodica11s\/analisis-morfologico\/\">Continue reading <span class=\"meta-nav\">&rarr;<\/span><\/a><\/p>\n","protected":false},"author":3264,"featured_media":0,"parent":0,"menu_order":4,"comment_status":"closed","ping_status":"closed","template":"","meta":{"footnotes":""},"class_list":["post-8","page","type-page","status-publish","hentry"],"_links":{"self":[{"href":"https:\/\/blogs.ua.es\/prensaperiodica11s\/wp-json\/wp\/v2\/pages\/8","targetHints":{"allow":["GET"]}}],"collection":[{"href":"https:\/\/blogs.ua.es\/prensaperiodica11s\/wp-json\/wp\/v2\/pages"}],"about":[{"href":"https:\/\/blogs.ua.es\/prensaperiodica11s\/wp-json\/wp\/v2\/types\/page"}],"author":[{"embeddable":true,"href":"https:\/\/blogs.ua.es\/prensaperiodica11s\/wp-json\/wp\/v2\/users\/3264"}],"replies":[{"embeddable":true,"href":"https:\/\/blogs.ua.es\/prensaperiodica11s\/wp-json\/wp\/v2\/comments?post=8"}],"version-history":[{"count":8,"href":"https:\/\/blogs.ua.es\/prensaperiodica11s\/wp-json\/wp\/v2\/pages\/8\/revisions"}],"predecessor-version":[{"id":384,"href":"https:\/\/blogs.ua.es\/prensaperiodica11s\/wp-json\/wp\/v2\/pages\/8\/revisions\/384"}],"wp:attachment":[{"href":"https:\/\/blogs.ua.es\/prensaperiodica11s\/wp-json\/wp\/v2\/media?parent=8"}],"curies":[{"name":"wp","href":"https:\/\/api.w.org\/{rel}","templated":true}]}}