{"id":94,"date":"2016-11-24T19:21:57","date_gmt":"2016-11-24T19:21:57","guid":{"rendered":"https:\/\/blogs.ua.es\/prensaperiodica11s\/?page_id=94"},"modified":"2016-11-30T19:49:45","modified_gmt":"2016-11-30T19:49:45","slug":"presentacion","status":"publish","type":"page","link":"https:\/\/blogs.ua.es\/prensaperiodica11s\/","title":{"rendered":"Presentaci\u00f3n del trabajo"},"content":{"rendered":"<p style=\"text-align: justify\">El blog se titula <em>La prensa como fuente hist\u00f3rica: El 11S<\/em>, y constituye una pr\u00e1ctica de la asignatura Metodolog\u00eda II, del Grado de Historia de la Universidad de Alicante. El grupo de trabajo que ha creado el blog est\u00e1 formado por Mar\u00eda Victoria Aroca, Kevin Rodr\u00edguez, Carlos Belso, Rub\u00e9n Castellano y V\u00edctor Artiaga.<\/p>\n<p style=\"text-align: justify\">El blog est\u00e1 dedicado al estudio y la comparaci\u00f3n de distintos peri\u00f3dicos a partir del an\u00e1lisis morfol\u00f3gico de sus portadas. Para la realizaci\u00f3n de este proyecto hemos seleccionado un acontecimiento de gran importancia y hemos analizado la manera en la que ha sido tratado por diferentes publicaciones a lo largo de un per\u00edodo de tiempo determinado. El suceso que hemos empleado es el 11S, y los diarios que han sido objeto de estudio son <em>El Pa\u00eds,<\/em> <em>ABC<\/em> y <em>The New York Times<\/em>. El per\u00edodo de tiempo que hemos establecido es de 2001 a 2004.<\/p>\n<p style=\"text-align: justify\">El blog se ha estructurado de forma que aparece\u00a0dividido en 5 secciones principales.\u00a0La primera de estas secciones contiene la presentaci\u00f3n, que es donde se\u00a0describe\u00a0brevemente de qu\u00e9 trata el trabajo y c\u00f3mo est\u00e1 estructurado. La\u00a0segunda incluye\u00a0una explicaci\u00f3n sobre la metodolog\u00eda que hemos empleado\u00a0en el proceso de elaboraci\u00f3n del proyecto. Esta secci\u00f3n\u00a0se encuentra dividida en dos subapartados, uno\u00a0que explica\u00a0la metodolog\u00eda que hemos usado bas\u00e1ndonos en la obra\u00a0<em>El peri\u00f3dico: estudios de morfolog\u00eda, metodolog\u00eda y prensa comparada,<\/em>\u00a0de Jaques Kayser; y otro para se\u00f1alar las modificaciones que hemos realizado de la metodolog\u00eda de dicho autor. La tercera secci\u00f3n\u00a0contiene la informaci\u00f3n de los diarios que se han utilizado, es decir, el registro de identificaci\u00f3n y el expediente de identidad. La cuarta comprende\u00a0el an\u00e1lisis morfol\u00f3gico\u00a0de los peri\u00f3dicos, que se divide en cuatro subapartados (cada uno dedicado a un a\u00f1o). La quinta secci\u00f3n abarca\u00a0las conclusiones que se han sacado a partir de los an\u00e1lisis de las portadas.\u00a0Y\u00a0la sexta\u00a0es el apartado que incluye la bibliograf\u00eda que hemos utilizado\u00a0para hacer el trabajo.<\/p>\n","protected":false},"excerpt":{"rendered":"<p>El blog se titula La prensa como fuente hist\u00f3rica: El 11S, y constituye una pr\u00e1ctica de la asignatura Metodolog\u00eda II, del Grado de Historia de la Universidad de Alicante. El grupo de trabajo que ha creado el blog est\u00e1 formado &hellip; <a href=\"https:\/\/blogs.ua.es\/prensaperiodica11s\/\">Continue reading <span class=\"meta-nav\">&rarr;<\/span><\/a><\/p>\n","protected":false},"author":3264,"featured_media":0,"parent":0,"menu_order":1,"comment_status":"closed","ping_status":"closed","template":"","meta":{"footnotes":""},"class_list":["post-94","page","type-page","status-publish","hentry"],"_links":{"self":[{"href":"https:\/\/blogs.ua.es\/prensaperiodica11s\/wp-json\/wp\/v2\/pages\/94","targetHints":{"allow":["GET"]}}],"collection":[{"href":"https:\/\/blogs.ua.es\/prensaperiodica11s\/wp-json\/wp\/v2\/pages"}],"about":[{"href":"https:\/\/blogs.ua.es\/prensaperiodica11s\/wp-json\/wp\/v2\/types\/page"}],"author":[{"embeddable":true,"href":"https:\/\/blogs.ua.es\/prensaperiodica11s\/wp-json\/wp\/v2\/users\/3264"}],"replies":[{"embeddable":true,"href":"https:\/\/blogs.ua.es\/prensaperiodica11s\/wp-json\/wp\/v2\/comments?post=94"}],"version-history":[{"count":27,"href":"https:\/\/blogs.ua.es\/prensaperiodica11s\/wp-json\/wp\/v2\/pages\/94\/revisions"}],"predecessor-version":[{"id":385,"href":"https:\/\/blogs.ua.es\/prensaperiodica11s\/wp-json\/wp\/v2\/pages\/94\/revisions\/385"}],"wp:attachment":[{"href":"https:\/\/blogs.ua.es\/prensaperiodica11s\/wp-json\/wp\/v2\/media?parent=94"}],"curies":[{"name":"wp","href":"https:\/\/api.w.org\/{rel}","templated":true}]}}