{"id":10,"date":"2015-11-19T14:52:05","date_gmt":"2015-11-19T14:52:05","guid":{"rendered":"https:\/\/blogs.ua.es\/prensayeleccionesgenerales\/?page_id=10"},"modified":"2015-12-05T10:36:40","modified_gmt":"2015-12-05T10:36:40","slug":"2-contexto-historico","status":"publish","type":"page","link":"https:\/\/blogs.ua.es\/prensayeleccionesgenerales\/2-contexto-historico\/","title":{"rendered":"2. Contexto hist\u00f3rico"},"content":{"rendered":"<div id=\"attachment_121\" style=\"width: 226px\" class=\"wp-caption alignleft\"><a href=\"https:\/\/blogs.ua.es\/prensayeleccionesgenerales\/files\/2015\/11\/22-11-75.jpg\"><img loading=\"lazy\" decoding=\"async\" aria-describedby=\"caption-attachment-121\" class=\"wp-image-121 size-medium\" src=\"https:\/\/blogs.ua.es\/prensayeleccionesgenerales\/files\/2015\/11\/22-11-75-216x300.jpg\" alt=\"Portada ABC 22 de noviembre de 1975 Fuente: ABC\" width=\"216\" height=\"300\" srcset=\"https:\/\/blogs.ua.es\/prensayeleccionesgenerales\/files\/2015\/11\/22-11-75-216x300.jpg 216w, https:\/\/blogs.ua.es\/prensayeleccionesgenerales\/files\/2015\/11\/22-11-75-737x1024.jpg 737w, https:\/\/blogs.ua.es\/prensayeleccionesgenerales\/files\/2015\/11\/22-11-75.jpg 2017w\" sizes=\"auto, (max-width: 216px) 100vw, 216px\" \/><\/a><p id=\"caption-attachment-121\" class=\"wp-caption-text\"><span style=\"color: #131838\"><strong>Portada ABC 22 de noviembre de 1975. Fuente:<\/strong><\/span> <em>ABC<\/em><\/p><\/div>\n<p style=\"text-align: justify\">El d\u00eda 20 de noviembre del a\u00f1o 1975 comenz\u00f3 una nueva etapa dentro de la historia de Espa\u00f1a. La muerte del dictador Francisco Franco supuso para Espa\u00f1a el impulso para querer volver a la misma democracia que qued\u00f3 en suspenso en el a\u00f1o 1936. Este nuevo r\u00e9gimen ser\u00eda una monarqu\u00eda, con la figura del nuevo rey Juan Carlos I de Borb\u00f3n coronado el d\u00eda 22 de noviembre de ese mismo a\u00f1o, buscando el monarca \u00ab<em>liberarse de su origen franquista y dotarse de legitimidad propia y democr\u00e1tica, y el propio contexto internacional posibilitaron el cambio que se produjo a partir de 1975<\/em>\u00bb (Fusi, Juan Pablo: 2012). Comenz\u00f3 por tanto un largo y complejo periodo conocido como la Transici\u00f3n democr\u00e1tica.<\/p>\n<p style=\"text-align: justify\">Todos estos conceptos, poco a poco se fueron abriendo paso, tratando de romper las l\u00edneas continuistas del r\u00e9gimen, como fue el caso de la \u00ab<em>continuaci\u00f3n de la legalidad de la dictadura franquista<\/em>\u00bb (Fusi, Juan Pablo: 2012) del presidente Arias Navarro, \u00faltimo jefe de gobierno del r\u00e9gimen de la dictadura entre noviembre de 1975 y julio de 1976. \u00a0La situaci\u00f3n se complic\u00f3 con los atentados de la banda terrorista E.T.A. realiz\u00f3 entre los a\u00f1os 1975 y 1980, en los que perdieron la vida cerca de 236 personas; la extrema derecha radicaliz\u00f3 su actuaci\u00f3n, cuando en enero de 1977 unos ultraderechistas asesinaron a cinco abogados laboristas relacionados con el partido Comunista; o m\u00e1s a\u00fan cuando el 23 de febrero de 1981 una conspiraci\u00f3n de militares intent\u00f3 un golpe de Estado para eliminar la incipiente democracia y tratar de volver al anterior r\u00e9gimen dictatorial, pero cuyo fracaso termin\u00f3 de afianzar el nuevo r\u00e9gimen en Espa\u00f1a.<\/p>\n<p style=\"text-align: justify\">Habiendo visto esto, queda resaltar, que el clima de inestabilidad no termina ah\u00ed. Gritos de amnist\u00eda se alzaron en Catalu\u00f1a, el Pa\u00eds Vasco y en Galicia, donde grandes masas se pronunciaron a favor de la amnist\u00eda regional, mientras la polic\u00eda reprimi\u00f3 estas manifestaciones. La situaci\u00f3n nacional era complicada.<\/p>\n<div id=\"attachment_122\" style=\"width: 226px\" class=\"wp-caption alignright\"><a href=\"https:\/\/blogs.ua.es\/prensayeleccionesgenerales\/files\/2015\/11\/16-JUNIO-771.jpg\"><img loading=\"lazy\" decoding=\"async\" aria-describedby=\"caption-attachment-122\" class=\"wp-image-122 size-medium\" src=\"https:\/\/blogs.ua.es\/prensayeleccionesgenerales\/files\/2015\/11\/16-JUNIO-771-216x300.jpg\" alt=\"Portada ABC 16 de junio de 1977. Fuente: ABC \" width=\"216\" height=\"300\" srcset=\"https:\/\/blogs.ua.es\/prensayeleccionesgenerales\/files\/2015\/11\/16-JUNIO-771-216x300.jpg 216w, https:\/\/blogs.ua.es\/prensayeleccionesgenerales\/files\/2015\/11\/16-JUNIO-771-736x1024.jpg 736w\" sizes=\"auto, (max-width: 216px) 100vw, 216px\" \/><\/a><p id=\"caption-attachment-122\" class=\"wp-caption-text\"><strong>Portada ABC 16 de junio de 1977.<\/strong><br \/><strong> Fuente:<\/strong> <em>ABC<\/em><\/p><\/div>\n<p style=\"text-align: justify\">As\u00ed mismo, el 1 de julio de 1976, al terminar su mandato Carlos Arias Navarro, design\u00f3 a una figura clave en el inmediato desarrollo de los acontecimientos posteriores, se trataba de Adolfo Su\u00e1rez. El nuevo Presidente del Gobierno, respaldado por el refer\u00e9ndum popular del 15 de diciembre de 1976, en el que el pueblo espa\u00f1ol se manifest\u00f3 a favor de la nueva senda democr\u00e1tica, llev\u00f3 a cabo una serie de pol\u00edticas decisivas, como fueron la legalizaci\u00f3n de los partidos pol\u00edticos y los sindicatos, incluyendo el estigmatizado Partido Comunista, liber\u00f3 a todos los presos del franquismo y convoc\u00f3 elecciones constituyentes el 15 de junio de 1977, las cuales gan\u00f3 su reci\u00e9n creado partido la UCD, la Uni\u00f3n de Centro Democr\u00e1tico.<\/p>\n<p style=\"text-align: justify\">Nada m\u00e1s conformarse una nueva c\u00e1mara de gobierno tras estas elecciones generales, se presentaron dos nuevos problemas a batir, la cuesti\u00f3n econ\u00f3mica y necesidad de crear una nueva Constituci\u00f3n. Para combatir la situaci\u00f3n econ\u00f3mica, el Gobierno, los sindicatos y los partidos firmaron una serie de pactos que conformaban un plan de estabilizaci\u00f3n conocidos como los Pactos de la Moncloa del 27 de octubre de 1977. Al a\u00f1o siguiente, m\u00e1s concretamente el 31 de octubre de 1978, el Senado, el Congreso y el pueblo espa\u00f1ol en un refer\u00e9ndum aprobaron que Espa\u00f1a tuviera una Monarqu\u00eda parlamentaria y un Estado auton\u00f3mico con nacionalidades y regiones aut\u00f3nomas, cuyos derechos quedaban garantizados. \u00a0Este nuevo texto constitucional promulgado el d\u00eda 6 de diciembre de ese mismo a\u00f1o, reconoc\u00eda y garantizaba todas las libertades democr\u00e1ticas, partidos pol\u00edticos y sindicatos, abol\u00eda la pena de muerte, fijaba la mayor\u00eda de edad en los 18 a\u00f1os, formulaba un Estado aconfesional pero dando ciertos derechos a la Iglesia cat\u00f3lica, legalizaba el divorcio y reconoc\u00eda las libertades de empresa y de econom\u00eda de mercado.<\/p>\n<div id=\"attachment_124\" style=\"width: 216px\" class=\"wp-caption alignleft\"><a href=\"https:\/\/blogs.ua.es\/prensayeleccionesgenerales\/files\/2015\/11\/El-pa\u00eds-con-la-Constituci\u00f3n.jpg\"><img loading=\"lazy\" decoding=\"async\" aria-describedby=\"caption-attachment-124\" class=\"wp-image-124 size-medium\" src=\"https:\/\/blogs.ua.es\/prensayeleccionesgenerales\/files\/2015\/11\/El-pa\u00eds-con-la-Constituci\u00f3n-206x300.jpg\" alt=\"Portada de El Pa\u00eds de 23 de febrero de 1981 El Pa\u00eds, con la Constituci\u00f3n Fuente: El Pa\u00eds \" width=\"206\" height=\"300\" srcset=\"https:\/\/blogs.ua.es\/prensayeleccionesgenerales\/files\/2015\/11\/El-pa\u00eds-con-la-Constituci\u00f3n-206x300.jpg 206w, https:\/\/blogs.ua.es\/prensayeleccionesgenerales\/files\/2015\/11\/El-pa\u00eds-con-la-Constituci\u00f3n.jpg 220w\" sizes=\"auto, (max-width: 206px) 100vw, 206px\" \/><\/a><p id=\"caption-attachment-124\" class=\"wp-caption-text\"><strong>Portada de El Pa\u00eds de 23 de febrero de 1981 El Pa\u00eds, con la Constituci\u00f3n. \u00a0Fuente:<\/strong> <em>El Pa\u00eds<\/em><\/p><\/div>\n<p style=\"text-align: justify\">Muy importante, fue el pulso al que fue sometida la joven democracia con el intento de golpe de Estado del 23 de febrero de 1982, cuando una serie de capitanes generales, encabezados por el teniente general de la Guardia Civil Antonio Tejero en Madrid y el capit\u00e1n general de la regi\u00f3n de Valencia, Milans del Bosch, quienes buscaban el visto bueno del rey para volver al r\u00e9gimen precedente, se vio truncado ante la actuaci\u00f3n del Presidente del Gobierno Adolfo Su\u00e1rez y el posicionamiento a favor de la democracia del rey. D\u00edas despu\u00e9s, Leopoldo Calvo Sotelo sucedi\u00f3 a Su\u00e1rez en el poder, mientras la sociedad espa\u00f1ola se preparaba para el inevitable y esperado retorno de la izquierda al poder, en la figura de Felipe Gonz\u00e1lez al mando del PSOE en las elecciones de octubre de 1982.<\/p>\n<p style=\"text-align: justify\">El nuevo presidente consolid\u00f3 las autonom\u00edas e hizo ingresar al pa\u00eds en la OTAN, con la consiguiente entrada de Espa\u00f1a en la Comunidad Econ\u00f3mica Europea, la reconversi\u00f3n industrial del pa\u00eds, la reforma militar \u00a0o la modernizaci\u00f3n de las infraestructuras.<\/p>\n<p style=\"text-align: justify\">Con estas nuevas reformas, se fueron puliendo otros campos pendientes, como la mejora del deficitario sector p\u00fablico o la reconversi\u00f3n industrial, sobre todo de los sectores sider\u00fargico y minero. La lucha contra ETA se convirti\u00f3 en prioritaria, hasta el punto que se lleg\u00f3 a conseguir el apoyo del gobierno franc\u00e9s y del PNV, partido con el cual el PSOE form\u00f3 gobiernos entre los a\u00f1os de 1987 y de 1996, la lucha contra el terrorismo no s\u00f3lo se qued\u00f3 ah\u00ed, sino que este en\u00e9rgico Felipe Gonz\u00e1lez consigui\u00f3 aunar a todos los partidos democr\u00e1ticos en la lucha contra el terrorismo.<\/p>\n<p style=\"text-align: justify\">Habiendo recorrido ya diez a\u00f1os desde la muerte del dictador, a partir de 1985 la recuperaci\u00f3n econ\u00f3mica espa\u00f1ola comenz\u00f3 a ser m\u00e1s que evidente, prolong\u00e1ndose esta situaci\u00f3n hasta 1991, \u00ab<em>Espa\u00f1a pareci\u00f3 convertirse en una de las econom\u00edas y de las sociedades m\u00e1s din\u00e1micas de Europa<\/em>\u00bb\u00a0 (Fusi, Juan Pablo: 2012), el PIB creci\u00f3 a una media del 4,5% anual, la red de autopistas espa\u00f1olas aument\u00f3 considerablemente su tama\u00f1o, se inaugur\u00f3 el tren de alta velocidad, conocido como AVE (Alta Velocidad Espa\u00f1ola), aument\u00f3 considerablemente el n\u00famero de turistas que visitaron Espa\u00f1a.<\/p>\n<div id=\"attachment_127\" style=\"width: 212px\" class=\"wp-caption alignright\"><a href=\"https:\/\/blogs.ua.es\/prensayeleccionesgenerales\/files\/2015\/11\/el-pais-4-de-marzo-de-1996.jpg\"><img loading=\"lazy\" decoding=\"async\" aria-describedby=\"caption-attachment-127\" class=\"size-medium wp-image-127\" src=\"https:\/\/blogs.ua.es\/prensayeleccionesgenerales\/files\/2015\/11\/el-pais-4-de-marzo-de-1996-202x300.jpg\" alt=\"Portada de El Pa\u00eds de 4 de marzo de 1996 Fuente: El Pa\u00eds\" width=\"202\" height=\"300\" srcset=\"https:\/\/blogs.ua.es\/prensayeleccionesgenerales\/files\/2015\/11\/el-pais-4-de-marzo-de-1996-202x300.jpg 202w, https:\/\/blogs.ua.es\/prensayeleccionesgenerales\/files\/2015\/11\/el-pais-4-de-marzo-de-1996-691x1024.jpg 691w, https:\/\/blogs.ua.es\/prensayeleccionesgenerales\/files\/2015\/11\/el-pais-4-de-marzo-de-1996.jpg 980w\" sizes=\"auto, (max-width: 202px) 100vw, 202px\" \/><\/a><p id=\"caption-attachment-127\" class=\"wp-caption-text\"><strong>Portada de El Pa\u00eds de 4 de marzo de 1996<\/strong><br \/><strong>Fuente:<\/strong><em> El Pa\u00eds<\/em><\/p><\/div>\n<p style=\"text-align: justify\">Un cambio de gobierno se dio en las elecciones de 1996, a\u00f1o en el que el Partido Popular, nacido de la refundaci\u00f3n de Alianza Popular en 1987 gan\u00f3 las elecciones, siendo ahora Jos\u00e9 Mar\u00eda Aznar el presidente del Gobierno. Fue un \u00abcambio pol\u00edtico <em>no traum\u00e1tico<\/em>\u00bb (Fusi, Juan Pablo: 2009), debido a que el PP aprovech\u00f3 el desgaste del PSOE, quien tras su larga etapa de gobierno hab\u00eda perdido apoyos tras la grave crisis econ\u00f3mica de los a\u00f1os 1991-1993, el esc\u00e1ndalo de la guerra sucia contra ETA y esc\u00e1ndalos de corrupci\u00f3n.<\/p>\n<p style=\"text-align: justify\">Pues virando hacia la derecha pol\u00edtica, en Espa\u00f1a se empezaron a ver pol\u00edticas de disminuci\u00f3n del gasto p\u00fablico, reducci\u00f3n de la presi\u00f3n fiscal y privatizaciones (las cuales afectaron a grandes empresas como Repsol, Telef\u00f3nica o Endesa), pol\u00edticas venidas de la mano del ministro de Econom\u00eda Rodrigo Rato, las cuales hicieron que\u00a0 \u00ab<em>la etapa de Aznar fuera el per\u00edodo de mayor crecimiento y de mayor creaci\u00f3n de empleo de la historia espa\u00f1ola<\/em>\u00bb (Fusi, Juan Pablo: 2012).<\/p>\n<p style=\"text-align: justify\">As\u00ed mismo, la lucha contra ETA pareci\u00f3 querer terminarse cuando en septiembre de 1998 ETA declar\u00f3 una tregua (la cual dur\u00f3 14 meses), los asesinatos siguieron sucedi\u00e9ndose, asesinando pues la banda terrorista entre 1996 y 2004 a 70 personas, entre ellas pol\u00edticos del PP y del PSOE, como fueron entre otros Fernando M\u00fagica, Tom\u00e1s y Valiente o Miguel \u00c1ngel Blanco. En represalia a esto, la polic\u00eda espa\u00f1ola asest\u00f3 duros golpes a la organizaci\u00f3n, metiendo a m\u00e1s de cien activistas y a gran parte de su direcci\u00f3n en la c\u00e1rcel. Llegando esta lucha anti-terrorista a cerrar peri\u00f3dicos simpatizantes de ETA y a que en junio de 2002 se aprobase una ley que prohib\u00eda los partidos colaboracionistas con el terrorismo, ilegaliz\u00e1ndose en 2003 oficialmente el partido de ETA.<\/p>\n<div id=\"attachment_129\" style=\"width: 222px\" class=\"wp-caption alignleft\"><a href=\"https:\/\/blogs.ua.es\/prensayeleccionesgenerales\/files\/2015\/11\/el-pais-14-de-marzo-de-2004.jpg\"><img loading=\"lazy\" decoding=\"async\" aria-describedby=\"caption-attachment-129\" class=\"size-medium wp-image-129\" src=\"https:\/\/blogs.ua.es\/prensayeleccionesgenerales\/files\/2015\/11\/el-pais-14-de-marzo-de-2004-212x300.jpg\" alt=\"Portada de El Pa\u00eds de 14 de marzo de 2004 Fuente: El Pa\u00eds\" width=\"212\" height=\"300\" srcset=\"https:\/\/blogs.ua.es\/prensayeleccionesgenerales\/files\/2015\/11\/el-pais-14-de-marzo-de-2004-212x300.jpg 212w, https:\/\/blogs.ua.es\/prensayeleccionesgenerales\/files\/2015\/11\/el-pais-14-de-marzo-de-2004-724x1024.jpg 724w, https:\/\/blogs.ua.es\/prensayeleccionesgenerales\/files\/2015\/11\/el-pais-14-de-marzo-de-2004.jpg 980w\" sizes=\"auto, (max-width: 212px) 100vw, 212px\" \/><\/a><p id=\"caption-attachment-129\" class=\"wp-caption-text\"><strong>Portada de El Pa\u00eds de 14 de marzo de 2004<\/strong><br \/><strong>Fuente:<\/strong> <em>El Pa\u00eds<\/em><\/p><\/div>\n<p style=\"text-align: justify\">La violencia no pareci\u00f3 querer terminarse, cuando unos d\u00edas antes de las elecciones de 2004, el tr\u00e1gico d\u00eda del 11 de marzo, tuvo lugar un atentado terrorista en Madrid sin precedentes con un saldo de 191 muertos y 1500 heridos.\u00a0Atribuido en un primer momento el atentado a la banda terrorista ETA, esta tragedia tuvo un causante muy diferente, la banda terrorista isl\u00e1mica Al Qaeda, la cual actu\u00f3 en venganza contra Espa\u00f1a, por el apoyo incondicional que esta dio al presidente de los Estados Unidos George Bush en la impopular Guerra de Irak de 2003.\u00a0Profundamente conmocionado qued\u00f3 el pa\u00eds, y en medio de esa conmoci\u00f3n inici\u00f3 gobierno de nuevo el PSOE en la figura de Jos\u00e9 Luis Rodr\u00edguez Zapatero. Casi treinta a\u00f1os hac\u00eda ya del inicio de la democracia en Espa\u00f1a, y con ello se inici\u00f3 la etapa de la Espa\u00f1a de las autonom\u00edas, la cual se sigui\u00f3 rigiendo por el consenso entre los grandes partidos y definido por la Constituci\u00f3n de 1978. Como bien hemos visto, nada fue f\u00e1cil para el pa\u00eds en estos treinta a\u00f1os \u00ab<em>el paro, la temporalidad de muchos empleos, el envejecimiento de la poblaci\u00f3n, la subcultura del alcohol y drogas de gran parte de la juventud, la educaci\u00f3n, la vivienda, la violencia dom\u00e9stica, se constituyeron como los grandes problemas del pa\u00eds desde la d\u00e9cada de 1980<\/em>\u00bb (Fusi, Juan Pablo: 2012).<\/p>\n<p style=\"text-align: justify\">Ostentando nuevamente el poder, el PSOE comenz\u00f3 esta nueva etapa de la historia de Espa\u00f1a, a pesar de que el Estado de las autonom\u00edas estaba funcionando mejor de lo esperado, los problemas nacionalistas y de ETA segu\u00edan sobre la mesa, problemas nacionalistas que en el Pa\u00eds Vasco los gobiernos no nacionalistas entre 1999 y 2009 del Lehendakari J. J. Ibarretxe abrieron la puerta a expresiones no nacionalistas dentro de esta autonom\u00eda.<\/p>\n<p style=\"text-align: justify\">Los grandes problemas que desde el siglo XIX hab\u00edan condicionado la pol\u00edtica del pa\u00eds (forma del gobierno, cuesti\u00f3n eclesi\u00e1stica, organizaci\u00f3n territorial) ya parec\u00edan estar resueltos. Y los problemas que se empezaron a ver con el cambio de r\u00e9gimen en 1975, tambi\u00e9n parec\u00edan haberse dejado atr\u00e1s, tales como la sucesi\u00f3n del Monarca en su hijo Felipe, Pr\u00edncipe de Asturias, el ej\u00e9rcito ahora subordinado al poder civil, o la cuesti\u00f3n religiosa, que a pesar de haberse distanciado la iglesia del Estado, segu\u00edan manteniendo el clima de respeto mutuo que la Constituci\u00f3n de 1978 defini\u00f3. Ya dej\u00f3 atr\u00e1s Espa\u00f1a su estatus de pa\u00eds agrario o industrial, siendo ahora el sector de los servicios, en especial el turismo y la construcci\u00f3n, los que empezaron a sustentar la econom\u00eda nacional.<\/p>\n<div id=\"attachment_130\" style=\"width: 214px\" class=\"wp-caption alignright\"><a href=\"https:\/\/blogs.ua.es\/prensayeleccionesgenerales\/files\/2015\/11\/portada.jpg\"><img loading=\"lazy\" decoding=\"async\" aria-describedby=\"caption-attachment-130\" class=\"size-medium wp-image-130\" src=\"https:\/\/blogs.ua.es\/prensayeleccionesgenerales\/files\/2015\/11\/portada-204x300.jpg\" alt=\"Portada de El Pa\u00eds de 13 de junio de 1985 Adhesi\u00f3n a la Comunidad Econ\u00f3mica Europea Fuente: El Pa\u00eds\" width=\"204\" height=\"300\" srcset=\"https:\/\/blogs.ua.es\/prensayeleccionesgenerales\/files\/2015\/11\/portada-204x300.jpg 204w, https:\/\/blogs.ua.es\/prensayeleccionesgenerales\/files\/2015\/11\/portada-695x1024.jpg 695w, https:\/\/blogs.ua.es\/prensayeleccionesgenerales\/files\/2015\/11\/portada.jpg 980w\" sizes=\"auto, (max-width: 204px) 100vw, 204px\" \/><\/a><p id=\"caption-attachment-130\" class=\"wp-caption-text\"><strong>Portada de El Pa\u00eds de 13 de junio de 1985<\/strong><br \/><strong>Adhesi\u00f3n a la Comunidad Econ\u00f3mica Europea<\/strong><br \/><strong>Fuente:<\/strong> <em>El Pa\u00eds<\/em><\/p><\/div>\n<p style=\"text-align: justify\">La pertenencia de Espa\u00f1a a la Uni\u00f3n Europea, al contrario de lo que se hab\u00eda planteado en momentos anteriores, supuso la entrada de Espa\u00f1a a un amplio circuito en el cual fue part\u00edcipe desde el mismo momento en que entr\u00f3 all\u00e1 por el a\u00f1o 1986.As\u00ed mismo Espa\u00f1a, la cual estaba etiquetada por una larga serie de estereotipos negativos, tales como la leyenda negra de los siglos XVI y XVII, el pa\u00eds de los \u00ab<em>toreros y sevillanas<\/em>\u00bb, de la carnicer\u00eda de la Guerra Civil o el subdesarrollo de la dictadura franquista. Derivaron en otros nuevos estereotipos, como un pa\u00eds de \u00ab<em>turismo barato de las playas y el sol del Mediterr\u00e1neo<\/em>\u00bb (Fusi, Juan Pablo: 2012), cuyo nuevo modo de vida provoc\u00f3 en el a\u00f1o 2008 el estallido de una burbuja inmobiliaria, que ligado al resto de estallidos de crisis econ\u00f3micas por todo el mundo, cuyo origen vino de Estados Unidos, desemboc\u00f3 en el estallido de una grave crisis econ\u00f3mica en Espa\u00f1a en la que hoy seguimos inmersos.<\/p>\n<p><strong>Bibliograf\u00eda:<\/strong><\/p>\n<ul>\n<li>CARR,\u00a0Raymond. <em>Espa\u00f1a 1808-2008<\/em>. Ariel Historia, Barcelona, 2012.<\/li>\n<\/ul>\n","protected":false},"excerpt":{"rendered":"<p>El d\u00eda 20 de noviembre del a\u00f1o 1975 comenz\u00f3 una nueva etapa dentro de la historia de Espa\u00f1a. La muerte del dictador Francisco Franco supuso para Espa\u00f1a el impulso para querer volver a la misma democracia que qued\u00f3 en suspenso &hellip; <a href=\"https:\/\/blogs.ua.es\/prensayeleccionesgenerales\/2-contexto-historico\/\">Continue reading <span class=\"meta-nav\">&rarr;<\/span><\/a><\/p>\n","protected":false},"author":2862,"featured_media":0,"parent":0,"menu_order":0,"comment_status":"closed","ping_status":"closed","template":"","meta":{"footnotes":""},"class_list":["post-10","page","type-page","status-publish","hentry"],"_links":{"self":[{"href":"https:\/\/blogs.ua.es\/prensayeleccionesgenerales\/wp-json\/wp\/v2\/pages\/10","targetHints":{"allow":["GET"]}}],"collection":[{"href":"https:\/\/blogs.ua.es\/prensayeleccionesgenerales\/wp-json\/wp\/v2\/pages"}],"about":[{"href":"https:\/\/blogs.ua.es\/prensayeleccionesgenerales\/wp-json\/wp\/v2\/types\/page"}],"author":[{"embeddable":true,"href":"https:\/\/blogs.ua.es\/prensayeleccionesgenerales\/wp-json\/wp\/v2\/users\/2862"}],"replies":[{"embeddable":true,"href":"https:\/\/blogs.ua.es\/prensayeleccionesgenerales\/wp-json\/wp\/v2\/comments?post=10"}],"version-history":[{"count":14,"href":"https:\/\/blogs.ua.es\/prensayeleccionesgenerales\/wp-json\/wp\/v2\/pages\/10\/revisions"}],"predecessor-version":[{"id":135,"href":"https:\/\/blogs.ua.es\/prensayeleccionesgenerales\/wp-json\/wp\/v2\/pages\/10\/revisions\/135"}],"wp:attachment":[{"href":"https:\/\/blogs.ua.es\/prensayeleccionesgenerales\/wp-json\/wp\/v2\/media?parent=10"}],"curies":[{"name":"wp","href":"https:\/\/api.w.org\/{rel}","templated":true}]}}