{"id":140,"date":"2015-12-05T11:12:26","date_gmt":"2015-12-05T11:12:26","guid":{"rendered":"https:\/\/blogs.ua.es\/prensayeleccionesgenerales\/?page_id=140"},"modified":"2015-12-06T12:11:37","modified_gmt":"2015-12-06T12:11:37","slug":"4-1-la-personalidad-de-abc","status":"publish","type":"page","link":"https:\/\/blogs.ua.es\/prensayeleccionesgenerales\/4-la-personalidad-de-el-pais-y-abc\/4-1-la-personalidad-de-abc\/","title":{"rendered":"4.1. La personalidad de ABC"},"content":{"rendered":"<p style=\"text-align: center\"><strong>REGISTRO DE IDENTIFICACI\u00d3N<\/strong><\/p>\n<div id=\"attachment_201\" style=\"width: 212px\" class=\"wp-caption aligncenter\"><a href=\"https:\/\/blogs.ua.es\/prensayeleccionesgenerales\/files\/2015\/12\/ABC-1-de-enero-de-1903.jpg\"><img loading=\"lazy\" decoding=\"async\" aria-describedby=\"caption-attachment-201\" class=\"wp-image-201 size-medium\" src=\"https:\/\/blogs.ua.es\/prensayeleccionesgenerales\/files\/2015\/12\/ABC-1-de-enero-de-1903-202x300.jpg\" alt=\"ABC 1 de enero de 1903 Primera portada del peri\u00f3dico Fuente: ABC\" width=\"202\" height=\"300\" srcset=\"https:\/\/blogs.ua.es\/prensayeleccionesgenerales\/files\/2015\/12\/ABC-1-de-enero-de-1903-202x300.jpg 202w, https:\/\/blogs.ua.es\/prensayeleccionesgenerales\/files\/2015\/12\/ABC-1-de-enero-de-1903-688x1024.jpg 688w, https:\/\/blogs.ua.es\/prensayeleccionesgenerales\/files\/2015\/12\/ABC-1-de-enero-de-1903.jpg 756w\" sizes=\"auto, (max-width: 202px) 100vw, 202px\" \/><\/a><p id=\"caption-attachment-201\" class=\"wp-caption-text\"><strong>ABC 1 de enero de 1903<\/strong><br \/><strong> Primera portada del peri\u00f3dico Fuente:<\/strong> <em>ABC<\/em><\/p><\/div>\n<p style=\"text-align: justify\"><strong>Nombre del Peri\u00f3dico <\/strong><\/p>\n<p style=\"text-align: justify\">El peri\u00f3dico se titula ABC, siendo el significado de estas tres letras, con las cuales comienza nuestro abecedario, el que explica en su primer n\u00famero <em>\u201cAspira modestamente a que la opini\u00f3n le preste su concurso y a ser el abec\u00e9 de lo que se considera que, mejorado y ampliado y perfeccionado por otros, puede constituir la prensa diaria del porvenir\u201d. <\/em><\/p>\n<p style=\"text-align: justify\"><strong>El Lugar de Residencia de la Administraci\u00f3n y de la Redacci\u00f3n <\/strong><\/p>\n<p style=\"text-align: justify\">En lo que refiere a su lugar de residencia podemos destacar el edificio ABC de Serrano, emplazado en la calle Serrano n\u00ba 61 de Madrid, el cual fue sede del peri\u00f3dico entre 1905 y 1989. En la actualidad, la residencia de la administraci\u00f3n y la redacci\u00f3n se encuentra en calle de Juan Ignacio Luca de Tena, n\u00ba 7, tambi\u00e9n emplazada en Madrid.<\/p>\n<p style=\"text-align: justify\"><strong>Las Indicaciones que se pueden acompa\u00f1ar al Nombre <\/strong><\/p>\n<p style=\"text-align: justify\">El nombre del peri\u00f3dico nunca ha solido estar acompa\u00f1ado por alg\u00fan subtitulo o indicaci\u00f3n especial, siendo la \u00fanica \u00a0indicaci\u00f3n que aparece la siguiente frase: <em>Fundado en 1903 por Don Torcuato Luca de Tena.<\/em><\/p>\n<div id=\"attachment_218\" style=\"width: 650px\" class=\"wp-caption alignnone\"><a href=\"https:\/\/blogs.ua.es\/prensayeleccionesgenerales\/files\/2015\/12\/Fundado-por.jpg\"><img loading=\"lazy\" decoding=\"async\" aria-describedby=\"caption-attachment-218\" class=\"wp-image-218 size-large\" src=\"https:\/\/blogs.ua.es\/prensayeleccionesgenerales\/files\/2015\/12\/Fundado-por-1024x316.jpg\" alt=\"Fundado por\" width=\"640\" height=\"198\" srcset=\"https:\/\/blogs.ua.es\/prensayeleccionesgenerales\/files\/2015\/12\/Fundado-por-1024x316.jpg 1024w, https:\/\/blogs.ua.es\/prensayeleccionesgenerales\/files\/2015\/12\/Fundado-por-300x92.jpg 300w, https:\/\/blogs.ua.es\/prensayeleccionesgenerales\/files\/2015\/12\/Fundado-por.jpg 1603w\" sizes=\"auto, (max-width: 640px) 100vw, 640px\" \/><\/a><p id=\"caption-attachment-218\" class=\"wp-caption-text\">\u00a0 \u00a0 \u00a0 \u00a0 \u00a0 \u00a0 \u00a0 \u00a0 \u00a0 \u00a0 \u00a0 \u00a0 \u00a0 \u00a0 \u00a0 \u00a0 \u00a0 \u00a0 \u00a0 \u00a0\u00a0<strong> \u00a0Cabecera del ABC en la que podemos contemplar la frase \u00a0 \u00a0<\/strong>\u00a0 \u00a0 \u00a0 \u00a0 \u00a0 \u00a0 \u00a0 \u00a0 \u00a0 \u00a0 \u00a0 \u00a0 \u00a0 \u00a0 \u00a0 \u00a0 \u00a0 \u00a0 \u00a0 \u00a0&#8220;Fundado en 1903 por Don Torcuato Luca de Tena&#8221;<\/p><\/div>\n<p style=\"text-align: justify\"><strong>La Periodicidad <\/strong><\/p>\n<p style=\"text-align: justify\">Aunque inicialmente se publicaba semanalmente durante sus dos primeros a\u00f1os de vida, a partir del 1 de enero de 1905 pas\u00f3 a publicarse de forma diaria.<\/p>\n<p style=\"text-align: justify\"><strong>La Zona Principal de Difusi\u00f3n <\/strong><\/p>\n<p style=\"text-align: justify\">En origen su principal zona de difusi\u00f3n fue Madrid hasta que en al a\u00f1o 1912 comenz\u00f3 a ser distribuido en todo el pa\u00eds. En 1929, concretamente el 12 de octubre de ese a\u00f1o, apareci\u00f3 el primer n\u00famero del\u00a0ABC de Sevilla.<\/p>\n<p style=\"text-align: justify\"><strong>El Tiraje <\/strong><\/p>\n<p style=\"text-align: justify\">En el a\u00f1o 2002 alcanz\u00f3 una difusi\u00f3n media diaria de 262.874, llegando a alcanzar los \u00a0314.271 ejemplares en el a\u00f1o 2011.\u00a0En la actualidad el promedio de tirada de ABC\u00a0 es de unos 168.034 ejemplares, siendo el promedio de difusi\u00f3n de unos 117.256, seg\u00fan datos de la OJD, \u00a0Oficina de Justificaci\u00f3n de la Difusi\u00f3n,\u00a0 tomados entre julio de 2014 y junio de 2015.<\/p>\n<p style=\"text-align: justify\"><strong>La Fecha del Primero y del \u00daltimo N\u00famero<\/strong><\/p>\n<p style=\"text-align: justify\">El primer n\u00famero de ABC fue publicado el 1903, concretamente el 1 de enero de ese mismo a\u00f1o. En la actualidad contin\u00faa public\u00e1ndose de forma diaria.<\/p>\n<p style=\"text-align: justify\"><strong>El Precio <\/strong><\/p>\n<p style=\"text-align: justify\">El precio del primer n\u00famero fue de unos 10 c\u00e9ntimos, aunque poco despu\u00e9s su precio ser\u00eda rebajado a 5 c\u00e9ntimos de las antiguas pesetas. En la actualidad los ejemplares cuestan 1,50\u00a0\u20ac de lunes a viernes,\u00a0 2,00\u00a0\u20ac la edici\u00f3n de los s\u00e1bados y 2,80\u00a0\u20ac la edici\u00f3n del domingo, aunque en la \u00faltima d\u00e9cada los precios han variado. Adem\u00e1s la empresa ofrece un servicio de suscripci\u00f3n anual, semestral, trimestral y mensual, cuyos precios rondan entre \u00a0los 550 y los 50 \u20ac.<\/p>\n<p style=\"text-align: justify\"><strong>Las Caracter\u00edsticas Excepcionales de la Vida del Peri\u00f3dico <\/strong><\/p>\n<p style=\"text-align: justify\">Entre sus colaboradores m\u00e1s destacados ABC ha tenido a \u00a0Emilia Pardo Baz\u00e1n,\u00a0Ram\u00f3n Mar\u00eda del Valle Incl\u00e1n, Jos\u00e9 Mart\u00ednez Ruiz \u00a0<em>\u201cAzor\u00edn\u201d<\/em> o\u00a0Jos\u00e9 Mar\u00eda Pem\u00e1n. En el apartado de humor gr\u00e1fico podemos destacar a\u00a0Antonio Mingote.<\/p>\n<div id=\"attachment_220\" style=\"width: 228px\" class=\"wp-caption aligncenter\"><a href=\"https:\/\/blogs.ua.es\/prensayeleccionesgenerales\/files\/2015\/12\/22-JUNIO-86.jpg\"><img loading=\"lazy\" decoding=\"async\" aria-describedby=\"caption-attachment-220\" class=\"size-medium wp-image-220\" src=\"https:\/\/blogs.ua.es\/prensayeleccionesgenerales\/files\/2015\/12\/22-JUNIO-86-218x300.jpg\" alt=\"Portada del 22 de junio de 1986 en la que podemos contemplar una ilustraci\u00f3n de Mingote\" width=\"218\" height=\"300\" srcset=\"https:\/\/blogs.ua.es\/prensayeleccionesgenerales\/files\/2015\/12\/22-JUNIO-86-218x300.jpg 218w, https:\/\/blogs.ua.es\/prensayeleccionesgenerales\/files\/2015\/12\/22-JUNIO-86-744x1024.jpg 744w\" sizes=\"auto, (max-width: 218px) 100vw, 218px\" \/><\/a><p id=\"caption-attachment-220\" class=\"wp-caption-text\"><strong>Portada del 22 de junio de 1986 en la que podemos contemplar una ilustraci\u00f3n de Mingote<\/strong><\/p><\/div>\n<p style=\"text-align: justify\"><strong>El Formato <\/strong><\/p>\n<p style=\"text-align: justify\">Dicho peri\u00f3dico es presentado en formato folio o arrevistado, cuyas medidas son\u00a0 215\u00a0x\u00a0315\u00a0mm,\u00a0y grapado.<\/p>\n<p style=\"text-align: justify\"><strong>Lugar de Conservaci\u00f3n de las Colecciones <\/strong><\/p>\n<p style=\"text-align: justify\">En la p\u00e1gina web del peri\u00f3dico desde el a\u00f1o 2009 se cre\u00f3 una secci\u00f3n de hemeroteca donde pueden consultarse todos los n\u00fameros a excepci\u00f3n de los de los \u00faltimos 15 d\u00edas.<\/p>\n<p><span style=\"color: #000080\"><span style=\"color: #333333\">Consultar aqu\u00ed:\u00a0<\/span><a style=\"color: #000080\" href=\"http:\/\/hemeroteca.abc.es\/\">http:\/\/hemeroteca.abc.es\/<\/a><\/span><\/p>\n<p style=\"text-align: center\"><strong>EL EXPEDIENTE DE IDENTIDAD <\/strong><\/p>\n<p style=\"text-align: justify\"><strong>Estructura Jur\u00eddica y Financiera <\/strong><\/p>\n<p style=\"text-align: justify\">Originalmente la empresa que editaba el diario era Prensa Espa\u00f1ola pero en 2002 se uni\u00f3 al Grupo Correo, conformando el actual Diario ABC, S.L. del grupo Vocento. Dicho grupo amalgama diversos peri\u00f3dicos regionales, como <em>El Correo, El Norte de Castilla<\/em> o <em>Las Provincias<\/em>, \u00a0y cadenas de radio como son la <em>COPE, Cadena 100 <\/em>o<em> Radio Mar\u00eda Espa\u00f1a<\/em>. Desde el a\u00f1o 2010 Bieito Rubido ocupa el cargo de director del peri\u00f3dico.<\/p>\n<div id=\"attachment_222\" style=\"width: 560px\" class=\"wp-caption aligncenter\"><a href=\"https:\/\/blogs.ua.es\/prensayeleccionesgenerales\/files\/2015\/12\/Bieito-Rubido.jpg\"><img loading=\"lazy\" decoding=\"async\" aria-describedby=\"caption-attachment-222\" class=\"wp-image-222 size-full\" src=\"https:\/\/blogs.ua.es\/prensayeleccionesgenerales\/files\/2015\/12\/Bieito-Rubido.jpg\" alt=\"Bieito Rubido, director de ABC desde 2010.\" width=\"550\" height=\"275\" srcset=\"https:\/\/blogs.ua.es\/prensayeleccionesgenerales\/files\/2015\/12\/Bieito-Rubido.jpg 550w, https:\/\/blogs.ua.es\/prensayeleccionesgenerales\/files\/2015\/12\/Bieito-Rubido-300x150.jpg 300w\" sizes=\"auto, (max-width: 550px) 100vw, 550px\" \/><\/a><p id=\"caption-attachment-222\" class=\"wp-caption-text\"><strong>Bieito Rubido, director de ABC desde 2010<\/strong><\/p><\/div>\n<p style=\"text-align: justify\"><strong>Condiciones de Impresi\u00f3n <\/strong><\/p>\n<p style=\"text-align: justify\">La empresa dispone de sus propias rotativas situadas en el complejo en el que tambi\u00e9n se sit\u00faan la redacci\u00f3n y la administraci\u00f3n del peri\u00f3dico, es decir, en la calle Juan Ignacio Luca de Tena, n\u00ba7, Madrid.<\/p>\n<p style=\"text-align: justify\"><strong>Condiciones de Distribuci\u00f3n<\/strong><\/p>\n<p style=\"text-align: justify\">El ABC llega a sus lectores tanto a trav\u00e9s de la venta directa en kioscos y otros establecimientos as\u00ed como mediante la suscripci\u00f3n cuyos precios hemos mencionado arriba. De los datos\u00a0 ofrecidos por la OJD, \u00a0Oficina de Justificaci\u00f3n de la Difusi\u00f3n,\u00a0 entre los a\u00f1os 2010 y 2011, \u00a0podemos inferir como de un tiraje de 314.271 ejemplares\u00a0 encontraron difusi\u00f3n de 242.154. Para 2014-2015 los datos seria similares ya que de unos 168.034 el promedio de difusi\u00f3n fue de unos 117.256, por lo que podemos establecer que un promedio de unos 70.000-50.000 ejemplares no fueron vendidos.<\/p>\n<p style=\"text-align: justify\"><strong>L\u00ednea y Acci\u00f3n Pol\u00edticas <\/strong><\/p>\n<p style=\"text-align: justify\">ABC se defini\u00f3 en el primero de sus n\u00fameros como un peri\u00f3dico que no pretend\u00eda seguir ni distinguirse por defender un determinado color pol\u00edtico, siendo ejemplo de ello la siguiente frase <em>\u201cun peri\u00f3dico imparcial que aplauda con entusiasmo todo lo bueno y concentre su energ\u00eda en todo lo malo\u201d, <\/em>pero claramente su l\u00ednea claramente es conservadora, cat\u00f3lica y mon\u00e1rquica, quedando ello claramente evidenciado por el papel que el peri\u00f3dico otorga al monarca, al cual consideran <em>\u201cel magistrado m\u00e1s augusto de augusto de la Naci\u00f3n\u201d<\/em>. \u00a0A lo largo de su historia dicho peri\u00f3dico ha atravesado por situaciones curiosas como es el caso de la guerra civil, 1936-1939, durante la cual el ABC de Sevilla cay\u00f3 en manos del bando <em>\u201cNacional\u201d <\/em>y el ABC de Madrid quedo en manos de la Rep\u00fablica. En la actualidad ABC es claramente defensor de las pol\u00edticas llevadas a cabo por el Partido Popular y a la vez uno de los \u00f3rganos m\u00e1s cr\u00edticos con el Partido Socialista Obrero Espa\u00f1ol.<\/p>\n","protected":false},"excerpt":{"rendered":"<p>REGISTRO DE IDENTIFICACI\u00d3N Nombre del Peri\u00f3dico El peri\u00f3dico se titula ABC, siendo el significado de estas tres letras, con las cuales comienza nuestro abecedario, el que explica en su primer n\u00famero \u201cAspira modestamente a que la opini\u00f3n le preste su &hellip; <a href=\"https:\/\/blogs.ua.es\/prensayeleccionesgenerales\/4-la-personalidad-de-el-pais-y-abc\/4-1-la-personalidad-de-abc\/\">Continue reading <span class=\"meta-nav\">&rarr;<\/span><\/a><\/p>\n","protected":false},"author":2862,"featured_media":0,"parent":14,"menu_order":0,"comment_status":"closed","ping_status":"closed","template":"","meta":{"footnotes":""},"class_list":["post-140","page","type-page","status-publish","hentry"],"_links":{"self":[{"href":"https:\/\/blogs.ua.es\/prensayeleccionesgenerales\/wp-json\/wp\/v2\/pages\/140","targetHints":{"allow":["GET"]}}],"collection":[{"href":"https:\/\/blogs.ua.es\/prensayeleccionesgenerales\/wp-json\/wp\/v2\/pages"}],"about":[{"href":"https:\/\/blogs.ua.es\/prensayeleccionesgenerales\/wp-json\/wp\/v2\/types\/page"}],"author":[{"embeddable":true,"href":"https:\/\/blogs.ua.es\/prensayeleccionesgenerales\/wp-json\/wp\/v2\/users\/2862"}],"replies":[{"embeddable":true,"href":"https:\/\/blogs.ua.es\/prensayeleccionesgenerales\/wp-json\/wp\/v2\/comments?post=140"}],"version-history":[{"count":10,"href":"https:\/\/blogs.ua.es\/prensayeleccionesgenerales\/wp-json\/wp\/v2\/pages\/140\/revisions"}],"predecessor-version":[{"id":224,"href":"https:\/\/blogs.ua.es\/prensayeleccionesgenerales\/wp-json\/wp\/v2\/pages\/140\/revisions\/224"}],"up":[{"embeddable":true,"href":"https:\/\/blogs.ua.es\/prensayeleccionesgenerales\/wp-json\/wp\/v2\/pages\/14"}],"wp:attachment":[{"href":"https:\/\/blogs.ua.es\/prensayeleccionesgenerales\/wp-json\/wp\/v2\/media?parent=140"}],"curies":[{"name":"wp","href":"https:\/\/api.w.org\/{rel}","templated":true}]}}