{"id":18,"date":"2015-11-19T14:50:52","date_gmt":"2015-11-19T14:50:52","guid":{"rendered":"https:\/\/blogs.ua.es\/prensayeleccionesgenerales\/?page_id=18"},"modified":"2015-12-06T10:33:48","modified_gmt":"2015-12-06T10:33:48","slug":"6-bibliografia","status":"publish","type":"page","link":"https:\/\/blogs.ua.es\/prensayeleccionesgenerales\/6-bibliografia\/","title":{"rendered":"6. Bibliograf\u00eda"},"content":{"rendered":"<p style=\"text-align: justify\">En lo referente a la bibliograf\u00eda las obras en las que nos hemos apoyado principalmente para la elaboraci\u00f3n del blog son:<\/p>\n<ul>\n<li style=\"text-align: justify\">CARR,\u00a0Raymond.\u00a0<em>Espa\u00f1a 1808-2008<\/em>. Ariel Historia, Barcelona, 2012.<\/li>\n<li style=\"text-align: justify\">KAYSER, Jacques.<em> El Peri\u00f3dico: Estudios de morfolog\u00eda, de metodolog\u00eda y de prensa comparada, Ciespal, Quito, 1961.<\/em><\/li>\n<\/ul>\n","protected":false},"excerpt":{"rendered":"<p>En lo referente a la bibliograf\u00eda las obras en las que nos hemos apoyado principalmente para la elaboraci\u00f3n del blog son: CARR,\u00a0Raymond.\u00a0Espa\u00f1a 1808-2008. Ariel Historia, Barcelona, 2012. KAYSER, Jacques. El Peri\u00f3dico: Estudios de morfolog\u00eda, de metodolog\u00eda y de prensa comparada, &hellip; <a href=\"https:\/\/blogs.ua.es\/prensayeleccionesgenerales\/6-bibliografia\/\">Continue reading <span class=\"meta-nav\">&rarr;<\/span><\/a><\/p>\n","protected":false},"author":2862,"featured_media":0,"parent":0,"menu_order":0,"comment_status":"closed","ping_status":"closed","template":"","meta":{"footnotes":""},"class_list":["post-18","page","type-page","status-publish","hentry"],"_links":{"self":[{"href":"https:\/\/blogs.ua.es\/prensayeleccionesgenerales\/wp-json\/wp\/v2\/pages\/18","targetHints":{"allow":["GET"]}}],"collection":[{"href":"https:\/\/blogs.ua.es\/prensayeleccionesgenerales\/wp-json\/wp\/v2\/pages"}],"about":[{"href":"https:\/\/blogs.ua.es\/prensayeleccionesgenerales\/wp-json\/wp\/v2\/types\/page"}],"author":[{"embeddable":true,"href":"https:\/\/blogs.ua.es\/prensayeleccionesgenerales\/wp-json\/wp\/v2\/users\/2862"}],"replies":[{"embeddable":true,"href":"https:\/\/blogs.ua.es\/prensayeleccionesgenerales\/wp-json\/wp\/v2\/comments?post=18"}],"version-history":[{"count":2,"href":"https:\/\/blogs.ua.es\/prensayeleccionesgenerales\/wp-json\/wp\/v2\/pages\/18\/revisions"}],"predecessor-version":[{"id":198,"href":"https:\/\/blogs.ua.es\/prensayeleccionesgenerales\/wp-json\/wp\/v2\/pages\/18\/revisions\/198"}],"wp:attachment":[{"href":"https:\/\/blogs.ua.es\/prensayeleccionesgenerales\/wp-json\/wp\/v2\/media?parent=18"}],"curies":[{"name":"wp","href":"https:\/\/api.w.org\/{rel}","templated":true}]}}