{"id":7,"date":"2015-11-19T14:51:49","date_gmt":"2015-11-19T14:51:49","guid":{"rendered":"https:\/\/blogs.ua.es\/prensayeleccionesgenerales\/?page_id=7"},"modified":"2015-12-06T10:43:00","modified_gmt":"2015-12-06T10:43:00","slug":"1-presentacion","status":"publish","type":"page","link":"https:\/\/blogs.ua.es\/prensayeleccionesgenerales\/1-presentacion\/","title":{"rendered":"1. Presentaci\u00f3n"},"content":{"rendered":"<p style=\"text-align: justify\"><a href=\"https:\/\/blogs.ua.es\/prensayeleccionesgenerales\/files\/2015\/11\/Presentaci\u00f3n.jpg\"><img loading=\"lazy\" decoding=\"async\" class=\"aligncenter size-full wp-image-31\" src=\"https:\/\/blogs.ua.es\/prensayeleccionesgenerales\/files\/2015\/11\/Presentaci\u00f3n.jpg\" alt=\"Presentaci\u00f3n\" width=\"908\" height=\"264\" srcset=\"https:\/\/blogs.ua.es\/prensayeleccionesgenerales\/files\/2015\/11\/Presentaci\u00f3n.jpg 908w, https:\/\/blogs.ua.es\/prensayeleccionesgenerales\/files\/2015\/11\/Presentaci\u00f3n-300x87.jpg 300w\" sizes=\"auto, (max-width: 908px) 100vw, 908px\" \/><\/a><\/p>\n<p style=\"text-align: justify\">En el presente blog\u00a0 procederemos a analizar las portadas de ABC y El Pa\u00eds en su edici\u00f3n dominical y en la que se publica los lunes por la ma\u00f1ana enmarc\u00e1ndolas en los d\u00edas de elecciones generales a Cortes y el d\u00eda posterior, con el objetivo de indagar en el tratamiento que uno y otro peri\u00f3dico realizan sobre tal acontecimiento y los resultados de los comicios.<\/p>\n<p style=\"text-align: justify\">Para realizar dicho an\u00e1lisis nos hemos basado principalmente en las directrices dadas por Jacques Kayser \u00a0en su obra <em>El Peri\u00f3dico: Estudios de morfolog\u00eda, de metodolog\u00eda y de prensa comparada, Ciespal, Quito, 1961, <\/em>en la cual este especialista en estudios de la prensa nos ofrece una serie de directrices y puntos clave a la hora de analizar la estructura de un peri\u00f3dico.<\/p>\n<p style=\"text-align: justify\">Sobre el autor, Jacques Kayser, 1900-1963, fue director adjunto del Instituto franc\u00e9s de prensa de la Universidad de Par\u00eds, Secretario General Adjunto de la AIERI, profesor del Instituto para el desarrollo Econ\u00f3mico y Social de Francia y Director del Seminario del Instituto de Estudios Pol\u00edticos de la Universidad de Par\u00eds. \u00a0En lo referente a los estudios de prensa sus \u00a0obras principales son\u00a0\u00a0<em>\u00c9tude compar\u00e9e de 17 grands quotidiens pendant 7 jours<\/em>, publicado en 1953,\u00a0<em>La presse de province sour la Troisi\u00e9me R\u00e9publique<\/em>\u00a0de 1958\u00a0y\u00a0<em>Le quotidien fran\u00e7ais<\/em>, publicado el a\u00f1o de su fallecimiento.<\/p>\n<p style=\"text-align: justify\">Somos Jessica Alcaraz Parada, Melani Berna Esta\u00f1, Mois\u00e9s Pulido Ripoll, Alejandro Estarli Rico, Javier Sol\u00e9 Calero y Ethan Calero Ortu\u00f1o, estudiantes de 4 de grado en Historia por la Universidad de Alicante, y este trabajo se desarrolla en el marco de las actividades pr\u00e1cticas de la asignatura de Metodolog\u00eda II, en la cual realizamos un acercamiento al proceder del historiador, las tendencias historiogr\u00e1ficas y el an\u00e1lisis de las diversas fuentes hist\u00f3ricas.<\/p>\n<p>En cuanto al reparto del trabajo, ha sido el siguiente:<\/p>\n<p><a href=\"https:\/\/blogs.ua.es\/prensayeleccionesgenerales\/files\/2015\/11\/cuadro-reparto.jpg\"><img loading=\"lazy\" decoding=\"async\" class=\"aligncenter size-full wp-image-199\" src=\"https:\/\/blogs.ua.es\/prensayeleccionesgenerales\/files\/2015\/11\/cuadro-reparto.jpg\" alt=\"cuadro reparto\" width=\"645\" height=\"400\" srcset=\"https:\/\/blogs.ua.es\/prensayeleccionesgenerales\/files\/2015\/11\/cuadro-reparto.jpg 645w, https:\/\/blogs.ua.es\/prensayeleccionesgenerales\/files\/2015\/11\/cuadro-reparto-300x186.jpg 300w\" sizes=\"auto, (max-width: 645px) 100vw, 645px\" \/><\/a><\/p>\n","protected":false},"excerpt":{"rendered":"<p>En el presente blog\u00a0 procederemos a analizar las portadas de ABC y El Pa\u00eds en su edici\u00f3n dominical y en la que se publica los lunes por la ma\u00f1ana enmarc\u00e1ndolas en los d\u00edas de elecciones generales a Cortes y el &hellip; <a href=\"https:\/\/blogs.ua.es\/prensayeleccionesgenerales\/1-presentacion\/\">Continue reading <span class=\"meta-nav\">&rarr;<\/span><\/a><\/p>\n","protected":false},"author":2862,"featured_media":0,"parent":0,"menu_order":0,"comment_status":"closed","ping_status":"closed","template":"","meta":{"footnotes":""},"class_list":["post-7","page","type-page","status-publish","hentry"],"_links":{"self":[{"href":"https:\/\/blogs.ua.es\/prensayeleccionesgenerales\/wp-json\/wp\/v2\/pages\/7","targetHints":{"allow":["GET"]}}],"collection":[{"href":"https:\/\/blogs.ua.es\/prensayeleccionesgenerales\/wp-json\/wp\/v2\/pages"}],"about":[{"href":"https:\/\/blogs.ua.es\/prensayeleccionesgenerales\/wp-json\/wp\/v2\/types\/page"}],"author":[{"embeddable":true,"href":"https:\/\/blogs.ua.es\/prensayeleccionesgenerales\/wp-json\/wp\/v2\/users\/2862"}],"replies":[{"embeddable":true,"href":"https:\/\/blogs.ua.es\/prensayeleccionesgenerales\/wp-json\/wp\/v2\/comments?post=7"}],"version-history":[{"count":7,"href":"https:\/\/blogs.ua.es\/prensayeleccionesgenerales\/wp-json\/wp\/v2\/pages\/7\/revisions"}],"predecessor-version":[{"id":200,"href":"https:\/\/blogs.ua.es\/prensayeleccionesgenerales\/wp-json\/wp\/v2\/pages\/7\/revisions\/200"}],"wp:attachment":[{"href":"https:\/\/blogs.ua.es\/prensayeleccionesgenerales\/wp-json\/wp\/v2\/media?parent=7"}],"curies":[{"name":"wp","href":"https:\/\/api.w.org\/{rel}","templated":true}]}}