{"id":18,"date":"2009-09-11T16:10:00","date_gmt":"2009-09-11T14:10:00","guid":{"rendered":"https:\/\/blogs.ua.es\/progoo\/?page_id=18"},"modified":"2009-09-11T22:49:15","modified_gmt":"2009-09-11T20:49:15","slug":"enlaces-sitios-en-ingles","status":"publish","type":"page","link":"https:\/\/blogs.ua.es\/progoo\/enlaces-sitios-en-ingles\/","title":{"rendered":"Enlaces (sitios en ingl\u00e9s)"},"content":{"rendered":"<ol>\n<LI><A HREF=\"http:\/\/accu.org\/index.php\/journals\/233\"><B>http:\/\/accu.org\/index.php\/journals\/233<\/B><\/A><BR><\/p>\n<p>Un art\u00edculo sobre clases interfaz en C++<br \/>\n<BR><HR><br \/>\n<LI><A HREF=\"http:\/\/dn.codegear.com\/article\/31863\"><B>http:\/\/dn.codegear.com\/article\/31863<\/B><\/A><BR><br \/>\n&#8220;Practical UML&#153;: A Hands-On Introduction for Developers&#8221;<\/p>\n<p>Introducci\u00f3n pr\u00e1ctica a UML (con tests).<br \/>\n<BR><HR><br \/>\n<LI><A HREF=\"http:\/\/www.artima.com\/cppsource\"><B>http:\/\/www.artima.com\/cppsource<\/B><\/A><BR><br \/>\n&#8220;C++ source&#8221;. Revista digital para la comunidad de desarrolladores en C++ (en ingl\u00e9s)<br \/>\n<BR><HR><br \/>\n<LI><A HREF=\"http:\/\/www.artima.com\/cppsource\/cpp0x.html\"><B>http:\/\/www.artima.com\/cppsource\/cpp0x.html<\/B><\/A><BR><br \/>\nEl pr\u00f3ximo est\u00e1ndar de C++<br \/>\n<BR><HR><br \/>\n<LI><A HREF=\"http:\/\/www.artima.com\/cppsource\/pure_virtual.html\"><B>http:\/\/www.artima.com\/cppsource\/pure_virtual.html<\/B><\/A><BR><br \/>\nUna explicaci\u00f3n al error de ejecuci\u00f3n &#8220;pure virtual function called&#8221; en C++<br \/>\n<BR><HR><br \/>\n<LI><A HREF=\"http:\/\/www.devx.com\/tips\/Tip\/12729\"><B>http:\/\/www.devx.com\/tips\/Tip\/12729<\/B><\/A><BR><br \/>\nSobre el destructor abstracto<br \/>\n<BR><HR><br \/>\n<LI><A HREF=\"http:\/\/www.hitmill.com\/programming\/cpp\/cppHistory.html\"><B>http:\/\/www.hitmill.com\/programming\/cpp\/cppHistory.html<\/B><\/A><BR><br \/>\nUna breve historia de C++<br \/>\n<BR><HR><br \/>\n<LI><A HREF=\"http:\/\/www.jot.fm\"><B>http:\/\/www.jot.fm<\/B><\/A><BR><br \/>\nJournal of Object Technology. Todos los art\u00edculos pubicados desde el a\u00f1o 2002 son accesibles.<br \/>\n<BR><HR><br \/>\n<LI><A HREF=\"http:\/\/www.mindview.net\/Books\/TICPP\/ThinkingInCPP2e.html\"><B>http:\/\/www.mindview.net\/Books\/TICPP\/ThinkingInCPP2e.html<\/B><\/A><BR><br \/>\nBruce Eckel. &#8220;Thinking in C++ 2nd Edition&#8221;, Vol. 1 &amp; Vol. 2<\/p>\n<p>Libro electr\u00f3nico sobre C++ de descarga gratuita.<br \/>\n<BR><HR><br \/>\n<LI><A HREF=\"http:\/\/www.mindview.net\/Books\/TIJ\/\"><B>http:\/\/www.mindview.net\/Books\/TIJ\/<\/B><\/A><BR><br \/>\nBruce Eckel. &#8220;Thinking in Java, 3rd Edition&#8221;. Libro electr\u00f3nico sobre Java, de descarga gratuita. La versi\u00f3n 4 tambi\u00e9n est\u00e1 disponible parcialmente para descarga: http:\/\/mindview.net\/Books\/TIJ4<br \/>\n<BR><HR><br \/>\n<LI><A HREF=\"http:\/\/www.parashift.com\/c++-faq-lite\/\"><B>http:\/\/www.parashift.com\/c++-faq-lite\/<\/B><\/A><BR><br \/>\nPreguntas frecuentes sobre C++ (desde 1991)<br \/>\n<BR><HR><br \/>\n<LI><A HREF=\"http:\/\/www.python.org\/\"><B>http:\/\/www.python.org\/<\/B><\/A><BR><br \/>\nEl lenguaje orientado a objetos Python<br \/>\n<BR><HR>\n<\/ol>\n","protected":false},"excerpt":{"rendered":"<p>http:\/\/accu.org\/index.php\/journals\/233 Un art\u00edculo sobre clases interfaz en C++ http:\/\/dn.codegear.com\/article\/31863 &#8220;Practical UML&#153;: A Hands-On Introduction for Developers&#8221; Introducci\u00f3n pr\u00e1ctica a UML (con tests). http:\/\/www.artima.com\/cppsource &#8220;C++ source&#8221;. Revista digital para la comunidad de desarrolladores en C++ (en ingl\u00e9s) http:\/\/www.artima.com\/cppsource\/cpp0x.html El pr\u00f3ximo est\u00e1ndar de C++ http:\/\/www.artima.com\/cppsource\/pure_virtual.html Una explicaci\u00f3n al error de ejecuci\u00f3n &#8220;pure virtual function called&#8221; en C++ [&hellip;]<\/p>\n","protected":false},"author":1276,"featured_media":0,"parent":0,"menu_order":0,"comment_status":"open","ping_status":"open","template":"","meta":{"footnotes":""},"class_list":["post-18","page","type-page","status-publish","hentry"],"_links":{"self":[{"href":"https:\/\/blogs.ua.es\/progoo\/wp-json\/wp\/v2\/pages\/18","targetHints":{"allow":["GET"]}}],"collection":[{"href":"https:\/\/blogs.ua.es\/progoo\/wp-json\/wp\/v2\/pages"}],"about":[{"href":"https:\/\/blogs.ua.es\/progoo\/wp-json\/wp\/v2\/types\/page"}],"author":[{"embeddable":true,"href":"https:\/\/blogs.ua.es\/progoo\/wp-json\/wp\/v2\/users\/1276"}],"replies":[{"embeddable":true,"href":"https:\/\/blogs.ua.es\/progoo\/wp-json\/wp\/v2\/comments?post=18"}],"version-history":[{"count":4,"href":"https:\/\/blogs.ua.es\/progoo\/wp-json\/wp\/v2\/pages\/18\/revisions"}],"predecessor-version":[{"id":25,"href":"https:\/\/blogs.ua.es\/progoo\/wp-json\/wp\/v2\/pages\/18\/revisions\/25"}],"wp:attachment":[{"href":"https:\/\/blogs.ua.es\/progoo\/wp-json\/wp\/v2\/media?parent=18"}],"curies":[{"name":"wp","href":"https:\/\/api.w.org\/{rel}","templated":true}]}}