{"id":37,"date":"2009-09-29T17:09:28","date_gmt":"2009-09-29T15:09:28","guid":{"rendered":"https:\/\/blogs.ua.es\/progoo\/?page_id=37"},"modified":"2009-09-30T11:02:31","modified_gmt":"2009-09-30T09:02:31","slug":"libro-introduccion-a-la-programacion-orientada-a-objetos","status":"publish","type":"page","link":"https:\/\/blogs.ua.es\/progoo\/libro-introduccion-a-la-programacion-orientada-a-objetos\/","title":{"rendered":"Libro <em>Introducci\u00f3n a la programaci\u00f3n orientada a objetos<\/em>"},"content":{"rendered":"<figure id=\"attachment_44\" aria-describedby=\"caption-attachment-44\" style=\"width: 209px\" class=\"wp-caption alignleft\"><img loading=\"lazy\" decoding=\"async\" class=\"size-medium wp-image-44\" src=\"https:\/\/blogs.ua.es\/progoo\/files\/2009\/09\/Portada-rec-209x300.jpg\" alt=\"Portada del libro 'Introducci\u00f3n a la programaci\u00f3n orientada a objetos'\" width=\"209\" height=\"300\" srcset=\"https:\/\/blogs.ua.es\/progoo\/files\/2009\/09\/Portada-rec-209x300.jpg 209w, https:\/\/blogs.ua.es\/progoo\/files\/2009\/09\/Portada-rec.jpg 676w\" sizes=\"auto, (max-width: 209px) 100vw, 209px\" \/><figcaption id=\"caption-attachment-44\" class=\"wp-caption-text\">Portada del libro &#39;Introducci\u00f3n a la programaci\u00f3n orientada a objetos&#39;<\/figcaption><\/figure>\n<p>Este libro ha sido escrito por profesores que han impartido o imparten la asignatura <em>Programaci\u00f3n orientada a objetos<\/em> en las titulaciones de inform\u00e1tica de la Universidad de Alicante, y editado por el servicio de publicaciones de la universidad. Aqu\u00ed puedes ver su <a href=\"http:\/\/publicaciones.ua.es\/publica\/ficha.aspx?fndCod=LI9788479088736\">entrada de cat\u00e1logo<\/a>, donde tambi\u00e9n podr\u00e1s adquirirlo. Tambi\u00e9n puedes encontrar el libro en las librer\u00edas on-line que encontrar\u00e1s al final de <a href=\"http:\/\/publicaciones.ua.es\/publica\/Enlaces.aspx\">esta p\u00e1gina<\/a>.<\/p>\n<p>El libro presenta una introducci\u00f3n a los principales elementos del paradigma orientado a objetos. Con el fin de evitar caer en particularidades de un lenguaje concreto, el texto utiliza UML como notaci\u00f3n est\u00e1ndar para ilustrar conceptos fundamentales de este paradigma como son la encapsulaci\u00f3n, la generalizaci\u00f3n y el polimorfismo.<\/p>\n<p>La obra a\u00fana los principios te\u00f3ricos con ejemplos pr\u00e1cticos en distintos lenguajes de programaci\u00f3n, y presenta abundancia de ejercicios resueltos en C++. Los contenidos de este libro son suficentes para organizar en torno a ellos un curso de introducci\u00f3n al paradigma orientado a objetos&#8217;, materia obligatoria en las titulaciones de Inform\u00e1tica de la inmensa mayor\u00eda de las universidades espa\u00f1olas.<\/p>\n<p>Aqu\u00ed puedes ver un resumen del \u00edndice del libro:<\/p>\n<ol>\n<li>Introduccio\u0301n al paradigma orientado a objetos\n<ul>\n<li>1.1. El progreso de la abstraccio\u0301n<\/li>\n<li>1.2. Principales Paradigmas de Programacio\u0301n<\/li>\n<li>1.3. El paradigma orientado a objetos<\/li>\n<li>1.4. Historia de los lenguajes orientados a objetos<\/li>\n<li>1.5. Metas del paradigma orientado a objetos<\/li>\n<li>1.6. Conclusiones<\/li>\n<\/ul>\n<\/li>\n<li>Fundamentos de la programacio\u0301n orientada a objetos\n<ul>\n<li>2.1. Motivacio\u0301n<\/li>\n<li>2.2. Clases<\/li>\n<li>2.3. Atributos<\/li>\n<li>2.4. Operaciones<\/li>\n<li>2.5. El concepto de interfaz<\/li>\n<li>2.6. El concepto de objeto<\/li>\n<li>2.7. Metaclases<\/li>\n<li>2.8. El disen\u0303o de aplicaciones OO<\/li>\n<li>2.9. Relaciones entre clases y relaciones entre objetos<\/li>\n<li>2.10. Conclusiones<\/li>\n<li>2.11. Ejercicios resueltos<\/li>\n<li>2.12. Ejercicios propuestos<\/li>\n<\/ul>\n<\/li>\n<li>Herencia\n<ul>\n<li>3.1. Introduccio\u0301n a la Herencia<\/li>\n<li>3.2. Herencia Simple<\/li>\n<li>3.3. Herencia Mu\u0301ltiple<\/li>\n<li>3.4. Herencia de Interfaz<\/li>\n<li>3.5. Herencia de Implementacio\u0301n<\/li>\n<li>3.6. Beneficios y costes de la herencia<\/li>\n<li>3.7. Eleccio\u0301n de la te\u0301cnica de reutilizacio\u0301n de software<\/li>\n<li>3.8. Conclusiones<\/li>\n<li>3.9. Ejercicios resueltos<\/li>\n<li>3.10. Ejercicios propuestos<\/li>\n<\/ul>\n<\/li>\n<li>Polimorfismo\n<ul>\n<li>4.1. Polimorfismo y reutilizacio\u0301n<\/li>\n<li>4.2. Sobrecarga<\/li>\n<li>4.3. Polimorfismo en jerarqui\u0301as de herencia<\/li>\n<li>4.4. Variables polimo\u0301rficas<\/li>\n<li>4.5. Genericidad<\/li>\n<li>4.6. Caso de estudio<\/li>\n<li>4.7. Conclusiones<\/li>\n<li>4.8. Ejercicios resueltos<\/li>\n<li>4.9. Ejercicios propuestos<\/li>\n<\/ul>\n<\/li>\n<li>Gestio\u0301n de errores y otras caracteri\u0301sticas\n<ul>\n<li>5.1. Gestio\u0301n de errores<\/li>\n<li>5.2. Otras caracteri\u0301sticas<\/li>\n<li>5.3. Conclusiones<\/li>\n<li>5.4. Ejercicios resueltos<\/li>\n<li>5.5. Ejercicios propuestos<\/li>\n<\/ul>\n<\/li>\n<\/ol>\n","protected":false},"excerpt":{"rendered":"<p>Este libro ha sido escrito por profesores que han impartido o imparten la asignatura Programaci\u00f3n orientada a objetos en las titulaciones de inform\u00e1tica de la Universidad de Alicante, y editado por el servicio de publicaciones de la universidad. Aqu\u00ed puedes ver su entrada de cat\u00e1logo, donde tambi\u00e9n podr\u00e1s adquirirlo. Tambi\u00e9n puedes encontrar el libro en [&hellip;]<\/p>\n","protected":false},"author":1276,"featured_media":0,"parent":0,"menu_order":0,"comment_status":"open","ping_status":"open","template":"","meta":{"footnotes":""},"class_list":["post-37","page","type-page","status-publish","hentry"],"_links":{"self":[{"href":"https:\/\/blogs.ua.es\/progoo\/wp-json\/wp\/v2\/pages\/37","targetHints":{"allow":["GET"]}}],"collection":[{"href":"https:\/\/blogs.ua.es\/progoo\/wp-json\/wp\/v2\/pages"}],"about":[{"href":"https:\/\/blogs.ua.es\/progoo\/wp-json\/wp\/v2\/types\/page"}],"author":[{"embeddable":true,"href":"https:\/\/blogs.ua.es\/progoo\/wp-json\/wp\/v2\/users\/1276"}],"replies":[{"embeddable":true,"href":"https:\/\/blogs.ua.es\/progoo\/wp-json\/wp\/v2\/comments?post=37"}],"version-history":[{"count":6,"href":"https:\/\/blogs.ua.es\/progoo\/wp-json\/wp\/v2\/pages\/37\/revisions"}],"predecessor-version":[{"id":39,"href":"https:\/\/blogs.ua.es\/progoo\/wp-json\/wp\/v2\/pages\/37\/revisions\/39"}],"wp:attachment":[{"href":"https:\/\/blogs.ua.es\/progoo\/wp-json\/wp\/v2\/media?parent=37"}],"curies":[{"name":"wp","href":"https:\/\/api.w.org\/{rel}","templated":true}]}}