{"id":2,"date":"2012-09-19T11:08:29","date_gmt":"2012-09-19T11:08:29","guid":{"rendered":"https:\/\/blogs.ua.es\/protos\/?page_id=2"},"modified":"2013-06-28T18:44:59","modified_gmt":"2013-06-28T18:44:59","slug":"introduccion","status":"publish","type":"page","link":"https:\/\/blogs.ua.es\/protos\/introduccion\/","title":{"rendered":"Introducci\u00f3n"},"content":{"rendered":"<p>Este es un blog dedicado a la historia y sociedad de los paises bajos en el siglo XVI.<\/p>\n<p>Los paises bajos, son una regi\u00f3n de marineros que prospero en una llanura del mar del Norte, en el noroeste de Europa. La idea de la naci\u00f3n neerlandesa surji\u00f3 en el\u00a0 a\u00f1o 1433, cuando el <span class=\"mw-redirect\">Duque de Borgo\u00f1a<\/span> hab\u00eda asumido el control sobre la mayor\u00eda de los territorios neerlandeses.<\/p>\n<p>Sin embargo, bajo el control de <span class=\"mw-redirect\">Carlos V (Carlos I de Espa\u00f1a)<\/span> y <span class=\"mw-redirect\">Felipe II<\/span>, los Pa\u00edses Bajos Borgo\u00f1ones se convirtieron en una parte del <span class=\"mw-redirect\">imperio de Espa\u00f1a<\/span>. La <span class=\"mw-redirect\">reforma protestante<\/span> hizo el calvinismo la religi\u00f3n dominante en el norte. El contraataque espa\u00f1ol fue dirigido por el Duque de Alba, y Alejandro Farnesio. En 1566, Guillermo de Orange, un calvinista, lanz\u00f3 la Guerra de los Ochenta A\u00f1os para liberar a los neerlandeses de todas las religiones de los espa\u00f1oles cat\u00f3licos. La revuelta neerlandesa fue una batalla contra los espa\u00f1oles; finalmente la venci\u00f3 el norte con la <span class=\"new\">Paz de Westphalia<\/span> en 1648, pero Espa\u00f1a mantuvo el control en el sur.<\/p>\n<p>&#8230;y una vez hechas las presentaciones, podemos comenzar.<\/p>\n<p>&nbsp;<\/p>\n","protected":false},"excerpt":{"rendered":"<p>Este es un blog dedicado a la historia y sociedad de los paises bajos en el siglo XVI. Los paises bajos, son una regi\u00f3n de marineros que prospero en una llanura del mar del Norte, en el noroeste de Europa. La idea de la naci\u00f3n neerlandesa surji\u00f3 en el\u00a0 a\u00f1o 1433, cuando el Duque de [&hellip;]<\/p>\n","protected":false},"author":2753,"featured_media":0,"parent":0,"menu_order":0,"comment_status":"open","ping_status":"open","template":"","meta":{"footnotes":""},"class_list":["post-2","page","type-page","status-publish","hentry"],"_links":{"self":[{"href":"https:\/\/blogs.ua.es\/protos\/wp-json\/wp\/v2\/pages\/2","targetHints":{"allow":["GET"]}}],"collection":[{"href":"https:\/\/blogs.ua.es\/protos\/wp-json\/wp\/v2\/pages"}],"about":[{"href":"https:\/\/blogs.ua.es\/protos\/wp-json\/wp\/v2\/types\/page"}],"author":[{"embeddable":true,"href":"https:\/\/blogs.ua.es\/protos\/wp-json\/wp\/v2\/users\/2753"}],"replies":[{"embeddable":true,"href":"https:\/\/blogs.ua.es\/protos\/wp-json\/wp\/v2\/comments?post=2"}],"version-history":[{"count":13,"href":"https:\/\/blogs.ua.es\/protos\/wp-json\/wp\/v2\/pages\/2\/revisions"}],"predecessor-version":[{"id":34,"href":"https:\/\/blogs.ua.es\/protos\/wp-json\/wp\/v2\/pages\/2\/revisions\/34"}],"wp:attachment":[{"href":"https:\/\/blogs.ua.es\/protos\/wp-json\/wp\/v2\/media?parent=2"}],"curies":[{"name":"wp","href":"https:\/\/api.w.org\/{rel}","templated":true}]}}