{"id":1143,"date":"2010-04-23T10:39:57","date_gmt":"2010-04-23T09:39:57","guid":{"rendered":"https:\/\/blogs.ua.es\/proyectosarquitectonicos\/?page_id=1143"},"modified":"2012-03-05T18:32:49","modified_gmt":"2012-03-05T17:32:49","slug":"jaime-sepulcre","status":"publish","type":"page","link":"https:\/\/blogs.ua.es\/proyectosarquitectonicos\/cursos-precedentes-2\/curso-2010-2011\/miembros\/jaime-sepulcre\/","title":{"rendered":"JAIME SEPULCRE"},"content":{"rendered":"<h1><span style=\"font-size: 14px\"><strong><span style=\"background-color: #ff8c00\">Jaime Sepulcre<\/span><br \/>\n<\/strong><\/span><strong><\/strong><\/h1>\n<p><span style=\"color: #808080\"><strong>Profesor Asociado de Proyectos Arquitect\u00f3nicos de la Universidad de Alicante. Contacto: jsepulcre@ua.es. <\/strong><\/span><\/p>\n<p><span style=\"color: #808080\"><strong>Curso Actual: <a href=\"https:\/\/blogs.ua.es\/proyectosarquitectonicos\/proyectos-iii\/piii-0-2\/\">PII<\/a><br \/>\n<\/strong><\/span><\/p>\n<p><strong><a href=\"https:\/\/blogs.ua.es\/proyectosarquitectonicos\/miembros\/jaime-sepulcre\/jaime-sepulcre-2\/\" rel=\"attachment wp-att-2909\"><img loading=\"lazy\" decoding=\"async\" class=\"alignleft size-full wp-image-2909\" src=\"https:\/\/blogs.ua.es\/proyectosarquitectonicos\/files\/2010\/04\/Jaime-Sepulcre.jpg\" alt=\"\" width=\"150\" height=\"199\" srcset=\"https:\/\/blogs.ua.es\/proyectosarquitectonicos\/files\/2010\/04\/Jaime-Sepulcre.jpg 150w, https:\/\/blogs.ua.es\/proyectosarquitectonicos\/files\/2010\/04\/Jaime-Sepulcre-113x150.jpg 113w\" sizes=\"auto, (max-width: 150px) 100vw, 150px\" \/><\/a>1972<\/strong> Nace el 21 de junio en Elche (Alicante), Espa\u00f1a.<\/p>\n<p><strong>1997<\/strong> Se grad\u00faa como Arquitecto en la Escuela T\u00e9cnica Superior de Arquitectura de la Universidad de Navarra (Pamplona), con Premio Extraordinario Fin de Carrera.<\/p>\n<p><strong>1998<\/strong> Recibe el 3er Premio Nacional de Finalizaci\u00f3n de Estudios Universitarios.<\/p>\n<p><strong>2004<\/strong> Obtiene el t\u00edtulo de Doctor Arquitecto con una Tesis sobre Arquitectura Moderna Espa\u00f1ola.<\/p>\n<p><strong>2006-2012<\/strong> Profesor Asociado en la Escuela Polit\u00e9cnica Superior de la Universidad de Alicante, en Proyectos Arquitect\u00f3nicos II, III y PFC.<\/p>\n<p><strong>2003-2005<\/strong> Profesor Asociado en la ETSAUN, en Proyectos II (con Miguel \u00c1ngel Alonso del Val).<\/p>\n<p><strong>1997-2003<\/strong> Profesor Ayudante en la ETSAUN, en Elementos de Composici\u00f3n, Proyectos I y II (con Juan Miguel Otxotorena, Patxi Mangado y M. \u00c1. Alonso del Val).<\/p>\n<p><strong>1998-2003<\/strong> Colaborador en las Actividades Culturales de la ETSAUN.<\/p>\n<p><strong>2009<\/strong> Coorganizador y profesor del Taller de Verano de Arquitectura y Paisaje titulado &#8220;GERIDEA: intervenciones en el paisaje del valle de La Geria,&#8221; celebrado en la isla de Lanzarote (con Jin Taira).<\/p>\n<p><strong>2005 <\/strong>Se establece en Elche donde funda su Estudio y desde donde desarrolla su trabajo en la actualidad.<\/p>\n<p><strong>Programas docentes, \u00c1rea de Proyectos Arquitect\u00f3nicos &#8211; EPS de Arquitectura Univ. de Alicante<\/strong><\/p>\n<p>&#8211; \u201cLa Fundaci\u00f3n de la Ciudad\u201d, 2011-12, con Jos\u00e9 Mar\u00eda Torres Nadal<\/p>\n<p>&#8211; \u201cModelo Docente YRGB 2010 PFC\u201d, en Programas Docentes Proyectos Arquitect\u00f3nicos 2010-2011, con Javier Pe\u00f1a Galiano y Mar\u00eda Jos\u00e9 Marcos<\/p>\n<p>&#8211; \u201cMapas -Investigar-, Sostenibilidad -Transdisciplinar-, Crear -Arquitectura-\u201d, en Programas Docentes 2009-2010<\/p>\n<p>&#8211; \u201cEntornos habitables: lo Natural, lo Urbano y lo \u00cdntimo\u201d, en Programas Docentes 2008-2009<\/p>\n<p>&#8211; &#8220;Taller Pol\u00edtico&#8221;, 2007-08, con Francisco Mej\u00edas<\/p>\n<p>&#8211; &#8220;Taller Vivienda. L\u00edmites&#8221;, 2006-07, con F. Mej\u00edas<\/p>\n<p><strong>Premios en concursos y reconocimientos: <\/strong><\/p>\n<p>1er Premio, Concurso para la ordenaci\u00f3n de la fachada mar\u00edtima de Calpe.<\/p>\n<p>2\u00ba Premio, Concurso para el proyecto de urbanizaci\u00f3n de la explanada del metro en Erandio.<\/p>\n<p>3er premio, Concurso para la ampliaci\u00f3n del Colegio Territorial de Arquitectos de Alicante.<\/p>\n<p>3er premio, Concurso para el dise\u00f1o de la parada de la universidad del Tranv\u00eda de Alicante.<\/p>\n<p>Finalista, VIII Concurso de viviendas del IVVSA.<\/p>\n<p>Finalista, Premios de Arquitectura COACYLE 2008-2010 en la categor\u00eda de Interiorismo.<\/p>\n<p>Menci\u00f3n, Concurso de Viviendas en el Barrio de San Ant\u00f3n de Alicante.<\/p>\n<p>Menci\u00f3n, Premios de Arquitectura COACV 2007-2009 en las categor\u00edas de Arquitectura e Interiorismo.<\/p>\n<p><strong>Publicaciones y exposiciones:<\/strong><\/p>\n<p>VIA arquitectura<\/p>\n<p>TC Cuadernos<\/p>\n<p>Future arquitecturas<\/p>\n<p>Frame Magazine<\/p>\n<p>Cat\u00e1logo Muestra de arquitectura de Alicante 2001-2005<\/p>\n<p>Memoria de trabajos de profesores (ETSAUN)<\/p>\n<p>Exposici\u00f3n Muestra de Arquitectura de Alicante 2001-2003<\/p>\n<p>Exposici\u00f3n Muestra de Arquitectura de Alicante 2006-2007<\/p>\n<p>Exposici\u00f3n Premios de Arquitectura COACV 2007-2009<\/p>\n","protected":false},"excerpt":{"rendered":"<p>Jaime Sepulcre Profesor Asociado de Proyectos Arquitect\u00f3nicos de la Universidad de Alicante. Contacto: jsepulcre@ua.es. Curso Actual: PII 1972 Nace el 21 de junio en Elche (Alicante), Espa\u00f1a. 1997 Se grad\u00faa como Arquitecto en la Escuela T\u00e9cnica Superior de Arquitectura de la Universidad de Navarra (Pamplona), con Premio Extraordinario Fin de Carrera. 1998 Recibe el 3er [&hellip;]<\/p>\n","protected":false},"author":1583,"featured_media":0,"parent":24,"menu_order":0,"comment_status":"open","ping_status":"open","template":"","meta":{"footnotes":""},"class_list":["post-1143","page","type-page","status-publish","hentry"],"_links":{"self":[{"href":"https:\/\/blogs.ua.es\/proyectosarquitectonicos\/wp-json\/wp\/v2\/pages\/1143","targetHints":{"allow":["GET"]}}],"collection":[{"href":"https:\/\/blogs.ua.es\/proyectosarquitectonicos\/wp-json\/wp\/v2\/pages"}],"about":[{"href":"https:\/\/blogs.ua.es\/proyectosarquitectonicos\/wp-json\/wp\/v2\/types\/page"}],"author":[{"embeddable":true,"href":"https:\/\/blogs.ua.es\/proyectosarquitectonicos\/wp-json\/wp\/v2\/users\/1583"}],"replies":[{"embeddable":true,"href":"https:\/\/blogs.ua.es\/proyectosarquitectonicos\/wp-json\/wp\/v2\/comments?post=1143"}],"version-history":[{"count":45,"href":"https:\/\/blogs.ua.es\/proyectosarquitectonicos\/wp-json\/wp\/v2\/pages\/1143\/revisions"}],"predecessor-version":[{"id":1157,"href":"https:\/\/blogs.ua.es\/proyectosarquitectonicos\/wp-json\/wp\/v2\/pages\/1143\/revisions\/1157"}],"up":[{"embeddable":true,"href":"https:\/\/blogs.ua.es\/proyectosarquitectonicos\/wp-json\/wp\/v2\/pages\/24"}],"wp:attachment":[{"href":"https:\/\/blogs.ua.es\/proyectosarquitectonicos\/wp-json\/wp\/v2\/media?parent=1143"}],"curies":[{"name":"wp","href":"https:\/\/api.w.org\/{rel}","templated":true}]}}