{"id":1174,"date":"2010-04-23T11:28:27","date_gmt":"2010-04-23T10:28:27","guid":{"rendered":"https:\/\/blogs.ua.es\/proyectosarquitectonicos\/?page_id=1174"},"modified":"2010-11-04T17:08:11","modified_gmt":"2010-11-04T16:08:11","slug":"jose-maria-torres-nadal-2","status":"publish","type":"page","link":"https:\/\/blogs.ua.es\/proyectosarquitectonicos\/cursos-precedentes-2\/curso-2010-2011\/miembros\/jose-maria-torres-nadal-2\/","title":{"rendered":"JOSE MARIA TORRES NADAL"},"content":{"rendered":"<h1><span style=\"font-size: 14px\"><span><strong><span style=\"background-color: #ff8c00\">Jose Mar\u00eda Torres Nadal<br \/>\n<\/span><\/strong><\/span><\/span><\/h1>\n<p><span style=\"color: #808080\"><strong>Catedr\u00e1ticos de Proyectos Arquitect\u00f3nicos de la Universidad de Alicante. Contacto: jm@torresnadal.com<br \/>\n<\/strong><\/span><\/p>\n<p><a href=\"https:\/\/blogs.ua.es\/proyectosarquitectonicos\/?attachment_id=1151\"><img loading=\"lazy\" decoding=\"async\" class=\"alignleft size-full wp-image-1151\" style=\"border: 0pt none\" src=\"https:\/\/blogs.ua.es\/proyectosarquitectonicos\/files\/2010\/04\/josemariatorresnadal_web.jpg\" alt=\"\" width=\"134\" height=\"200\" \/><\/a><\/p>\n<p>(Cieza, Murcia, 1947)<\/p>\n<p>1973 T\u00edtulo Arquitecto E.T.S. Arquitectura Barcelona (1973)<\/p>\n<p>1986 Doctor Arquitecto (1986) en \u00a0la Escuela T\u00e9cnica Superior de Arquitectura de Barcelona.<\/p>\n<p>1987 Profesor Titular de Proyectos Arquitect\u00f3nicos de la ETSA de Barcelona.<\/p>\n<p>1999 \u00a0Catedr\u00e1tico de Proyectos de Arquitectura\u00a0 y Director del Departamento de Proyectos de Arquitectura de la Universidad de Alicante. Director del Master de Arquitectura <em>Arquitecturas Complejas\/Tecnolog\u00edas Complejas<\/em>.<\/p>\n<p>Ha sido Profesor Invitado en diversas Universidades Americanas (Tucson, Columbia, San Juan de Puerto Rico, MIT, Cartagena de Indias, Buenos Aires, Montevideo etc.) y Europeas (Venecia, Londres, Paris etc.)<\/p>\n<p>La obra Auditorio en La Vila Joiosa fue seleccionado para la exposici\u00f3n \u201cOn Site: New Spanish Architecture\u201d en el M.O.M.A. de Nueva York 2006.<\/p>\n<p>Ha sido invitado a los concursos internacional para la construcci\u00f3n de la Sede CAF en Caracas o en el Concurso para el \u201cCentro Deportivo Municipal de Accesibilidad Universal de Hortaleza\u201d Madrid,<\/p>\n<p>Es director de la Colecci\u00f3n de libros de Arquitectura \u201cARQUILECTURA\u201c y ha sido jurado y critico de diversos premios nacionales e internacionales el ultimo de ellos Jurado del Premio \u201cRey Jaime I\u201d de Urbanismo, Paisaje y Sostenibilidad 2008 en la XX edici\u00f3n de los Premios.<\/p>\n<p>Febrero 2009 Su obra ha sido editada en el libro\u00a0 ARQUITECTURAS TORRES NADAL: UN TRABAJO Edit. Rueda. Con escritos de Toyo Ito y Robert Venturi, Enric Miralles y otros.<\/p>\n<p>Obras en curso:<\/p>\n<p>132 VPO y aparcamientos en el Barrio de San Ant\u00f3n Elche, Alicante.<\/p>\n<p>Torre de 92 viviendas en Valencia SOCI\u00d3POLIS.<\/p>\n<p><strong>Jose Maria Torres Nadal <\/strong>Dr. Arquitecto. Catedr\u00e1tico Proyecto Arquitectura U. de Alicante<strong><\/strong><\/p>\n<p>+34 965 21 65 52\u00a0\u00a0\u00a0 Pase\u00edto Ramiro 8, 2\u00ba. 03002 ALICANTE<\/p>\n<p><a href=\"mailto:jm@torresnadal.com\">jm@torresnadal.com<\/a> <a href=\"http:\/\/www.torresnadal.com\/\">www.torresnadal.com<\/a><\/p>\n","protected":false},"excerpt":{"rendered":"<p>Jose Mar\u00eda Torres Nadal Catedr\u00e1ticos de Proyectos Arquitect\u00f3nicos de la Universidad de Alicante. Contacto: jm@torresnadal.com (Cieza, Murcia, 1947) 1973 T\u00edtulo Arquitecto E.T.S. Arquitectura Barcelona (1973) 1986 Doctor Arquitecto (1986) en \u00a0la Escuela T\u00e9cnica Superior de Arquitectura de Barcelona. 1987 Profesor Titular de Proyectos Arquitect\u00f3nicos de la ETSA de Barcelona. 1999 \u00a0Catedr\u00e1tico de Proyectos de Arquitectura\u00a0 [&hellip;]<\/p>\n","protected":false},"author":1583,"featured_media":0,"parent":24,"menu_order":0,"comment_status":"open","ping_status":"open","template":"","meta":{"footnotes":""},"class_list":["post-1174","page","type-page","status-publish","hentry"],"_links":{"self":[{"href":"https:\/\/blogs.ua.es\/proyectosarquitectonicos\/wp-json\/wp\/v2\/pages\/1174","targetHints":{"allow":["GET"]}}],"collection":[{"href":"https:\/\/blogs.ua.es\/proyectosarquitectonicos\/wp-json\/wp\/v2\/pages"}],"about":[{"href":"https:\/\/blogs.ua.es\/proyectosarquitectonicos\/wp-json\/wp\/v2\/types\/page"}],"author":[{"embeddable":true,"href":"https:\/\/blogs.ua.es\/proyectosarquitectonicos\/wp-json\/wp\/v2\/users\/1583"}],"replies":[{"embeddable":true,"href":"https:\/\/blogs.ua.es\/proyectosarquitectonicos\/wp-json\/wp\/v2\/comments?post=1174"}],"version-history":[{"count":20,"href":"https:\/\/blogs.ua.es\/proyectosarquitectonicos\/wp-json\/wp\/v2\/pages\/1174\/revisions"}],"predecessor-version":[{"id":1176,"href":"https:\/\/blogs.ua.es\/proyectosarquitectonicos\/wp-json\/wp\/v2\/pages\/1174\/revisions\/1176"}],"up":[{"embeddable":true,"href":"https:\/\/blogs.ua.es\/proyectosarquitectonicos\/wp-json\/wp\/v2\/pages\/24"}],"wp:attachment":[{"href":"https:\/\/blogs.ua.es\/proyectosarquitectonicos\/wp-json\/wp\/v2\/media?parent=1174"}],"curies":[{"name":"wp","href":"https:\/\/api.w.org\/{rel}","templated":true}]}}