{"id":1200,"date":"2010-04-27T10:38:31","date_gmt":"2010-04-27T09:38:31","guid":{"rendered":"https:\/\/blogs.ua.es\/proyectosarquitectonicos\/?page_id=1200"},"modified":"2015-11-24T23:19:55","modified_gmt":"2015-11-24T22:19:55","slug":"miguel-mesa","status":"publish","type":"page","link":"https:\/\/blogs.ua.es\/proyectosarquitectonicos\/cursos-precedentes-2\/curso-2010-2011\/miembros\/miguel-mesa\/","title":{"rendered":"MIGUEL MESA"},"content":{"rendered":"<h1><span style=\"font-size: 14px\"><strong><span style=\"background-color: #ff8c00\">Miguel Mesa del Castillo Clavel<br \/>\n<\/span><\/strong><\/span><\/h1>\n<p><span style=\"color: #808080\"><strong>Profesor Asociado de Proyectos Arquitect\u00f3nicos de la Universidad de Alicante. Contacto: m.mesa@adhocmsl.com. <\/strong><\/span><\/p>\n<p><span style=\"color: #808080\"><strong>Curso Actual: <a href=\"https:\/\/blogs.ua.es\/proyectosarquitectonicos\/proyectos-iii\/piv-0-1\/\">PIII<\/a><br \/>\n<\/strong><\/span><\/p>\n<p><strong><a href=\"https:\/\/blogs.ua.es\/proyectosarquitectonicos\/files\/2010\/04\/Foto-del-d\u00eda-24-11-15-a-las-22.50-7.jpg\" target=\"_blank\" rel=\"attachment wp-att-1734\"><img loading=\"lazy\" decoding=\"async\" class=\"wp-image-5756 alignleft\" style=\"border: 0pt none;margin-top: 0px;margin-bottom: 0px\" title=\"miguel_web\" src=\"https:\/\/blogs.ua.es\/proyectosarquitectonicos\/files\/2010\/04\/Foto-del-d\u00eda-24-11-15-a-las-22.50-7.jpg\" alt=\"\" width=\"377\" height=\"251\" srcset=\"https:\/\/blogs.ua.es\/proyectosarquitectonicos\/files\/2010\/04\/Foto-del-d\u00eda-24-11-15-a-las-22.50-7.jpg 1080w, https:\/\/blogs.ua.es\/proyectosarquitectonicos\/files\/2010\/04\/Foto-del-d\u00eda-24-11-15-a-las-22.50-7-300x200.jpg 300w, https:\/\/blogs.ua.es\/proyectosarquitectonicos\/files\/2010\/04\/Foto-del-d\u00eda-24-11-15-a-las-22.50-7-1024x683.jpg 1024w, https:\/\/blogs.ua.es\/proyectosarquitectonicos\/files\/2010\/04\/Foto-del-d\u00eda-24-11-15-a-las-22.50-7-150x100.jpg 150w, https:\/\/blogs.ua.es\/proyectosarquitectonicos\/files\/2010\/04\/Foto-del-d\u00eda-24-11-15-a-las-22.50-7-400x267.jpg 400w\" sizes=\"auto, (max-width: 377px) 100vw, 377px\" \/><\/a>INFORMACI\u00d3N PERSONAL:<\/strong><br \/>\nFecha de nacimiento: 17 de Septiembre de 1965<br \/>\nLugar de nacimiento: Murcia (Spain)<\/p>\n<p>Arquitecto por la Escuela T\u00e9cnica Superior de Arquitectura de Madrid. Universidad Polit\u00e9cnica de Madrid en 1996<\/p>\n<p>En 1995 se desplaza a Roma donde reside hasta el a\u00f1o 2004. Beca de investigaci\u00f3n en 1996 en el departamento ITACA. Innovazione Tecnologica nell&#8217;Architettura e Cultura nell&#8217;Ambiente of the Universit\u00e0 degli Studi di Roma &#8220;La Sapienza&#8221;. Proyecto mencionado en Takiron International Design Competition Shinkenchiku Sha en Jap\u00f3n &#8221; The Indefinite House&#8221;. Ha colaborado con diferentes arquitectos y estudios de arquitectura: Francisco Alonso de Santos (Madrid), Pedro Urz\u00e1iz (Madrid), Victor L\u00f2pez Cotelo (Madrid), Massimo D&#8217;Alessandro (Roma), King and Roselli (Roma), Massimiliano Fuksas (Roma), Jose Maria Torres Nadal (Murcia).<\/p>\n<p>Desde el a\u00f1o 2004 reside en Murcia y trabaja como arquitecto asociado en el estudio Adhocmsl, desarrollando proyectos de arquitectura, paisaje, an\u00e1lisis territorial y gesti\u00f3n urban\u00edstica fuertemente orientados hacia la sostenibilidad medioambiental, econ\u00f3mica y social.<\/p>\n<p>2005-2006. M\u00e1ster en Alicante: \u201cTecnolog\u00edas complejas para personas con capacidades complejas\u201d Proyecto Final: \u201cAtlas de cartograf\u00edas emergentes\u201d, tutor: Juan Herreros. Coordinador del Taller para estudiantes de arquitectura en el Centro P\u00e1rraga (Murcia), sobre el concurso internacional para la restauraci\u00f3n ambiental de Marina de Cope. Coordinador del Taller para estudiantes de arquitectura en el Centro P\u00e1rraga (Murcia), sobre la regeneraci\u00f3n de la Bah\u00eda de Portm\u00e1n (Murcia)<\/p>\n<p>Desde 2007 ense\u00f1a Proyectos Arquitect\u00f3nicos en la Universidad de Alicante donde ha creado el Laboratorio de Arquitectura y Computaci\u00f3n {LAC}, que se ocupa del desarrollo y la aplicaci\u00f3n de tecnolog\u00edas digitales al pensamiento y la producci\u00f3n arquitect\u00f3nica.<\/p>\n<p>2008 Coordinador del Taller, LOOKING FOR A NETWORK. Colegio de Arquitectos de Murcia.<\/p>\n<p>2009 Profesor invitado por el Instituto de arquitectura Avanzada de Catalu\u00f1a (IaaC), mayo a julio.<\/p>\n<p>2012 Doctor en Arquitectura por la Universidad de Alicante con la tesis: &#8220;V\u00edctimas de un Mapa. Arquitectura y Resistencia en el Tiempo de la Cultura Flexible&#8221;.<\/p>\n<p>Director de la revista [i2] del Departamento de Expresi\u00f3n Gr\u00e1fica y Cartograf\u00eda de la Universidad de Alicante.<\/p>\n<p>Director del M\u00e1ster en Arquitectura de la Universidad de Alicante.<\/p>\n","protected":false},"excerpt":{"rendered":"<p>Miguel Mesa del Castillo Clavel Profesor Asociado de Proyectos Arquitect\u00f3nicos de la Universidad de Alicante. Contacto: m.mesa@adhocmsl.com. Curso Actual: PIII INFORMACI\u00d3N PERSONAL: Fecha de nacimiento: 17 de Septiembre de 1965 Lugar de nacimiento: Murcia (Spain) Arquitecto por la Escuela T\u00e9cnica Superior de Arquitectura de Madrid. Universidad Polit\u00e9cnica de Madrid en 1996 En 1995 se desplaza [&hellip;]<\/p>\n","protected":false},"author":1583,"featured_media":0,"parent":24,"menu_order":0,"comment_status":"open","ping_status":"open","template":"","meta":{"footnotes":""},"class_list":["post-1200","page","type-page","status-publish","hentry"],"_links":{"self":[{"href":"https:\/\/blogs.ua.es\/proyectosarquitectonicos\/wp-json\/wp\/v2\/pages\/1200","targetHints":{"allow":["GET"]}}],"collection":[{"href":"https:\/\/blogs.ua.es\/proyectosarquitectonicos\/wp-json\/wp\/v2\/pages"}],"about":[{"href":"https:\/\/blogs.ua.es\/proyectosarquitectonicos\/wp-json\/wp\/v2\/types\/page"}],"author":[{"embeddable":true,"href":"https:\/\/blogs.ua.es\/proyectosarquitectonicos\/wp-json\/wp\/v2\/users\/1583"}],"replies":[{"embeddable":true,"href":"https:\/\/blogs.ua.es\/proyectosarquitectonicos\/wp-json\/wp\/v2\/comments?post=1200"}],"version-history":[{"count":29,"href":"https:\/\/blogs.ua.es\/proyectosarquitectonicos\/wp-json\/wp\/v2\/pages\/1200\/revisions"}],"predecessor-version":[{"id":5760,"href":"https:\/\/blogs.ua.es\/proyectosarquitectonicos\/wp-json\/wp\/v2\/pages\/1200\/revisions\/5760"}],"up":[{"embeddable":true,"href":"https:\/\/blogs.ua.es\/proyectosarquitectonicos\/wp-json\/wp\/v2\/pages\/24"}],"wp:attachment":[{"href":"https:\/\/blogs.ua.es\/proyectosarquitectonicos\/wp-json\/wp\/v2\/media?parent=1200"}],"curies":[{"name":"wp","href":"https:\/\/api.w.org\/{rel}","templated":true}]}}