{"id":1717,"date":"2010-06-15T13:51:00","date_gmt":"2010-06-15T12:51:00","guid":{"rendered":"https:\/\/blogs.ua.es\/proyectosarquitectonicos\/?page_id=1717"},"modified":"2010-07-15T17:08:38","modified_gmt":"2010-07-15T16:08:38","slug":"javier-sanchez-merina","status":"publish","type":"page","link":"https:\/\/blogs.ua.es\/proyectosarquitectonicos\/cursos-precedentes-2\/curso-2010-2011\/miembros\/javier-sanchez-merina\/","title":{"rendered":"JAVIER SANCHEZ MERINA"},"content":{"rendered":"<h1><span style=\"font-size: 14px\"><strong><span style=\"background-color: #ff8c00\">Javier S\u00e1nchez Merina<\/span><\/strong><span style=\"background-color: #ff8c00\">.<\/span><\/span><\/h1>\n<p><span style=\"color: #808080\"><strong>Profesor Asociado de Proyectos Arquitect\u00f3nicos de la Universidad de Alicante. Contacto: javier@sarq.org <\/strong><\/span><\/p>\n<p><span style=\"color: #808080\"><strong>Curso Actual: <a href=\"http:\/\/slowers2.blogspot.com\/\" target=\"_blank\">PII<\/a><br \/>\n<\/strong><\/span><br \/>\n<a rel=\"attachment wp-att-1718\" href=\"https:\/\/blogs.ua.es\/proyectosarquitectonicos\/miembros\/javier-sanchez-merina\/fotografia-jsm_web\/\" target=\"_blank\"><img loading=\"lazy\" decoding=\"async\" class=\"alignleft size-full wp-image-1718\" style=\"border: 0pt none;margin: 0px\" title=\"fotografia jsm_web\" src=\"https:\/\/blogs.ua.es\/proyectosarquitectonicos\/files\/2010\/06\/fotografia-jsm_web.jpg\" alt=\"\" width=\"280\" height=\"200\" \/><\/a>&#8211; Arquitecto (ETSAV 90), MPhil (The Bartlett 95), Doctor Cum Laude y Menci\u00f3n Europea (ETSAB 02).<\/p>\n<p>&#8211; Profesor de Proyectos en Kingston School of Architecture (94-97) y, desde 2001, en la Universidad de Alicante.<\/p>\n<p>&#8211; Escritos publicados en Astr\u00e1galo, AVS, V\u00eda, UPC, Cuadernos de Arquitectura, Diversa, Pasajes, Free Speech of Architecture, La  Verdad, RIBA, a-matter, Morgunbladid, ABC Cultural y Fame and Architecture, con el cap\u00edtulo \u201cThe Spanish Case\u201d. Todos ellos desarrollan dos l\u00edneas de pensamiento:<\/p>\n<p>1. Arquitectura ha dejado de ser auto-referencial, se compromete con nuevos territorios entre la sociedad y la cultura, adem\u00e1s de proponer dudas sobre regulaciones e ideas preestablecidas.<\/p>\n<p>2. Se reivindica una relaci\u00f3n m\u00e1s intensa entre el cliente y el arquitecto. Adem\u00e1s de una buena arquitectura y un arquitecto con reconocimiento, los ingredientes son unos clientes con una historia tan apasionante que haya generado el proyecto.<\/p>\n<p>&#8211; Estudio de arquitectura que plasma en su obra construida estas dos tem\u00e1ticas. Premio de Arquitectura y Urbanismo de la Regi\u00f3n de Murcia 2002\/2003, Menci\u00f3n 2000\/01, Menci\u00f3n 2002\/03, y Reconocimiento Especial 1998\/99.<\/p>\n<p>En la actualidad comienza a ejecutarse el CENTRO AlzheimUr (Murcia), la Casa de Bj\u00f6rk (Islandia), la Casa JP (Espinardo), la Reforma del Ayuntamiento de Garrucha y la Casa HI (El Palmar).<\/p>\n","protected":false},"excerpt":{"rendered":"<p>Javier S\u00e1nchez Merina. Profesor Asociado de Proyectos Arquitect\u00f3nicos de la Universidad de Alicante. Contacto: javier@sarq.org Curso Actual: PII &#8211; Arquitecto (ETSAV 90), MPhil (The Bartlett 95), Doctor Cum Laude y Menci\u00f3n Europea (ETSAB 02). &#8211; Profesor de Proyectos en Kingston School of Architecture (94-97) y, desde 2001, en la Universidad de Alicante. &#8211; Escritos publicados [&hellip;]<\/p>\n","protected":false},"author":1583,"featured_media":0,"parent":24,"menu_order":0,"comment_status":"open","ping_status":"open","template":"","meta":{"footnotes":""},"class_list":["post-1717","page","type-page","status-publish","hentry"],"_links":{"self":[{"href":"https:\/\/blogs.ua.es\/proyectosarquitectonicos\/wp-json\/wp\/v2\/pages\/1717","targetHints":{"allow":["GET"]}}],"collection":[{"href":"https:\/\/blogs.ua.es\/proyectosarquitectonicos\/wp-json\/wp\/v2\/pages"}],"about":[{"href":"https:\/\/blogs.ua.es\/proyectosarquitectonicos\/wp-json\/wp\/v2\/types\/page"}],"author":[{"embeddable":true,"href":"https:\/\/blogs.ua.es\/proyectosarquitectonicos\/wp-json\/wp\/v2\/users\/1583"}],"replies":[{"embeddable":true,"href":"https:\/\/blogs.ua.es\/proyectosarquitectonicos\/wp-json\/wp\/v2\/comments?post=1717"}],"version-history":[{"count":13,"href":"https:\/\/blogs.ua.es\/proyectosarquitectonicos\/wp-json\/wp\/v2\/pages\/1717\/revisions"}],"predecessor-version":[{"id":1753,"href":"https:\/\/blogs.ua.es\/proyectosarquitectonicos\/wp-json\/wp\/v2\/pages\/1717\/revisions\/1753"}],"up":[{"embeddable":true,"href":"https:\/\/blogs.ua.es\/proyectosarquitectonicos\/wp-json\/wp\/v2\/pages\/24"}],"wp:attachment":[{"href":"https:\/\/blogs.ua.es\/proyectosarquitectonicos\/wp-json\/wp\/v2\/media?parent=1717"}],"curies":[{"name":"wp","href":"https:\/\/api.w.org\/{rel}","templated":true}]}}