{"id":2374,"date":"2011-09-19T22:53:18","date_gmt":"2011-09-19T21:53:18","guid":{"rendered":"https:\/\/blogs.ua.es\/proyectosarquitectonicos\/?page_id=2374"},"modified":"2011-09-19T23:06:56","modified_gmt":"2011-09-19T22:06:56","slug":"francisco-leiva-escalas-ph","status":"publish","type":"page","link":"https:\/\/blogs.ua.es\/proyectosarquitectonicos\/cursos-precedentes-2\/curso-20112012\/taller-vertical\/francisco-leiva-escalas-ph\/","title":{"rendered":"Francisco Leiva"},"content":{"rendered":"<p><a rel=\"attachment wp-att-2375\" href=\"https:\/\/blogs.ua.es\/proyectosarquitectonicos\/taller-vertical\/francisco-leiva-escalas-ph\/flyerph08bnet\/\"><img loading=\"lazy\" decoding=\"async\" class=\"size-full wp-image-2375 alignnone\" src=\"https:\/\/blogs.ua.es\/proyectosarquitectonicos\/files\/2011\/09\/flyerPH08bnet.jpg\" alt=\"\" width=\"450\" height=\"637\" srcset=\"https:\/\/blogs.ua.es\/proyectosarquitectonicos\/files\/2011\/09\/flyerPH08bnet.jpg 450w, https:\/\/blogs.ua.es\/proyectosarquitectonicos\/files\/2011\/09\/flyerPH08bnet-211x300.jpg 211w, https:\/\/blogs.ua.es\/proyectosarquitectonicos\/files\/2011\/09\/flyerPH08bnet-105x150.jpg 105w, https:\/\/blogs.ua.es\/proyectosarquitectonicos\/files\/2011\/09\/flyerPH08bnet-400x566.jpg 400w\" sizes=\"auto, (max-width: 450px) 100vw, 450px\" \/><\/a><\/p>\n<p>e1_\u201cRevitalizaciones urbanas\u201d dirigido por M\u00f3nica Garc\u00eda Fern\u00e1ndez y Javier Rubio Montero \/ \u2018C\u00d3MO CREAR HISTORIAS\u2019\u00a0 (www.comocrearhistorias.com )<br \/>\ne2_\u201cRedibujando los l\u00edmites del pueblo invisible\u201d dirigido por Jos\u00e9 Mar\u00eda S\u00e1nchez Garc\u00eda (www.jmsg.es)<br \/>\ne3_\u201cGeograf\u00edas reencontradas\u201d dirigido por Edgar Ignacio Mazo Zapata \/ PAISAJES EMERGENTES\u00a0 (www.paisajesemergentes.com)<br \/>\ne4_\u201cUrbanizaciones recicladas\u201d dirigido por Antonio Abell\u00e1n + Samuel Garc\u00eda<br \/>\ne5_\u201cNueva Alf\u00e1polis\u201d dirigido por Beatriz Pachon, Maria Mallo y Manuel A. Monteser\u00edn\u00a0 \/ MADEIN ARCHITECTS\u00a0\u00a0 (www.madeinarchitects.com)<br \/>\ne6_\u201cLa invitaci\u00f3n\u201d dirigido por Juana S\u00e1nchez y Diego Jim\u00e9nez \/ DJ arquitectura (www.djarquitectura.com )<\/p>\n<p>&nbsp;<\/p>\n<p>e1_\u201cRevitalizaciones urbanas\u201d<\/p>\n<p>&nbsp;<\/p>\n<p>El Albir ha sabido aprovechar su estrat\u00e9gica situaci\u00f3n geogr\u00e1fica para ganarse un protagonismo comarcal. Ha ido generando casi espont\u00e1neamente un aura de bienestar muy\u00a0 contagiosa que lo ha convertido en un reclamo tur\u00edstico bastante bien diferenciado (compitiendo junto a destinos mucho m\u00e1s establecidos\u00a0 como Benidorm y Altea). Durante el taller intentaremos valorar lo conseguido hasta la fecha y planificar el futuro de esta joyita en bruto. \u00bfEn qu\u00e9 medida la actual estructura del Albir puede ser revitalizada?, \u00bfC\u00f3mo debe relacionarse con L\u00b4Alf\u00e0s?<\/p>\n<p>&nbsp;<\/p>\n<p>Mientras El Albir se ha ganado un hueco en la exigente costa alicantina, el tradicional L\u00b4 Alf\u00e0s lo ha ido perdiendo poco a poco, hasta el punto de convertirse en un pueblo invisible\u2026<\/p>\n<p>Sin embrago L\u00b4Alf\u00e0s no es un pueblo detenido en el tiempo. Como todos sus vecinos, tambi\u00e9n\u00a0 ha crecido mucho en los \u00faltimos a\u00f1os, descontextualizando su estructura urbana tradicional\u00a0 y poniendo en peligro los modos de vida que caracterizaban los pueblos de la comarca.<\/p>\n<p>&nbsp;<\/p>\n<p>Proponemos un ejercicio propositivo de dinamizaci\u00f3n urbana cargado de optimismo, que se adentrar\u00e1 a trav\u00e9s de las calles y plazas, para acercarse a los hogares de los alfasinos.\u00a0 \u00bfQu\u00e9 nuevas Historias marcar\u00e1n el futuro de estos lugares?<\/p>\n<p>&nbsp;<\/p>\n<p>&nbsp;<\/p>\n<p>&nbsp;<\/p>\n<p>e2_\u201cRedibujando los l\u00edmites del pueblo invisible\u201d<\/p>\n<p>&nbsp;<\/p>\n<p><strong><em>Alfaz<\/em><\/strong> significa en \u00e1rabe Tierra F\u00e9rtil y <strong><em>Pi <\/em><\/strong>,<strong><em> <\/em><\/strong>en valenciano Pino, por el \u00e1rbol que se plant\u00f3 en la plaza principal del pueblo en el a\u00f1o 1786 por los habitantes que quer\u00edan la independencia del municipio de Polop. Este pino bicentenario es el s\u00edmbolo del pueblo.<\/p>\n<p>La propia etimolog\u00eda de L\u00b4Alf\u00e0s parece describir un pueblo de l\u00edmites difusos.\u00a0 Una extensi\u00f3n de campos f\u00e9rtiles donde podemos reconocer un lugar central marcado por un pino. A priori el nombre no nos hace presagiar la presencia de argumentos geogr\u00e1ficos que puedan marcar unos l\u00edmites representativos. Pero si estudiamos m\u00e1s en detalle los l\u00edmites del actual centro urbano\u00a0 nos daremos cuenta que esos argumentos geogr\u00e1ficos persisten y que intervenciones estrat\u00e9gicas en estos puntos nos podr\u00edan ayudar a anclar L\u00b4Alf\u00e0s m\u00e1s intensamente al lugar. Evitando as\u00ed\u00a0 la imagen que se han ido confeccionando los alfasinos de pueblo contin\u00fao, que no deja de crecer ocupando toda extensi\u00f3n del t\u00e9rmino municipal, para acercarnos a un territorio valorado lleno de sorpresas y lugares reconocibles, una nueva revisi\u00f3n de lo urbano en un contexto de especial benevolencia natural.<\/p>\n<p>&nbsp;<\/p>\n<p>El Albir tiene una imagen muy reconocible: el final de una bah\u00eda con el imponente Pe\u00f1\u00f3n de Ifach al fondo y el parque natural de la Sierra Helada a la espalda, una playa de peque\u00f1as piedras blancas le dan un color azulado al agua muy caracter\u00edstico, un lugar concurrido lleno de vida, importante punto de encuentro comarcal.<\/p>\n<p>De espaldas a esta espectacular carta de presentaci\u00f3n, El Albir ha ido creciendo sin especial preocupaci\u00f3n, descuidando las oportunidades de ampliar la oferta\u00a0 hasta el punto\u00a0 de poner en peligro su futuro.<\/p>\n<p>&nbsp;<\/p>\n<p>Confiando en nuestra entrenada <strong>Intuici\u00f3n geogr\u00e1fica<\/strong> intentaremos redibujar los l\u00edmites de ambas agrupaciones urbanas.<\/p>\n<p>&nbsp;<\/p>\n<p>&nbsp;<\/p>\n<p>&nbsp;<\/p>\n<p>e3_\u201cGeograf\u00edas reencontradas\u201d<\/p>\n<p>&nbsp;<\/p>\n<p>No hace tanto que la agricultura supon\u00eda el principal sustento de L\u00b4Alf\u00e0s. La suave topograf\u00eda del municipio estaba modelada\u00a0 por campos abancalados donde se cultivaban principalmente c\u00edtricos y almendros. Frente a la enorme presi\u00f3n urban\u00edstica, estos cultivos dejaron de ser rentables. Los agricultores se fueron haciendo mayores y vieron con tristeza c\u00f3mo sus campos se iban poco a poco abandonando.<\/p>\n<p>Hoy el negocio inmobiliario ha dado una larga tregua, esperemos haber aprendido algo del\u00a0 duro golpe. Todav\u00eda podemos encontrarnos muchos campos de naranjos abandonados, todav\u00eda a la espera\u2026\u00a0 \u00bfC\u00f3mo evitar que este importante patrimonio desaparezca?<\/p>\n<p>En momentos en\u00a0 que la econom\u00eda global nos da tantos sustos, los municipios deber\u00edan asegurar cierta autosuficiencia, en el caso de L\u00b4Alf\u00e0s con un pasado agr\u00edcola tan cercano ser\u00eda una absoluta temeridad prescindir de este legado.<\/p>\n<p>La agricultura convencional que conoc\u00edamos puede avanzar o retroceder en el tiempo hacia una nueva agricultura tradicional conectada, donde se reduzcan los intermediarios y el agricultor vea justamente recompensado su trabajo.\u00a0 Ampliando la mirada mucho m\u00e1s all\u00e1 de los l\u00edmites municipales, L\u00b4Alf\u00e0s por su estrat\u00e9gica situaci\u00f3n podr\u00eda jugar un papel clave en la recuperaci\u00f3n de la agricultura de la Marina Baja.<\/p>\n<p>&nbsp;<\/p>\n<p>Una vez\u00a0 estudiadas las posibilidades de recuperaci\u00f3n de estos campos, debemos ir un paso m\u00e1s hasta reconocer la existencia de olvidados accidentes geogr\u00e1ficos que por su propia naturaleza se han mantenido libres y cuyo potencial conectividad es enorme. Podr\u00edan convertirse en los principales ejes vertebradores del municipio suponiendo una alternativa peatonal real a los sistemas viarios rodados. Estos recuperados <strong>corredores verdes<\/strong> permitir\u00edan conectar los diferentes n\u00facleos de poblaci\u00f3n diseminados por todo el municipio. Un camino entre pinos y naranjos que acabar\u00eda en la Playa del Albir.<\/p>\n<p>&nbsp;<\/p>\n<p>\u00bfQu\u00e9 paisajes emergentes pueden aflorar durante este viaje?<\/p>\n<p>Geograf\u00edas reencontradas generadas por leyes naturales, muchas veces olvidadas, pero cuyas huellas son imborrables.<\/p>\n<p>&nbsp;<\/p>\n<p>&nbsp;<\/p>\n<p>e4_\u201cUrbanizaciones recicladas\u201d<\/p>\n<p>&nbsp;<\/p>\n<p>Adem\u00e1s de L\u00b4Alf\u00e0s del Pi y El Albir, existen\u00a0 otros\u00a0 n\u00facleos de poblaci\u00f3n, mucho menos consolidados:\u00a0 Arab\u00ed, Barranc Fondo, Belmonte Oasis, La Capitana, El Cautivador, Devesa, Entre Naranjos y Flores, Escandinavia, La Estrada, Hoya Blanca, Hoya el Olmo, Jard\u00edn de Alfaz, Llano Parcial Playa, Parque Residencial, Romeral, San Rafael\u00a0 y El Tossalet.<\/p>\n<p>&nbsp;<\/p>\n<p>Este para\u00edso cultivado ha sido una y otra vez colonizado.<\/p>\n<p>Colecci\u00f3n de reinos privados, lugar so\u00f1ado por muchos, donde buscadores de la paz encuentran su\u00a0 para\u00edso terrenal\u2026<\/p>\n<p>Lugares marcados muchas veces por la codicia de los promotores, la desidia de los dise\u00f1adores, la rigidez de la normativa y la desconexi\u00f3n de unos usuarios que muchas veces son ajenos a unas decisiones\u00a0 que van a condicionar sus vidas.<\/p>\n<p>&nbsp;<\/p>\n<p>Muchas de estas urbanizaciones como por ejemplo <strong><em>Escandinavia<\/em><\/strong>, una aut\u00e9ntica colonia noruega,\u00a0 mantienen importantes se\u00f1as de identidad pero su morfolog\u00eda no esta concebida para fomentar el\u00a0 intercambio p\u00fablico. \u00bfC\u00f3mo poder intervenir en estos tejidos residenciales para convertirlos en lugares m\u00e1s complejos capaces de cubrir las espec\u00edficas demandas que estas agrupaciones vienen reclamando?<\/p>\n<p>Se propondr\u00e1 una serie de medidas que permitan reciclar las desconectadas urbanizaciones actuales para que alcancen un equilibrado nivel de autonom\u00eda.<\/p>\n<p>Una nueva normativa que adapte las urbanizaciones existentes y ayude a crear una tipolog\u00eda propia de L\u00b4Alf\u00e0s.<\/p>\n<p>&nbsp;<\/p>\n<p>&nbsp;<\/p>\n<p>e5_\u201cNueva Alf\u00e1polis\u201d<\/p>\n<p>&nbsp;<\/p>\n<p>Ante una consensuada demanda real, cuando por muy propia que sea la tipolog\u00eda, ya no podamos permitir m\u00e1s desarrollos aislados (l\u00edmite de e4) y los n\u00facleos de poblaci\u00f3n est\u00e9n equilibrados y no sea oportuno su crecimiento (l\u00edmite de e2), estaremos en condiciones de empezar un nuevo pueblo.<\/p>\n<p>Nueva Alf\u00e1polis es una especulaci\u00f3n sobre la posibilidad de empezar un nuevo asentamiento. Un nuevo espacio de convivencia donde poder repensar muchas de las convenciones sociales: desde los modelos de ense\u00f1anza, a los sistemas de salud, pasando por una vivienda convertida en un <em>living lab<\/em> hiperconectado\u2026<\/p>\n<p>&nbsp;<\/p>\n<p>Teniendo en cuenta la peque\u00f1a dimensi\u00f3n del municipio, la posibilidad de empezar una agrupaci\u00f3n con un alto nivel de independencia es escasa. Atendiendo a los procesos urban\u00edsticos que durante d\u00e9cadas se llevan tramitando, centraremos el estudio en las inmediaciones de la carretera nacional que atraviesa el municipio. Una propuesta de marcado car\u00e1cter supramunicipal por su potencial relaci\u00f3n con Altea y Benidorm.<\/p>\n<p>Esta nueva ciudad de servicios, podr\u00eda convertirse tambi\u00e9n en un importante punto de comercializaci\u00f3n directa de la agricultura tradicional conectada (desarrollada por e3).<\/p>\n<p>&nbsp;<\/p>\n<p><em>Transformers hipersensibles<\/em> a las particularidades de este lugar, marcar\u00e1n una propuesta Made In Alf\u00e0s.<\/p>\n<p>&nbsp;<\/p>\n<p>&nbsp;<\/p>\n<p>e6_\u201cLa invitaci\u00f3n\u201d<\/p>\n<p>&nbsp;<\/p>\n<p>A veces es necesario pasar directamente a la acci\u00f3n. La ilusi\u00f3n de la inmediatez puede contagiar mucho m\u00e1s a una ciudadan\u00eda cansada de tantas promesas a largo plazo.<\/p>\n<p>En un territorio donde pasan tantas cosas, visualizar lugares donde se potencie la comunicaci\u00f3n puede resultar muy atractivo.<\/p>\n<p>Una oportunidad para la participaci\u00f3n, un nuevo canal que se abre e invita al di\u00e1logo.<\/p>\n<p>Una invitaci\u00f3n a participar en este proceso, un proceso que no acaba en la fiesta del 23 sino que permanece todo el a\u00f1o\u2026<\/p>\n<p>Y al construir la invitaci\u00f3n, daremos de paso respuesta a la demanda de crear un foro de encuentro de las distintas culturas que aqu\u00ed conviven, un punto de encuentro donde hablar y escuchar, donde decidir entre todos qu\u00e9 futuro queremos para L\u2019Alf\u00e0s del Pi.<\/p>\n<p>&nbsp;<\/p>\n","protected":false},"excerpt":{"rendered":"<p>e1_\u201cRevitalizaciones urbanas\u201d dirigido por M\u00f3nica Garc\u00eda Fern\u00e1ndez y Javier Rubio Montero \/ \u2018C\u00d3MO CREAR HISTORIAS\u2019\u00a0 (www.comocrearhistorias.com ) e2_\u201cRedibujando los l\u00edmites del pueblo invisible\u201d dirigido por Jos\u00e9 Mar\u00eda S\u00e1nchez Garc\u00eda (www.jmsg.es) e3_\u201cGeograf\u00edas reencontradas\u201d dirigido por Edgar Ignacio Mazo Zapata \/ PAISAJES EMERGENTES\u00a0 (www.paisajesemergentes.com) e4_\u201cUrbanizaciones recicladas\u201d dirigido por Antonio Abell\u00e1n + Samuel Garc\u00eda e5_\u201cNueva Alf\u00e1polis\u201d dirigido por [&hellip;]<\/p>\n","protected":false},"author":503,"featured_media":0,"parent":1788,"menu_order":0,"comment_status":"open","ping_status":"open","template":"","meta":{"footnotes":""},"class_list":["post-2374","page","type-page","status-publish","hentry"],"_links":{"self":[{"href":"https:\/\/blogs.ua.es\/proyectosarquitectonicos\/wp-json\/wp\/v2\/pages\/2374","targetHints":{"allow":["GET"]}}],"collection":[{"href":"https:\/\/blogs.ua.es\/proyectosarquitectonicos\/wp-json\/wp\/v2\/pages"}],"about":[{"href":"https:\/\/blogs.ua.es\/proyectosarquitectonicos\/wp-json\/wp\/v2\/types\/page"}],"author":[{"embeddable":true,"href":"https:\/\/blogs.ua.es\/proyectosarquitectonicos\/wp-json\/wp\/v2\/users\/503"}],"replies":[{"embeddable":true,"href":"https:\/\/blogs.ua.es\/proyectosarquitectonicos\/wp-json\/wp\/v2\/comments?post=2374"}],"version-history":[{"count":9,"href":"https:\/\/blogs.ua.es\/proyectosarquitectonicos\/wp-json\/wp\/v2\/pages\/2374\/revisions"}],"predecessor-version":[{"id":2399,"href":"https:\/\/blogs.ua.es\/proyectosarquitectonicos\/wp-json\/wp\/v2\/pages\/2374\/revisions\/2399"}],"up":[{"embeddable":true,"href":"https:\/\/blogs.ua.es\/proyectosarquitectonicos\/wp-json\/wp\/v2\/pages\/1788"}],"wp:attachment":[{"href":"https:\/\/blogs.ua.es\/proyectosarquitectonicos\/wp-json\/wp\/v2\/media?parent=2374"}],"curies":[{"name":"wp","href":"https:\/\/api.w.org\/{rel}","templated":true}]}}