{"id":2387,"date":"2011-09-19T23:02:55","date_gmt":"2011-09-19T22:02:55","guid":{"rendered":"https:\/\/blogs.ua.es\/proyectosarquitectonicos\/?page_id=2387"},"modified":"2011-09-19T23:03:38","modified_gmt":"2011-09-19T22:03:38","slug":"ivan-capdevila","status":"publish","type":"page","link":"https:\/\/blogs.ua.es\/proyectosarquitectonicos\/cursos-precedentes-2\/curso-20112012\/taller-vertical\/ivan-capdevila\/","title":{"rendered":"Iv\u00e1n Capdevila"},"content":{"rendered":"<p><a rel=\"attachment wp-att-2388\" href=\"https:\/\/blogs.ua.es\/proyectosarquitectonicos\/taller-vertical\/ivan-capdevila\/image001\/\"><img loading=\"lazy\" decoding=\"async\" class=\"alignnone size-full wp-image-2388\" src=\"https:\/\/blogs.ua.es\/proyectosarquitectonicos\/files\/2011\/09\/image001.jpg\" alt=\"\" width=\"470\" height=\"312\" srcset=\"https:\/\/blogs.ua.es\/proyectosarquitectonicos\/files\/2011\/09\/image001.jpg 470w, https:\/\/blogs.ua.es\/proyectosarquitectonicos\/files\/2011\/09\/image001-300x199.jpg 300w, https:\/\/blogs.ua.es\/proyectosarquitectonicos\/files\/2011\/09\/image001-150x99.jpg 150w, https:\/\/blogs.ua.es\/proyectosarquitectonicos\/files\/2011\/09\/image001-400x265.jpg 400w\" sizes=\"auto, (max-width: 470px) 100vw, 470px\" \/><\/a><\/p>\n<p><strong>Dreamhamar: <\/strong><strong>Network Experience Sessions Alicante<\/strong><strong> <\/strong><\/p>\n<p><strong> <\/strong><\/p>\n<p>El curso se plantea como un proyecto de <strong>network-learning | network-design<\/strong>, es decir un proceso de aprendizaje basado en din\u00e1micas de dise\u00f1o en red: ampliar el entorno de aprendizaje, expandirlo hacia el exterior de la escuela y conectarlo con el mundo profesional.<\/p>\n<p>El objetivo es introducir a los estudiantes en los nuevos m\u00e9todos de trabajo en red, experimentar partiendo de un formato innovador de \u2018clases\u2019, basado en la construcci\u00f3n de un networking h\u00edbrido entre expertos, estudiantes e investigadores constru\u00eddo alrededor del intercambio de conocimiento.<\/p>\n<p>En una \u00e9poca en la que la tecnolog\u00eda permite y agiliza el intercambio de conocimiento, creemos en un sistema de aprendizaje basado en el procom\u00fan y en un modelo de desarrollo profesional capaz de asumir el protagonismo de una nueva figura definida como <em>prosumer <\/em>que desde la investigaci\u00f3n y la formaci\u00f3n puede relacionarse y colaborar con el mundo profesional.<\/p>\n<p>&nbsp;<\/p>\n<p>El caso de estudio ser\u00e1 el Proyecto Hamar de Ecosistema Urbano. El dise\u00f1o de una plaza en Hamar sirve de excusa para iniciar un proceso colectivo de participaci\u00f3n de los distintos agentes involucrados en su realidad: estudiantes, funcionarios, intelectuales, vecinos, ni\u00f1os, etc, ser\u00e1n los que contribuyan con sus interacciones al proceso de dise\u00f1o de la misma. Los estudiantes de la AeA ser\u00e1n otro agente m\u00e1s de esta red y utilizar\u00e1n todo este conocimiento generado como fuente de inspiraci\u00f3n creativa.<\/p>\n<p>&nbsp;<\/p>\n<p>&nbsp;<\/p>\n<p>&nbsp;<\/p>\n","protected":false},"excerpt":{"rendered":"<p>Dreamhamar: Network Experience Sessions Alicante El curso se plantea como un proyecto de network-learning | network-design, es decir un proceso de aprendizaje basado en din\u00e1micas de dise\u00f1o en red: ampliar el entorno de aprendizaje, expandirlo hacia el exterior de la escuela y conectarlo con el mundo profesional. El objetivo es introducir a los estudiantes en [&hellip;]<\/p>\n","protected":false},"author":503,"featured_media":0,"parent":1788,"menu_order":0,"comment_status":"open","ping_status":"open","template":"","meta":{"footnotes":""},"class_list":["post-2387","page","type-page","status-publish","hentry"],"_links":{"self":[{"href":"https:\/\/blogs.ua.es\/proyectosarquitectonicos\/wp-json\/wp\/v2\/pages\/2387","targetHints":{"allow":["GET"]}}],"collection":[{"href":"https:\/\/blogs.ua.es\/proyectosarquitectonicos\/wp-json\/wp\/v2\/pages"}],"about":[{"href":"https:\/\/blogs.ua.es\/proyectosarquitectonicos\/wp-json\/wp\/v2\/types\/page"}],"author":[{"embeddable":true,"href":"https:\/\/blogs.ua.es\/proyectosarquitectonicos\/wp-json\/wp\/v2\/users\/503"}],"replies":[{"embeddable":true,"href":"https:\/\/blogs.ua.es\/proyectosarquitectonicos\/wp-json\/wp\/v2\/comments?post=2387"}],"version-history":[{"count":5,"href":"https:\/\/blogs.ua.es\/proyectosarquitectonicos\/wp-json\/wp\/v2\/pages\/2387\/revisions"}],"predecessor-version":[{"id":2684,"href":"https:\/\/blogs.ua.es\/proyectosarquitectonicos\/wp-json\/wp\/v2\/pages\/2387\/revisions\/2684"}],"up":[{"embeddable":true,"href":"https:\/\/blogs.ua.es\/proyectosarquitectonicos\/wp-json\/wp\/v2\/pages\/1788"}],"wp:attachment":[{"href":"https:\/\/blogs.ua.es\/proyectosarquitectonicos\/wp-json\/wp\/v2\/media?parent=2387"}],"curies":[{"name":"wp","href":"https:\/\/api.w.org\/{rel}","templated":true}]}}