{"id":2393,"date":"2011-09-19T23:05:23","date_gmt":"2011-09-19T22:05:23","guid":{"rendered":"https:\/\/blogs.ua.es\/proyectosarquitectonicos\/?page_id=2393"},"modified":"2012-03-20T13:41:23","modified_gmt":"2012-03-20T12:41:23","slug":"andres-jaque-miguel-mesa","status":"publish","type":"page","link":"https:\/\/blogs.ua.es\/proyectosarquitectonicos\/cursos-precedentes-2\/curso-20112012\/taller-vertical\/andres-jaque-miguel-mesa\/","title":{"rendered":"Andr\u00e9s Jaque + Miguel Mesa"},"content":{"rendered":"<p style=\"text-align: center\"><a href=\"https:\/\/blogs.ua.es\/proyectosarquitectonicos\/taller-vertical\/andres-jaque-miguel-mesa\/fiesta-de-espuma-amnesia\/\" rel=\"attachment wp-att-2394\"><img loading=\"lazy\" decoding=\"async\" class=\"size-full wp-image-2394 aligncenter\" src=\"https:\/\/blogs.ua.es\/proyectosarquitectonicos\/files\/2011\/09\/Fiesta-de-Espuma-Amnesia.jpg\" alt=\"\" width=\"468\" height=\"312\" srcset=\"https:\/\/blogs.ua.es\/proyectosarquitectonicos\/files\/2011\/09\/Fiesta-de-Espuma-Amnesia.jpg 468w, https:\/\/blogs.ua.es\/proyectosarquitectonicos\/files\/2011\/09\/Fiesta-de-Espuma-Amnesia-300x200.jpg 300w, https:\/\/blogs.ua.es\/proyectosarquitectonicos\/files\/2011\/09\/Fiesta-de-Espuma-Amnesia-150x100.jpg 150w, https:\/\/blogs.ua.es\/proyectosarquitectonicos\/files\/2011\/09\/Fiesta-de-Espuma-Amnesia-400x266.jpg 400w\" sizes=\"auto, (max-width: 468px) 100vw, 468px\" \/><\/a><\/p>\n<p>&nbsp;<\/p>\n<p><strong>Taller para aprender a dise\u00f1ar en el gran desaf\u00edo de la arquitectura contempor\u00e1nea:\u00a0<\/strong><\/p>\n<p><strong><\/strong><strong>\u201cSomos incapaces de decidirnos entre <em>vivir la vida loca<\/em> o noche de peliculasyonkies y telepizza \u201d<\/strong><\/p>\n<p>&nbsp;<\/p>\n<p>El taller <strong>Cabaret Land<\/strong> arranca su segundo a\u00f1o. En esta ocasi\u00f3n trabajar\u00e1 reconstruyendo el Mediterr\u00e1neo como una m\u00e1quina para confrontar felicidad y bienestar.<\/p>\n<p>Felicidad como la persecuci\u00f3n corp\u00f3rea de deseos siempre inalcanzables.<\/p>\n<p>Bienestar como la estabilizaci\u00f3n social de la previsibilidad, la ausencia de riesgo y el confort.<\/p>\n<p>En esta tensi\u00f3n habitamos, como ecosistemas, como colectivos, como ciudadanos y como cuerpos. Y explorar qu\u00e9 papel puede jugar la arquitectura en su evoluci\u00f3n es a lo que este a\u00f1o dedicaremos nuestros esfuerzos.<\/p>\n<p>El curso parte del recuento de un capital de experiencias no del todo sistematizadas como el veraneo, la jubilaci\u00f3n trasnacional, las comunas hippies, los kibutz, las discotecas, los cruceros, los resorts, los puertos deportivos, los campings, los distintos tipos de nomadismo como los <em>campers<\/em>, el <em>caravaning<\/em>, las comunas religiosas, el turismo <em>radical<\/em> <em>chic <\/em>del norte de \u00c1frica, los centros termales, la extensa red de festivales de m\u00fasica, las comunidades de surfistas, el turismo tem\u00e1tico o los hoteles nudistas. \u00a0Concentr\u00e1ndose en\u00a0 detectar sus potenciales y conflictos y a utilizarlos como material para dise\u00f1ar el presente.<\/p>\n<p><strong>\u00a0Tumblr:<\/strong>\u00a0<a href=\"http:\/\/cabaretland.tumblr.com\/\">http:\/\/cabaretland.tumblr.com\/<\/a><\/p>\n<p><strong>Aviso tranquilizador:<\/strong> Este a\u00f1o trabajaremos con material filmado. No habr\u00e1 que montar cada d\u00eda todo el escenario y podr\u00e1n optimizarse los esfuerzos en un soporte que permita la acumulaci\u00f3n.<\/p>\n<p>&nbsp;<\/p>\n","protected":false},"excerpt":{"rendered":"<p>&nbsp; Taller para aprender a dise\u00f1ar en el gran desaf\u00edo de la arquitectura contempor\u00e1nea:\u00a0 \u201cSomos incapaces de decidirnos entre vivir la vida loca o noche de peliculasyonkies y telepizza \u201d &nbsp; El taller Cabaret Land arranca su segundo a\u00f1o. En esta ocasi\u00f3n trabajar\u00e1 reconstruyendo el Mediterr\u00e1neo como una m\u00e1quina para confrontar felicidad y bienestar. Felicidad [&hellip;]<\/p>\n","protected":false},"author":503,"featured_media":0,"parent":1788,"menu_order":0,"comment_status":"open","ping_status":"open","template":"","meta":{"footnotes":""},"class_list":["post-2393","page","type-page","status-publish","hentry"],"_links":{"self":[{"href":"https:\/\/blogs.ua.es\/proyectosarquitectonicos\/wp-json\/wp\/v2\/pages\/2393","targetHints":{"allow":["GET"]}}],"collection":[{"href":"https:\/\/blogs.ua.es\/proyectosarquitectonicos\/wp-json\/wp\/v2\/pages"}],"about":[{"href":"https:\/\/blogs.ua.es\/proyectosarquitectonicos\/wp-json\/wp\/v2\/types\/page"}],"author":[{"embeddable":true,"href":"https:\/\/blogs.ua.es\/proyectosarquitectonicos\/wp-json\/wp\/v2\/users\/503"}],"replies":[{"embeddable":true,"href":"https:\/\/blogs.ua.es\/proyectosarquitectonicos\/wp-json\/wp\/v2\/comments?post=2393"}],"version-history":[{"count":11,"href":"https:\/\/blogs.ua.es\/proyectosarquitectonicos\/wp-json\/wp\/v2\/pages\/2393\/revisions"}],"predecessor-version":[{"id":3178,"href":"https:\/\/blogs.ua.es\/proyectosarquitectonicos\/wp-json\/wp\/v2\/pages\/2393\/revisions\/3178"}],"up":[{"embeddable":true,"href":"https:\/\/blogs.ua.es\/proyectosarquitectonicos\/wp-json\/wp\/v2\/pages\/1788"}],"wp:attachment":[{"href":"https:\/\/blogs.ua.es\/proyectosarquitectonicos\/wp-json\/wp\/v2\/media?parent=2393"}],"curies":[{"name":"wp","href":"https:\/\/api.w.org\/{rel}","templated":true}]}}