{"id":24,"date":"2010-02-02T13:31:07","date_gmt":"2010-02-02T12:31:07","guid":{"rendered":"https:\/\/blogs.ua.es\/mariajavaloyes\/?page_id=24"},"modified":"2013-07-17T02:49:51","modified_gmt":"2013-07-17T00:49:51","slug":"miembros","status":"publish","type":"page","link":"https:\/\/blogs.ua.es\/proyectosarquitectonicos\/cursos-precedentes-2\/curso-2010-2011\/miembros\/","title":{"rendered":"PROFESORES_10-11"},"content":{"rendered":"<p><span style=\"font-size: small\"><span style=\"line-height: normal\"><br \/>\n<\/span><\/span><\/p>\n<table style=\"height: 46px\" width=\"534\" cellspacing=\"0\" cellpadding=\"0\">\n<tbody>\n<tr>\n<td width=\"377\"><a href=\"https:\/\/blogs.ua.es\/proyectosarquitectonicos\/miembros\/jose-maria-torres-nadal-2\/\"><img loading=\"lazy\" decoding=\"async\" class=\"alignleft size-full wp-image-907\" alt=\"\" src=\"https:\/\/blogs.ua.es\/proyectosarquitectonicos\/files\/2010\/04\/icono00.jpg\" width=\"100\" height=\"80\" \/><\/a><br \/>\n<strong> <\/strong><a href=\"https:\/\/blogs.ua.es\/proyectosarquitectonicos\/miembros\/jose-maria-torres-nadal-2\/\"><strong>Jose Mar\u00eda Torres Nadal<\/strong><\/a> (Catedr\u00e1tico de Proyectos)<\/td>\n<\/tr>\n<\/tbody>\n<\/table>\n<table style=\"height: 46px\" width=\"534\" cellspacing=\"0\" cellpadding=\"0\">\n<tbody>\n<tr>\n<td width=\"377\"><a href=\"https:\/\/blogs.ua.es\/proyectosarquitectonicos\/539\/\"><img loading=\"lazy\" decoding=\"async\" class=\"alignleft size-full wp-image-908\" alt=\"\" src=\"https:\/\/blogs.ua.es\/proyectosarquitectonicos\/files\/2010\/04\/icono01.jpg\" width=\"100\" height=\"80\" \/><\/a><strong><\/strong><strong><a href=\"https:\/\/blogs.ua.es\/proyectosarquitectonicos\/539\/\">Joaqu\u00edn Alvado <\/a> <\/strong>(Profesor Titular. Proyectos I)<a href=\"https:\/\/blogs.ua.es\/proyectosarquitectonicos\/?attachment_id=908\"><br \/>\n<\/a><strong><em> <\/em><\/strong><em> <\/em><strong><em><br \/>\n<\/em><\/strong><\/td>\n<\/tr>\n<\/tbody>\n<\/table>\n<table style=\"height: 46px\" width=\"534\" cellspacing=\"0\" cellpadding=\"0\">\n<tbody>\n<tr>\n<td width=\"377\"><strong><a href=\"https:\/\/blogs.ua.es\/proyectosarquitectonicos\/files\/2010\/04\/icono02.jpg\"><img loading=\"lazy\" decoding=\"async\" class=\"alignleft size-full wp-image-909\" alt=\"\" src=\"https:\/\/blogs.ua.es\/proyectosarquitectonicos\/files\/2010\/04\/icono02.jpg\" width=\"100\" height=\"80\" \/><\/a><\/strong><strong>Javier Gironella <\/strong>(Profesor Asociado. Proyectos I)<a href=\"https:\/\/blogs.ua.es\/proyectosarquitectonicos\/?attachment_id=908\"><br \/>\n<\/a><strong><em> <\/em><\/strong><em> <\/em><strong><em><br \/>\n<\/em><\/strong><\/td>\n<\/tr>\n<\/tbody>\n<\/table>\n<table style=\"height: 46px\" width=\"534\" cellspacing=\"0\" cellpadding=\"0\">\n<tbody>\n<tr>\n<td width=\"377\"><strong><a href=\"https:\/\/blogs.ua.es\/proyectosarquitectonicos\/?attachment_id=909\"><br \/>\n<\/a><\/strong><strong><a href=\"https:\/\/blogs.ua.es\/proyectosarquitectonicos\/files\/2010\/04\/icono06.jpg\"><img loading=\"lazy\" decoding=\"async\" class=\"alignleft size-full wp-image-913\" alt=\"\" src=\"https:\/\/blogs.ua.es\/proyectosarquitectonicos\/files\/2010\/04\/icono06.jpg\" width=\"100\" height=\"80\" \/><\/a><\/strong><strong> <\/strong><strong>Adriana Figueiras <\/strong>(Profesora Asociada. Proyectos I)<a href=\"https:\/\/blogs.ua.es\/proyectosarquitectonicos\/?attachment_id=908\"><br \/>\n<\/a><strong><em> <\/em><\/strong><em> <\/em><strong><em><br \/>\n<\/em><\/strong><\/td>\n<\/tr>\n<\/tbody>\n<\/table>\n<table style=\"height: 46px\" width=\"534\" cellspacing=\"0\" cellpadding=\"0\">\n<tbody>\n<tr>\n<td width=\"377\"><strong><a href=\"https:\/\/blogs.ua.es\/proyectosarquitectonicos\/?attachment_id=909\"><br \/>\n<\/a><\/strong><strong><a href=\"https:\/\/blogs.ua.es\/proyectosarquitectonicos\/files\/2010\/04\/icono03.jpg\"><img loading=\"lazy\" decoding=\"async\" class=\"alignleft size-full wp-image-910\" alt=\"\" src=\"https:\/\/blogs.ua.es\/proyectosarquitectonicos\/files\/2010\/04\/icono03.jpg\" width=\"100\" height=\"80\" \/><\/a><\/strong><strong>Enrique Nieto <\/strong>(Profesor Titular. Proyectos I)<a href=\"https:\/\/blogs.ua.es\/proyectosarquitectonicos\/?attachment_id=908\"><br \/>\n<\/a><strong><em> <\/em><\/strong><em> <\/em><strong><em><br \/>\n<\/em><\/strong><\/td>\n<\/tr>\n<\/tbody>\n<\/table>\n<table style=\"height: 91px\" width=\"534\" cellspacing=\"0\" cellpadding=\"0\">\n<tbody>\n<tr>\n<td width=\"377\"><strong><a href=\"https:\/\/blogs.ua.es\/proyectosarquitectonicos\/?attachment_id=910\"><br \/>\n<\/a><\/strong><strong><a href=\"https:\/\/blogs.ua.es\/proyectosarquitectonicos\/files\/2010\/02\/icono04.jpg\"><img loading=\"lazy\" decoding=\"async\" class=\"alignleft size-full wp-image-952\" alt=\"\" src=\"https:\/\/blogs.ua.es\/proyectosarquitectonicos\/files\/2010\/02\/icono04.jpg\" width=\"100\" height=\"80\" \/><\/a><\/strong><strong>Antonio Abell\u00e1n <\/strong>(Profesor Asociado. Proyectos I)<a href=\"https:\/\/blogs.ua.es\/proyectosarquitectonicos\/?attachment_id=908\"><br \/>\n<\/a><strong><em> <\/em><\/strong><em> <\/em><strong><em><br \/>\n<\/em><\/strong><\/td>\n<\/tr>\n<\/tbody>\n<\/table>\n<table style=\"height: 46px\" width=\"534\" cellspacing=\"0\" cellpadding=\"0\">\n<tbody>\n<tr>\n<td width=\"377\"><strong><a href=\"https:\/\/blogs.ua.es\/proyectosarquitectonicos\/miembros\/icono04-2\/\" rel=\"attachment wp-att-952\"><br \/>\n<\/a><\/strong><strong><a href=\"https:\/\/blogs.ua.es\/proyectosarquitectonicos\/files\/2010\/04\/icono07.jpg\"><img loading=\"lazy\" decoding=\"async\" class=\"alignleft size-full wp-image-914\" alt=\"\" src=\"https:\/\/blogs.ua.es\/proyectosarquitectonicos\/files\/2010\/04\/icono07.jpg\" width=\"100\" height=\"80\" \/><\/a><\/strong><strong>Tom\u00e1s Amat <\/strong>(Profesor Asociado. Proyectos I)<a href=\"https:\/\/blogs.ua.es\/proyectosarquitectonicos\/?attachment_id=908\"><br \/>\n<\/a><strong><em> <\/em><\/strong><em> <\/em><strong><em><br \/>\n<\/em><\/strong><\/td>\n<\/tr>\n<\/tbody>\n<\/table>\n<table style=\"height: 46px\" width=\"534\" cellspacing=\"0\" cellpadding=\"0\">\n<tbody>\n<tr>\n<td width=\"377\"><strong><a href=\"https:\/\/blogs.ua.es\/proyectosarquitectonicos\/?attachment_id=914\"><br \/>\n<\/a><\/strong><strong><a href=\"https:\/\/blogs.ua.es\/proyectosarquitectonicos\/files\/2010\/04\/icono05.jpg\"><img loading=\"lazy\" decoding=\"async\" class=\"alignleft size-full wp-image-912\" alt=\"\" src=\"https:\/\/blogs.ua.es\/proyectosarquitectonicos\/files\/2010\/04\/icono05.jpg\" width=\"100\" height=\"80\" \/><\/a><\/strong><strong>Jos\u00e9 Carrasco <\/strong>(Profesor Asociado. Proyectos I)<a href=\"https:\/\/blogs.ua.es\/proyectosarquitectonicos\/?attachment_id=908\"><br \/>\n<\/a><strong><em> <\/em><\/strong><em> <\/em><strong><em><br \/>\n<\/em><\/strong><\/td>\n<\/tr>\n<\/tbody>\n<\/table>\n<table style=\"height: 46px\" width=\"534\" cellspacing=\"0\" cellpadding=\"0\">\n<tbody>\n<tr>\n<td width=\"377\"><strong><a href=\"https:\/\/blogs.ua.es\/proyectosarquitectonicos\/files\/2010\/04\/icono08.jpg\"><img loading=\"lazy\" decoding=\"async\" class=\"alignleft size-full wp-image-915\" alt=\"\" src=\"https:\/\/blogs.ua.es\/proyectosarquitectonicos\/files\/2010\/04\/icono08.jpg\" width=\"100\" height=\"80\" \/><\/a><br \/>\n<\/strong><strong>Andr\u00e9s Jaque <\/strong>(Profesor Invitado. Proyectos II)<a href=\"https:\/\/blogs.ua.es\/proyectosarquitectonicos\/?attachment_id=908\"><br \/>\n<\/a><strong><em> <\/em><\/strong><em> <\/em><strong><em><br \/>\n<\/em><\/strong><\/td>\n<\/tr>\n<\/tbody>\n<\/table>\n<table style=\"height: 46px\" width=\"534\" cellspacing=\"0\" cellpadding=\"0\">\n<tbody>\n<tr>\n<td width=\"377\"><strong><a href=\"https:\/\/blogs.ua.es\/proyectosarquitectonicos\/files\/2010\/04\/icono19.jpg\"><img loading=\"lazy\" decoding=\"async\" class=\"alignleft size-full wp-image-989\" alt=\"\" src=\"https:\/\/blogs.ua.es\/proyectosarquitectonicos\/files\/2010\/04\/icono19.jpg\" width=\"100\" height=\"80\" \/><\/a><\/strong><strong>Iv\u00e1n Capdevila <\/strong>(Profesor Asociado. Proyectos II)<a href=\"https:\/\/blogs.ua.es\/proyectosarquitectonicos\/?attachment_id=908\"><br \/>\n<\/a><strong><em> <\/em><\/strong><em> <\/em><strong><em><br \/>\n<\/em><\/strong><\/td>\n<\/tr>\n<\/tbody>\n<\/table>\n<table style=\"height: 46px\" width=\"534\" cellspacing=\"0\" cellpadding=\"0\">\n<tbody>\n<tr>\n<td width=\"377\"><strong><a href=\"https:\/\/blogs.ua.es\/proyectosarquitectonicos\/files\/2010\/04\/icono10.jpg\"><img loading=\"lazy\" decoding=\"async\" class=\"alignleft size-full wp-image-917\" alt=\"\" src=\"https:\/\/blogs.ua.es\/proyectosarquitectonicos\/files\/2010\/04\/icono10.jpg\" width=\"100\" height=\"80\" \/><\/a><br \/>\n<\/strong><strong>Francisco Mej\u00edas <\/strong>(Profesor Asociado. Proyectos II)<a href=\"https:\/\/blogs.ua.es\/proyectosarquitectonicos\/?attachment_id=908\"><br \/>\n<\/a><strong><em> <\/em><\/strong><em> <\/em><strong><em><br \/>\n<\/em><\/strong><\/td>\n<\/tr>\n<\/tbody>\n<\/table>\n<table style=\"height: 46px\" width=\"534\" cellspacing=\"0\" cellpadding=\"0\">\n<tbody>\n<tr>\n<td width=\"377\"><strong><a href=\"https:\/\/blogs.ua.es\/proyectosarquitectonicos\/files\/2010\/04\/icono11.jpg\"><img loading=\"lazy\" decoding=\"async\" class=\"alignleft size-full wp-image-918\" alt=\"\" src=\"https:\/\/blogs.ua.es\/proyectosarquitectonicos\/files\/2010\/04\/icono11.jpg\" width=\"100\" height=\"80\" \/><\/a><br \/>\n<\/strong><strong><a href=\"https:\/\/blogs.ua.es\/proyectosarquitectonicos\/miembros\/javier-sanchez-merina\/\">Javier S\u00e1nchez Merina<\/a> <\/strong>(Profesor Asociado. Proyectos II)<\/td>\n<\/tr>\n<\/tbody>\n<\/table>\n<table style=\"height: 98px\" width=\"531\" cellspacing=\"0\" cellpadding=\"0\">\n<tbody>\n<tr>\n<td width=\"377\"><strong><a href=\"https:\/\/blogs.ua.es\/proyectosarquitectonicos\/files\/2010\/04\/icono12.jpg\"><img loading=\"lazy\" decoding=\"async\" class=\"alignleft size-full wp-image-919\" alt=\"\" src=\"https:\/\/blogs.ua.es\/proyectosarquitectonicos\/files\/2010\/04\/icono12.jpg\" width=\"100\" height=\"80\" \/><\/a><br \/>\n<\/strong><strong>Llu\u00eds Ortega <\/strong>(Profesor Invitado. Proyectos III)<a href=\"..\/?attachment_id=908\"><br \/>\n<\/a><strong><em> <\/em><\/strong><em> <\/em><strong><em><br \/>\n<\/em><\/strong><\/td>\n<\/tr>\n<\/tbody>\n<\/table>\n<table style=\"height: 46px\" width=\"534\" cellspacing=\"0\" cellpadding=\"0\">\n<tbody>\n<tr>\n<td width=\"377\"><strong><a href=\"https:\/\/blogs.ua.es\/proyectosarquitectonicos\/miembros\/juan-carlos-castro\/\"><img loading=\"lazy\" decoding=\"async\" class=\"alignleft size-full wp-image-920\" alt=\"\" src=\"https:\/\/blogs.ua.es\/proyectosarquitectonicos\/files\/2010\/04\/icono13.jpg\" width=\"100\" height=\"80\" \/><\/a><a href=\"https:\/\/blogs.ua.es\/proyectosarquitectonicos\/juan-carlos-castro\/\"><br \/>\n<\/a> <\/strong><strong><a href=\"https:\/\/blogs.ua.es\/proyectosarquitectonicos\/juan-carlos-castro\/\">Juan Carlos Castro<\/a> <\/strong>(Profesor Ayudante. Proyectos III)<strong><em> <\/em><\/strong><em> <\/em><strong><em> <\/em><\/strong><\/td>\n<\/tr>\n<\/tbody>\n<\/table>\n<table style=\"height: 46px\" width=\"534\" cellspacing=\"0\" cellpadding=\"0\">\n<tbody>\n<tr>\n<td width=\"377\"><strong><a href=\"https:\/\/blogs.ua.es\/proyectosarquitectonicos\/miembros\/jaime-sepulcre\/\"><img loading=\"lazy\" decoding=\"async\" class=\"alignleft size-full wp-image-921\" alt=\"\" src=\"https:\/\/blogs.ua.es\/proyectosarquitectonicos\/files\/2010\/04\/icono14.jpg\" width=\"100\" height=\"80\" \/><\/a><br \/>\n<\/strong><strong><a href=\"https:\/\/blogs.ua.es\/proyectosarquitectonicos\/miembros\/jaime-sepulcre\/\">Jaime Sepulcre<\/a> <\/strong>(Profesor Asociado. Proyectos II)<strong><em> <\/em><\/strong><em> <\/em><strong><em> <\/em><\/strong><\/td>\n<\/tr>\n<\/tbody>\n<\/table>\n<table style=\"height: 46px\" width=\"534\" cellspacing=\"0\" cellpadding=\"0\">\n<tbody>\n<tr>\n<td width=\"377\"><strong><a href=\"https:\/\/blogs.ua.es\/proyectosarquitectonicos\/miembros\/miguel-mesa\/\"><img loading=\"lazy\" decoding=\"async\" class=\"alignleft size-full wp-image-922\" alt=\"\" src=\"https:\/\/blogs.ua.es\/proyectosarquitectonicos\/files\/2010\/04\/icono15.jpg\" width=\"100\" height=\"80\" \/><\/a><br \/>\n<\/strong><a href=\"https:\/\/blogs.ua.es\/proyectosarquitectonicos\/miembros\/miguel-mesa\/\"><strong>Miguel Mesa del Castillo <\/strong><\/a>(Profesor Asociado. Proyectos III)<strong><em> <\/em><\/strong><em> <\/em><strong><em> <\/em><\/strong><\/td>\n<\/tr>\n<\/tbody>\n<\/table>\n<table style=\"height: 46px\" width=\"534\" cellspacing=\"0\" cellpadding=\"0\">\n<tbody>\n<tr>\n<td width=\"377\"><strong><a href=\"https:\/\/blogs.ua.es\/proyectosarquitectonicos\/?attachment_id=924\"><img loading=\"lazy\" decoding=\"async\" class=\"alignleft size-full wp-image-924\" alt=\"\" src=\"https:\/\/blogs.ua.es\/proyectosarquitectonicos\/files\/2010\/04\/icono17.jpg\" width=\"100\" height=\"80\" \/><\/a><br \/>\n<\/strong><strong>Francisco Leiva <\/strong>(Profesor Asociado. Proyectos IV)<strong><em> <\/em><\/strong><em> <\/em><strong><em> <\/em><\/strong><\/td>\n<\/tr>\n<\/tbody>\n<\/table>\n<table style=\"height: 46px\" width=\"534\" cellspacing=\"0\" cellpadding=\"0\">\n<tbody>\n<tr>\n<td width=\"377\"><strong><a href=\"https:\/\/blogs.ua.es\/proyectosarquitectonicos\/?attachment_id=923\"><img loading=\"lazy\" decoding=\"async\" class=\"alignleft size-full wp-image-923\" alt=\"\" src=\"https:\/\/blogs.ua.es\/proyectosarquitectonicos\/files\/2010\/04\/icono16.jpg\" width=\"100\" height=\"80\" \/><\/a><\/strong><strong>Alejandro Pascual<\/strong><strong> <\/strong>(Profesor Asociado. Proyectos IV)<\/td>\n<\/tr>\n<\/tbody>\n<\/table>\n<table style=\"height: 46px\" width=\"534\" cellspacing=\"0\" cellpadding=\"0\">\n<tbody>\n<tr>\n<td width=\"377\"><strong><a href=\"https:\/\/blogs.ua.es\/proyectosarquitectonicos\/?attachment_id=925\"><br \/>\n<\/a><\/strong><strong><a href=\"https:\/\/blogs.ua.es\/proyectosarquitectonicos\/miembros\/t2-pencho\/\" rel=\"attachment wp-att-2238\"><img loading=\"lazy\" decoding=\"async\" class=\"size-large wp-image-2238 alignleft\" alt=\"\" src=\"https:\/\/blogs.ua.es\/proyectosarquitectonicos\/files\/2010\/02\/T2.Pencho-819x1024.jpg\" width=\"100\" height=\"130\" \/><\/a>Juan Antonio S\u00e1nchez Morales<\/strong> (Profesor Asociado. Proyectos I)<\/td>\n<\/tr>\n<\/tbody>\n<\/table>\n<p><strong><span style=\"font-size: 12px\"><span style=\"color: #ff8c00\"><span style=\"font-family: georgia, serif\"><em><span lang=\"ES\"><br \/>\n<\/span><\/em><\/span><\/span><\/span><\/strong><strong><\/strong><\/p>\n","protected":false},"excerpt":{"rendered":"<p>Jose Mar\u00eda Torres Nadal (Catedr\u00e1tico de Proyectos) Joaqu\u00edn Alvado (Profesor Titular. Proyectos I) Javier Gironella (Profesor Asociado. Proyectos I) Adriana Figueiras (Profesora Asociada. Proyectos I) Enrique Nieto (Profesor Titular. Proyectos I) Antonio Abell\u00e1n (Profesor Asociado. Proyectos I) Tom\u00e1s Amat (Profesor Asociado. Proyectos I) Jos\u00e9 Carrasco (Profesor Asociado. Proyectos I) Andr\u00e9s Jaque (Profesor Invitado. Proyectos II) [&hellip;]<\/p>\n","protected":false},"author":1583,"featured_media":0,"parent":4249,"menu_order":0,"comment_status":"open","ping_status":"open","template":"","meta":{"footnotes":""},"class_list":["post-24","page","type-page","status-publish","hentry"],"_links":{"self":[{"href":"https:\/\/blogs.ua.es\/proyectosarquitectonicos\/wp-json\/wp\/v2\/pages\/24","targetHints":{"allow":["GET"]}}],"collection":[{"href":"https:\/\/blogs.ua.es\/proyectosarquitectonicos\/wp-json\/wp\/v2\/pages"}],"about":[{"href":"https:\/\/blogs.ua.es\/proyectosarquitectonicos\/wp-json\/wp\/v2\/types\/page"}],"author":[{"embeddable":true,"href":"https:\/\/blogs.ua.es\/proyectosarquitectonicos\/wp-json\/wp\/v2\/users\/1583"}],"replies":[{"embeddable":true,"href":"https:\/\/blogs.ua.es\/proyectosarquitectonicos\/wp-json\/wp\/v2\/comments?post=24"}],"version-history":[{"count":179,"href":"https:\/\/blogs.ua.es\/proyectosarquitectonicos\/wp-json\/wp\/v2\/pages\/24\/revisions"}],"predecessor-version":[{"id":4842,"href":"https:\/\/blogs.ua.es\/proyectosarquitectonicos\/wp-json\/wp\/v2\/pages\/24\/revisions\/4842"}],"up":[{"embeddable":true,"href":"https:\/\/blogs.ua.es\/proyectosarquitectonicos\/wp-json\/wp\/v2\/pages\/4249"}],"wp:attachment":[{"href":"https:\/\/blogs.ua.es\/proyectosarquitectonicos\/wp-json\/wp\/v2\/media?parent=24"}],"curies":[{"name":"wp","href":"https:\/\/api.w.org\/{rel}","templated":true}]}}