{"id":2436,"date":"2011-09-19T23:53:52","date_gmt":"2011-09-19T22:53:52","guid":{"rendered":"https:\/\/blogs.ua.es\/proyectosarquitectonicos\/?page_id=2436"},"modified":"2013-07-17T02:37:03","modified_gmt":"2013-07-17T00:37:03","slug":"javier-sanchez-merina","status":"publish","type":"page","link":"https:\/\/blogs.ua.es\/proyectosarquitectonicos\/cursos-precedentes-2\/curso-20112012\/javier-sanchez-merina\/","title":{"rendered":"Javier S\u00e1nchez Merina"},"content":{"rendered":"<p style=\"text-align: center\"><a href=\"https:\/\/blogs.ua.es\/proyectosarquitectonicos\/proyectos-iii\/javier-sanchez-merina\/attachment\/1\/\" rel=\"attachment wp-att-2437\"><img loading=\"lazy\" decoding=\"async\" class=\"size-full wp-image-2437 aligncenter\" alt=\"\" src=\"https:\/\/blogs.ua.es\/proyectosarquitectonicos\/files\/2011\/09\/1-1024x925.jpg\" width=\"1024\" height=\"925\" \/><\/a><\/p>\n<p>&nbsp;<\/p>\n<p>Hace dos a\u00f1os comenzamos una serie de cursos de Proyectos basados en el viaje como experiencia que consolida v\u00ednculos de especializaci\u00f3n.<\/p>\n<p>Entonces se comenz\u00f3 explorando la relaci\u00f3n entre <strong>Arquitectura y Naturaleza<\/strong>: Todo ese a\u00f1o gir\u00f3 en torno a Islandia, con ejercicios de preparaci\u00f3n y un viaje a la isla.<\/p>\n<p>A ese curso le sigui\u00f3 el de <strong>Arquitectura y G\u00e9nero<\/strong>, con el viaje asociado a Estambul.<\/p>\n<p>Si bien los proyectos realizados durante ambos cursos part\u00edan de unas condiciones extremas y desconocidas para los alumnos, todas las propuestas se basaban en una sorprendente realidad.<\/p>\n<p>&nbsp;<\/p>\n<p>El presente curso 2011\/12 constituye nuestra tercera especializaci\u00f3n de Estudios Comparativos: <strong>Arquitectura y Tiempo<\/strong>, con el viaje asociado a N\u00e1poles, una ciudad hecha por diferentes envolturas y capas temporales, a veces en conflicto entre s\u00ed.<\/p>\n<p>Frente al concepto de recorrido lineal del Tiempo que nos lleva a un nuevo modelo de ciudad, la ciudad de N\u00e1poles nos desvela otras formas de trabajar a partir de la realidad:<\/p>\n<p>&#8211; La porosidad del tiempo, descrita por Benjamin en su viaje en N\u00e1poles, como en un proceso continuo.<\/p>\n<p>&#8211; La \u201cno-contemporaneidad\u201d de Ernst Bloch sobre aquellos lugares donde diferentes tiempos de la historia se encuentran en el mismo tiempo cronol\u00f3gico.<\/p>\n<p>&#8211; La idea de diferentes geograf\u00edas<\/p>\n<p>&#8211; Las texturas que emergen de estructuras resistentes a la alteraci\u00f3n.<\/p>\n<p>&#8211; El esqueleto de planta sobre el cual el tiempo desenvolvi\u00f3 sus artefactos y trajo las diferentes comunidades que a\u00fan coexisten.<\/p>\n<p>&nbsp;<\/p>\n","protected":false},"excerpt":{"rendered":"<p>&nbsp; Hace dos a\u00f1os comenzamos una serie de cursos de Proyectos basados en el viaje como experiencia que consolida v\u00ednculos de especializaci\u00f3n. Entonces se comenz\u00f3 explorando la relaci\u00f3n entre Arquitectura y Naturaleza: Todo ese a\u00f1o gir\u00f3 en torno a Islandia, con ejercicios de preparaci\u00f3n y un viaje a la isla. A ese curso le sigui\u00f3 [&hellip;]<\/p>\n","protected":false},"author":503,"featured_media":0,"parent":4033,"menu_order":0,"comment_status":"open","ping_status":"open","template":"","meta":{"footnotes":""},"class_list":["post-2436","page","type-page","status-publish","hentry"],"_links":{"self":[{"href":"https:\/\/blogs.ua.es\/proyectosarquitectonicos\/wp-json\/wp\/v2\/pages\/2436","targetHints":{"allow":["GET"]}}],"collection":[{"href":"https:\/\/blogs.ua.es\/proyectosarquitectonicos\/wp-json\/wp\/v2\/pages"}],"about":[{"href":"https:\/\/blogs.ua.es\/proyectosarquitectonicos\/wp-json\/wp\/v2\/types\/page"}],"author":[{"embeddable":true,"href":"https:\/\/blogs.ua.es\/proyectosarquitectonicos\/wp-json\/wp\/v2\/users\/503"}],"replies":[{"embeddable":true,"href":"https:\/\/blogs.ua.es\/proyectosarquitectonicos\/wp-json\/wp\/v2\/comments?post=2436"}],"version-history":[{"count":16,"href":"https:\/\/blogs.ua.es\/proyectosarquitectonicos\/wp-json\/wp\/v2\/pages\/2436\/revisions"}],"predecessor-version":[{"id":2444,"href":"https:\/\/blogs.ua.es\/proyectosarquitectonicos\/wp-json\/wp\/v2\/pages\/2436\/revisions\/2444"}],"up":[{"embeddable":true,"href":"https:\/\/blogs.ua.es\/proyectosarquitectonicos\/wp-json\/wp\/v2\/pages\/4033"}],"wp:attachment":[{"href":"https:\/\/blogs.ua.es\/proyectosarquitectonicos\/wp-json\/wp\/v2\/media?parent=2436"}],"curies":[{"name":"wp","href":"https:\/\/api.w.org\/{rel}","templated":true}]}}