{"id":3149,"date":"2012-03-20T13:08:34","date_gmt":"2012-03-20T12:08:34","guid":{"rendered":"https:\/\/blogs.ua.es\/proyectosarquitectonicos\/?page_id=3149"},"modified":"2013-07-17T02:36:27","modified_gmt":"2013-07-17T00:36:27","slug":"javier-gironella-joaquin-alvado","status":"publish","type":"page","link":"https:\/\/blogs.ua.es\/proyectosarquitectonicos\/cursos-precedentes-2\/curso-20112012\/javier-gironella-joaquin-alvado\/","title":{"rendered":"Javier Gironella + Joaqu\u00edn Alvado"},"content":{"rendered":"<p><em><a href=\"https:\/\/blogs.ua.es\/proyectosarquitectonicos\/proyectos-ii\/pii-0-1\/superman\/\" rel=\"attachment wp-att-2415\"><img loading=\"lazy\" decoding=\"async\" alt=\"\" src=\"https:\/\/blogs.ua.es\/proyectosarquitectonicos\/files\/2010\/03\/superman.jpg\" width=\"400\" height=\"488\" \/><\/a><\/em><\/p>\n<p>LA \u00a0\u00a0\u00a0SUPER_CIUDAD\u00a0 \u00a0\u00a0\u00a0DE \u00a0\u00a0\u00a0\u00a0\u00a0\u00a0LA\u00a0\u00a0\u00a0\u00a0 \u00a0SUPER_VIVENCIA<\/p>\n<p>&#8220;Mi trabajo es un proceso que en realidad no acaba nunca. Lo \u00fanico que se detiene en el tiempo son las obras. Ellas marcan el \u00fanico presente que conozco&#8221;, afirma Julian Schnabel (Nueva York, 1951).<\/p>\n<p>&nbsp;<\/p>\n<p>En grupo descubriremos las capacidades cognoscitivas de la ciudad como medio o forma para la supervivencia, gestion\u00e1ndola a trav\u00e9s de ideas y sistemas de representaci\u00f3n. Individualmente proyectaremos el conocimiento adquirido sobre la superciudad contempor\u00e1nea, una ciudad construida entre lo real y lo virtual. Aprenderemos a gestionar la informaci\u00f3n y a contemporarizar los medios y capacidades proyectivas del alumno.<\/p>\n<p>&nbsp;<\/p>\n<p>Super Vivencia. Super Ciudad.\u00a0\u00a0\u00a0\u00a0\u00a0\u00a0\u00a0\u00a0\u00a0\u00a0\u00a0\u00a0 Temporalizaci\u00f3n<\/p>\n<div>\n<p>1er Cuatrimestre.<\/p>\n<\/div>\n<p>El alumno debe aprender a relacionar el proyecto arquitect\u00f3nico con la cultura contempor\u00e1nea. Es un primer cuatrimestre dedicado a la gesti\u00f3n del conocimiento, a estructurar ideas y medios de expresi\u00f3n sobre la cultura del proyecto.<\/p>\n<p>1\/2 media hora. Conferencia.<\/p>\n<p>2 horas. Taller de trabajo en grupo.<\/p>\n<p>1 \u00bd hora. Discusi\u00f3n sobre el trabajo individual.<\/p>\n<p>Taller de trabajo en grupo.<\/p>\n<p>Trabajaremos sobre el concepto de super_vivencia en la ciudad contempor\u00e1nea. Proyectar desde el entorno.<\/p>\n<p>Trabajo individual.<\/p>\n<p>Trabajaremos sobre el concepto de super_ciudad insertando los conceptos desarrollados en el taller sobre la ciudad contempor\u00e1nea. Construir a partir del entorno.<\/p>\n<p>1er Ejercicio. Definirse como arquitecto contempor\u00e1neo.<\/p>\n<p>La ciudad como el traje que nos envuelve. Proyecta tu cuerpo como medio de supervivencia frente a la ciudad contempor\u00e1nea. Traje, pr\u00f3tesis, performance\u2026<\/p>\n<div>\n<p>2\u00ba Cuatrimestre.<\/p>\n<\/div>\n<p>Trabajaremos sobre la t\u00e9cnica para completar la definici\u00f3n del proyecto arquitect\u00f3nico.<\/p>\n<p>Martes. Taller de trabajo en grupo.<\/p>\n<p>Viernes. Discusi\u00f3n sobre el trabajo individual.<\/p>\n","protected":false},"excerpt":{"rendered":"<p>LA \u00a0\u00a0\u00a0SUPER_CIUDAD\u00a0 \u00a0\u00a0\u00a0DE \u00a0\u00a0\u00a0\u00a0\u00a0\u00a0LA\u00a0\u00a0\u00a0\u00a0 \u00a0SUPER_VIVENCIA &#8220;Mi trabajo es un proceso que en realidad no acaba nunca. Lo \u00fanico que se detiene en el tiempo son las obras. Ellas marcan el \u00fanico presente que conozco&#8221;, afirma Julian Schnabel (Nueva York, 1951). &nbsp; En grupo descubriremos las capacidades cognoscitivas de la ciudad como medio o forma para [&hellip;]<\/p>\n","protected":false},"author":2550,"featured_media":0,"parent":4033,"menu_order":0,"comment_status":"open","ping_status":"open","template":"","meta":{"footnotes":""},"class_list":["post-3149","page","type-page","status-publish","hentry"],"_links":{"self":[{"href":"https:\/\/blogs.ua.es\/proyectosarquitectonicos\/wp-json\/wp\/v2\/pages\/3149","targetHints":{"allow":["GET"]}}],"collection":[{"href":"https:\/\/blogs.ua.es\/proyectosarquitectonicos\/wp-json\/wp\/v2\/pages"}],"about":[{"href":"https:\/\/blogs.ua.es\/proyectosarquitectonicos\/wp-json\/wp\/v2\/types\/page"}],"author":[{"embeddable":true,"href":"https:\/\/blogs.ua.es\/proyectosarquitectonicos\/wp-json\/wp\/v2\/users\/2550"}],"replies":[{"embeddable":true,"href":"https:\/\/blogs.ua.es\/proyectosarquitectonicos\/wp-json\/wp\/v2\/comments?post=3149"}],"version-history":[{"count":4,"href":"https:\/\/blogs.ua.es\/proyectosarquitectonicos\/wp-json\/wp\/v2\/pages\/3149\/revisions"}],"predecessor-version":[{"id":3153,"href":"https:\/\/blogs.ua.es\/proyectosarquitectonicos\/wp-json\/wp\/v2\/pages\/3149\/revisions\/3153"}],"up":[{"embeddable":true,"href":"https:\/\/blogs.ua.es\/proyectosarquitectonicos\/wp-json\/wp\/v2\/pages\/4033"}],"wp:attachment":[{"href":"https:\/\/blogs.ua.es\/proyectosarquitectonicos\/wp-json\/wp\/v2\/media?parent=3149"}],"curies":[{"name":"wp","href":"https:\/\/api.w.org\/{rel}","templated":true}]}}