{"id":3720,"date":"2013-05-12T00:49:02","date_gmt":"2013-05-11T22:49:02","guid":{"rendered":"https:\/\/blogs.ua.es\/proyectosarquitectonicos\/?page_id=3720"},"modified":"2013-07-22T22:17:10","modified_gmt":"2013-07-22T20:17:10","slug":"adriana-figueiras","status":"publish","type":"page","link":"https:\/\/blogs.ua.es\/proyectosarquitectonicos\/cursos-precedentes-2\/curso-2012-2013\/adriana-figueiras\/","title":{"rendered":"Adriana Figueiras"},"content":{"rendered":"<p><strong><span style=\"font-size: 13px;line-height: 19px\">Arquitectura para la Acuicultura en la costa de Alicante. Pasado y Futuro<\/span><\/strong><\/p>\n<p><a href=\"http:\/\/youtu.be\/rQ6lMaprhDI\" target=\"_blank\">Enlace al v\u00eddeo presentado en el jury final de curso<\/a><\/p>\n<p><a href=\"https:\/\/blogs.ua.es\/proyectosarquitectonicos\/adriana-figueiras\/adriana-montaje-exposicion-2\/\" rel=\"attachment wp-att-3891\"><img loading=\"lazy\" decoding=\"async\" class=\"aligncenter  wp-image-3891\" alt=\"\" src=\"https:\/\/blogs.ua.es\/proyectosarquitectonicos\/files\/2013\/05\/adriana-montaje-exposici\u00f3n1.jpg\" width=\"550\" height=\"400\" srcset=\"https:\/\/blogs.ua.es\/proyectosarquitectonicos\/files\/2013\/05\/adriana-montaje-exposici\u00f3n1.jpg 960w, https:\/\/blogs.ua.es\/proyectosarquitectonicos\/files\/2013\/05\/adriana-montaje-exposici\u00f3n1-300x218.jpg 300w, https:\/\/blogs.ua.es\/proyectosarquitectonicos\/files\/2013\/05\/adriana-montaje-exposici\u00f3n1-150x109.jpg 150w, https:\/\/blogs.ua.es\/proyectosarquitectonicos\/files\/2013\/05\/adriana-montaje-exposici\u00f3n1-400x290.jpg 400w\" sizes=\"auto, (max-width: 550px) 100vw, 550px\" \/><\/a><\/p>\n<p><a href=\"https:\/\/blogs.ua.es\/proyectosarquitectonicos\/adriana-figueiras\/adriana-piscifactoria-y-espacio-publico-2\/\" rel=\"attachment wp-att-3890\"><img loading=\"lazy\" decoding=\"async\" class=\"aligncenter  wp-image-3890\" alt=\"\" src=\"https:\/\/blogs.ua.es\/proyectosarquitectonicos\/files\/2013\/05\/adriana-piscifactoria-y-espacio-p\u00fablico1.jpg\" width=\"550\" height=\"960\" \/><\/a><\/p>\n<p><span style=\"font-size: 13px;line-height: 19px\">Acerca del tema central<\/span><\/p>\n<p><a href=\"http:\/\/seafarmarchitecture.files.wordpress.com\/2012\/10\/posidonia-oceanica_mediterranean-sea_by-manu-sanfelix.jpg\">El curso 2012-13 de Proyectos Arquitect\u00f3nicos III de la Universidad de Alicante se ocupar\u00e1 de elaborar propuestas que, desde la arquitectura<\/a><span style=\"font-size: 13px;line-height: 19px\">,\u00a0contribuyan a construir un nuevo concepto de Acuicultura con gran vocaci\u00f3n de integraci\u00f3n en los ecosistemas, los paisajes, la sociedad, las tradiciones y las nuevas tecnolog\u00edas.<\/span><\/p>\n<p><span style=\"font-size: 13px;line-height: 19px\">Los puntos de partida ser\u00e1n tres emplazamientos con pre-existencias romanas que se encuentran en varios puntos de la costa de la provincia de Alicante, como son \u201cLos Ba\u00f1os de la Reina\u201d de El Campello, Calpe y J\u00e1vea,\u00a0 estas zonas con construcciones de la \u00e9poca romana, est\u00e1n asentadas sobre una formaci\u00f3n caliza que constituye el nivel natural de la comarca, conocida como \u201ctosca\u201d.<\/span><\/p>\n<p><span style=\"font-size: 13px;line-height: 19px\">El \u00e1mbito de trabajo se focaliza en esos tres yacimientos romanos, pero posee la ambici\u00f3n de reflexionar sobre lo que representa el entorno de costa mediterr\u00e1nea en el que se asientan, en cuanto a lo que \u00e9sta representa como lugar de asociaciones. Las costas son lugares de intercambio y de articulaci\u00f3n, entre medios f\u00edsicos y h\u00e1bitats biol\u00f3gicos, entre el conjunto de fuerzas comerciales, econ\u00f3micas, culturales y sociales. Ese lugar permeable y din\u00e1mico que es esta costa, como sabemos, ha sido dominado en tiempos recientes por la actividad del turismo y todo el tipo de desarrollo que \u00e9sta ha conllevado.<\/span><\/p>\n<p><span style=\"font-size: 13px;line-height: 19px\">La crisis econ\u00f3mica y un determinado desarrollo urban\u00edstico nos ofrece la oportunidad de pensar sobre otros modelos productivos que sean sostenibles, integradores y m\u00e1s enraizados en los ecosistemas en que tienen lugar.<\/span><\/p>\n<p><span style=\"font-size: 13px;line-height: 19px\">La idea de ocuparse del mar o de \u201ccultivar el mar\u201d encuentra antecedentes hist\u00f3ricos en estos asentamientos romanos que contaban con estanques o dep\u00f3sitos tallados en la roca y parcialmente sumergidos que constituyen la evidencia de la cr\u00eda de peces bien para el consumo fresco o para su conservaci\u00f3n en salazones, actividad tambi\u00e9n asociada a la existencia de salinas cercanas.<\/span><\/p>\n<p>Proponemos adentrarnos, desde el pensamiento contempor\u00e1neo, en esa cultura y cultivo del mar, con toda la amplitud de resonancia que esta acci\u00f3n pueda tener en la realidad en la que est\u00e1 inmersa.<\/p>\n<p><span style=\"font-size: 13px;line-height: 19px\">El Campello\u00a0\u00a0\u00a0\u00a0\u00a0\u00a0\u00a0\u00a0\u00a0 \u00a0\u00a0\u00a0\u00a0\u00a0\u00a0\u00a0\u00a0\u00a0\u00a0\u00a0\u00a0\u00a0\u00a0\u00a0\u00a0\u00a0\u00a0\u00a0\u00a0\u00a0\u00a0\u00a0\u00a0\u00a0\u00a0\u00a0\u00a0\u00a0\u00a0\u00a0\u00a0\u00a0\u00a0\u00a0 \u00a0\u00a0\u00a0\u00a0\u00a0 Calpe\u00a0\u00a0\u00a0\u00a0\u00a0\u00a0\u00a0\u00a0\u00a0\u00a0\u00a0\u00a0\u00a0\u00a0\u00a0\u00a0\u00a0\u00a0\u00a0\u00a0\u00a0\u00a0\u00a0\u00a0\u00a0\u00a0\u00a0\u00a0\u00a0\u00a0\u00a0\u00a0\u00a0\u00a0\u00a0\u00a0\u00a0\u00a0\u00a0\u00a0\u00a0\u00a0\u00a0\u00a0\u00a0\u00a0\u00a0\u00a0\u00a0\u00a0\u00a0\u00a0\u00a0 \u00a0\u00a0\u00a0\u00a0\u00a0\u00a0\u00a0\u00a0\u00a0\u00a0\u00a0\u00a0\u00a0 J\u00e1vea<\/span><\/p>\n<p>Alrededor del tema<span style=\"font-size: 13px;line-height: 19px\">\u00a0<\/span><\/p>\n<p>En torno al tema central, apuntamos aqu\u00ed otros factores que ayudan a perfilar el \u00e1mbito de trabajo.<\/p>\n<p>La piedra \u201ctosca\u201d forma el apoyo sobre el que durante siglos se fue depositando la arena de aporte e\u00f3lico que ha formado grandes dunas f\u00f3siles litorales. La facilidad de trabajo de esta caliza dio lugar a su explotaci\u00f3n mediante numerosas canteras a lo largo de esta zona de costa, cuyos restos conforman ahora incre\u00edbles paisajes de roca y agua.<\/p>\n<p>A pesar de las evidencias del uso de los estanques como piscifactor\u00edas, la\u00a0 imaginaci\u00f3n popular fue transmitiendo un legado que identificaba las balsas con los &#8220;ba\u00f1os de la reina mora&#8221;, causa inmediata del top\u00f3nimo del lugar y, por supuesto del significado cultural de los yacimientos. La existencia de algunas galer\u00edas de desag\u00fce cegadas en la actualidad, hizo pensar en t\u00faneles que alcanzar\u00edan un misterioso palacio desde el que la &#8220;reina mora&#8221; llegaba hasta su ba\u00f1o costero.<\/p>\n<p>Estos enclaves tienen implicaciones urban\u00edsticas, en primer lugar, muy marcadas por la Ley de Costas, pero que tambi\u00e9n engloban muchos otros factores, desde la dificultad de recuperar para el dominio p\u00fablico el yacimiento de J\u00e1vea, actualmente incorporado dentro de una propiedad privada, hasta la presi\u00f3n urban\u00edstica a la que est\u00e1n sometidas las ruinas de Calpe, rodeadas de edificaci\u00f3n y con terrenos privados en espera de resoluci\u00f3n, con un paseo mar\u00edtimo que las atraviesa sin sentido.<\/p>\n<p>Relacionado con los temas urban\u00edsticos o de integraci\u00f3n en la ciudad, tambi\u00e9n est\u00e1n los criterios arqueol\u00f3gicos de conservaci\u00f3n, y el eterno esfuerzo de entendimiento al que siempre est\u00e1n obligadas las ruinas y la nueva arquitectura.<\/p>\n<p><span style=\"font-size: 13px;line-height: 19px\">En el \u00e1mbito natural, interviene la importancia del estado de conservaci\u00f3n de las especies locales, con predominancia de la Posidonia Oce\u00e1nica, el Halc\u00f3n Peregrino o la Silene, por poner algunos ejemplos. Del an\u00e1lisis de estos ecosistemas costeros, tambi\u00e9n asociados a los espec\u00edficos de los saladares, se obtendr\u00e1n muchos datos que apunten hacia posiciones ecol\u00f3gicas.<\/span><\/p>\n<p><span style=\"font-size: 13px;line-height: 19px\">Existen muchos otros factores, de \u00edndole social, cultural, econ\u00f3mica, etc., que tienen un papel en la situaci\u00f3n actual de estos enclaves. Podr\u00edamos estar hablando de su arquitectura tradicional y los centros hist\u00f3ricos, de la arquitectura nueva, de toda la repercusi\u00f3n del turismo, de la influencia de la crisis econ\u00f3mica, de la gastronom\u00eda, de las comunidades extranjeras, y un largo etc\u00e9tera.<\/span><\/p>\n<p><span style=\"font-size: 13px;line-height: 19px\">Valores que pueden servir de gu\u00eda<\/span><\/p>\n<p><span style=\"font-size: 13px;line-height: 19px\">No hay duda de que diferentes tipos de estructuras para cultivo de especies marinas en ocasiones pasan a formar parte del paisaje, la cultura y la memoria de los lugares.<\/span><span style=\"font-size: 13px;line-height: 19px\">\u00a0 \u00a0 \u00a0 \u00a0 \u00a0 \u00a0\u00a0<\/span><\/p>\n<p>\u201cEn las m\u00e1s de las r\u00edas gallegas, semejantes a lo lejos a naves de los griegos que se dice se aventuraron por estas costas, anclan las mejilloneras, calma de las r\u00edas. Del coraz\u00f3n del mar, para quien pasee por la orilla, parece surgir la canci\u00f3n antigua de la sirena que, como es sabido, aqu\u00ed la hubo y dej\u00f3, adem\u00e1s, amplia descendencia.\u201d<\/p>\n<p>Cultivo de mejillones a trav\u00e9s de estacas clavadas en la arena o fango en las que se enrollan estos moluscos para su crecimiento, en la Breta\u00f1a Francesa.<\/p>\n<p><span style=\"font-size: 13px;line-height: 19px\">\u201cLa captura y el cultivo de organismos acu\u00e1ticos en los arrozales tienen una larga historia y tradici\u00f3n, en especial en Asia, donde la disponibilidad de arroz y pescado se ha relacionado con la prosperidad y la seguridad alimentaria. La combinaci\u00f3n del arroz y el pescado tradicionalmente se ha considerado un indicador de riqueza y estabilidad.\u201d<\/span><\/p>\n<p>Acuicultura en los arrozales \/ FAO Examen mundial de la pesca y la acuicultura 2012<\/p>\n<p>\u201cDurante la Guerra de Vietnam, los EEUU realizaron m\u00e1s de\u00a0580.000 misiones de bombardeo\u00a0sobre Laos, las que dieron lugar a innumerables cr\u00e1teres. Dada la naturaleza del terreno, muchos de estos cr\u00e1teres se encuentran permanentemente inundados y muchos de ellos se han convertido en piscifactorias, reconvirtiendo los agujeros que tienen una situaci\u00f3n privilegiada cerca de las viviendas en una fuente incre\u00edble de prote\u00ednas a la puerta de la casa.\u201d<\/p>\n<p>Por\u00a0<a title=\"Entradas de Daniel Civantos\" href=\"http:\/\/www.cookingideas.es\/author\/daniel-civantos\">Daniel Civantos<\/a>\u00a0|31.03.2011 |<\/p>\n<p>T\u0159ebo\u0148sko es un \u00e1rea de referencia Austro-Checa, por su car\u00e1cter \u00fanico al haber sido afectada intensamente por las actividades humanas desde la Edad Media. La cuenca de \u00a0T\u0159ebo\u0148sko es una de las \u00e1reas m\u00e1s importantes de paisaje protegido, por preservar tanto los recursos naturales como los culturales (arquitectura urbana y rural, el uso tradicional de la tierra, etc.)<\/p>\n<p>Los antecedentes de riesgo a tener en cuenta<\/p>\n<p>Pero tambi\u00e9n existe otra cara de este asunto cuando se trata de intervenciones agresivas con ninguna sensibilidad hacia el paisaje en el que se ubican y sin vocaci\u00f3n de interacci\u00f3n o de contribuci\u00f3n al ecosistema, adem\u00e1s de verse envueltas en pol\u00e9micas por irregularidades en sus procesos, con consecuencias contaminantes.<\/p>\n<p>El Responsable de la piscifactor\u00eda que la empresa Stolt Sea Farm tiene en Quilmas (Carnota) deber\u00e1 declarar ante el juez como imputado por una supuesta contaminaci\u00f3n con metales pesados de los terrenos pr\u00f3ximos a la planta. El director general de la planta, Luis Toro, afirma que en el proceso que se lleva a cabo en este tipo de acuicultura \u201ces imposible que se generen metales pesados\u201d.<\/p>\n<p>El Pa\u00eds, Galicia. <a title=\"Ver todas las noticias de Mar\u00eda Pamp\u00edn\" href=\"http:\/\/ccaa.elpais.com\/autor\/maria_pampin\/a\/\">MAR\u00cdA PAMP\u00cdN<\/a>\u00a0Santiago de Compostela\u00a0<a title=\"Ver todas las noticias de esta fecha\" href=\"http:\/\/ccaa.elpais.com\/tag\/fecha\/20120302\">2 MAR 2012<\/a><\/p>\n<p>Lo que se est\u00e1 ensayando<\/p>\n<p>As\u00ed como el dise\u00f1o de jardines verticales y huertos urbanos, ha venido siendo una idea ampliamente utilizada en la arquitectura emergente y de hecho existen ejemplos construidos, la arquitectura relacionada con acuicultura est\u00e1 apenas naciendo y siendo investigada principalmente en escuelas de arquitectura. Este hecho demuestra la preocupaci\u00f3n cada vez m\u00e1s amplia de la arquitectura por intervenir en una gran amplitud de necesidades humanas, sociales y ambientales. Tambi\u00e9n hay que decir que esta investigaci\u00f3n est\u00e1 produciendo potentes e interesantes im\u00e1genes, de las cuales aparecen a continuaci\u00f3n algunos ejemplos.<\/p>\n<p><span style=\"font-size: 13px;line-height: 19px\">C\u00f3mo trabajaremos<\/span><\/p>\n<p>El trabajo del grupo de 40 estudiantes durante este curso 2012-13 pretende ser colaborativo. Cada estudiante podr\u00e1 mantener su parcela de espacio personal para investigar y proponer, pero se utilizar\u00e1n canales para que esas iniciativas personales se sumen y podamos obtener trabajos densos, con m\u00faltiples estratos y una cierta unidad.<\/p>\n<p><span style=\"font-size: 13px;line-height: 19px\">Para definir y organizar estos m\u00faltiples estratos utilizaremos como referencia te\u00f3rica la obra \u201cThe Invisible in Architecture\u201d de Roemer van Toorn and Ole Bouman, que, como dicen los autores, pretende evidenciar la sombra cultural que subyace en la arquitectura, es decir, lo invisible en arquitectura. Para ello definieron 8 \u201cvectores\u201d o dimensiones actuales de inter\u00e9s y debate tanto en la arquitectura como en la cultura. Esos 8 vectores de inter\u00e9s utilizaremos para estructurar el trabajo del grupo sobre los \u00e1mbitos propuestos.<\/span><\/p>\n<p><span style=\"font-size: 13px;line-height: 19px\">Vectores de inter\u00e9s<\/span><\/p>\n<p><span style=\"font-size: 13px;line-height: 19px\">Los 8 vectores de inter\u00e9s son los siguientes:<\/span><\/p>\n<p>Duraci\u00f3n, Contexto, L\u00edmite, Lugar (topos), Programa, Espacio, Identidad y Representaci\u00f3n<\/p>\n<p>La superposici\u00f3n de las ideas que se generen con cada uno de estos vectores constituir\u00e1 la propuesta global para cada uno de los tres \u00e1mbitos de trabajo elegidos.<\/p>\n<p><span style=\"font-size: 13px;line-height: 19px\">Trabajo colaborativo<\/span><\/p>\n<p>El reto de plantear un trabajo colaborativo en clase, de optimizar la gesti\u00f3n y el intercambio de la informaci\u00f3n, el manejar territorios amplios y complejos, el aspirar a propuestas creativas que operen con nuevas formas y nuevas tecnolog\u00edas, apunta hacia la necesidad de implantaci\u00f3n de una plataforma BIM como entorno de trabajo para la clase.<\/p>\n<p>El Building Information Modeling debe ser entendido como una nueva forma de enfrentarse al proceso global de edificaci\u00f3n, en los \u00e1mbitos del dise\u00f1o, la construcci\u00f3n, la financiaci\u00f3n y el mantenimiento. Integrarse en esa tendencia amplia, din\u00e1mica y colaborativa, parece inevitable para los arquitectos en la actualidad, de acuerdo con la complejidad que van tomando los procesos constructivos y la cantidad de agentes que integran, con la versatilidad y la movilidad de los lugares de trabajo, as\u00ed como con la integraci\u00f3n en entornos internacionales, en los que este modo de operar est\u00e1 muy extendido.<\/p>\n<p>Un modelo es un concepto incre\u00edble, ya estemos hablando de moda, de ciencia, o de arquitectura, es una representaci\u00f3n cuyo aspecto, cualidad o rendimiento pueden ser probados antes de su aplicaci\u00f3n. Si ese modelo permite manejar gran cantidad de informaci\u00f3n, m\u00e1s preciso, transformable y eficaz es. Para lograr que este modelo de informaci\u00f3n funcione, \u00e9sta debe poseer ciertas caracter\u00edsticas importantes, debe ser\u00a0<strong>Actualizada, Reutilizable y Coordinable<\/strong>.\u00a0Estas son las caracter\u00edsticas que queremos explotar en el trabajo a bordar durante este curso.<\/p>\n<p><span style=\"font-size: 13px;line-height: 19px\">Plan de trabajo<\/span><\/p>\n<p>El objetivo final del curso es obtener tres Modelos, para El Campello, Calpe y J\u00e1vea.<\/p>\n<p>Cada uno de esos tres modelos poseer\u00e1 8 capas de actuaci\u00f3n que corresponder\u00e1n con cada uno de los Vectores de Inter\u00e9s descritos anteriormente. Cada una de esas capas ser\u00e1 trabajada por un equipo de dos personas con independencia propositiva, pero con una retroalimentaci\u00f3n constante por lo que est\u00e9 ocurriendo en las otras capas. Esto ser\u00e1 posible gracias al trabajo sobre un modelo com\u00fan, alojado en un servidor accesible por todos.<\/p>\n<p>Habr\u00e1 seis etapas en el trabajo de todo el curso, y ser\u00e1n las siguientes:<\/p>\n<p><strong>1<\/strong> (OCTUBRE)_Definici\u00f3n de los vectores de inter\u00e9s y del \u00e1mbito de trabajo.<\/p>\n<p><strong>2<\/strong> (NOVIEMBRE)_Popuesta conceptual<\/p>\n<p><strong>3<\/strong> (DICIEMBRE)_Propuesta de conjunto o master plan<\/p>\n<p><strong>4<\/strong> (MARZO)_Desarrollo de alguna de las estructuras propuestas<\/p>\n<p><strong>5<\/strong> (ABRIL)_Elaboraci\u00f3n de modelos y prototipos f\u00edsicos de un elemento clave de la propuesta<\/p>\n<p><strong>6<\/strong> (MAYO)_Edici\u00f3n y exposici\u00f3n del material del curso.<\/p>\n","protected":false},"excerpt":{"rendered":"<p>Arquitectura para la Acuicultura en la costa de Alicante. Pasado y Futuro Enlace al v\u00eddeo presentado en el jury final de curso Acerca del tema central El curso 2012-13 de Proyectos Arquitect\u00f3nicos III de la Universidad de Alicante se ocupar\u00e1 de elaborar propuestas que, desde la arquitectura,\u00a0contribuyan a construir un nuevo concepto de Acuicultura con [&hellip;]<\/p>\n","protected":false},"author":503,"featured_media":0,"parent":4286,"menu_order":0,"comment_status":"open","ping_status":"open","template":"","meta":{"footnotes":""},"class_list":["post-3720","page","type-page","status-publish","hentry"],"_links":{"self":[{"href":"https:\/\/blogs.ua.es\/proyectosarquitectonicos\/wp-json\/wp\/v2\/pages\/3720","targetHints":{"allow":["GET"]}}],"collection":[{"href":"https:\/\/blogs.ua.es\/proyectosarquitectonicos\/wp-json\/wp\/v2\/pages"}],"about":[{"href":"https:\/\/blogs.ua.es\/proyectosarquitectonicos\/wp-json\/wp\/v2\/types\/page"}],"author":[{"embeddable":true,"href":"https:\/\/blogs.ua.es\/proyectosarquitectonicos\/wp-json\/wp\/v2\/users\/503"}],"replies":[{"embeddable":true,"href":"https:\/\/blogs.ua.es\/proyectosarquitectonicos\/wp-json\/wp\/v2\/comments?post=3720"}],"version-history":[{"count":11,"href":"https:\/\/blogs.ua.es\/proyectosarquitectonicos\/wp-json\/wp\/v2\/pages\/3720\/revisions"}],"predecessor-version":[{"id":3783,"href":"https:\/\/blogs.ua.es\/proyectosarquitectonicos\/wp-json\/wp\/v2\/pages\/3720\/revisions\/3783"}],"up":[{"embeddable":true,"href":"https:\/\/blogs.ua.es\/proyectosarquitectonicos\/wp-json\/wp\/v2\/pages\/4286"}],"wp:attachment":[{"href":"https:\/\/blogs.ua.es\/proyectosarquitectonicos\/wp-json\/wp\/v2\/media?parent=3720"}],"curies":[{"name":"wp","href":"https:\/\/api.w.org\/{rel}","templated":true}]}}