{"id":3741,"date":"2013-05-12T01:22:24","date_gmt":"2013-05-11T23:22:24","guid":{"rendered":"https:\/\/blogs.ua.es\/proyectosarquitectonicos\/?page_id=3741"},"modified":"2013-07-17T11:32:36","modified_gmt":"2013-07-17T09:32:36","slug":"tomas-amat-eva-iszoro","status":"publish","type":"page","link":"https:\/\/blogs.ua.es\/proyectosarquitectonicos\/cursos-precedentes-2\/curso-2012-2013\/tomas-amat-eva-iszoro\/","title":{"rendered":"Tom\u00e1s Amat + Eva Iszoro"},"content":{"rendered":"<p style=\"text-align: left\"><strong>ARTEFARQ\/3<br \/>\n<\/strong><strong>EL HOMBRE COMO MAQUINA Y EL CUERPO COMO MECANISMO<br \/>\n<\/strong><strong>la tecnolog\u00eda de la moda.<br \/>\n<\/strong><span style=\"font-size: 13px;line-height: 19px\">Eva Iszoro +\u00a0<\/span><span style=\"font-size: 13px;line-height: 19px\">Tom\u00e1s Amat<\/span><\/p>\n<p style=\"text-align: left\"><em>\u201c<\/em><em>La vida se ha mecanizado tanto, gracias a las m\u00e1quinas y a la tecnolog\u00eda, que nuestros sentidos no pueden ignora que estamos intensamente conscientes del hombre como m\u00e1quina y del cuerpo como mecanismo.\u201d<\/em><\/p>\n<p style=\"text-align: left\">(Septiembre de 1922, El Ballet Tri\u00e1dico de Oskar Schlemmer)<\/p>\n<p>Nuestras relaciones sociales, psicol\u00f3gicas y f\u00edsicas se traducen a menudo en las prendas que utilizamos para vestir, generan nuestros mensajes de comunicaci\u00f3n con el exterior, regulan nuestra expresi\u00f3n individual, condici\u00f3n social, econ\u00f3mica, nuestras filiaciones pol\u00edticas y religiosas. La tecnolog\u00eda de la moda altera las funciones de la ropa y modifica su funci\u00f3n primera de proteger y ocultar, establece un vinculo con nuestra piel en el que el hombre es la m\u00e1quina y el cuerpo un mecanismo donde se desarrollan los procesos de dise\u00f1o y ciencia, en el que nuestro cuerpo es una pura extensi\u00f3n de los avances tecnol\u00f3gicos.<\/p>\n<p>En ARTEFARQ\/3\u00a0<strong>la ropa ser\u00e1 nuestro contenedor tecnol\u00f3gico<\/strong>\u00a0en el que pieles articuladas, constructivas, estructurales\u2026tejidos electr\u00f3nicos, estructuras biomim\u00e9ticas, recubrimientos sensoriales, fibras digitales, adaptaciones funcionales, materiales de estimulaci\u00f3n cognitiva y energ\u00edas sostenibles.<\/p>\n<p><strong>Nuestro cuerpo es la interfaz interactiva\u00a0<\/strong>que<strong>\u00a0<\/strong>ocupar\u00e1 el lugar en el que se produzca la transformaci\u00f3n, se establezca la accesibilidad y la proximidad con su espacio de relaciones ergon\u00f3micas, en \u00e9l se construyen la intersecci\u00f3n entre el interior y el exterior conformando el espacio de intercambio y de confort.<\/p>\n<p>ARTEFARQ\/3 propone un\u00a0<strong>curso dentro de la cultura \u201chazlo tu mismo\u201d,<\/strong>\u00a0en el que el arquitecto bricoleur entrar\u00e1 en relaciones \u00ednter-disciplinares, construir\u00e1 en equipo prototipos, ensayar\u00e1 maquetas de trabajo y repetici\u00f3n, dise\u00f1ar\u00e1 mecanismos al servicio del material, de la funci\u00f3n, recabar\u00e1 datos y trabajar\u00e1 en la repetici\u00f3n y especializaci\u00f3n de modelos \u201ccasi perfectos\u201d.<\/p>\n<p>La creaci\u00f3n de narrativas, desarrollos de protocolos, conformaci\u00f3n de un l\u00e9xico nuevo y los registros en los pasos intermedios completan el curso \u201cla tecnolog\u00eda de la moda\u201d en ARTEFARQ\/3.<\/p>\n<p style=\"text-align: center\">\u00a0<a href=\"https:\/\/blogs.ua.es\/proyectosarquitectonicos\/tomas-amat-eva-iszoro\/moogtm09\/\" rel=\"attachment wp-att-3955\"><img loading=\"lazy\" decoding=\"async\" class=\"aligncenter  wp-image-3955\" alt=\"\" src=\"https:\/\/blogs.ua.es\/proyectosarquitectonicos\/files\/2013\/05\/MoogTM09.jpg\" width=\"550\" height=\"367\" srcset=\"https:\/\/blogs.ua.es\/proyectosarquitectonicos\/files\/2013\/05\/MoogTM09.jpg 661w, https:\/\/blogs.ua.es\/proyectosarquitectonicos\/files\/2013\/05\/MoogTM09-300x200.jpg 300w, https:\/\/blogs.ua.es\/proyectosarquitectonicos\/files\/2013\/05\/MoogTM09-150x100.jpg 150w, https:\/\/blogs.ua.es\/proyectosarquitectonicos\/files\/2013\/05\/MoogTM09-400x266.jpg 400w\" sizes=\"auto, (max-width: 550px) 100vw, 550px\" \/><\/a><\/p>\n<p style=\"text-align: center\"><a href=\"https:\/\/blogs.ua.es\/proyectosarquitectonicos\/tomas-amat-eva-iszoro\/p1020355\/\" rel=\"attachment wp-att-3956\"><img loading=\"lazy\" decoding=\"async\" class=\"aligncenter  wp-image-3956\" alt=\"\" src=\"https:\/\/blogs.ua.es\/proyectosarquitectonicos\/files\/2013\/05\/P1020355.jpg\" width=\"550\" height=\"412\" srcset=\"https:\/\/blogs.ua.es\/proyectosarquitectonicos\/files\/2013\/05\/P1020355.jpg 496w, https:\/\/blogs.ua.es\/proyectosarquitectonicos\/files\/2013\/05\/P1020355-300x225.jpg 300w, https:\/\/blogs.ua.es\/proyectosarquitectonicos\/files\/2013\/05\/P1020355-150x112.jpg 150w, https:\/\/blogs.ua.es\/proyectosarquitectonicos\/files\/2013\/05\/P1020355-400x300.jpg 400w\" sizes=\"auto, (max-width: 550px) 100vw, 550px\" \/><\/a><\/p>\n<p style=\"text-align: center\"><a href=\"https:\/\/blogs.ua.es\/proyectosarquitectonicos\/tomas-amat-eva-iszoro\/169376_253624864752193_1180407385_o\/\" rel=\"attachment wp-att-3957\"><img loading=\"lazy\" decoding=\"async\" class=\"aligncenter  wp-image-3957\" alt=\"\" src=\"https:\/\/blogs.ua.es\/proyectosarquitectonicos\/files\/2013\/05\/169376_253624864752193_1180407385_o-1024x683.jpg\" width=\"550\" height=\"366\" srcset=\"https:\/\/blogs.ua.es\/proyectosarquitectonicos\/files\/2013\/05\/169376_253624864752193_1180407385_o-1024x683.jpg 1024w, https:\/\/blogs.ua.es\/proyectosarquitectonicos\/files\/2013\/05\/169376_253624864752193_1180407385_o-300x200.jpg 300w, https:\/\/blogs.ua.es\/proyectosarquitectonicos\/files\/2013\/05\/169376_253624864752193_1180407385_o-150x100.jpg 150w, https:\/\/blogs.ua.es\/proyectosarquitectonicos\/files\/2013\/05\/169376_253624864752193_1180407385_o-400x266.jpg 400w, https:\/\/blogs.ua.es\/proyectosarquitectonicos\/files\/2013\/05\/169376_253624864752193_1180407385_o.jpg 2048w\" sizes=\"auto, (max-width: 550px) 100vw, 550px\" \/><\/a><\/p>\n<p style=\"text-align: left\">\n","protected":false},"excerpt":{"rendered":"<p>ARTEFARQ\/3 EL HOMBRE COMO MAQUINA Y EL CUERPO COMO MECANISMO la tecnolog\u00eda de la moda. Eva Iszoro +\u00a0Tom\u00e1s Amat \u201cLa vida se ha mecanizado tanto, gracias a las m\u00e1quinas y a la tecnolog\u00eda, que nuestros sentidos no pueden ignora que estamos intensamente conscientes del hombre como m\u00e1quina y del cuerpo como mecanismo.\u201d (Septiembre de 1922, [&hellip;]<\/p>\n","protected":false},"author":503,"featured_media":0,"parent":4286,"menu_order":0,"comment_status":"open","ping_status":"open","template":"","meta":{"footnotes":""},"class_list":["post-3741","page","type-page","status-publish","hentry"],"_links":{"self":[{"href":"https:\/\/blogs.ua.es\/proyectosarquitectonicos\/wp-json\/wp\/v2\/pages\/3741","targetHints":{"allow":["GET"]}}],"collection":[{"href":"https:\/\/blogs.ua.es\/proyectosarquitectonicos\/wp-json\/wp\/v2\/pages"}],"about":[{"href":"https:\/\/blogs.ua.es\/proyectosarquitectonicos\/wp-json\/wp\/v2\/types\/page"}],"author":[{"embeddable":true,"href":"https:\/\/blogs.ua.es\/proyectosarquitectonicos\/wp-json\/wp\/v2\/users\/503"}],"replies":[{"embeddable":true,"href":"https:\/\/blogs.ua.es\/proyectosarquitectonicos\/wp-json\/wp\/v2\/comments?post=3741"}],"version-history":[{"count":6,"href":"https:\/\/blogs.ua.es\/proyectosarquitectonicos\/wp-json\/wp\/v2\/pages\/3741\/revisions"}],"predecessor-version":[{"id":4309,"href":"https:\/\/blogs.ua.es\/proyectosarquitectonicos\/wp-json\/wp\/v2\/pages\/3741\/revisions\/4309"}],"up":[{"embeddable":true,"href":"https:\/\/blogs.ua.es\/proyectosarquitectonicos\/wp-json\/wp\/v2\/pages\/4286"}],"wp:attachment":[{"href":"https:\/\/blogs.ua.es\/proyectosarquitectonicos\/wp-json\/wp\/v2\/media?parent=3741"}],"curies":[{"name":"wp","href":"https:\/\/api.w.org\/{rel}","templated":true}]}}