{"id":3744,"date":"2013-05-12T01:22:58","date_gmt":"2013-05-11T23:22:58","guid":{"rendered":"https:\/\/blogs.ua.es\/proyectosarquitectonicos\/?page_id=3744"},"modified":"2013-07-17T11:32:35","modified_gmt":"2013-07-17T09:32:35","slug":"joaquin-alvado-javier-gironella","status":"publish","type":"page","link":"https:\/\/blogs.ua.es\/proyectosarquitectonicos\/cursos-precedentes-2\/curso-2012-2013\/joaquin-alvado-javier-gironella\/","title":{"rendered":"Joaqu\u00edn Alvado + Javier Gironella"},"content":{"rendered":"<h1><a href=\"https:\/\/blogs.ua.es\/proyectosarquitectonicos\/joaquin-alvado-javier-gironella\/img_1093blancoynegro-1\/\" rel=\"attachment wp-att-3786\"><img loading=\"lazy\" decoding=\"async\" class=\"aligncenter  wp-image-3786\" alt=\"\" src=\"https:\/\/blogs.ua.es\/proyectosarquitectonicos\/files\/2013\/05\/IMG_1093blancoynegro-1-788x1024.jpg\" width=\"512\" height=\"665\" srcset=\"https:\/\/blogs.ua.es\/proyectosarquitectonicos\/files\/2013\/05\/IMG_1093blancoynegro-1-788x1024.jpg 788w, https:\/\/blogs.ua.es\/proyectosarquitectonicos\/files\/2013\/05\/IMG_1093blancoynegro-1-231x300.jpg 231w, https:\/\/blogs.ua.es\/proyectosarquitectonicos\/files\/2013\/05\/IMG_1093blancoynegro-1-115x150.jpg 115w, https:\/\/blogs.ua.es\/proyectosarquitectonicos\/files\/2013\/05\/IMG_1093blancoynegro-1-400x519.jpg 400w, https:\/\/blogs.ua.es\/proyectosarquitectonicos\/files\/2013\/05\/IMG_1093blancoynegro-1.jpg 1232w\" sizes=\"auto, (max-width: 512px) 100vw, 512px\" \/><\/a><\/h1>\n<p><strong>MI PRIMERA VEZ<\/strong><\/p>\n<p><strong>REVISI\u00d3N DEL FUTURO.\u00a0 UNA EXPERIENCIA COMPARTIDA<\/strong><\/p>\n<p>&nbsp;<\/p>\n<p>1.- Experiencias arquitect\u00f3nicas compartidas. Se tratar\u00e1 de realizar una serie de acciones sobre el hecho arquitect\u00f3nico, propuesto por personas vinculadas a Proyectos I durante estos \u00faltimos 15 a\u00f1os.<\/p>\n<p>2.- Viaje cr\u00edtico al futuro. Madrid-Barcelona-Alicante-Murcia-Venecia. Los escenarios de las acciones ser\u00e1n variables en funci\u00f3n de la persona invitada, lo que implicar\u00e1 que el viaje consistir\u00e1 en una experiencia docente a\u00f1adida.<\/p>\n<p>3.- Registro propositivo. Cuaderno de Bit\u00e1cora. La experiencia desarrollada semanalmente deber\u00e1 ser registrada, a modo de cuaderno de bit\u00e1cora, para posteriormente convertirse en una acci\u00f3n proyectual.<\/p>\n<p>4.- Trabajo en grupo. Idea de colectividad. Se desplegar\u00e1n en clase grupos de trabajo en red, a trav\u00e9s del blog del curso. Los grupos formados ser\u00e1 de 5 personas. El concepto general del curso se genera a partir de la idea de \u201cColectivo\u201d, grupo humano que construye por adici\u00f3n y no por consenso un trabajo com\u00fan.<\/p>\n<p>5.- Sorpresa. Desarrollo de acciones moment\u00e1neas y espont\u00e1neas no previstas, coordinadas por las personas invitadas. Se solicita por parte del alumno la capacidad de improvisar y crear respuestas productivas.<\/p>\n<p>7.- Escenario versus Aula. El lugar de la creaci\u00f3n forma parte del hecho de proyectar. El \u00e1mbito donde se desarrollan las acciones tendr\u00e1 mucho que ver con la acci\u00f3n misma y sustituir\u00e1 el concepto de aula.<\/p>\n<p>8.-\u00a0 Los Contenidos, Objetivos y criterios de Evaluaci\u00f3n son los descritos en la Gu\u00eda Docente de la asignatura publicados en la p\u00e1gina WEB de la UA.<\/p>\n<p>&nbsp;<\/p>\n<p>1er Ejercicio. Def\u00ednete como arquitecto contempor\u00e1neo. Usa tu cuerpo como medio de expresi\u00f3n para definir tu posici\u00f3n frente a la idea de arquitecto y arquitectura. Traje, pr\u00f3tesis, performance\u2026 Entrega d\u00eda 21 de Septiembre<\/p>\n<p>&nbsp;<\/p>\n","protected":false},"excerpt":{"rendered":"<p>MI PRIMERA VEZ REVISI\u00d3N DEL FUTURO.\u00a0 UNA EXPERIENCIA COMPARTIDA &nbsp; 1.- Experiencias arquitect\u00f3nicas compartidas. Se tratar\u00e1 de realizar una serie de acciones sobre el hecho arquitect\u00f3nico, propuesto por personas vinculadas a Proyectos I durante estos \u00faltimos 15 a\u00f1os. 2.- Viaje cr\u00edtico al futuro. Madrid-Barcelona-Alicante-Murcia-Venecia. Los escenarios de las acciones ser\u00e1n variables en funci\u00f3n de la [&hellip;]<\/p>\n","protected":false},"author":503,"featured_media":0,"parent":4286,"menu_order":0,"comment_status":"open","ping_status":"open","template":"","meta":{"footnotes":""},"class_list":["post-3744","page","type-page","status-publish","hentry"],"_links":{"self":[{"href":"https:\/\/blogs.ua.es\/proyectosarquitectonicos\/wp-json\/wp\/v2\/pages\/3744","targetHints":{"allow":["GET"]}}],"collection":[{"href":"https:\/\/blogs.ua.es\/proyectosarquitectonicos\/wp-json\/wp\/v2\/pages"}],"about":[{"href":"https:\/\/blogs.ua.es\/proyectosarquitectonicos\/wp-json\/wp\/v2\/types\/page"}],"author":[{"embeddable":true,"href":"https:\/\/blogs.ua.es\/proyectosarquitectonicos\/wp-json\/wp\/v2\/users\/503"}],"replies":[{"embeddable":true,"href":"https:\/\/blogs.ua.es\/proyectosarquitectonicos\/wp-json\/wp\/v2\/comments?post=3744"}],"version-history":[{"count":8,"href":"https:\/\/blogs.ua.es\/proyectosarquitectonicos\/wp-json\/wp\/v2\/pages\/3744\/revisions"}],"predecessor-version":[{"id":4300,"href":"https:\/\/blogs.ua.es\/proyectosarquitectonicos\/wp-json\/wp\/v2\/pages\/3744\/revisions\/4300"}],"up":[{"embeddable":true,"href":"https:\/\/blogs.ua.es\/proyectosarquitectonicos\/wp-json\/wp\/v2\/pages\/4286"}],"wp:attachment":[{"href":"https:\/\/blogs.ua.es\/proyectosarquitectonicos\/wp-json\/wp\/v2\/media?parent=3744"}],"curies":[{"name":"wp","href":"https:\/\/api.w.org\/{rel}","templated":true}]}}